{"id":1132,"date":"2018-11-12T08:00:23","date_gmt":"2018-11-12T08:00:23","guid":{"rendered":"https:\/\/www.trivec.se\/privacy-policy\/"},"modified":"2022-06-20T16:41:07","modified_gmt":"2022-06-20T14:41:07","slug":"privacy-policy","status":"publish","type":"page","link":"https:\/\/www.trivec.aws-staging.swace.se\/be-fr\/privacy-policy\/","title":{"rendered":"Privacy Policy"},"content":{"rendered":"<div class=\"wpb-content-wrapper\"><p>[vc_row][vc_column][vc_story heading_text=\u00a0\u00bbPrivacy policy\u00a0\u00bb preamble=\u00a0\u00bbLa politique de confidentialit\u00e9 de Trivec est pr\u00e9sent\u00e9e ici.\u00a0\u00bb]Les informations personnelles que nous recueillons \u00e0 votre sujet se limitent aux \u00e9l\u00e9ments figurant g\u00e9n\u00e9ralement sur les cartes professionnelles, tels que le nom, le titre, l\u2019entreprise, l\u2019adresse, l\u2019adresse \u00e9lectronique et le num\u00e9ro de t\u00e9l\u00e9phone. Dans certains cas, nous pouvons \u00e9galement vous demander des informations compl\u00e9mentaires relatives au travail, telles que le secteur d\u2019activit\u00e9 et la taille de l\u2019entreprise.<\/p>\n<p>Sur notre site web, nous recueillons et stockons \u00e9galement certaines informations automatiquement \u00e0 l\u2019aide de cookies et de techniques similaires, telles que les adresses IP, la r\u00e9gion, le type de navigateur et les informations relatives \u00e0 l\u2019utilisation.<\/p>\n<h4>Comment nous recueillons vos informations personnelles<\/h4>\n<p>Nous recueillons les informations lorsque vous remplissez un formulaire sur notre site web, par exemple en r\u00e9servant une d\u00e9monstration, en nous contactant ou en t\u00e9l\u00e9chargeant un document.<\/p>\n<h4>Quand vous visitez notre site web<\/h4>\n<p>Vous pouvez visiter notre site sans fournir vos informations personnelles. Trivec utilise Google Analytics et les cookies pour am\u00e9liorer notre service et la convivialit\u00e9, ainsi que pour analyser le mode d\u2019utilisation du site. Outre l\u2019adresse IP, les informations recueillies par Google Analytics sont principalement des donn\u00e9es de trafic anonymes, telles que les informations sur le navigateur, le p\u00e9riph\u00e9rique et la langue. Les informations recueillies sont principalement utilis\u00e9es pour cr\u00e9er une vue d\u2019ensemble de l\u2019utilisation du site web.<\/p>\n<h4>Lorsque vous remplissez un formulaire web<\/h4>\n<p>Si vous choisissez de nous contacter lors de votre visite sur notre site web, les informations personnelles seront sauvegard\u00e9es dans notre outil d\u2019automatisation marketing Hubspot et dans notre syst\u00e8me CRM Lime CRM. Les informations que vous fournissez dans un formulaire sont g\u00e9r\u00e9es et stock\u00e9es afin que nous puissions vous contacter et r\u00e9pondre \u00e0 votre demande, ainsi qu\u2019\u00e0 des fins de marketing.<\/p>\n<h4>Comment nous utilisons les cookies sur notre site web<\/h4>\n<p><a href=\"https:\/\/www.fr.trivec.be\/privacy-policy\/politique-relative-aux-cookies\/\">Lire la politique de cookies<\/a><\/p>\n<h4>La base juridique pour le traitement de vos donn\u00e9es personnelles<\/h4>\n<p>Nous appliquons les pratiques \u00e9tablies conform\u00e9ment \u00e0 la l\u00e9gislation et aux r\u00e9glementations applicables en mati\u00e8re de protection des donn\u00e9es \u00e0 caract\u00e8re personnel, notamment le r\u00e8glement de l\u2019UE sur la protection des donn\u00e9es ou General Data Protection Regulation (GDPR).<\/p>\n<p>Notre traitement de vos donn\u00e9es personnelles a sa base juridique dans l\u2019int\u00e9r\u00eat l\u00e9gitime et, dans certains cas, le consentement de ceux qui visitent notre site. Dans les cas o\u00f9 le consentement est requis, nous vous le demanderons. Dans d\u2019autres cas, la base juridique de notre traitement de vos donn\u00e9es personnelles peut \u00eatre que nous ayons un contrat avec vous, par exemple si vous \u00eates un client avec nous.<\/p>\n<h4>Vos droits de demander, modifier et supprimer des informations<\/h4>\n<p>Vous avez toujours le droit de demander les informations que nous avons stock\u00e9es \u00e0 votre sujet. Vous pouvez le faire en nous contactant \u00e0 <a href=\"mailto:privacy@trivec.be\">privacy@trivec.be<\/a> Nous nous assurerons que vous obteniez une copie des informations dont nous disposons sur vous. Pour pouvoir le faire en toute s\u00e9curit\u00e9, nous pouvons vous demander de v\u00e9rifier votre identit\u00e9. Nous vous enverrons les informations sous forme num\u00e9rique, sauf demande contraire de votre part.<\/p>\n<p>Si vous pensez que les informations que nous avons stock\u00e9es \u00e0 votre sujet sont incorrectes ou obsol\u00e8tes, veuillez nous contacter \u00e0 <a href=\"mailto:privacy@trivec.be\">privacy@trivec.be<\/a>\u00a0afin que nous puissions les mettre \u00e0 jour. Les informations qui n\u2019ont plus d\u2019utilit\u00e9 sont supprim\u00e9es r\u00e9guli\u00e8rement.<\/p>\n<p>Vous pouvez \u00e0 tout moment faire supprimer vos informations de nos syst\u00e8mes et registres. Si vous souhaitez \u00eatre supprim\u00e9 de nos syst\u00e8mes et registres, veuillez nous le signaler \u00e0 <a href=\"mailto:privacy@trivec.be\">privacy@trivec.be<\/a>.<\/p>\n<p>La politique de confidentialit\u00e9 de Trivec s\u2019applique \u00e0 la collecte d\u2019informations sur notre site web. Cette version de la politique s\u2019applique \u00e0 compter du 13 d\u00e9cembre 2018 et reste en vigueur jusqu\u2019\u00e0 nouvel ordre.<\/p>\n<p>Si vous avez d\u2019autres questions sur la gestion et le stockage de vos informations personnelles, veuillez nous contacter \u00e0 <a href=\"mailto:privacy@trivec.be\">privacy@trivec.be<\/a>[\/vc_story][\/vc_column][\/vc_row]<\/p>\n<\/div>","protected":false},"excerpt":{"rendered":"<p>[vc_row][vc_column][vc_story heading_text=\u00a0\u00bbPrivacy policy\u00a0\u00bb preamble=\u00a0\u00bbLa politique de confidentialit\u00e9 de Trivec est pr\u00e9sent\u00e9e ici.\u00a0\u00bb]Les informations personnelles que nous recueillons \u00e0 votre sujet se limitent aux \u00e9l\u00e9ments figurant g\u00e9n\u00e9ralement sur les cartes professionnelles, tels que le nom, le titre, l\u2019entreprise, l\u2019adresse, l\u2019adresse \u00e9lectronique et le num\u00e9ro de t\u00e9l\u00e9phone. Dans certains cas, nous pouvons \u00e9galement vous demander des informations [&hellip;]<\/p>\n","protected":false},"author":1,"featured_media":0,"parent":0,"menu_order":7,"comment_status":"closed","ping_status":"open","template":"","meta":{"_acf_changed":false,"content-type":"","footnotes":""},"class_list":["post-1132","page","type-page","status-publish","hentry"],"acf":[],"yoast_head":"<!-- This site is optimized with the Yoast SEO plugin v27.2 - https:\/\/yoast.com\/product\/yoast-seo-wordpress\/ -->\n<title>Privacy Policy - Trivec<\/title>\n<meta name=\"robots\" content=\"noindex, follow\" \/>\n<meta property=\"og:locale\" content=\"en_US\" \/>\n<meta property=\"og:type\" content=\"article\" \/>\n<meta property=\"og:title\" content=\"Privacy Policy - Trivec\" \/>\n<meta property=\"og:description\" content=\"[vc_row][vc_column][vc_story heading_text=\u00a0\u00bbPrivacy policy\u00a0\u00bb preamble=\u00a0\u00bbLa politique de confidentialit\u00e9 de Trivec est pr\u00e9sent\u00e9e ici.\u00a0\u00bb]Les informations personnelles que nous recueillons \u00e0 votre sujet se limitent aux \u00e9l\u00e9ments figurant g\u00e9n\u00e9ralement sur les cartes professionnelles, tels que le nom, le titre, l\u2019entreprise, l\u2019adresse, l\u2019adresse \u00e9lectronique et le num\u00e9ro de t\u00e9l\u00e9phone. Dans certains cas, nous pouvons \u00e9galement vous demander des informations [&hellip;]\" \/>\n<meta property=\"og:url\" content=\"https:\/\/www.trivec.aws-staging.swace.se\/be-fr\/privacy-policy\/\" \/>\n<meta property=\"og:site_name\" content=\"Trivec\" \/>\n<meta property=\"article:modified_time\" content=\"2022-06-20T14:41:07+00:00\" \/>\n<meta name=\"twitter:card\" content=\"summary_large_image\" \/>\n<meta name=\"twitter:label1\" content=\"Est. reading time\" \/>\n\t<meta name=\"twitter:data1\" content=\"3 minutes\" \/>\n<script type=\"application\/ld+json\" class=\"yoast-schema-graph\">{\"@context\":\"https:\/\/schema.org\",\"@graph\":[{\"@type\":\"WebPage\",\"@id\":\"https:\/\/www.trivec.aws-staging.swace.se\/be-fr\/privacy-policy\/\",\"url\":\"https:\/\/www.trivec.aws-staging.swace.se\/be-fr\/privacy-policy\/\",\"name\":\"Privacy Policy - Trivec\",\"isPartOf\":{\"@id\":\"https:\/\/trivec.aws-staging.swace.se\/#website\"},\"datePublished\":\"2018-11-12T08:00:23+00:00\",\"dateModified\":\"2022-06-20T14:41:07+00:00\",\"breadcrumb\":{\"@id\":\"https:\/\/www.trivec.aws-staging.swace.se\/be-fr\/privacy-policy\/#breadcrumb\"},\"inLanguage\":\"fr-BE\",\"potentialAction\":[{\"@type\":\"ReadAction\",\"target\":[\"https:\/\/www.trivec.aws-staging.swace.se\/be-fr\/privacy-policy\/\"]}]},{\"@type\":\"BreadcrumbList\",\"@id\":\"https:\/\/www.trivec.aws-staging.swace.se\/be-fr\/privacy-policy\/#breadcrumb\",\"itemListElement\":[{\"@type\":\"ListItem\",\"position\":1,\"name\":\"Home\",\"item\":\"https:\/\/trivec.aws-staging.swace.se\/be-fr\/\"},{\"@type\":\"ListItem\",\"position\":2,\"name\":\"Privacy Policy\"}]},{\"@type\":\"WebSite\",\"@id\":\"https:\/\/trivec.aws-staging.swace.se\/#website\",\"url\":\"https:\/\/trivec.aws-staging.swace.se\/\",\"name\":\"Trivec\",\"description\":\"Leader du march\u00e9 en caisses enregistreuses et automatisation de bar\",\"potentialAction\":[{\"@type\":\"SearchAction\",\"target\":{\"@type\":\"EntryPoint\",\"urlTemplate\":\"https:\/\/trivec.aws-staging.swace.se\/?s={search_term_string}\"},\"query-input\":{\"@type\":\"PropertyValueSpecification\",\"valueRequired\":true,\"valueName\":\"search_term_string\"}}],\"inLanguage\":\"fr-BE\"}]}<\/script>\n<!-- \/ Yoast SEO plugin. -->","yoast_head_json":{"title":"Privacy Policy - Trivec","robots":{"index":"noindex","follow":"follow"},"og_locale":"en_US","og_type":"article","og_title":"Privacy Policy - Trivec","og_description":"[vc_row][vc_column][vc_story heading_text=\u00a0\u00bbPrivacy policy\u00a0\u00bb preamble=\u00a0\u00bbLa politique de confidentialit\u00e9 de Trivec est pr\u00e9sent\u00e9e ici.\u00a0\u00bb]Les informations personnelles que nous recueillons \u00e0 votre sujet se limitent aux \u00e9l\u00e9ments figurant g\u00e9n\u00e9ralement sur les cartes professionnelles, tels que le nom, le titre, l\u2019entreprise, l\u2019adresse, l\u2019adresse \u00e9lectronique et le num\u00e9ro de t\u00e9l\u00e9phone. Dans certains cas, nous pouvons \u00e9galement vous demander des informations [&hellip;]","og_url":"https:\/\/www.trivec.aws-staging.swace.se\/be-fr\/privacy-policy\/","og_site_name":"Trivec","article_modified_time":"2022-06-20T14:41:07+00:00","twitter_card":"summary_large_image","twitter_misc":{"Est. reading time":"3 minutes"},"schema":{"@context":"https:\/\/schema.org","@graph":[{"@type":"WebPage","@id":"https:\/\/www.trivec.aws-staging.swace.se\/be-fr\/privacy-policy\/","url":"https:\/\/www.trivec.aws-staging.swace.se\/be-fr\/privacy-policy\/","name":"Privacy Policy - Trivec","isPartOf":{"@id":"https:\/\/trivec.aws-staging.swace.se\/#website"},"datePublished":"2018-11-12T08:00:23+00:00","dateModified":"2022-06-20T14:41:07+00:00","breadcrumb":{"@id":"https:\/\/www.trivec.aws-staging.swace.se\/be-fr\/privacy-policy\/#breadcrumb"},"inLanguage":"fr-BE","potentialAction":[{"@type":"ReadAction","target":["https:\/\/www.trivec.aws-staging.swace.se\/be-fr\/privacy-policy\/"]}]},{"@type":"BreadcrumbList","@id":"https:\/\/www.trivec.aws-staging.swace.se\/be-fr\/privacy-policy\/#breadcrumb","itemListElement":[{"@type":"ListItem","position":1,"name":"Home","item":"https:\/\/trivec.aws-staging.swace.se\/be-fr\/"},{"@type":"ListItem","position":2,"name":"Privacy Policy"}]},{"@type":"WebSite","@id":"https:\/\/trivec.aws-staging.swace.se\/#website","url":"https:\/\/trivec.aws-staging.swace.se\/","name":"Trivec","description":"Leader du march\u00e9 en caisses enregistreuses et automatisation de bar","potentialAction":[{"@type":"SearchAction","target":{"@type":"EntryPoint","urlTemplate":"https:\/\/trivec.aws-staging.swace.se\/?s={search_term_string}"},"query-input":{"@type":"PropertyValueSpecification","valueRequired":true,"valueName":"search_term_string"}}],"inLanguage":"fr-BE"}]}},"_links":{"self":[{"href":"https:\/\/www.trivec.aws-staging.swace.se\/be-fr\/wp-json\/wp\/v2\/pages\/1132","targetHints":{"allow":["GET"]}}],"collection":[{"href":"https:\/\/www.trivec.aws-staging.swace.se\/be-fr\/wp-json\/wp\/v2\/pages"}],"about":[{"href":"https:\/\/www.trivec.aws-staging.swace.se\/be-fr\/wp-json\/wp\/v2\/types\/page"}],"author":[{"embeddable":true,"href":"https:\/\/www.trivec.aws-staging.swace.se\/be-fr\/wp-json\/wp\/v2\/users\/1"}],"replies":[{"embeddable":true,"href":"https:\/\/www.trivec.aws-staging.swace.se\/be-fr\/wp-json\/wp\/v2\/comments?post=1132"}],"version-history":[{"count":6,"href":"https:\/\/www.trivec.aws-staging.swace.se\/be-fr\/wp-json\/wp\/v2\/pages\/1132\/revisions"}],"predecessor-version":[{"id":2091,"href":"https:\/\/www.trivec.aws-staging.swace.se\/be-fr\/wp-json\/wp\/v2\/pages\/1132\/revisions\/2091"}],"wp:attachment":[{"href":"https:\/\/www.trivec.aws-staging.swace.se\/be-fr\/wp-json\/wp\/v2\/media?parent=1132"}],"curies":[{"name":"wp","href":"https:\/\/api.w.org\/{rel}","templated":true}]}}