{"id":1504,"date":"2019-01-17T16:48:00","date_gmt":"2019-01-17T15:48:16","guid":{"rendered":"https:\/\/www.trivec.se\/?page_id=1504"},"modified":"2023-01-10T15:13:46","modified_gmt":"2023-01-10T14:13:46","slug":"versuz","status":"publish","type":"page","link":"https:\/\/www.trivec.aws-staging.swace.se\/be-nl\/klanten\/versuz\/","title":{"rendered":"Versuz"},"content":{"rendered":"<div class=\"wpb-content-wrapper\"><p>[vc_row][vc_column][vc_story heading_text=&#8221;Het was snel duidelijk dat Trivec voor ons de beste keuze was&#8221; preamble=&#8221;Versuz is een bekende naam in Hasselt \u00e9n ver daarbuiten. De populaire nachtclub is trouwens al jaren meer dan \u00e9\u00e9n horecazaak. Naast de dancing zelf, behoren onder meer de zomerbar Ipanema en de winterbars Moose \u2013 op verschillende locaties in Vlaanderen &#8211; \u00e9n het restaurant Crudo tot hun verwezenlijkingen. Bovendien organiseren ze geregeld B2B-evenementen.&#8221;]<img loading=\"lazy\" decoding=\"async\" class=\"alignnone size-large wp-image-1505\" src=\"https:\/\/www.trivec.be\/wp\/uploads\/2019\/01\/studiovision_trivec_190110_versuz_LR_05_SV5_8498-1024x683.jpg\" alt=\"Trivec klant Versus\" width=\"1024\" height=\"683\" srcset=\"https:\/\/www.trivec.aws-staging.swace.se\/wp\/uploads\/2019\/01\/studiovision_trivec_190110_versuz_LR_05_SV5_8498-1024x683.jpg 1024w, https:\/\/www.trivec.aws-staging.swace.se\/wp\/uploads\/2019\/01\/studiovision_trivec_190110_versuz_LR_05_SV5_8498-300x200.jpg 300w, https:\/\/www.trivec.aws-staging.swace.se\/wp\/uploads\/2019\/01\/studiovision_trivec_190110_versuz_LR_05_SV5_8498-768x512.jpg 768w, https:\/\/www.trivec.aws-staging.swace.se\/wp\/uploads\/2019\/01\/studiovision_trivec_190110_versuz_LR_05_SV5_8498.jpg 1600w\" sizes=\"auto, (max-width: 1024px) 100vw, 1024px\" \/><\/p>\n<p>Een bloeiend bedrijf dus, met dagelijks een aanzienlijk aantal consumpties en betalingen. Om dat alles in goede banen te leiden, rekenen ze van meet af aan op het kassasysteem van Trivec.<\/p>\n<h3>Sluitend barsysteem<\/h3>\n<blockquote><p>Thijs Berben, medezaakvoerder\/manager van Versuz: \u201cToen we jaren geleden op zoek waren naar een kassasysteem, kwamen we al vlug uit bij Trivec. Als marktleider in kassasystemen voor horeca, vonden we jullie absoluut de beste partij voor onze zaak. En gezien onze grootte is dit type kassa voor ons intussen onmisbaar geworden<\/p><\/blockquote>\n<p>Op een doorsnee zaterdagavond bereikt Versuz al vlug 10 000 transacties. Dan zijn vergissingen vlug gebeurd, zou je denken. Niet als je gebruik maakt van een geautomatiseerd systeem.<\/p>\n<blockquote><p>De barautomatisering is ontzettend handig. Elke fles wordt met behulp van een speciale dop met magneetventiel geregistreerd en gecontroleerd. Zo zien we aan het eind van de dag perfect hoeveel drank we hebben geserveerd en aangerekend. In principe kan ons personeel nooit m\u00e9\u00e9r glazen inschenken dan er betaald zijn. Een sluitend barsysteem dus.<\/p><\/blockquote>\n<h3>Snel terugverdiend<\/h3>\n<p>Toen Versuz enkele jaren geleden verhuisde, maakten ze van de gelegenheid gebruik om het kassaregister te laten updaten naar de nieuwste versie.<br \/>\nIk zou elke beginner in de horeca \u2013 zeker als je een bar hebt \u2013 Trivec aanraden, inclusief barautomatisering. Het lijkt als starter misschien een grote investering, maar op een jaar tijd heb je die meer dan terugverdiend. Je zou ervan verschieten hoeveel drank er anders onbetaald blijft. Dankzij de automatisering loop je die inkomsten niet meer mis.[\/vc_story][\/vc_column][\/vc_row]<\/p>\n<\/div>","protected":false},"excerpt":{"rendered":"<p>[vc_row][vc_column][vc_story heading_text=&#8221;Het was snel duidelijk dat Trivec voor ons de beste keuze was&#8221; preamble=&#8221;Versuz is een bekende naam in Hasselt \u00e9n ver daarbuiten. De populaire nachtclub is trouwens al jaren meer dan \u00e9\u00e9n horecazaak. Naast de dancing zelf, behoren onder meer de zomerbar Ipanema en de winterbars Moose \u2013 op verschillende locaties in Vlaanderen &#8211; [&hellip;]<\/p>\n","protected":false},"author":2,"featured_media":1534,"parent":1095,"menu_order":5,"comment_status":"closed","ping_status":"closed","template":"","meta":{"_acf_changed":false,"content-type":"","footnotes":""},"class_list":["post-1504","page","type-page","status-publish","has-post-thumbnail","hentry"],"acf":[],"yoast_head":"<!-- This site is optimized with the Yoast SEO plugin v27.2 - https:\/\/yoast.com\/product\/yoast-seo-wordpress\/ -->\n<title>Versuz - trivec<\/title>\n<meta name=\"description\" content=\"Versuz is een bekende naam in Hasselt \u00e9n ver daarbuiten. De populaire nachtclub is trouwens al jaren meer dan \u00e9\u00e9n horecazaak.\" \/>\n<meta name=\"robots\" content=\"noindex, follow\" \/>\n<meta property=\"og:locale\" content=\"nl_BE\" \/>\n<meta property=\"og:type\" content=\"article\" \/>\n<meta property=\"og:title\" content=\"Versuz - trivec\" \/>\n<meta property=\"og:description\" content=\"Versuz is een bekende naam in Hasselt \u00e9n ver daarbuiten. De populaire nachtclub is trouwens al jaren meer dan \u00e9\u00e9n horecazaak.\" \/>\n<meta property=\"og:url\" content=\"https:\/\/www.trivec.aws-staging.swace.se\/be-nl\/klanten\/versuz\/\" \/>\n<meta property=\"og:site_name\" content=\"Trivec\" \/>\n<meta property=\"article:modified_time\" content=\"2023-01-10T14:13:46+00:00\" \/>\n<meta property=\"og:image\" content=\"https:\/\/trivec.aws-staging.swace.se\/wp\/uploads\/2019\/01\/studiovision_trivec_190110_versuz_LR_09_SV5_8656.jpg\" \/>\n\t<meta property=\"og:image:width\" content=\"1600\" \/>\n\t<meta property=\"og:image:height\" content=\"1067\" \/>\n\t<meta property=\"og:image:type\" content=\"image\/jpeg\" \/>\n<meta name=\"twitter:card\" content=\"summary_large_image\" \/>\n<meta name=\"twitter:label1\" content=\"Est. reading time\" \/>\n\t<meta name=\"twitter:data1\" content=\"2 minutes\" \/>\n<script type=\"application\/ld+json\" class=\"yoast-schema-graph\">{\"@context\":\"https:\/\/schema.org\",\"@graph\":[{\"@type\":\"WebPage\",\"@id\":\"https:\/\/www.trivec.aws-staging.swace.se\/be-nl\/klanten\/versuz\/\",\"url\":\"https:\/\/www.trivec.aws-staging.swace.se\/be-nl\/klanten\/versuz\/\",\"name\":\"Versuz - trivec\",\"isPartOf\":{\"@id\":\"https:\/\/trivec.aws-staging.swace.se\/#website\"},\"primaryImageOfPage\":{\"@id\":\"https:\/\/www.trivec.aws-staging.swace.se\/be-nl\/klanten\/versuz\/#primaryimage\"},\"image\":{\"@id\":\"https:\/\/www.trivec.aws-staging.swace.se\/be-nl\/klanten\/versuz\/#primaryimage\"},\"thumbnailUrl\":\"https:\/\/www.trivec.aws-staging.swace.se\/wp\/uploads\/2019\/01\/studiovision_trivec_190110_versuz_LR_09_SV5_8656.jpg\",\"datePublished\":\"2019-01-17T15:48:16+00:00\",\"dateModified\":\"2023-01-10T14:13:46+00:00\",\"description\":\"Versuz is een bekende naam in Hasselt \u00e9n ver daarbuiten. De populaire nachtclub is trouwens al jaren meer dan \u00e9\u00e9n horecazaak.\",\"breadcrumb\":{\"@id\":\"https:\/\/www.trivec.aws-staging.swace.se\/be-nl\/klanten\/versuz\/#breadcrumb\"},\"inLanguage\":\"nl-BE\",\"potentialAction\":[{\"@type\":\"ReadAction\",\"target\":[\"https:\/\/www.trivec.aws-staging.swace.se\/be-nl\/klanten\/versuz\/\"]}]},{\"@type\":\"ImageObject\",\"inLanguage\":\"nl-BE\",\"@id\":\"https:\/\/www.trivec.aws-staging.swace.se\/be-nl\/klanten\/versuz\/#primaryimage\",\"url\":\"https:\/\/www.trivec.aws-staging.swace.se\/wp\/uploads\/2019\/01\/studiovision_trivec_190110_versuz_LR_09_SV5_8656.jpg\",\"contentUrl\":\"https:\/\/www.trivec.aws-staging.swace.se\/wp\/uploads\/2019\/01\/studiovision_trivec_190110_versuz_LR_09_SV5_8656.jpg\",\"width\":1600,\"height\":1067,\"caption\":\"Trivec klant Versuz\"},{\"@type\":\"BreadcrumbList\",\"@id\":\"https:\/\/www.trivec.aws-staging.swace.se\/be-nl\/klanten\/versuz\/#breadcrumb\",\"itemListElement\":[{\"@type\":\"ListItem\",\"position\":1,\"name\":\"Home\",\"item\":\"https:\/\/trivec.aws-staging.swace.se\/be-nl\/\"},{\"@type\":\"ListItem\",\"position\":2,\"name\":\"Klanten\",\"item\":\"https:\/\/trivec.aws-staging.swace.se\/be-nl\/klanten\/\"},{\"@type\":\"ListItem\",\"position\":3,\"name\":\"Versuz\"}]},{\"@type\":\"WebSite\",\"@id\":\"https:\/\/trivec.aws-staging.swace.se\/#website\",\"url\":\"https:\/\/trivec.aws-staging.swace.se\/\",\"name\":\"Trivec\",\"description\":\"Marktleider in kassasystemen en barautomatisering voor de horeca\",\"potentialAction\":[{\"@type\":\"SearchAction\",\"target\":{\"@type\":\"EntryPoint\",\"urlTemplate\":\"https:\/\/trivec.aws-staging.swace.se\/?s={search_term_string}\"},\"query-input\":{\"@type\":\"PropertyValueSpecification\",\"valueRequired\":true,\"valueName\":\"search_term_string\"}}],\"inLanguage\":\"nl-BE\"}]}<\/script>\n<!-- \/ Yoast SEO plugin. -->","yoast_head_json":{"title":"Versuz - trivec","description":"Versuz is een bekende naam in Hasselt \u00e9n ver daarbuiten. De populaire nachtclub is trouwens al jaren meer dan \u00e9\u00e9n horecazaak.","robots":{"index":"noindex","follow":"follow"},"og_locale":"nl_BE","og_type":"article","og_title":"Versuz - trivec","og_description":"Versuz is een bekende naam in Hasselt \u00e9n ver daarbuiten. De populaire nachtclub is trouwens al jaren meer dan \u00e9\u00e9n horecazaak.","og_url":"https:\/\/www.trivec.aws-staging.swace.se\/be-nl\/klanten\/versuz\/","og_site_name":"Trivec","article_modified_time":"2023-01-10T14:13:46+00:00","og_image":[{"width":1600,"height":1067,"url":"https:\/\/trivec.aws-staging.swace.se\/wp\/uploads\/2019\/01\/studiovision_trivec_190110_versuz_LR_09_SV5_8656.jpg","type":"image\/jpeg"}],"twitter_card":"summary_large_image","twitter_misc":{"Est. reading time":"2 minutes"},"schema":{"@context":"https:\/\/schema.org","@graph":[{"@type":"WebPage","@id":"https:\/\/www.trivec.aws-staging.swace.se\/be-nl\/klanten\/versuz\/","url":"https:\/\/www.trivec.aws-staging.swace.se\/be-nl\/klanten\/versuz\/","name":"Versuz - trivec","isPartOf":{"@id":"https:\/\/trivec.aws-staging.swace.se\/#website"},"primaryImageOfPage":{"@id":"https:\/\/www.trivec.aws-staging.swace.se\/be-nl\/klanten\/versuz\/#primaryimage"},"image":{"@id":"https:\/\/www.trivec.aws-staging.swace.se\/be-nl\/klanten\/versuz\/#primaryimage"},"thumbnailUrl":"https:\/\/www.trivec.aws-staging.swace.se\/wp\/uploads\/2019\/01\/studiovision_trivec_190110_versuz_LR_09_SV5_8656.jpg","datePublished":"2019-01-17T15:48:16+00:00","dateModified":"2023-01-10T14:13:46+00:00","description":"Versuz is een bekende naam in Hasselt \u00e9n ver daarbuiten. De populaire nachtclub is trouwens al jaren meer dan \u00e9\u00e9n horecazaak.","breadcrumb":{"@id":"https:\/\/www.trivec.aws-staging.swace.se\/be-nl\/klanten\/versuz\/#breadcrumb"},"inLanguage":"nl-BE","potentialAction":[{"@type":"ReadAction","target":["https:\/\/www.trivec.aws-staging.swace.se\/be-nl\/klanten\/versuz\/"]}]},{"@type":"ImageObject","inLanguage":"nl-BE","@id":"https:\/\/www.trivec.aws-staging.swace.se\/be-nl\/klanten\/versuz\/#primaryimage","url":"https:\/\/www.trivec.aws-staging.swace.se\/wp\/uploads\/2019\/01\/studiovision_trivec_190110_versuz_LR_09_SV5_8656.jpg","contentUrl":"https:\/\/www.trivec.aws-staging.swace.se\/wp\/uploads\/2019\/01\/studiovision_trivec_190110_versuz_LR_09_SV5_8656.jpg","width":1600,"height":1067,"caption":"Trivec klant Versuz"},{"@type":"BreadcrumbList","@id":"https:\/\/www.trivec.aws-staging.swace.se\/be-nl\/klanten\/versuz\/#breadcrumb","itemListElement":[{"@type":"ListItem","position":1,"name":"Home","item":"https:\/\/trivec.aws-staging.swace.se\/be-nl\/"},{"@type":"ListItem","position":2,"name":"Klanten","item":"https:\/\/trivec.aws-staging.swace.se\/be-nl\/klanten\/"},{"@type":"ListItem","position":3,"name":"Versuz"}]},{"@type":"WebSite","@id":"https:\/\/trivec.aws-staging.swace.se\/#website","url":"https:\/\/trivec.aws-staging.swace.se\/","name":"Trivec","description":"Marktleider in kassasystemen en barautomatisering voor de horeca","potentialAction":[{"@type":"SearchAction","target":{"@type":"EntryPoint","urlTemplate":"https:\/\/trivec.aws-staging.swace.se\/?s={search_term_string}"},"query-input":{"@type":"PropertyValueSpecification","valueRequired":true,"valueName":"search_term_string"}}],"inLanguage":"nl-BE"}]}},"_links":{"self":[{"href":"https:\/\/www.trivec.aws-staging.swace.se\/be-nl\/wp-json\/wp\/v2\/pages\/1504","targetHints":{"allow":["GET"]}}],"collection":[{"href":"https:\/\/www.trivec.aws-staging.swace.se\/be-nl\/wp-json\/wp\/v2\/pages"}],"about":[{"href":"https:\/\/www.trivec.aws-staging.swace.se\/be-nl\/wp-json\/wp\/v2\/types\/page"}],"author":[{"embeddable":true,"href":"https:\/\/www.trivec.aws-staging.swace.se\/be-nl\/wp-json\/wp\/v2\/users\/2"}],"replies":[{"embeddable":true,"href":"https:\/\/www.trivec.aws-staging.swace.se\/be-nl\/wp-json\/wp\/v2\/comments?post=1504"}],"version-history":[{"count":10,"href":"https:\/\/www.trivec.aws-staging.swace.se\/be-nl\/wp-json\/wp\/v2\/pages\/1504\/revisions"}],"predecessor-version":[{"id":29712,"href":"https:\/\/www.trivec.aws-staging.swace.se\/be-nl\/wp-json\/wp\/v2\/pages\/1504\/revisions\/29712"}],"up":[{"embeddable":true,"href":"https:\/\/www.trivec.aws-staging.swace.se\/be-nl\/wp-json\/wp\/v2\/pages\/1095"}],"wp:featuredmedia":[{"embeddable":true,"href":"https:\/\/www.trivec.aws-staging.swace.se\/be-nl\/wp-json\/wp\/v2\/media\/1534"}],"wp:attachment":[{"href":"https:\/\/www.trivec.aws-staging.swace.se\/be-nl\/wp-json\/wp\/v2\/media?parent=1504"}],"curies":[{"name":"wp","href":"https:\/\/api.w.org\/{rel}","templated":true}]}}