{"id":29713,"date":"2023-01-10T15:58:25","date_gmt":"2023-01-10T14:58:25","guid":{"rendered":"https:\/\/trivec.aws-staging.swace.se\/?page_id=29713"},"modified":"2023-01-31T13:21:03","modified_gmt":"2023-01-31T12:21:03","slug":"vieux-saint-antoine","status":"publish","type":"page","link":"https:\/\/www.trivec.aws-staging.swace.se\/be-nl\/klanten\/vieux-saint-antoine\/","title":{"rendered":"Au Vieux Saint-Antoine"},"content":{"rendered":"<div class=\"wpb-content-wrapper\"><p>[vc_row][vc_column][vc_single_image image=&#8221;29714&#8243; img_size=&#8221;2000&#215;600&#8243;][vc_column_text]De bar \u2018Au Vieux Saint-Antoine\u2019 serveert bieren, wijnen, sterkedranken en cocktails op de Kolenmarkt, vlak bij de Grote Markt van Brussel. Het is een bijzonder populaire buurt met klanten die goed weten wat ze willen. Om hen tevreden te stellen, rekent eigenaar-uitbater Jean-Louis Ross, op de oplossingen van Trivec.[\/vc_column_text][vc_column_text]<\/p>\n<h1><b><span data-contrast=\"auto\">Minder verspilling dankzij elektronische dosering<\/span><\/b><span data-ccp-props=\"{&quot;201341983&quot;:0,&quot;335551550&quot;:6,&quot;335551620&quot;:6,&quot;335559739&quot;:0,&quot;335559740&quot;:360}\">\u00a0<\/span><\/h1>\n<p><span data-contrast=\"auto\">De bar gebruikt momenteel de elektronische doseringssoftware, het ABC-systeem, bij het serveren van alcohol. Jean-Louis Ross: \u201cIk kan er de precieze kost mee controleren, vooral door verspilling te vermijden. Zonder dergelijk doseringssysteem, mag je toch rekenen op een verspilling van 10 tot 20%. De installatie van dergelijk systeem heeft wel een prijskaartje, maar dat verdien je dus snel terug. Het doseringssysteem zorgt ook voor een beter overzicht: ik kan nu perfect vergelijken hoeveel \u2018dosissen\u2019 er geserveerd en besteld werden. Het helpt dus om fraude tegen te gaan en om te grote serveringen en andere \u2018gunsten\u2019 van het personeel naar de klanten toe op te merken.\u201d<\/span><span data-ccp-props=\"{&quot;201341983&quot;:0,&quot;335551550&quot;:6,&quot;335551620&quot;:6,&quot;335559739&quot;:0,&quot;335559740&quot;:360}\">\u00a0<\/span>[\/vc_column_text][vc_column_text]<span data-contrast=\"auto\">Ook de klanten hebben trouwens baat bij het innovatieve systeem. \u201cIn elk glas zit precies evenveel, daar kan de klant zeker van zijn. Bovendien wordt hij ook sneller geholpen. Ik merk dat vooral de vaste klanten dat appreci\u00ebren. Ze weten dat ze hier telkens hun favoriete drankje in de juiste hoeveelheid en aan de juiste kwaliteit krijgen\u201d, voegt Jean-Louis nog toe.<\/span><span data-ccp-props=\"{&quot;201341983&quot;:0,&quot;335551550&quot;:6,&quot;335551620&quot;:6,&quot;335559739&quot;:0,&quot;335559740&quot;:360}\">\u00a0<\/span><\/p>\n<p><span data-contrast=\"auto\">De elektronische dosering is ook verbonden met een automatisch betaalsysteem (Glory CI-10) voor het beheer van cash, door Trivec ge\u00efntegreerd in het kassasysteem. \u201cMet Trivec weet je dat je kwalitatieve oplossingen krijgt. Ik vind het de beste integratie op de markt\u201d, benadrukt Jean-Louis Ross.<\/span><span data-ccp-props=\"{&quot;201341983&quot;:0,&quot;335551550&quot;:6,&quot;335551620&quot;:6,&quot;335559739&quot;:0,&quot;335559740&quot;:360}\">\u00a0<\/span><\/p>\n<blockquote><p><span data-contrast=\"auto\">Jean-Louis Ross, eigenaar en uitbater van de bar \u2018Au Vieux Saint-Antoine\u2019<\/span><span data-ccp-props=\"{&quot;201341983&quot;:0,&quot;335551550&quot;:6,&quot;335551620&quot;:6,&quot;335559739&quot;:0,&quot;335559740&quot;:360}\">\u00a0<\/span><\/p>\n<p><span data-contrast=\"auto\">\u201cDe beste integratie op de markt!\u201d<\/span><span data-ccp-props=\"{&quot;201341983&quot;:0,&quot;335551550&quot;:6,&quot;335551620&quot;:6,&quot;335559739&quot;:0,&quot;335559740&quot;:360}\">\u00a0<\/span><\/p><\/blockquote>\n<p>[\/vc_column_text][\/vc_column][\/vc_row][vc_row padding_top=&#8221;none&#8221; padding_bottom=&#8221;none&#8221; use_background_image=&#8221;yes&#8221; vertical_align_center=&#8221;yes&#8221;][vc_column width=&#8221;1\/2&#8243;][vc_single_image image=&#8221;30025&#8243; img_size=&#8221;medium&#8221; alignment=&#8221;center&#8221;][vc_btn cta_text_color=&#8221;white&#8221; title=&#8221;Download PDF&#8221; align=&#8221;center&#8221; link=&#8221;url:https%3A%2F%2Fwww.trivec.be%2Fresources%2Fwhite-papers%2Feen-bar-beginnen%2F|title:Een%20bar%20beginnen|target:_blank&#8221;][\/vc_column][vc_column width=&#8221;1\/2&#8243;][vc_column_text]<\/p>\n<h2>Lees meer en download het rapport<\/h2>\n<p>[\/vc_column_text][\/vc_column][\/vc_row][vc_row][vc_column][vc_column_text]<\/p>\n<h3><b><span data-contrast=\"auto\">MyTrivec, het ideale webportaal voor het financieel beheer van een restaurant\u00a0<\/span><\/b><span data-ccp-props=\"{&quot;201341983&quot;:0,&quot;335551550&quot;:6,&quot;335551620&quot;:6,&quot;335559739&quot;:0,&quot;335559740&quot;:360}\">\u00a0<\/span><\/h3>\n<p><span data-contrast=\"auto\">Toch zijn er n\u00f3g meer voordelen, legt de eigenaar van \u2018Au Vieux Saint-Antoine\u2019 uit. \u201cDankzij MyTrivec krijgen we toegang tot de gegevens van de kassa, kunnen we een zeer gedetailleerde controle uitvoeren van alle transacties, zien we statistieken en verslagen. Dat kan zelfs per uur, per producttype, enzovoort. Zo hebben we meer overzicht van de stock, wat handig is voor de boekhouding. Elke dag krijgt de boekhouder zelfs een mailtje met alle nuttige gegevens. Hoe hoger het debiet, hoe meer het systeem van pas komt. We gaan in de toekomst nog meer investeren in integratie, wat boekhouding, uurroosters, enz. betreft. We willen daar echt zo ver mogelijk in gaan om geld te besparen.\u201d<\/span><span data-ccp-props=\"{&quot;201341983&quot;:0,&quot;335551550&quot;:6,&quot;335551620&quot;:6,&quot;335559739&quot;:0,&quot;335559740&quot;:360}\">\u00a0<\/span>[\/vc_column_text][vc_column_text]<\/p>\n<h3><b><span data-contrast=\"auto\">Trivec HandyPay maakt bestellen en betalen makkelijk<\/span><\/b><span data-ccp-props=\"{&quot;201341983&quot;:0,&quot;335551550&quot;:6,&quot;335551620&quot;:6,&quot;335559739&quot;:0,&quot;335559740&quot;:360}\">\u00a0<\/span><span data-ccp-props=\"{&quot;201341983&quot;:0,&quot;335551550&quot;:6,&quot;335551620&quot;:6,&quot;335559739&quot;:0,&quot;335559740&quot;:360}\">\u00a0<\/span><\/h3>\n<p><span data-contrast=\"auto\">Op dit moment test Jean-Louis Ross trouwens Trivec HandyPay uit: een oplossing die bestellingen opnemen en betalingen doorvoeren, vergemakkelijkt. \u201cHet systeem bevalt me vooral omdat het bedienend personeel bestellingen \u00e9n betalingen kunnen regelen op het terras. En dat op \u00e9\u00e9n apparaat. Dat vind ik best vooruitstrevend. We hopen het systeem te implementeren tegen de lente. Binnenkort starten we ook met het aanbieden van kleine versnaperingen. Dankzij de software, ge\u00efntegreerd in het kassasysteem, zullen we dan bestellingen van het terras rechtstreeks naar de keuken kunnen verzenden, m\u00e9t eventuele opmerkingen. Op die manier optimaliseren we de werktijd van de werknemers, waardoor we zowat 30% minder zaalpersoneel nodig hebben.\u201d<\/span><span data-ccp-props=\"{&quot;201341983&quot;:0,&quot;335551550&quot;:6,&quot;335551620&quot;:6,&quot;335559739&quot;:0,&quot;335559740&quot;:360}\">\u00a0<\/span><\/p>\n<p><span data-contrast=\"auto\">Foto: Jean-Louis Ross: \u201cZonder dergelijk doseringssysteem, mag je toch rekenen op een verspilling van 10 tot 20%.\u201d<\/span><span data-ccp-props=\"{&quot;201341983&quot;:0,&quot;335551550&quot;:6,&quot;335551620&quot;:6,&quot;335559739&quot;:0,&quot;335559740&quot;:360}\">\u00a0<\/span>[\/vc_column_text][\/vc_column][\/vc_row]<\/p>\n<\/div>","protected":false},"excerpt":{"rendered":"<p>[vc_row][vc_column][vc_single_image image=&#8221;29714&#8243; img_size=&#8221;2000&#215;600&#8243;][vc_column_text]De bar \u2018Au Vieux Saint-Antoine\u2019 serveert bieren, wijnen, sterkedranken en cocktails op de Kolenmarkt, vlak bij de Grote Markt van Brussel. Het is een bijzonder populaire buurt met klanten die goed weten wat ze willen. Om hen tevreden te stellen, rekent eigenaar-uitbater Jean-Louis Ross, op de oplossingen van Trivec.[\/vc_column_text][vc_column_text] Minder verspilling dankzij elektronische [&hellip;]<\/p>\n","protected":false},"author":21,"featured_media":29714,"parent":1095,"menu_order":0,"comment_status":"closed","ping_status":"closed","template":"","meta":{"_acf_changed":false,"content-type":"","footnotes":""},"class_list":["post-29713","page","type-page","status-publish","has-post-thumbnail","hentry"],"acf":[],"yoast_head":"<!-- This site is optimized with the Yoast SEO plugin v27.2 - https:\/\/yoast.com\/product\/yoast-seo-wordpress\/ -->\n<title>Vieux Saint Antoine Trivec<\/title>\n<meta name=\"description\" content=\"Actuellement, le bar \u2018Au Vieux Saint-Antoine\u2019 utilise le doseur \u00e9lectronique de bar (syst\u00e8me ABC) pour le dosage d\u2019alcool.\" \/>\n<meta name=\"robots\" content=\"noindex, follow\" \/>\n<meta property=\"og:locale\" content=\"nl_BE\" \/>\n<meta property=\"og:type\" content=\"article\" \/>\n<meta property=\"og:title\" content=\"Vieux Saint Antoine Trivec\" \/>\n<meta property=\"og:description\" content=\"Actuellement, le bar \u2018Au Vieux Saint-Antoine\u2019 utilise le doseur \u00e9lectronique de bar (syst\u00e8me ABC) pour le dosage d\u2019alcool.\" \/>\n<meta property=\"og:url\" content=\"https:\/\/www.trivec.aws-staging.swace.se\/be-nl\/klanten\/vieux-saint-antoine\/\" \/>\n<meta property=\"og:site_name\" content=\"Trivec\" \/>\n<meta property=\"article:modified_time\" content=\"2023-01-31T12:21:03+00:00\" \/>\n<meta property=\"og:image\" content=\"https:\/\/www.trivec.aws-staging.swace.se\/wp\/uploads\/2023\/01\/AuVieux_Saint_Antoine_web_customer.jpg\" \/>\n\t<meta property=\"og:image:width\" content=\"1920\" \/>\n\t<meta property=\"og:image:height\" content=\"1920\" \/>\n\t<meta property=\"og:image:type\" content=\"image\/jpeg\" \/>\n<meta name=\"twitter:card\" content=\"summary_large_image\" \/>\n<meta name=\"twitter:label1\" content=\"Est. reading time\" \/>\n\t<meta name=\"twitter:data1\" content=\"3 minutes\" \/>\n<script type=\"application\/ld+json\" class=\"yoast-schema-graph\">{\"@context\":\"https:\/\/schema.org\",\"@graph\":[{\"@type\":\"WebPage\",\"@id\":\"https:\/\/www.trivec.aws-staging.swace.se\/be-nl\/klanten\/vieux-saint-antoine\/\",\"url\":\"https:\/\/www.trivec.aws-staging.swace.se\/be-nl\/klanten\/vieux-saint-antoine\/\",\"name\":\"Vieux Saint Antoine Trivec\",\"isPartOf\":{\"@id\":\"https:\/\/trivec.aws-staging.swace.se\/#website\"},\"primaryImageOfPage\":{\"@id\":\"https:\/\/www.trivec.aws-staging.swace.se\/be-nl\/klanten\/vieux-saint-antoine\/#primaryimage\"},\"image\":{\"@id\":\"https:\/\/www.trivec.aws-staging.swace.se\/be-nl\/klanten\/vieux-saint-antoine\/#primaryimage\"},\"thumbnailUrl\":\"https:\/\/www.trivec.aws-staging.swace.se\/wp\/uploads\/2023\/01\/AuVieux_Saint_Antoine_web_customer.jpg\",\"datePublished\":\"2023-01-10T14:58:25+00:00\",\"dateModified\":\"2023-01-31T12:21:03+00:00\",\"description\":\"Actuellement, le bar \u2018Au Vieux Saint-Antoine\u2019 utilise le doseur \u00e9lectronique de bar (syst\u00e8me ABC) pour le dosage d\u2019alcool.\",\"breadcrumb\":{\"@id\":\"https:\/\/www.trivec.aws-staging.swace.se\/be-nl\/klanten\/vieux-saint-antoine\/#breadcrumb\"},\"inLanguage\":\"nl-BE\",\"potentialAction\":[{\"@type\":\"ReadAction\",\"target\":[\"https:\/\/www.trivec.aws-staging.swace.se\/be-nl\/klanten\/vieux-saint-antoine\/\"]}]},{\"@type\":\"ImageObject\",\"inLanguage\":\"nl-BE\",\"@id\":\"https:\/\/www.trivec.aws-staging.swace.se\/be-nl\/klanten\/vieux-saint-antoine\/#primaryimage\",\"url\":\"https:\/\/www.trivec.aws-staging.swace.se\/wp\/uploads\/2023\/01\/AuVieux_Saint_Antoine_web_customer.jpg\",\"contentUrl\":\"https:\/\/www.trivec.aws-staging.swace.se\/wp\/uploads\/2023\/01\/AuVieux_Saint_Antoine_web_customer.jpg\",\"width\":1920,\"height\":1920,\"caption\":\"Au Vieux Saint Antoine\"},{\"@type\":\"BreadcrumbList\",\"@id\":\"https:\/\/www.trivec.aws-staging.swace.se\/be-nl\/klanten\/vieux-saint-antoine\/#breadcrumb\",\"itemListElement\":[{\"@type\":\"ListItem\",\"position\":1,\"name\":\"Home\",\"item\":\"https:\/\/trivec.aws-staging.swace.se\/be-nl\/\"},{\"@type\":\"ListItem\",\"position\":2,\"name\":\"Klanten\",\"item\":\"https:\/\/trivec.aws-staging.swace.se\/be-nl\/klanten\/\"},{\"@type\":\"ListItem\",\"position\":3,\"name\":\"Au Vieux Saint-Antoine\"}]},{\"@type\":\"WebSite\",\"@id\":\"https:\/\/trivec.aws-staging.swace.se\/#website\",\"url\":\"https:\/\/trivec.aws-staging.swace.se\/\",\"name\":\"Trivec\",\"description\":\"Marktleider in kassasystemen en barautomatisering voor de horeca\",\"potentialAction\":[{\"@type\":\"SearchAction\",\"target\":{\"@type\":\"EntryPoint\",\"urlTemplate\":\"https:\/\/trivec.aws-staging.swace.se\/?s={search_term_string}\"},\"query-input\":{\"@type\":\"PropertyValueSpecification\",\"valueRequired\":true,\"valueName\":\"search_term_string\"}}],\"inLanguage\":\"nl-BE\"}]}<\/script>\n<!-- \/ Yoast SEO plugin. -->","yoast_head_json":{"title":"Vieux Saint Antoine Trivec","description":"Actuellement, le bar \u2018Au Vieux Saint-Antoine\u2019 utilise le doseur \u00e9lectronique de bar (syst\u00e8me ABC) pour le dosage d\u2019alcool.","robots":{"index":"noindex","follow":"follow"},"og_locale":"nl_BE","og_type":"article","og_title":"Vieux Saint Antoine Trivec","og_description":"Actuellement, le bar \u2018Au Vieux Saint-Antoine\u2019 utilise le doseur \u00e9lectronique de bar (syst\u00e8me ABC) pour le dosage d\u2019alcool.","og_url":"https:\/\/www.trivec.aws-staging.swace.se\/be-nl\/klanten\/vieux-saint-antoine\/","og_site_name":"Trivec","article_modified_time":"2023-01-31T12:21:03+00:00","og_image":[{"width":1920,"height":1920,"url":"https:\/\/www.trivec.aws-staging.swace.se\/wp\/uploads\/2023\/01\/AuVieux_Saint_Antoine_web_customer.jpg","type":"image\/jpeg"}],"twitter_card":"summary_large_image","twitter_misc":{"Est. reading time":"3 minutes"},"schema":{"@context":"https:\/\/schema.org","@graph":[{"@type":"WebPage","@id":"https:\/\/www.trivec.aws-staging.swace.se\/be-nl\/klanten\/vieux-saint-antoine\/","url":"https:\/\/www.trivec.aws-staging.swace.se\/be-nl\/klanten\/vieux-saint-antoine\/","name":"Vieux Saint Antoine Trivec","isPartOf":{"@id":"https:\/\/trivec.aws-staging.swace.se\/#website"},"primaryImageOfPage":{"@id":"https:\/\/www.trivec.aws-staging.swace.se\/be-nl\/klanten\/vieux-saint-antoine\/#primaryimage"},"image":{"@id":"https:\/\/www.trivec.aws-staging.swace.se\/be-nl\/klanten\/vieux-saint-antoine\/#primaryimage"},"thumbnailUrl":"https:\/\/www.trivec.aws-staging.swace.se\/wp\/uploads\/2023\/01\/AuVieux_Saint_Antoine_web_customer.jpg","datePublished":"2023-01-10T14:58:25+00:00","dateModified":"2023-01-31T12:21:03+00:00","description":"Actuellement, le bar \u2018Au Vieux Saint-Antoine\u2019 utilise le doseur \u00e9lectronique de bar (syst\u00e8me ABC) pour le dosage d\u2019alcool.","breadcrumb":{"@id":"https:\/\/www.trivec.aws-staging.swace.se\/be-nl\/klanten\/vieux-saint-antoine\/#breadcrumb"},"inLanguage":"nl-BE","potentialAction":[{"@type":"ReadAction","target":["https:\/\/www.trivec.aws-staging.swace.se\/be-nl\/klanten\/vieux-saint-antoine\/"]}]},{"@type":"ImageObject","inLanguage":"nl-BE","@id":"https:\/\/www.trivec.aws-staging.swace.se\/be-nl\/klanten\/vieux-saint-antoine\/#primaryimage","url":"https:\/\/www.trivec.aws-staging.swace.se\/wp\/uploads\/2023\/01\/AuVieux_Saint_Antoine_web_customer.jpg","contentUrl":"https:\/\/www.trivec.aws-staging.swace.se\/wp\/uploads\/2023\/01\/AuVieux_Saint_Antoine_web_customer.jpg","width":1920,"height":1920,"caption":"Au Vieux Saint Antoine"},{"@type":"BreadcrumbList","@id":"https:\/\/www.trivec.aws-staging.swace.se\/be-nl\/klanten\/vieux-saint-antoine\/#breadcrumb","itemListElement":[{"@type":"ListItem","position":1,"name":"Home","item":"https:\/\/trivec.aws-staging.swace.se\/be-nl\/"},{"@type":"ListItem","position":2,"name":"Klanten","item":"https:\/\/trivec.aws-staging.swace.se\/be-nl\/klanten\/"},{"@type":"ListItem","position":3,"name":"Au Vieux Saint-Antoine"}]},{"@type":"WebSite","@id":"https:\/\/trivec.aws-staging.swace.se\/#website","url":"https:\/\/trivec.aws-staging.swace.se\/","name":"Trivec","description":"Marktleider in kassasystemen en barautomatisering voor de horeca","potentialAction":[{"@type":"SearchAction","target":{"@type":"EntryPoint","urlTemplate":"https:\/\/trivec.aws-staging.swace.se\/?s={search_term_string}"},"query-input":{"@type":"PropertyValueSpecification","valueRequired":true,"valueName":"search_term_string"}}],"inLanguage":"nl-BE"}]}},"_links":{"self":[{"href":"https:\/\/www.trivec.aws-staging.swace.se\/be-nl\/wp-json\/wp\/v2\/pages\/29713","targetHints":{"allow":["GET"]}}],"collection":[{"href":"https:\/\/www.trivec.aws-staging.swace.se\/be-nl\/wp-json\/wp\/v2\/pages"}],"about":[{"href":"https:\/\/www.trivec.aws-staging.swace.se\/be-nl\/wp-json\/wp\/v2\/types\/page"}],"author":[{"embeddable":true,"href":"https:\/\/www.trivec.aws-staging.swace.se\/be-nl\/wp-json\/wp\/v2\/users\/21"}],"replies":[{"embeddable":true,"href":"https:\/\/www.trivec.aws-staging.swace.se\/be-nl\/wp-json\/wp\/v2\/comments?post=29713"}],"version-history":[{"count":17,"href":"https:\/\/www.trivec.aws-staging.swace.se\/be-nl\/wp-json\/wp\/v2\/pages\/29713\/revisions"}],"predecessor-version":[{"id":30408,"href":"https:\/\/www.trivec.aws-staging.swace.se\/be-nl\/wp-json\/wp\/v2\/pages\/29713\/revisions\/30408"}],"up":[{"embeddable":true,"href":"https:\/\/www.trivec.aws-staging.swace.se\/be-nl\/wp-json\/wp\/v2\/pages\/1095"}],"wp:featuredmedia":[{"embeddable":true,"href":"https:\/\/www.trivec.aws-staging.swace.se\/be-nl\/wp-json\/wp\/v2\/media\/29714"}],"wp:attachment":[{"href":"https:\/\/www.trivec.aws-staging.swace.se\/be-nl\/wp-json\/wp\/v2\/media?parent=29713"}],"curies":[{"name":"wp","href":"https:\/\/api.w.org\/{rel}","templated":true}]}}