{"id":1097,"date":"2018-12-05T14:37:03","date_gmt":"2018-12-05T14:37:03","guid":{"rendered":"https:\/\/www.trivec.se\/kunder\/"},"modified":"2023-03-31T08:21:09","modified_gmt":"2023-03-31T06:21:09","slug":"kunder","status":"publish","type":"page","link":"https:\/\/www.trivec.aws-staging.swace.se\/da\/kunder\/","title":{"rendered":"Kunder"},"content":{"rendered":"<div class=\"wpb-content-wrapper\"><p>[vc_row equal_height=&#8221;yes&#8221; color_scheme=&#8221;dark&#8221;][vc_column][vc_component_intro heading_text=&#8221;Du er i godt selskab&#8221; preamble=&#8221;Vi har over 8000 kunder i hele Europa \u2013 alt fra restauranter, barer og natklubber til st\u00f8rre restauranter og hotelk\u00e6der.&#8221;][vc_basic_grid post_type=&#8221;ids&#8221; grid_id=&#8221;vc_gid:1680243652451-967fbbc0-6b71-2&#8243; include=&#8221;33163, 29025, 27821, 6546, 130, 131&#8243;][\/vc_column][\/vc_row][vc_row][vc_column][vc_component_intro align=&#8221;center&#8221; heading_text=&#8221;Nogle af vores kunder&#8221;][vc_row_inner][vc_column_inner width=&#8221;1\/3&#8243;][vc_single_image image=&#8221;20747&#8243; alignment=&#8221;center&#8221;][\/vc_column_inner][vc_column_inner width=&#8221;1\/3&#8243;][vc_single_image image=&#8221;20762&#8243; alignment=&#8221;center&#8221;][\/vc_column_inner][vc_column_inner width=&#8221;1\/3&#8243;][vc_single_image image=&#8221;20754&#8243; alignment=&#8221;center&#8221;][\/vc_column_inner][\/vc_row_inner][vc_row_inner][vc_column_inner width=&#8221;1\/3&#8243;][vc_single_image image=&#8221;3740&#8243; alignment=&#8221;center&#8221;][\/vc_column_inner][vc_column_inner width=&#8221;1\/3&#8243;][vc_single_image image=&#8221;616&#8243; alignment=&#8221;center&#8221;][\/vc_column_inner][vc_column_inner width=&#8221;1\/3&#8243;][vc_single_image image=&#8221;613&#8243; alignment=&#8221;center&#8221;][\/vc_column_inner][\/vc_row_inner][vc_row_inner][vc_column_inner width=&#8221;1\/3&#8243;][vc_single_image image=&#8221;619&#8243; alignment=&#8221;center&#8221;][\/vc_column_inner][vc_column_inner width=&#8221;1\/3&#8243;][vc_single_image image=&#8221;622&#8243; alignment=&#8221;center&#8221;][\/vc_column_inner][vc_column_inner width=&#8221;1\/3&#8243;][vc_single_image image=&#8221;625&#8243; alignment=&#8221;center&#8221;][\/vc_column_inner][\/vc_row_inner][vc_row_inner][vc_column_inner width=&#8221;1\/3&#8243;][vc_single_image image=&#8221;631&#8243; alignment=&#8221;center&#8221;][\/vc_column_inner][vc_column_inner width=&#8221;1\/3&#8243;][vc_single_image image=&#8221;628&#8243; alignment=&#8221;center&#8221;][\/vc_column_inner][vc_column_inner width=&#8221;1\/3&#8243;][vc_single_image image=&#8221;607&#8243; alignment=&#8221;center&#8221;][\/vc_column_inner][\/vc_row_inner][\/vc_column][\/vc_row]<\/p>\n<\/div>","protected":false},"excerpt":{"rendered":"<p>[vc_row equal_height=&#8221;yes&#8221; color_scheme=&#8221;dark&#8221;][vc_column][vc_component_intro heading_text=&#8221;Du er i godt selskab&#8221; preamble=&#8221;Vi har over 8000 kunder i hele Europa \u2013 alt fra restauranter, barer og natklubber til st\u00f8rre restauranter og hotelk\u00e6der.&#8221;][vc_basic_grid post_type=&#8221;ids&#8221; grid_id=&#8221;vc_gid:1680243652451-967fbbc0-6b71-2&#8243; include=&#8221;33163, 29025, 27821, 6546, 130, 131&#8243;][\/vc_column][\/vc_row][vc_row][vc_column][vc_component_intro align=&#8221;center&#8221; heading_text=&#8221;Nogle af vores kunder&#8221;][vc_row_inner][vc_column_inner width=&#8221;1\/3&#8243;][vc_single_image image=&#8221;20747&#8243; alignment=&#8221;center&#8221;][\/vc_column_inner][vc_column_inner width=&#8221;1\/3&#8243;][vc_single_image image=&#8221;20762&#8243; alignment=&#8221;center&#8221;][\/vc_column_inner][vc_column_inner width=&#8221;1\/3&#8243;][vc_single_image image=&#8221;20754&#8243; alignment=&#8221;center&#8221;][\/vc_column_inner][\/vc_row_inner][vc_row_inner][vc_column_inner width=&#8221;1\/3&#8243;][vc_single_image image=&#8221;3740&#8243; alignment=&#8221;center&#8221;][\/vc_column_inner][vc_column_inner width=&#8221;1\/3&#8243;][vc_single_image image=&#8221;616&#8243; [&hellip;]<\/p>\n","protected":false},"author":2,"featured_media":0,"parent":0,"menu_order":12,"comment_status":"closed","ping_status":"closed","template":"","meta":{"_acf_changed":false,"content-type":"","footnotes":""},"class_list":["post-1097","page","type-page","status-publish","hentry"],"acf":[],"yoast_head":"<!-- This site is optimized with the Yoast SEO plugin v27.2 - https:\/\/yoast.com\/product\/yoast-seo-wordpress\/ -->\n<title>Kunder - Trivec<\/title>\n<meta name=\"description\" content=\"Vi har over 7000 kunder i hele Europa \u2013 alt fra sm\u00e5 caf\u00e9er og barer til st\u00f8rre restauranter og hotelk\u00e6der. Her fort\u00e6ller de om vores samarbejde.\" \/>\n<meta name=\"robots\" content=\"noindex, follow\" \/>\n<meta property=\"og:locale\" content=\"da_DK\" \/>\n<meta property=\"og:type\" content=\"article\" \/>\n<meta property=\"og:title\" content=\"Kunder - Trivec\" \/>\n<meta property=\"og:description\" content=\"Vi har over 7000 kunder i hele Europa \u2013 alt fra sm\u00e5 caf\u00e9er og barer til st\u00f8rre restauranter og hotelk\u00e6der. Her fort\u00e6ller de om vores samarbejde.\" \/>\n<meta property=\"og:url\" content=\"https:\/\/www.trivec.aws-staging.swace.se\/da\/kunder\/\" \/>\n<meta property=\"og:site_name\" content=\"Trivec\" \/>\n<meta property=\"article:modified_time\" content=\"2023-03-31T06:21:09+00:00\" \/>\n<meta name=\"twitter:card\" content=\"summary_large_image\" \/>\n<meta name=\"twitter:label1\" content=\"Estimeret l\u00e6setid\" \/>\n\t<meta name=\"twitter:data1\" content=\"1 minut\" \/>\n<script type=\"application\/ld+json\" class=\"yoast-schema-graph\">{\"@context\":\"https:\/\/schema.org\",\"@graph\":[{\"@type\":\"WebPage\",\"@id\":\"https:\/\/www.trivec.aws-staging.swace.se\/da\/kunder\/\",\"url\":\"https:\/\/www.trivec.aws-staging.swace.se\/da\/kunder\/\",\"name\":\"Kunder - Trivec\",\"isPartOf\":{\"@id\":\"https:\/\/trivec.aws-staging.swace.se\/#website\"},\"datePublished\":\"2018-12-05T14:37:03+00:00\",\"dateModified\":\"2023-03-31T06:21:09+00:00\",\"description\":\"Vi har over 7000 kunder i hele Europa \u2013 alt fra sm\u00e5 caf\u00e9er og barer til st\u00f8rre restauranter og hotelk\u00e6der. Her fort\u00e6ller de om vores samarbejde.\",\"breadcrumb\":{\"@id\":\"https:\/\/www.trivec.aws-staging.swace.se\/da\/kunder\/#breadcrumb\"},\"inLanguage\":\"da-DK\",\"potentialAction\":[{\"@type\":\"ReadAction\",\"target\":[\"https:\/\/www.trivec.aws-staging.swace.se\/da\/kunder\/\"]}]},{\"@type\":\"BreadcrumbList\",\"@id\":\"https:\/\/www.trivec.aws-staging.swace.se\/da\/kunder\/#breadcrumb\",\"itemListElement\":[{\"@type\":\"ListItem\",\"position\":1,\"name\":\"Home\",\"item\":\"https:\/\/trivec.aws-staging.swace.se\/da\/\"},{\"@type\":\"ListItem\",\"position\":2,\"name\":\"Kunder\"}]},{\"@type\":\"WebSite\",\"@id\":\"https:\/\/trivec.aws-staging.swace.se\/#website\",\"url\":\"https:\/\/trivec.aws-staging.swace.se\/\",\"name\":\"Trivec\",\"description\":\"Markedsledende kassesystem til restauranter, hotel og barer\",\"potentialAction\":[{\"@type\":\"SearchAction\",\"target\":{\"@type\":\"EntryPoint\",\"urlTemplate\":\"https:\/\/trivec.aws-staging.swace.se\/?s={search_term_string}\"},\"query-input\":{\"@type\":\"PropertyValueSpecification\",\"valueRequired\":true,\"valueName\":\"search_term_string\"}}],\"inLanguage\":\"da-DK\"}]}<\/script>\n<!-- \/ Yoast SEO plugin. -->","yoast_head_json":{"title":"Kunder - Trivec","description":"Vi har over 7000 kunder i hele Europa \u2013 alt fra sm\u00e5 caf\u00e9er og barer til st\u00f8rre restauranter og hotelk\u00e6der. Her fort\u00e6ller de om vores samarbejde.","robots":{"index":"noindex","follow":"follow"},"og_locale":"da_DK","og_type":"article","og_title":"Kunder - Trivec","og_description":"Vi har over 7000 kunder i hele Europa \u2013 alt fra sm\u00e5 caf\u00e9er og barer til st\u00f8rre restauranter og hotelk\u00e6der. Her fort\u00e6ller de om vores samarbejde.","og_url":"https:\/\/www.trivec.aws-staging.swace.se\/da\/kunder\/","og_site_name":"Trivec","article_modified_time":"2023-03-31T06:21:09+00:00","twitter_card":"summary_large_image","twitter_misc":{"Estimeret l\u00e6setid":"1 minut"},"schema":{"@context":"https:\/\/schema.org","@graph":[{"@type":"WebPage","@id":"https:\/\/www.trivec.aws-staging.swace.se\/da\/kunder\/","url":"https:\/\/www.trivec.aws-staging.swace.se\/da\/kunder\/","name":"Kunder - Trivec","isPartOf":{"@id":"https:\/\/trivec.aws-staging.swace.se\/#website"},"datePublished":"2018-12-05T14:37:03+00:00","dateModified":"2023-03-31T06:21:09+00:00","description":"Vi har over 7000 kunder i hele Europa \u2013 alt fra sm\u00e5 caf\u00e9er og barer til st\u00f8rre restauranter og hotelk\u00e6der. Her fort\u00e6ller de om vores samarbejde.","breadcrumb":{"@id":"https:\/\/www.trivec.aws-staging.swace.se\/da\/kunder\/#breadcrumb"},"inLanguage":"da-DK","potentialAction":[{"@type":"ReadAction","target":["https:\/\/www.trivec.aws-staging.swace.se\/da\/kunder\/"]}]},{"@type":"BreadcrumbList","@id":"https:\/\/www.trivec.aws-staging.swace.se\/da\/kunder\/#breadcrumb","itemListElement":[{"@type":"ListItem","position":1,"name":"Home","item":"https:\/\/trivec.aws-staging.swace.se\/da\/"},{"@type":"ListItem","position":2,"name":"Kunder"}]},{"@type":"WebSite","@id":"https:\/\/trivec.aws-staging.swace.se\/#website","url":"https:\/\/trivec.aws-staging.swace.se\/","name":"Trivec","description":"Markedsledende kassesystem til restauranter, hotel og barer","potentialAction":[{"@type":"SearchAction","target":{"@type":"EntryPoint","urlTemplate":"https:\/\/trivec.aws-staging.swace.se\/?s={search_term_string}"},"query-input":{"@type":"PropertyValueSpecification","valueRequired":true,"valueName":"search_term_string"}}],"inLanguage":"da-DK"}]}},"_links":{"self":[{"href":"https:\/\/www.trivec.aws-staging.swace.se\/da\/wp-json\/wp\/v2\/pages\/1097","targetHints":{"allow":["GET"]}}],"collection":[{"href":"https:\/\/www.trivec.aws-staging.swace.se\/da\/wp-json\/wp\/v2\/pages"}],"about":[{"href":"https:\/\/www.trivec.aws-staging.swace.se\/da\/wp-json\/wp\/v2\/types\/page"}],"author":[{"embeddable":true,"href":"https:\/\/www.trivec.aws-staging.swace.se\/da\/wp-json\/wp\/v2\/users\/2"}],"replies":[{"embeddable":true,"href":"https:\/\/www.trivec.aws-staging.swace.se\/da\/wp-json\/wp\/v2\/comments?post=1097"}],"version-history":[{"count":18,"href":"https:\/\/www.trivec.aws-staging.swace.se\/da\/wp-json\/wp\/v2\/pages\/1097\/revisions"}],"predecessor-version":[{"id":33345,"href":"https:\/\/www.trivec.aws-staging.swace.se\/da\/wp-json\/wp\/v2\/pages\/1097\/revisions\/33345"}],"wp:attachment":[{"href":"https:\/\/www.trivec.aws-staging.swace.se\/da\/wp-json\/wp\/v2\/media?parent=1097"}],"curies":[{"name":"wp","href":"https:\/\/api.w.org\/{rel}","templated":true}]}}