{"id":1130,"date":"2018-11-12T08:00:23","date_gmt":"2018-11-12T08:00:23","guid":{"rendered":"https:\/\/www.trivec.se\/privacy-policy\/"},"modified":"2022-06-28T10:22:50","modified_gmt":"2022-06-28T08:22:50","slug":"privacy-policy","status":"publish","type":"page","link":"https:\/\/www.trivec.aws-staging.swace.se\/da\/privacy-policy\/","title":{"rendered":"Privacy Policy"},"content":{"rendered":"<div class=\"wpb-content-wrapper\"><p>[vc_row][vc_column][vc_story heading_text=&#8221;Privacy policy&#8221; preamble=&#8221;Her pr\u00e6senteres Trivecs privatlivspolitik.&#8221;]De personlige oplysninger vi indsamler om dig, er begr\u00e6nset til ting der normalt st\u00e5r p\u00e5 visitkort, f.eks. navn, titel, firma, adresse, e-mail og telefonnummer. I nogle tilf\u00e6lde kan vi ogs\u00e5 bede dig om yderligere informationer relateret til arbejdet, eksempelvis branche og virksomhedens st\u00f8rrelse.<\/p>\n<p>P\u00e5 vores hjemmeside indsamler og gemmer vi ogs\u00e5 visse oplysninger automatisk ved hj\u00e6lp af cookies og lignende teknikker, eksempelvis IP-adresser, region, browsertype og information om brug.<\/p>\n<h4>Hvordan indsamler vi dine oplysninger<\/h4>\n<p>Vi indsamler oplysningerne n\u00e5r du udfylder en formular p\u00e5 vores hjemmeside, f.eks. bestilling af en demo, kontakt mig, eller download af et dokument.<\/p>\n<h4>N\u00e5r du bes\u00f8ger vores hjemmeside<\/h4>\n<p>Du kan bes\u00f8ge vores hjemmeside uden at give os dine personlige oplysninger. Trivec benytter Google Analytics og cookies til at forbedre vores service og brugervenlighed og analysere hvordan webstedet benyttes. Bortset fra IP-adressen er de oplysninger som Google Analytics indsamler, for det meste anonyme trafikdata, eksempelvis browserinformation, enhed og sprog. De indsamlede oplysninger benyttes hovedsagligt til at skabe et overblik over hvordan hjemmesiden benyttes.<\/p>\n<h4>N\u00e5r du udfylder en webformular<\/h4>\n<p>Hvis du v\u00e6lger at kontakte os under dit bes\u00f8g p\u00e5 vores hjemmeside, gemmes personlige oplysninger i vores marketingsautomatiseringsv\u00e6rkt\u00f8j Hubspot og i vores CRM-system Lime CRM. Oplysningerne fra formularen gemmes s\u00e5 vi kan kontakte dig og besvare din anmodning samt til markedsf\u00f8ringsform\u00e5l.<\/p>\n<h4>Hvordan benytter vi cookies p\u00e5 vores hjemmeside<\/h4>\n<p><a href=\"https:\/\/www.trivec.dk\/privacy-policy\/cookie-policy\/\">Til cookie policy<\/a><\/p>\n<h4>Retsgrundlaget for vores behandling af dine personlige oplysninger<\/h4>\n<p>Vi arbejder i overensstemmelse med g\u00e6ldende lov og forskrifter om beskyttelse af personoplysninger, herunder EU\u2019s databeskyttelsesforordning, Generaldirektoratet for Databeskyttelse (GDPR).<\/p>\n<p>Retsgrundlaget for vores behandling af dine personoplysninger er en berettiget interesse og i nogle tilf\u00e6lde samtykke fra dig der bes\u00f8ger vores hjemmeside. I tilf\u00e6lde hvor samtykke er p\u00e5kr\u00e6vet, beder vi om det fra dig. I andre tilf\u00e6lde kan retsgrundlaget for vores behandling af dine personoplysninger v\u00e6re at vi har en aftale med dig, for eksempel hvis du er kunde hos os.<\/p>\n<h4>Dine rettigheder til at anmode om at \u00e6ndre eller slette oplysninger<\/h4>\n<p>Du kan altid anmode om de oplysninger vi har gemt om dig. Du kan g\u00f8re dette ved at kontakte os p\u00e5 <a href=\"mailto:privacy@trivec.dk\">privacy@trivec.dk<\/a> Vi s\u00f8rger for at du f\u00e5r en kopi af de oplysninger, vi har om dig. For at kunne g\u00f8re dette sikkert kan vi bede dig om at bekr\u00e6fte din identitet. Vi sender informationen digitalt til dig medmindre du eftersp\u00f8rger andet.<\/p>\n<p>Hvis du mener at de gemte oplysninger er forkerte eller for\u00e6ldede, bedes du kontakte os p\u00e5 <a href=\"mailto:privacy@trivec.dk\">privacy@trivec.dk<\/a> s\u00e5 vi kan opdatere dem. Oplysninger som vi ikke l\u00e6ngere har behov for, slettes l\u00f8bende.<\/p>\n<p>Du kan n\u00e5r som helst f\u00e5 dine oplysninger slettet fra vores systemer og registre. Hvis du vil fjernes fra vores systemer og registre, b\u00f8r du kontakte os p\u00e5 <a href=\"mailto:privacy@trivec.dk\">privacy@trivec.dk<\/a><\/p>\n<p>Trivecs privatlivspolitik g\u00e6lder for indsamling af oplysninger via vores hjemmeside. Denne version af politikken g\u00e6lder fra 13. december 2018 og er uden udl\u00f8bsdato.<\/p>\n<p>Har du yderligere sp\u00f8rgsm\u00e5l om vores h\u00e5ndtering og opbevaring af dine personlige oplysninger, bedes du kontakte os p\u00e5 <a href=\"mailto:privacy@trivec.dk\">privacy@trivec.dk<\/a>[\/vc_story][\/vc_column][\/vc_row]<\/p>\n<\/div>","protected":false},"excerpt":{"rendered":"<p>[vc_row][vc_column][vc_story heading_text=&#8221;Privacy policy&#8221; preamble=&#8221;Her pr\u00e6senteres Trivecs privatlivspolitik.&#8221;]De personlige oplysninger vi indsamler om dig, er begr\u00e6nset til ting der normalt st\u00e5r p\u00e5 visitkort, f.eks. navn, titel, firma, adresse, e-mail og telefonnummer. I nogle tilf\u00e6lde kan vi ogs\u00e5 bede dig om yderligere informationer relateret til arbejdet, eksempelvis branche og virksomhedens st\u00f8rrelse. P\u00e5 vores hjemmeside indsamler og gemmer [&hellip;]<\/p>\n","protected":false},"author":1,"featured_media":0,"parent":0,"menu_order":7,"comment_status":"closed","ping_status":"open","template":"","meta":{"_acf_changed":false,"content-type":"","footnotes":""},"class_list":["post-1130","page","type-page","status-publish","hentry"],"acf":[],"yoast_head":"<!-- This site is optimized with the Yoast SEO plugin v27.2 - https:\/\/yoast.com\/product\/yoast-seo-wordpress\/ -->\n<title>Privacy Policy - Trivec<\/title>\n<meta name=\"robots\" content=\"noindex, follow\" \/>\n<meta property=\"og:locale\" content=\"da_DK\" \/>\n<meta property=\"og:type\" content=\"article\" \/>\n<meta property=\"og:title\" content=\"Privacy Policy - Trivec\" \/>\n<meta property=\"og:description\" content=\"[vc_row][vc_column][vc_story heading_text=&#8221;Privacy policy&#8221; preamble=&#8221;Her pr\u00e6senteres Trivecs privatlivspolitik.&#8221;]De personlige oplysninger vi indsamler om dig, er begr\u00e6nset til ting der normalt st\u00e5r p\u00e5 visitkort, f.eks. navn, titel, firma, adresse, e-mail og telefonnummer. I nogle tilf\u00e6lde kan vi ogs\u00e5 bede dig om yderligere informationer relateret til arbejdet, eksempelvis branche og virksomhedens st\u00f8rrelse. P\u00e5 vores hjemmeside indsamler og gemmer [&hellip;]\" \/>\n<meta property=\"og:url\" content=\"https:\/\/www.trivec.aws-staging.swace.se\/da\/privacy-policy\/\" \/>\n<meta property=\"og:site_name\" content=\"Trivec\" \/>\n<meta property=\"article:modified_time\" content=\"2022-06-28T08:22:50+00:00\" \/>\n<meta name=\"twitter:card\" content=\"summary_large_image\" \/>\n<meta name=\"twitter:label1\" content=\"Estimeret l\u00e6setid\" \/>\n\t<meta name=\"twitter:data1\" content=\"3 minutter\" \/>\n<script type=\"application\/ld+json\" class=\"yoast-schema-graph\">{\"@context\":\"https:\/\/schema.org\",\"@graph\":[{\"@type\":\"WebPage\",\"@id\":\"https:\/\/www.trivec.aws-staging.swace.se\/da\/privacy-policy\/\",\"url\":\"https:\/\/www.trivec.aws-staging.swace.se\/da\/privacy-policy\/\",\"name\":\"Privacy Policy - Trivec\",\"isPartOf\":{\"@id\":\"https:\/\/trivec.aws-staging.swace.se\/#website\"},\"datePublished\":\"2018-11-12T08:00:23+00:00\",\"dateModified\":\"2022-06-28T08:22:50+00:00\",\"breadcrumb\":{\"@id\":\"https:\/\/www.trivec.aws-staging.swace.se\/da\/privacy-policy\/#breadcrumb\"},\"inLanguage\":\"da-DK\",\"potentialAction\":[{\"@type\":\"ReadAction\",\"target\":[\"https:\/\/www.trivec.aws-staging.swace.se\/da\/privacy-policy\/\"]}]},{\"@type\":\"BreadcrumbList\",\"@id\":\"https:\/\/www.trivec.aws-staging.swace.se\/da\/privacy-policy\/#breadcrumb\",\"itemListElement\":[{\"@type\":\"ListItem\",\"position\":1,\"name\":\"Home\",\"item\":\"https:\/\/trivec.aws-staging.swace.se\/da\/\"},{\"@type\":\"ListItem\",\"position\":2,\"name\":\"Privacy Policy\"}]},{\"@type\":\"WebSite\",\"@id\":\"https:\/\/trivec.aws-staging.swace.se\/#website\",\"url\":\"https:\/\/trivec.aws-staging.swace.se\/\",\"name\":\"Trivec\",\"description\":\"Markedsledende kassesystem til restauranter, hotel og barer\",\"potentialAction\":[{\"@type\":\"SearchAction\",\"target\":{\"@type\":\"EntryPoint\",\"urlTemplate\":\"https:\/\/trivec.aws-staging.swace.se\/?s={search_term_string}\"},\"query-input\":{\"@type\":\"PropertyValueSpecification\",\"valueRequired\":true,\"valueName\":\"search_term_string\"}}],\"inLanguage\":\"da-DK\"}]}<\/script>\n<!-- \/ Yoast SEO plugin. -->","yoast_head_json":{"title":"Privacy Policy - Trivec","robots":{"index":"noindex","follow":"follow"},"og_locale":"da_DK","og_type":"article","og_title":"Privacy Policy - Trivec","og_description":"[vc_row][vc_column][vc_story heading_text=&#8221;Privacy policy&#8221; preamble=&#8221;Her pr\u00e6senteres Trivecs privatlivspolitik.&#8221;]De personlige oplysninger vi indsamler om dig, er begr\u00e6nset til ting der normalt st\u00e5r p\u00e5 visitkort, f.eks. navn, titel, firma, adresse, e-mail og telefonnummer. I nogle tilf\u00e6lde kan vi ogs\u00e5 bede dig om yderligere informationer relateret til arbejdet, eksempelvis branche og virksomhedens st\u00f8rrelse. P\u00e5 vores hjemmeside indsamler og gemmer [&hellip;]","og_url":"https:\/\/www.trivec.aws-staging.swace.se\/da\/privacy-policy\/","og_site_name":"Trivec","article_modified_time":"2022-06-28T08:22:50+00:00","twitter_card":"summary_large_image","twitter_misc":{"Estimeret l\u00e6setid":"3 minutter"},"schema":{"@context":"https:\/\/schema.org","@graph":[{"@type":"WebPage","@id":"https:\/\/www.trivec.aws-staging.swace.se\/da\/privacy-policy\/","url":"https:\/\/www.trivec.aws-staging.swace.se\/da\/privacy-policy\/","name":"Privacy Policy - Trivec","isPartOf":{"@id":"https:\/\/trivec.aws-staging.swace.se\/#website"},"datePublished":"2018-11-12T08:00:23+00:00","dateModified":"2022-06-28T08:22:50+00:00","breadcrumb":{"@id":"https:\/\/www.trivec.aws-staging.swace.se\/da\/privacy-policy\/#breadcrumb"},"inLanguage":"da-DK","potentialAction":[{"@type":"ReadAction","target":["https:\/\/www.trivec.aws-staging.swace.se\/da\/privacy-policy\/"]}]},{"@type":"BreadcrumbList","@id":"https:\/\/www.trivec.aws-staging.swace.se\/da\/privacy-policy\/#breadcrumb","itemListElement":[{"@type":"ListItem","position":1,"name":"Home","item":"https:\/\/trivec.aws-staging.swace.se\/da\/"},{"@type":"ListItem","position":2,"name":"Privacy Policy"}]},{"@type":"WebSite","@id":"https:\/\/trivec.aws-staging.swace.se\/#website","url":"https:\/\/trivec.aws-staging.swace.se\/","name":"Trivec","description":"Markedsledende kassesystem til restauranter, hotel og barer","potentialAction":[{"@type":"SearchAction","target":{"@type":"EntryPoint","urlTemplate":"https:\/\/trivec.aws-staging.swace.se\/?s={search_term_string}"},"query-input":{"@type":"PropertyValueSpecification","valueRequired":true,"valueName":"search_term_string"}}],"inLanguage":"da-DK"}]}},"_links":{"self":[{"href":"https:\/\/www.trivec.aws-staging.swace.se\/da\/wp-json\/wp\/v2\/pages\/1130","targetHints":{"allow":["GET"]}}],"collection":[{"href":"https:\/\/www.trivec.aws-staging.swace.se\/da\/wp-json\/wp\/v2\/pages"}],"about":[{"href":"https:\/\/www.trivec.aws-staging.swace.se\/da\/wp-json\/wp\/v2\/types\/page"}],"author":[{"embeddable":true,"href":"https:\/\/www.trivec.aws-staging.swace.se\/da\/wp-json\/wp\/v2\/users\/1"}],"replies":[{"embeddable":true,"href":"https:\/\/www.trivec.aws-staging.swace.se\/da\/wp-json\/wp\/v2\/comments?post=1130"}],"version-history":[{"count":9,"href":"https:\/\/www.trivec.aws-staging.swace.se\/da\/wp-json\/wp\/v2\/pages\/1130\/revisions"}],"predecessor-version":[{"id":27383,"href":"https:\/\/www.trivec.aws-staging.swace.se\/da\/wp-json\/wp\/v2\/pages\/1130\/revisions\/27383"}],"wp:attachment":[{"href":"https:\/\/www.trivec.aws-staging.swace.se\/da\/wp-json\/wp\/v2\/media?parent=1130"}],"curies":[{"name":"wp","href":"https:\/\/api.w.org\/{rel}","templated":true}]}}