{"id":1180,"date":"2018-11-27T15:41:01","date_gmt":"2018-11-27T15:41:01","guid":{"rendered":"https:\/\/www.trivec.se\/kontakt\/"},"modified":"2022-02-21T17:12:40","modified_gmt":"2022-02-21T16:12:40","slug":"kontakt","status":"publish","type":"page","link":"https:\/\/www.trivec.aws-staging.swace.se\/da\/kontakt\/","title":{"rendered":"Kontakt"},"content":{"rendered":"<div class=\"wpb-content-wrapper\"><p>[vc_row padding_top=&#8221;none&#8221;][vc_column][vc_component_intro align=&#8221;center&#8221; heading_text=&#8221;Kontakt os&#8221;][vc_row_inner][vc_column_inner width=&#8221;3\/12&#8243;][vc_color_box bg_color=&#8221;gray&#8221;][vc_headline icon=&#8221;icon icon-user&#8221; size=&#8221;small&#8221;]Log ind p\u00e5 My Trivec[\/vc_headline][vc_btn cta_text_color=&#8221;white&#8221; title=&#8221;Log ind&#8221; align=&#8221;left&#8221; link=&#8221;url:https%3A%2F%2Fmytrivec.com%2F%20|title:Till%20My%20Trivec|target:%20_blank|&#8221;][\/vc_color_box][\/vc_column_inner][vc_column_inner width=&#8221;6\/12&#8243;][vc_contact_box cta_text_color=&#8221;white&#8221; size=&#8221;l&#8221; heading_text=&#8221;&#8221; phone_number=&#8221;78 70 62 70&#8243; phone_description=&#8221;For aften og natteservice, ring p\u00e5 n\u00f8dnummeret 78 70 62 80&#8243; phone_hours=&#8221;\u00c5bningstider 8.00-17.00&#8243; email_adress=&#8221;support@trivec.dk&#8221; additional_email_adress=&#8221;finance@trivec.dk&#8221; additional_email_description=&#8221;For sp\u00f8rgsm\u00e5l vedr\u00f8rende faktura, send e-mail til&#8221; button_text=&#8221;Kontakt os&#8221; button_link=&#8221;\/kontakt&#8221; link=&#8221;url:https%3A%2F%2Fwww.trivec.dk%2Fformular%2Fkontakt-os%2F|||&#8221;][\/vc_column_inner][vc_column_inner width=&#8221;3\/12&#8243;][vc_color_box bg_color=&#8221;gray&#8221;][vc_headline icon=&#8221;icon icon-select2&#8243; size=&#8221;small&#8221;]\u00d8nsker du hurtig hj\u00e6lp?[\/vc_headline][vc_column_text]Download TeamViewer for at dele din sk\u00e6rm med os s\u00e5 du hurtigt kan f\u00e5 personlig hj\u00e6lp.[\/vc_column_text][vc_btn title=&#8221;Teamviewer&#8221; style=&#8221;read-more&#8221; link=&#8221;url:https%3A%2F%2Fget.teamviewer.com%2Ftrivecqs|title:Teamviewer|target:%20_blank|&#8221;][\/vc_color_box][\/vc_column_inner][\/vc_row_inner][\/vc_column][\/vc_row][vc_row][vc_column][vc_column_text]<\/p>\n<h1 style=\"text-align: center;\">Kontor<\/h1>\n<p>[\/vc_column_text][vc_office_info office_name=&#8221;K\u00f8benhavn&#8221; phone_number=&#8221;78 70 62 70&#8243;][vc_column_text]<strong>Trivec Systems<br \/>\n<\/strong>Fl\u00e6sketorvet 68<br \/>\n1711 K\u00f8benhavn V<\/p>\n<p><strong>\u00a0<\/strong><\/p>\n<p>[\/vc_column_text][vc_office_contact icon=&#8221;&#8221; department=&#8221;Salg&#8221; name=&#8221;Alexander Bergin&#8221; phone=&#8221;+45 78 70 62 71&#8243; email=&#8221;alexander.bergin@trivec.dk&#8221;][vc_office_contact icon=&#8221;&#8221; name=&#8221;Daniel Sverker Nilsson&#8221; phone=&#8221;+45 78 70 62 73&#8243; email=&#8221;daniel.sverker@trivec.dk&#8221;][vc_column_text][\/vc_column_text][\/vc_office_info][vc_btn title=&#8221;Se alle vores kontorer&#8221; style=&#8221;outline&#8221; align=&#8221;center&#8221; link=&#8221;url:https%3A%2F%2Fwww.trivec.dk%2Fkontakt%2Fvores-kontorer%2F|||&#8221;][vc_row_inner][vc_column_inner][vc_column_text].[\/vc_column_text][\/vc_column_inner][\/vc_row_inner][vc_single_image image=&#8221;142&#8243; alignment=&#8221;center&#8221;][\/vc_column][\/vc_row][vc_row color_scheme=&#8221;dark&#8221;][vc_column][vc_row_inner][vc_column_inner width=&#8221;1\/2&#8243;][vc_headline icon=&#8221;&#8221; size=&#8221;medium-bold&#8221;]Vi er t\u00e6t p\u00e5 dig![\/vc_headline][vc_column_text]For os er det yderst vigtigt at v\u00e6re t\u00e6t p\u00e5 vores kunder for at give dem en h\u00f8j og god service. Vores kunder skal vide at vi er tilg\u00e6ngelige, hvis noget ikke virker, eller n\u00e5r de kommer med \u00f8nsker om nye funktioner eller forbedringer i vores l\u00f8sninger. Vores personale er meget vidende om restaurant- og servicebranchen og er glade for at komme med forslag til l\u00f8sninger og ideer s\u00e5 du kan udvikle din virksomhed p\u00e5 bedst mulig vis. [\/vc_column_text][\/vc_column_inner][vc_column_inner width=&#8221;1\/2&#8243;][vc_single_image image=&#8221;757&#8243; img_size=&#8221;600&#215;400&#8243;][\/vc_column_inner][\/vc_row_inner][vc_row_inner][vc_column_inner width=&#8221;1\/2&#8243;][vc_single_image image=&#8221;760&#8243; img_size=&#8221;600&#215;400&#8243;][\/vc_column_inner][vc_column_inner width=&#8221;1\/2&#8243;][vc_headline icon=&#8221;&#8221; size=&#8221;medium-bold&#8221;]P\u00e5 st\u00e6rk v\u00e6kst[\/vc_headline][vc_column_text]<\/p>\n<p class=\"p1\"><span class=\"s1\">I l\u00f8bet af det sidste \u00e5r er vi vokset kraftigt b\u00e5de gennem opk\u00f8b og organisk, og vi er nu i Sverige, Norge, Danmark, Belgien, Frankrig og Holland. Vores m\u00e5l er at blive det f\u00f8rende europ\u00e6iske kassesystem til restauranter, barer og cafeer. <\/span><\/p>\n<p>[\/vc_column_text][\/vc_column_inner][\/vc_row_inner][\/vc_column][\/vc_row]<\/p>\n<\/div>","protected":false},"excerpt":{"rendered":"<p>[vc_row padding_top=&#8221;none&#8221;][vc_column][vc_component_intro align=&#8221;center&#8221; heading_text=&#8221;Kontakt os&#8221;][vc_row_inner][vc_column_inner width=&#8221;3\/12&#8243;][vc_color_box bg_color=&#8221;gray&#8221;][vc_headline icon=&#8221;icon icon-user&#8221; size=&#8221;small&#8221;]Log ind p\u00e5 My Trivec[\/vc_headline][vc_btn cta_text_color=&#8221;white&#8221; title=&#8221;Log ind&#8221; align=&#8221;left&#8221; link=&#8221;url:https%3A%2F%2Fmytrivec.com%2F%20|title:Till%20My%20Trivec|target:%20_blank|&#8221;][\/vc_color_box][\/vc_column_inner][vc_column_inner width=&#8221;6\/12&#8243;][vc_contact_box cta_text_color=&#8221;white&#8221; size=&#8221;l&#8221; heading_text=&#8221;&#8221; phone_number=&#8221;78 70 62 70&#8243; phone_description=&#8221;For aften og natteservice, ring p\u00e5 n\u00f8dnummeret 78 70 62 80&#8243; phone_hours=&#8221;\u00c5bningstider 8.00-17.00&#8243; email_adress=&#8221;support@trivec.dk&#8221; additional_email_adress=&#8221;finance@trivec.dk&#8221; additional_email_description=&#8221;For sp\u00f8rgsm\u00e5l vedr\u00f8rende faktura, send e-mail til&#8221; button_text=&#8221;Kontakt os&#8221; button_link=&#8221;\/kontakt&#8221; link=&#8221;url:https%3A%2F%2Fwww.trivec.dk%2Fformular%2Fkontakt-os%2F|||&#8221;][\/vc_column_inner][vc_column_inner width=&#8221;3\/12&#8243;][vc_color_box bg_color=&#8221;gray&#8221;][vc_headline [&hellip;]<\/p>\n","protected":false},"author":1,"featured_media":0,"parent":0,"menu_order":11,"comment_status":"closed","ping_status":"closed","template":"","meta":{"_acf_changed":false,"content-type":"","footnotes":""},"class_list":["post-1180","page","type-page","status-publish","hentry"],"acf":[],"yoast_head":"<!-- This site is optimized with the Yoast SEO plugin v27.2 - https:\/\/yoast.com\/product\/yoast-seo-wordpress\/ -->\n<title>Kontakt - Trivec<\/title>\n<meta name=\"description\" content=\"\u00c5bningstider 8.30-17.00. +46 10 150 23 00. For aften og natteservice, ring p\u00e5 n\u00f8dnummeret.\" \/>\n<meta name=\"robots\" content=\"noindex, follow\" \/>\n<meta property=\"og:locale\" content=\"da_DK\" \/>\n<meta property=\"og:type\" content=\"article\" \/>\n<meta property=\"og:title\" content=\"Kontakt - Trivec\" \/>\n<meta property=\"og:description\" content=\"\u00c5bningstider 8.30-17.00. +46 10 150 23 00. For aften og natteservice, ring p\u00e5 n\u00f8dnummeret.\" \/>\n<meta property=\"og:url\" content=\"https:\/\/www.trivec.aws-staging.swace.se\/da\/kontakt\/\" \/>\n<meta property=\"og:site_name\" content=\"Trivec\" \/>\n<meta property=\"article:modified_time\" content=\"2022-02-21T16:12:40+00:00\" \/>\n<meta name=\"twitter:card\" content=\"summary_large_image\" \/>\n<meta name=\"twitter:label1\" content=\"Estimeret l\u00e6setid\" \/>\n\t<meta name=\"twitter:data1\" content=\"2 minutter\" \/>\n<script type=\"application\/ld+json\" class=\"yoast-schema-graph\">{\"@context\":\"https:\/\/schema.org\",\"@graph\":[{\"@type\":\"WebPage\",\"@id\":\"https:\/\/www.trivec.aws-staging.swace.se\/da\/kontakt\/\",\"url\":\"https:\/\/www.trivec.aws-staging.swace.se\/da\/kontakt\/\",\"name\":\"Kontakt - Trivec\",\"isPartOf\":{\"@id\":\"https:\/\/trivec.aws-staging.swace.se\/#website\"},\"datePublished\":\"2018-11-27T15:41:01+00:00\",\"dateModified\":\"2022-02-21T16:12:40+00:00\",\"description\":\"\u00c5bningstider 8.30-17.00. +46 10 150 23 00. For aften og natteservice, ring p\u00e5 n\u00f8dnummeret.\",\"breadcrumb\":{\"@id\":\"https:\/\/www.trivec.aws-staging.swace.se\/da\/kontakt\/#breadcrumb\"},\"inLanguage\":\"da-DK\",\"potentialAction\":[{\"@type\":\"ReadAction\",\"target\":[\"https:\/\/www.trivec.aws-staging.swace.se\/da\/kontakt\/\"]}]},{\"@type\":\"BreadcrumbList\",\"@id\":\"https:\/\/www.trivec.aws-staging.swace.se\/da\/kontakt\/#breadcrumb\",\"itemListElement\":[{\"@type\":\"ListItem\",\"position\":1,\"name\":\"Home\",\"item\":\"https:\/\/trivec.aws-staging.swace.se\/da\/\"},{\"@type\":\"ListItem\",\"position\":2,\"name\":\"Kontakt\"}]},{\"@type\":\"WebSite\",\"@id\":\"https:\/\/trivec.aws-staging.swace.se\/#website\",\"url\":\"https:\/\/trivec.aws-staging.swace.se\/\",\"name\":\"Trivec\",\"description\":\"Markedsledende kassesystem til restauranter, hotel og barer\",\"potentialAction\":[{\"@type\":\"SearchAction\",\"target\":{\"@type\":\"EntryPoint\",\"urlTemplate\":\"https:\/\/trivec.aws-staging.swace.se\/?s={search_term_string}\"},\"query-input\":{\"@type\":\"PropertyValueSpecification\",\"valueRequired\":true,\"valueName\":\"search_term_string\"}}],\"inLanguage\":\"da-DK\"}]}<\/script>\n<!-- \/ Yoast SEO plugin. -->","yoast_head_json":{"title":"Kontakt - Trivec","description":"\u00c5bningstider 8.30-17.00. +46 10 150 23 00. For aften og natteservice, ring p\u00e5 n\u00f8dnummeret.","robots":{"index":"noindex","follow":"follow"},"og_locale":"da_DK","og_type":"article","og_title":"Kontakt - Trivec","og_description":"\u00c5bningstider 8.30-17.00. +46 10 150 23 00. For aften og natteservice, ring p\u00e5 n\u00f8dnummeret.","og_url":"https:\/\/www.trivec.aws-staging.swace.se\/da\/kontakt\/","og_site_name":"Trivec","article_modified_time":"2022-02-21T16:12:40+00:00","twitter_card":"summary_large_image","twitter_misc":{"Estimeret l\u00e6setid":"2 minutter"},"schema":{"@context":"https:\/\/schema.org","@graph":[{"@type":"WebPage","@id":"https:\/\/www.trivec.aws-staging.swace.se\/da\/kontakt\/","url":"https:\/\/www.trivec.aws-staging.swace.se\/da\/kontakt\/","name":"Kontakt - Trivec","isPartOf":{"@id":"https:\/\/trivec.aws-staging.swace.se\/#website"},"datePublished":"2018-11-27T15:41:01+00:00","dateModified":"2022-02-21T16:12:40+00:00","description":"\u00c5bningstider 8.30-17.00. +46 10 150 23 00. For aften og natteservice, ring p\u00e5 n\u00f8dnummeret.","breadcrumb":{"@id":"https:\/\/www.trivec.aws-staging.swace.se\/da\/kontakt\/#breadcrumb"},"inLanguage":"da-DK","potentialAction":[{"@type":"ReadAction","target":["https:\/\/www.trivec.aws-staging.swace.se\/da\/kontakt\/"]}]},{"@type":"BreadcrumbList","@id":"https:\/\/www.trivec.aws-staging.swace.se\/da\/kontakt\/#breadcrumb","itemListElement":[{"@type":"ListItem","position":1,"name":"Home","item":"https:\/\/trivec.aws-staging.swace.se\/da\/"},{"@type":"ListItem","position":2,"name":"Kontakt"}]},{"@type":"WebSite","@id":"https:\/\/trivec.aws-staging.swace.se\/#website","url":"https:\/\/trivec.aws-staging.swace.se\/","name":"Trivec","description":"Markedsledende kassesystem til restauranter, hotel og barer","potentialAction":[{"@type":"SearchAction","target":{"@type":"EntryPoint","urlTemplate":"https:\/\/trivec.aws-staging.swace.se\/?s={search_term_string}"},"query-input":{"@type":"PropertyValueSpecification","valueRequired":true,"valueName":"search_term_string"}}],"inLanguage":"da-DK"}]}},"_links":{"self":[{"href":"https:\/\/www.trivec.aws-staging.swace.se\/da\/wp-json\/wp\/v2\/pages\/1180","targetHints":{"allow":["GET"]}}],"collection":[{"href":"https:\/\/www.trivec.aws-staging.swace.se\/da\/wp-json\/wp\/v2\/pages"}],"about":[{"href":"https:\/\/www.trivec.aws-staging.swace.se\/da\/wp-json\/wp\/v2\/types\/page"}],"author":[{"embeddable":true,"href":"https:\/\/www.trivec.aws-staging.swace.se\/da\/wp-json\/wp\/v2\/users\/1"}],"replies":[{"embeddable":true,"href":"https:\/\/www.trivec.aws-staging.swace.se\/da\/wp-json\/wp\/v2\/comments?post=1180"}],"version-history":[{"count":14,"href":"https:\/\/www.trivec.aws-staging.swace.se\/da\/wp-json\/wp\/v2\/pages\/1180\/revisions"}],"predecessor-version":[{"id":24525,"href":"https:\/\/www.trivec.aws-staging.swace.se\/da\/wp-json\/wp\/v2\/pages\/1180\/revisions\/24525"}],"wp:attachment":[{"href":"https:\/\/www.trivec.aws-staging.swace.se\/da\/wp-json\/wp\/v2\/media?parent=1180"}],"curies":[{"name":"wp","href":"https:\/\/api.w.org\/{rel}","templated":true}]}}