{"id":27380,"date":"2022-06-28T10:21:22","date_gmt":"2022-06-28T08:21:22","guid":{"rendered":"https:\/\/trivec.aws-staging.swace.se\/?page_id=27380"},"modified":"2023-01-20T16:06:02","modified_gmt":"2023-01-20T15:06:02","slug":"cookie-policy","status":"publish","type":"page","link":"https:\/\/www.trivec.aws-staging.swace.se\/da\/privacy-policy\/cookie-policy\/","title":{"rendered":"Cookie policy"},"content":{"rendered":"<div class=\"wpb-content-wrapper\"><p>[vc_row][vc_column][vc_story heading_text=&#8221;Cookie policy&#8221; preamble=&#8221;Denne cookie policy g\u00e6lder for websites, der h\u00f8rer under T&amp;V Holding AB og tilknyttede virksomheder (samlet som &#8220;vi&#8220;, &#8220;os&#8220; eller &#8220;vores&#8220;).&#8221;]<\/p>\n<h3>Hvad er cookies, og hvordan bruger vi dem?<\/h3>\n<p>Cookies er sm\u00e5 tekstfiler, der indeholder information, som downloades til din enhed, n\u00e5r du bes\u00f8ger en hjemmeside. Denne type cookie sendes dern\u00e6st tilbage til den oprindelige hjemmeside ved hvert efterf\u00f8lgende bes\u00f8g eller til et andet website, som genkender denne cookie.<\/p>\n<p>Vi anvender cookies og andre lignende teknologier til at huske dine pr\u00e6ferencer, personligg\u00f8re din oplevelse p\u00e5 vores websites, fort\u00e6lle os, hvilke dele af vores websites brugerne har bes\u00f8gt, hj\u00e6lpe os med at m\u00e5le effektiviteten af vores kampagner samt til at give os indsigt i brugerinteraktioner og brugerbasen som helhed, s\u00e5 vi kan forbedre vores kommunikation.<\/p>\n<h3>S\u00e5dan deaktiverer du cookies<\/h3>\n<p>Hvis du ikke \u00f8nsker at tillade brug af cookies, kan du deaktivere dem via dine browserindstillinger. I nogle browsere kan du ops\u00e6tte regler til at administrere cookies p\u00e5 hver hjemmeside, hvilket giver dig mere kontrol over dit privatliv.<\/p>\n<p>Browserproducenter har hj\u00e6lpesider vedr\u00f8rende cookieh\u00e5ndtering i deres produkter. Se relevante links til de mest brugte browsere nedenfor:<\/p>\n<ul>\n<li><a href=\"https:\/\/support.google.com\/chrome\/answer\/95647?hl=en\" target=\"_blank\" rel=\"noopener\">Google Chrome<\/a><\/li>\n<li><a href=\"https:\/\/support.mozilla.org\/en-US\/kb\/cookies-information-websites-store-on-your-computer?redirectlocale=en-US&amp;redirectslug=Cookies\" target=\"_blank\" rel=\"noopener\">Mozilla Firefox<\/a><\/li>\n<li><a href=\"https:\/\/support.apple.com\/en-gb\/HT201265\" target=\"_blank\" rel=\"noopener\">Safari<\/a><\/li>\n<\/ul>\n<p>Bem\u00e6rk venligst, at hvis du deaktiverer cookies, fungerer vores websites muligvis ikke korrekt eller overhovedet, ligesom din adgang til vores websites og deres funktioner kan blive p\u00e5virket eller begr\u00e6nset.<\/p>\n<h3>Cookieliste<\/h3>\n<p>P\u00e5 alle vores websites bruger vi disse cookies:<\/p>\n<h3>N\u00f8dvendige cookies<\/h3>\n<p>N\u00f8dvendige cookies er n\u00f8dvendige for, at vores hjemmeside fungerer korrekt. De bruges for eksempel til sidenavigation eller til at blokere adgang til sikre omr\u00e5der p\u00e5 vores hjemmeside. Vi bruger aldrig de oplysninger, vi indsamler med disse cookies, til andre form\u00e5l og videregiver dem ej heller til tredjeparter.<\/p>\n<h4>Kategorier og cookies<\/h4>\n<p>Hubspot: __hssc, __hssrc, __hstc<\/p>\n<p>Cloud Foundry:\u00a0 __cf_bm<\/p>\n<h3>Ydelsescookies<\/h3>\n<p>Ydelsescookies er cookies, der anvendes specifikt til at indsamle data om, hvordan de bes\u00f8gende bruger vores websites, hvilke sider der bes\u00f8ges oftest, om vores bes\u00f8gende f\u00e5r fejlmeddelelser p\u00e5 vores websites eller til at indsamle statistiske data om, hvordan vores websites klarer sig for at lave forbedringer. Med andre ord overv\u00e5ger disse cookies kun ydeevnen af vores websites, n\u00e5r brugeren interagerer med dem.<\/p>\n<p>Disse cookies indsamler ikke identificerbare oplysninger om bes\u00f8gende, hvilket betyder, at alle indsamlede data er anonyme og kun bruges til at forbedre vores hjemmesiders funktionalitet.<\/p>\n<h4>Kategorier og cookies<\/h4>\n<p>Hubspot: __hstc<\/p>\n<p>Google Analytics: _ga, _gat,_UA-nnnnnnn-nn, _gid<\/p>\n<p>Dreamdata: ajs_anonymous_id, ajs_group_id, ajs_user_id<\/p>\n<h3>Funktionelle cookies<\/h3>\n<p>Pr\u00e6ferencecookies g\u00f8r en hjemmeside i stand til at huske information, der \u00e6ndrer den m\u00e5de, hjemmesiden opf\u00f8rer sig p\u00e5 eller ser ud, f.eks. dit foretrukne sprog eller den region, du befinder dig i.<\/p>\n<h4>Kategorier og cookies<\/h4>\n<p>Hubspot: hubspotutk<\/p>\n<h3>M\u00e5lrettede cookies<\/h3>\n<p>M\u00e5lrettede cookies er cookies, der sporer din surf-adf\u00e6rd, efter du har bes\u00f8gt vores hjemmesider. Annonc\u00f8rer bruger de oplysninger, de indsamler om dig, til at vise dig m\u00e5lrettede reklamer. Vi placerer kun m\u00e5lrettede cookies for at m\u00e5le effektiviteten af sociale mediekanaler.<\/p>\n<h4>Kategorier og cookies<\/h4>\n<p>Facebook: _fbp<br \/>\nMicrosoft Clarity: ANONCHK, MUID, CLID, SM<br \/>\nBing: SRM_B<\/p>\n<p><a href=\"https:\/\/www.trivec.dk\/privacy-policy\/\">Privacy Policy<\/a>[\/vc_story][\/vc_column][\/vc_row]<\/p>\n<\/div>","protected":false},"excerpt":{"rendered":"<p>[vc_row][vc_column][vc_story heading_text=&#8221;Cookie policy&#8221; preamble=&#8221;Denne cookie policy g\u00e6lder for websites, der h\u00f8rer under T&amp;V Holding AB og tilknyttede virksomheder (samlet som &#8220;vi&#8220;, &#8220;os&#8220; eller &#8220;vores&#8220;).&#8221;] Hvad er cookies, og hvordan bruger vi dem? Cookies er sm\u00e5 tekstfiler, der indeholder information, som downloades til din enhed, n\u00e5r du bes\u00f8ger en hjemmeside. Denne type cookie sendes dern\u00e6st tilbage [&hellip;]<\/p>\n","protected":false},"author":2,"featured_media":0,"parent":1130,"menu_order":0,"comment_status":"closed","ping_status":"closed","template":"","meta":{"_acf_changed":false,"content-type":"","footnotes":""},"class_list":["post-27380","page","type-page","status-publish","hentry"],"acf":[],"yoast_head":"<!-- This site is optimized with the Yoast SEO plugin v27.2 - https:\/\/yoast.com\/product\/yoast-seo-wordpress\/ -->\n<title>Cookie policy - Trivec<\/title>\n<meta name=\"robots\" content=\"noindex, follow\" \/>\n<meta property=\"og:locale\" content=\"da_DK\" \/>\n<meta property=\"og:type\" content=\"article\" \/>\n<meta property=\"og:title\" content=\"Cookie policy - Trivec\" \/>\n<meta property=\"og:description\" content=\"[vc_row][vc_column][vc_story heading_text=&#8221;Cookie policy&#8221; preamble=&#8221;Denne cookie policy g\u00e6lder for websites, der h\u00f8rer under T&amp;V Holding AB og tilknyttede virksomheder (samlet som &#8220;vi&#8220;, &#8220;os&#8220; eller &#8220;vores&#8220;).&#8221;] Hvad er cookies, og hvordan bruger vi dem? Cookies er sm\u00e5 tekstfiler, der indeholder information, som downloades til din enhed, n\u00e5r du bes\u00f8ger en hjemmeside. Denne type cookie sendes dern\u00e6st tilbage [&hellip;]\" \/>\n<meta property=\"og:url\" content=\"https:\/\/www.trivec.aws-staging.swace.se\/da\/privacy-policy\/cookie-policy\/\" \/>\n<meta property=\"og:site_name\" content=\"Trivec\" \/>\n<meta property=\"article:modified_time\" content=\"2023-01-20T15:06:02+00:00\" \/>\n<meta name=\"twitter:card\" content=\"summary_large_image\" \/>\n<meta name=\"twitter:label1\" content=\"Estimeret l\u00e6setid\" \/>\n\t<meta name=\"twitter:data1\" content=\"3 minutter\" \/>\n<script type=\"application\/ld+json\" class=\"yoast-schema-graph\">{\"@context\":\"https:\/\/schema.org\",\"@graph\":[{\"@type\":\"WebPage\",\"@id\":\"https:\/\/www.trivec.aws-staging.swace.se\/da\/privacy-policy\/cookie-policy\/\",\"url\":\"https:\/\/www.trivec.aws-staging.swace.se\/da\/privacy-policy\/cookie-policy\/\",\"name\":\"Cookie policy - Trivec\",\"isPartOf\":{\"@id\":\"https:\/\/trivec.aws-staging.swace.se\/#website\"},\"datePublished\":\"2022-06-28T08:21:22+00:00\",\"dateModified\":\"2023-01-20T15:06:02+00:00\",\"breadcrumb\":{\"@id\":\"https:\/\/www.trivec.aws-staging.swace.se\/da\/privacy-policy\/cookie-policy\/#breadcrumb\"},\"inLanguage\":\"da-DK\",\"potentialAction\":[{\"@type\":\"ReadAction\",\"target\":[\"https:\/\/www.trivec.aws-staging.swace.se\/da\/privacy-policy\/cookie-policy\/\"]}]},{\"@type\":\"BreadcrumbList\",\"@id\":\"https:\/\/www.trivec.aws-staging.swace.se\/da\/privacy-policy\/cookie-policy\/#breadcrumb\",\"itemListElement\":[{\"@type\":\"ListItem\",\"position\":1,\"name\":\"Home\",\"item\":\"https:\/\/trivec.aws-staging.swace.se\/da\/\"},{\"@type\":\"ListItem\",\"position\":2,\"name\":\"Privacy Policy\",\"item\":\"https:\/\/trivec.aws-staging.swace.se\/da\/privacy-policy\/\"},{\"@type\":\"ListItem\",\"position\":3,\"name\":\"Cookie policy\"}]},{\"@type\":\"WebSite\",\"@id\":\"https:\/\/trivec.aws-staging.swace.se\/#website\",\"url\":\"https:\/\/trivec.aws-staging.swace.se\/\",\"name\":\"Trivec\",\"description\":\"Markedsledende kassesystem til restauranter, hotel og barer\",\"potentialAction\":[{\"@type\":\"SearchAction\",\"target\":{\"@type\":\"EntryPoint\",\"urlTemplate\":\"https:\/\/trivec.aws-staging.swace.se\/?s={search_term_string}\"},\"query-input\":{\"@type\":\"PropertyValueSpecification\",\"valueRequired\":true,\"valueName\":\"search_term_string\"}}],\"inLanguage\":\"da-DK\"}]}<\/script>\n<!-- \/ Yoast SEO plugin. -->","yoast_head_json":{"title":"Cookie policy - Trivec","robots":{"index":"noindex","follow":"follow"},"og_locale":"da_DK","og_type":"article","og_title":"Cookie policy - Trivec","og_description":"[vc_row][vc_column][vc_story heading_text=&#8221;Cookie policy&#8221; preamble=&#8221;Denne cookie policy g\u00e6lder for websites, der h\u00f8rer under T&amp;V Holding AB og tilknyttede virksomheder (samlet som &#8220;vi&#8220;, &#8220;os&#8220; eller &#8220;vores&#8220;).&#8221;] Hvad er cookies, og hvordan bruger vi dem? Cookies er sm\u00e5 tekstfiler, der indeholder information, som downloades til din enhed, n\u00e5r du bes\u00f8ger en hjemmeside. Denne type cookie sendes dern\u00e6st tilbage [&hellip;]","og_url":"https:\/\/www.trivec.aws-staging.swace.se\/da\/privacy-policy\/cookie-policy\/","og_site_name":"Trivec","article_modified_time":"2023-01-20T15:06:02+00:00","twitter_card":"summary_large_image","twitter_misc":{"Estimeret l\u00e6setid":"3 minutter"},"schema":{"@context":"https:\/\/schema.org","@graph":[{"@type":"WebPage","@id":"https:\/\/www.trivec.aws-staging.swace.se\/da\/privacy-policy\/cookie-policy\/","url":"https:\/\/www.trivec.aws-staging.swace.se\/da\/privacy-policy\/cookie-policy\/","name":"Cookie policy - Trivec","isPartOf":{"@id":"https:\/\/trivec.aws-staging.swace.se\/#website"},"datePublished":"2022-06-28T08:21:22+00:00","dateModified":"2023-01-20T15:06:02+00:00","breadcrumb":{"@id":"https:\/\/www.trivec.aws-staging.swace.se\/da\/privacy-policy\/cookie-policy\/#breadcrumb"},"inLanguage":"da-DK","potentialAction":[{"@type":"ReadAction","target":["https:\/\/www.trivec.aws-staging.swace.se\/da\/privacy-policy\/cookie-policy\/"]}]},{"@type":"BreadcrumbList","@id":"https:\/\/www.trivec.aws-staging.swace.se\/da\/privacy-policy\/cookie-policy\/#breadcrumb","itemListElement":[{"@type":"ListItem","position":1,"name":"Home","item":"https:\/\/trivec.aws-staging.swace.se\/da\/"},{"@type":"ListItem","position":2,"name":"Privacy Policy","item":"https:\/\/trivec.aws-staging.swace.se\/da\/privacy-policy\/"},{"@type":"ListItem","position":3,"name":"Cookie policy"}]},{"@type":"WebSite","@id":"https:\/\/trivec.aws-staging.swace.se\/#website","url":"https:\/\/trivec.aws-staging.swace.se\/","name":"Trivec","description":"Markedsledende kassesystem til restauranter, hotel og barer","potentialAction":[{"@type":"SearchAction","target":{"@type":"EntryPoint","urlTemplate":"https:\/\/trivec.aws-staging.swace.se\/?s={search_term_string}"},"query-input":{"@type":"PropertyValueSpecification","valueRequired":true,"valueName":"search_term_string"}}],"inLanguage":"da-DK"}]}},"_links":{"self":[{"href":"https:\/\/www.trivec.aws-staging.swace.se\/da\/wp-json\/wp\/v2\/pages\/27380","targetHints":{"allow":["GET"]}}],"collection":[{"href":"https:\/\/www.trivec.aws-staging.swace.se\/da\/wp-json\/wp\/v2\/pages"}],"about":[{"href":"https:\/\/www.trivec.aws-staging.swace.se\/da\/wp-json\/wp\/v2\/types\/page"}],"author":[{"embeddable":true,"href":"https:\/\/www.trivec.aws-staging.swace.se\/da\/wp-json\/wp\/v2\/users\/2"}],"replies":[{"embeddable":true,"href":"https:\/\/www.trivec.aws-staging.swace.se\/da\/wp-json\/wp\/v2\/comments?post=27380"}],"version-history":[{"count":3,"href":"https:\/\/www.trivec.aws-staging.swace.se\/da\/wp-json\/wp\/v2\/pages\/27380\/revisions"}],"predecessor-version":[{"id":30047,"href":"https:\/\/www.trivec.aws-staging.swace.se\/da\/wp-json\/wp\/v2\/pages\/27380\/revisions\/30047"}],"up":[{"embeddable":true,"href":"https:\/\/www.trivec.aws-staging.swace.se\/da\/wp-json\/wp\/v2\/pages\/1130"}],"wp:attachment":[{"href":"https:\/\/www.trivec.aws-staging.swace.se\/da\/wp-json\/wp\/v2\/media?parent=27380"}],"curies":[{"name":"wp","href":"https:\/\/api.w.org\/{rel}","templated":true}]}}