{"id":27821,"date":"2022-09-07T15:29:26","date_gmt":"2022-09-07T13:29:26","guid":{"rendered":"https:\/\/trivec.aws-staging.swace.se\/?page_id=27821"},"modified":"2022-09-07T15:33:54","modified_gmt":"2022-09-07T13:33:54","slug":"salens-hogfjallshotell","status":"publish","type":"page","link":"https:\/\/www.trivec.aws-staging.swace.se\/da\/kunder\/salens-hogfjallshotell\/","title":{"rendered":"S\u00e4lens H\u00f6gfj\u00e4llshotell"},"content":{"rendered":"<div class=\"wpb-content-wrapper\"><p>[vc_row][vc_column][vc_story heading_text=&#8221;Increase your average ticket turnover with Trivec Buddy &#8221; preamble=&#8221;Martin Sahlberg, operations manager at S\u00e4len&#8217;s H\u00f6gfj\u00e4llshotell and Gammelg\u00e5rden in S\u00e4len, sees many advantages with Trivec Buddy, QR codes and digital menus.<br \/>\n&#8211; If you work the right way with Buddy, the average ticket turnover will increase and the service to guests as well, Martin says.<br \/>\n&#8220;]<img loading=\"lazy\" decoding=\"async\" class=\"alignnone wp-image-27759\" src=\"https:\/\/www.trivec.dk\/wp\/uploads\/2022\/09\/Trivec_customer_Hogfjallshotellet_lattare_kundcase-300x300.jpg\" alt=\"S\u00e4lens H\u00f6gfj\u00e4llshotell\" width=\"540\" height=\"540\" srcset=\"https:\/\/www.trivec.aws-staging.swace.se\/wp\/uploads\/2022\/09\/Trivec_customer_Hogfjallshotellet_lattare_kundcase-300x300.jpg 300w, https:\/\/www.trivec.aws-staging.swace.se\/wp\/uploads\/2022\/09\/Trivec_customer_Hogfjallshotellet_lattare_kundcase-1024x1024.jpg 1024w, https:\/\/www.trivec.aws-staging.swace.se\/wp\/uploads\/2022\/09\/Trivec_customer_Hogfjallshotellet_lattare_kundcase-150x150.jpg 150w, https:\/\/www.trivec.aws-staging.swace.se\/wp\/uploads\/2022\/09\/Trivec_customer_Hogfjallshotellet_lattare_kundcase-768x768.jpg 768w, https:\/\/www.trivec.aws-staging.swace.se\/wp\/uploads\/2022\/09\/Trivec_customer_Hogfjallshotellet_lattare_kundcase-1536x1536.jpg 1536w, https:\/\/www.trivec.aws-staging.swace.se\/wp\/uploads\/2022\/09\/Trivec_customer_Hogfjallshotellet_lattare_kundcase.jpg 2000w\" sizes=\"auto, (max-width: 540px) 100vw, 540px\" \/><\/p>\n<p>With a desire to make it easy for guests, it felt natural for Martin to test the Trivec Buddy. A solution where the guest uses their phone to scan a QR code and order from a digital menu and pay directly. &#8211; It is the combination of ordering and paying via QR codes and having staff on site that makes it fly, says Martin.<\/p>\n<p>Among H\u00f6gfj\u00e4llshotellet&#8217;s and Gammelg\u00e5rden&#8217;s customers, who are everything from families with children and couples to colleagues, groups of friends and pensioners, they notice that digital knowledge is high in all groups. That guests would not use Buddy due to digital immaturity is something they rarely encounter. But of course they combine Buddy with staff on site if someone needs help or has forgotten their phone.<\/p>\n<p><strong>QR codes increase service to guests <\/strong><\/p>\n<p>At Gammelg\u00e5rden, Buddy is used in the outdoor dining area during the summer.<br \/>\n&#8211; There is enormous pressure on the outdoor seating in the summer and it can never be staffed to cope with that pressure. Buddy makes it easy to order and pay and the guest can sit quietly at their table.<\/p>\n<p>To continue to maintain a high level of service, there are always waitresses and waiters on site if someone wants to order manually. Staff out among the tables is also important to talk to the guests and to create a personal feeling.<br \/>\n&#8211; The combination of digital solutions and staff is crucial for a good customer experience, he says.<\/p>\n<p><strong>&#8220;Increase your average ticket&#8221;<br \/>\n<\/strong>\u00a0S\u00e4len&#8217;s H\u00f6gfj\u00e4llshotell and restaurant Jacks, serves food and beer. Martin noticed that average tickets increased when Buddy made it easier for guests to buy an additional beer or dessert after the first order.<br \/>\n&#8211; With Buddy, additional sales increase because the guests who, for example, have become hungry for more fries can easily order them, says Martin.<\/p>\n<p>Martin also offers Buddy at a large outdoor restaurant at S\u00e4len&#8217;s H\u00f6gfj\u00e4llhotell, the QR code then only goes to the drink list.<br \/>\n&#8211; This way the guests can sit down when they arrive and get their drink. Then they can order through the wait staff when they are ready to eat. In this way, not all orders arrive at once, says Martin.<\/p>\n<p><strong>Advantages of digital menus<br \/>\n<\/strong>The advantages of digital menus are that it is possible to quickly make changes and change prices. It is also easy to click away certain dishes or a drink if something has run out, so that guests always have an updated menu on their phone. Another advantage is that many people cut back on printed menus.<br \/>\n&#8211; In Trivec we get good underlying statistics, as well as it is easy to follow the sales. It is also easy to see if something has gone wrong and it is easy to change in the system, we are very satisfied, Martin concludes.[\/vc_story][vc_btn title=&#8221;Read about Trivec Buddy&#8221; align=&#8221;center&#8221; link=&#8221;url:https%3A%2F%2Fwww.trivec.dk%2Fprodukter%2Fmobile-ordering%2F|title:Trivec%20Buddy|target:_blank&#8221;][\/vc_column][\/vc_row]<\/p>\n<\/div>","protected":false},"excerpt":{"rendered":"<p>[vc_row][vc_column][vc_story heading_text=&#8221;Increase your average ticket turnover with Trivec Buddy &#8221; preamble=&#8221;Martin Sahlberg, operations manager at S\u00e4len&#8217;s H\u00f6gfj\u00e4llshotell and Gammelg\u00e5rden in S\u00e4len, sees many advantages with Trivec Buddy, QR codes and digital menus. &#8211; If you work the right way with Buddy, the average ticket turnover will increase and the service to guests as well, Martin [&hellip;]<\/p>\n","protected":false},"author":21,"featured_media":27759,"parent":1097,"menu_order":0,"comment_status":"closed","ping_status":"closed","template":"","meta":{"_acf_changed":false,"content-type":"","footnotes":""},"class_list":["post-27821","page","type-page","status-publish","has-post-thumbnail","hentry"],"acf":[],"yoast_head":"<!-- This site is optimized with the Yoast SEO plugin v27.2 - https:\/\/yoast.com\/product\/yoast-seo-wordpress\/ -->\n<title>S\u00e4lens H\u00f6gfj\u00e4llshotell Trivec<\/title>\n<meta name=\"robots\" content=\"noindex, follow\" \/>\n<meta property=\"og:locale\" content=\"da_DK\" \/>\n<meta property=\"og:type\" content=\"article\" \/>\n<meta property=\"og:title\" content=\"S\u00e4lens H\u00f6gfj\u00e4llshotell Trivec\" \/>\n<meta property=\"og:description\" content=\"[vc_row][vc_column][vc_story heading_text=&#8221;Increase your average ticket turnover with Trivec Buddy &#8221; preamble=&#8221;Martin Sahlberg, operations manager at S\u00e4len&#8217;s H\u00f6gfj\u00e4llshotell and Gammelg\u00e5rden in S\u00e4len, sees many advantages with Trivec Buddy, QR codes and digital menus. &#8211; If you work the right way with Buddy, the average ticket turnover will increase and the service to guests as well, Martin [&hellip;]\" \/>\n<meta property=\"og:url\" content=\"https:\/\/www.trivec.aws-staging.swace.se\/da\/kunder\/salens-hogfjallshotell\/\" \/>\n<meta property=\"og:site_name\" content=\"Trivec\" \/>\n<meta property=\"article:modified_time\" content=\"2022-09-07T13:33:54+00:00\" \/>\n<meta property=\"og:image\" content=\"https:\/\/www.trivec.aws-staging.swace.se\/wp\/uploads\/2022\/09\/Trivec_customer_Hogfjallshotellet_lattare_kundcase.jpg\" \/>\n\t<meta property=\"og:image:width\" content=\"2000\" \/>\n\t<meta property=\"og:image:height\" content=\"2000\" \/>\n\t<meta property=\"og:image:type\" content=\"image\/jpeg\" \/>\n<meta name=\"twitter:card\" content=\"summary_large_image\" \/>\n<meta name=\"twitter:label1\" content=\"Estimeret l\u00e6setid\" \/>\n\t<meta name=\"twitter:data1\" content=\"3 minutter\" \/>\n<script type=\"application\/ld+json\" class=\"yoast-schema-graph\">{\"@context\":\"https:\/\/schema.org\",\"@graph\":[{\"@type\":\"WebPage\",\"@id\":\"https:\/\/www.trivec.aws-staging.swace.se\/da\/kunder\/salens-hogfjallshotell\/\",\"url\":\"https:\/\/www.trivec.aws-staging.swace.se\/da\/kunder\/salens-hogfjallshotell\/\",\"name\":\"S\u00e4lens H\u00f6gfj\u00e4llshotell Trivec\",\"isPartOf\":{\"@id\":\"https:\/\/trivec.aws-staging.swace.se\/#website\"},\"primaryImageOfPage\":{\"@id\":\"https:\/\/www.trivec.aws-staging.swace.se\/da\/kunder\/salens-hogfjallshotell\/#primaryimage\"},\"image\":{\"@id\":\"https:\/\/www.trivec.aws-staging.swace.se\/da\/kunder\/salens-hogfjallshotell\/#primaryimage\"},\"thumbnailUrl\":\"https:\/\/www.trivec.aws-staging.swace.se\/wp\/uploads\/2022\/09\/Trivec_customer_Hogfjallshotellet_lattare_kundcase.jpg\",\"datePublished\":\"2022-09-07T13:29:26+00:00\",\"dateModified\":\"2022-09-07T13:33:54+00:00\",\"breadcrumb\":{\"@id\":\"https:\/\/www.trivec.aws-staging.swace.se\/da\/kunder\/salens-hogfjallshotell\/#breadcrumb\"},\"inLanguage\":\"da-DK\",\"potentialAction\":[{\"@type\":\"ReadAction\",\"target\":[\"https:\/\/www.trivec.aws-staging.swace.se\/da\/kunder\/salens-hogfjallshotell\/\"]}]},{\"@type\":\"ImageObject\",\"inLanguage\":\"da-DK\",\"@id\":\"https:\/\/www.trivec.aws-staging.swace.se\/da\/kunder\/salens-hogfjallshotell\/#primaryimage\",\"url\":\"https:\/\/www.trivec.aws-staging.swace.se\/wp\/uploads\/2022\/09\/Trivec_customer_Hogfjallshotellet_lattare_kundcase.jpg\",\"contentUrl\":\"https:\/\/www.trivec.aws-staging.swace.se\/wp\/uploads\/2022\/09\/Trivec_customer_Hogfjallshotellet_lattare_kundcase.jpg\",\"width\":2000,\"height\":2000,\"caption\":\"S\u00e4lens H\u00f6gfj\u00e4llshotell\"},{\"@type\":\"BreadcrumbList\",\"@id\":\"https:\/\/www.trivec.aws-staging.swace.se\/da\/kunder\/salens-hogfjallshotell\/#breadcrumb\",\"itemListElement\":[{\"@type\":\"ListItem\",\"position\":1,\"name\":\"Home\",\"item\":\"https:\/\/trivec.aws-staging.swace.se\/da\/\"},{\"@type\":\"ListItem\",\"position\":2,\"name\":\"Kunder\",\"item\":\"https:\/\/www.trivec.aws-staging.swace.se\/da\/kunder\/\"},{\"@type\":\"ListItem\",\"position\":3,\"name\":\"S\u00e4lens H\u00f6gfj\u00e4llshotell\"}]},{\"@type\":\"WebSite\",\"@id\":\"https:\/\/trivec.aws-staging.swace.se\/#website\",\"url\":\"https:\/\/trivec.aws-staging.swace.se\/\",\"name\":\"Trivec\",\"description\":\"Markedsledende kassesystem til restauranter, hotel og barer\",\"potentialAction\":[{\"@type\":\"SearchAction\",\"target\":{\"@type\":\"EntryPoint\",\"urlTemplate\":\"https:\/\/trivec.aws-staging.swace.se\/?s={search_term_string}\"},\"query-input\":{\"@type\":\"PropertyValueSpecification\",\"valueRequired\":true,\"valueName\":\"search_term_string\"}}],\"inLanguage\":\"da-DK\"}]}<\/script>\n<!-- \/ Yoast SEO plugin. -->","yoast_head_json":{"title":"S\u00e4lens H\u00f6gfj\u00e4llshotell Trivec","robots":{"index":"noindex","follow":"follow"},"og_locale":"da_DK","og_type":"article","og_title":"S\u00e4lens H\u00f6gfj\u00e4llshotell Trivec","og_description":"[vc_row][vc_column][vc_story heading_text=&#8221;Increase your average ticket turnover with Trivec Buddy &#8221; preamble=&#8221;Martin Sahlberg, operations manager at S\u00e4len&#8217;s H\u00f6gfj\u00e4llshotell and Gammelg\u00e5rden in S\u00e4len, sees many advantages with Trivec Buddy, QR codes and digital menus. &#8211; If you work the right way with Buddy, the average ticket turnover will increase and the service to guests as well, Martin [&hellip;]","og_url":"https:\/\/www.trivec.aws-staging.swace.se\/da\/kunder\/salens-hogfjallshotell\/","og_site_name":"Trivec","article_modified_time":"2022-09-07T13:33:54+00:00","og_image":[{"width":2000,"height":2000,"url":"https:\/\/www.trivec.aws-staging.swace.se\/wp\/uploads\/2022\/09\/Trivec_customer_Hogfjallshotellet_lattare_kundcase.jpg","type":"image\/jpeg"}],"twitter_card":"summary_large_image","twitter_misc":{"Estimeret l\u00e6setid":"3 minutter"},"schema":{"@context":"https:\/\/schema.org","@graph":[{"@type":"WebPage","@id":"https:\/\/www.trivec.aws-staging.swace.se\/da\/kunder\/salens-hogfjallshotell\/","url":"https:\/\/www.trivec.aws-staging.swace.se\/da\/kunder\/salens-hogfjallshotell\/","name":"S\u00e4lens H\u00f6gfj\u00e4llshotell Trivec","isPartOf":{"@id":"https:\/\/trivec.aws-staging.swace.se\/#website"},"primaryImageOfPage":{"@id":"https:\/\/www.trivec.aws-staging.swace.se\/da\/kunder\/salens-hogfjallshotell\/#primaryimage"},"image":{"@id":"https:\/\/www.trivec.aws-staging.swace.se\/da\/kunder\/salens-hogfjallshotell\/#primaryimage"},"thumbnailUrl":"https:\/\/www.trivec.aws-staging.swace.se\/wp\/uploads\/2022\/09\/Trivec_customer_Hogfjallshotellet_lattare_kundcase.jpg","datePublished":"2022-09-07T13:29:26+00:00","dateModified":"2022-09-07T13:33:54+00:00","breadcrumb":{"@id":"https:\/\/www.trivec.aws-staging.swace.se\/da\/kunder\/salens-hogfjallshotell\/#breadcrumb"},"inLanguage":"da-DK","potentialAction":[{"@type":"ReadAction","target":["https:\/\/www.trivec.aws-staging.swace.se\/da\/kunder\/salens-hogfjallshotell\/"]}]},{"@type":"ImageObject","inLanguage":"da-DK","@id":"https:\/\/www.trivec.aws-staging.swace.se\/da\/kunder\/salens-hogfjallshotell\/#primaryimage","url":"https:\/\/www.trivec.aws-staging.swace.se\/wp\/uploads\/2022\/09\/Trivec_customer_Hogfjallshotellet_lattare_kundcase.jpg","contentUrl":"https:\/\/www.trivec.aws-staging.swace.se\/wp\/uploads\/2022\/09\/Trivec_customer_Hogfjallshotellet_lattare_kundcase.jpg","width":2000,"height":2000,"caption":"S\u00e4lens H\u00f6gfj\u00e4llshotell"},{"@type":"BreadcrumbList","@id":"https:\/\/www.trivec.aws-staging.swace.se\/da\/kunder\/salens-hogfjallshotell\/#breadcrumb","itemListElement":[{"@type":"ListItem","position":1,"name":"Home","item":"https:\/\/trivec.aws-staging.swace.se\/da\/"},{"@type":"ListItem","position":2,"name":"Kunder","item":"https:\/\/www.trivec.aws-staging.swace.se\/da\/kunder\/"},{"@type":"ListItem","position":3,"name":"S\u00e4lens H\u00f6gfj\u00e4llshotell"}]},{"@type":"WebSite","@id":"https:\/\/trivec.aws-staging.swace.se\/#website","url":"https:\/\/trivec.aws-staging.swace.se\/","name":"Trivec","description":"Markedsledende kassesystem til restauranter, hotel og barer","potentialAction":[{"@type":"SearchAction","target":{"@type":"EntryPoint","urlTemplate":"https:\/\/trivec.aws-staging.swace.se\/?s={search_term_string}"},"query-input":{"@type":"PropertyValueSpecification","valueRequired":true,"valueName":"search_term_string"}}],"inLanguage":"da-DK"}]}},"_links":{"self":[{"href":"https:\/\/www.trivec.aws-staging.swace.se\/da\/wp-json\/wp\/v2\/pages\/27821","targetHints":{"allow":["GET"]}}],"collection":[{"href":"https:\/\/www.trivec.aws-staging.swace.se\/da\/wp-json\/wp\/v2\/pages"}],"about":[{"href":"https:\/\/www.trivec.aws-staging.swace.se\/da\/wp-json\/wp\/v2\/types\/page"}],"author":[{"embeddable":true,"href":"https:\/\/www.trivec.aws-staging.swace.se\/da\/wp-json\/wp\/v2\/users\/21"}],"replies":[{"embeddable":true,"href":"https:\/\/www.trivec.aws-staging.swace.se\/da\/wp-json\/wp\/v2\/comments?post=27821"}],"version-history":[{"count":4,"href":"https:\/\/www.trivec.aws-staging.swace.se\/da\/wp-json\/wp\/v2\/pages\/27821\/revisions"}],"predecessor-version":[{"id":27827,"href":"https:\/\/www.trivec.aws-staging.swace.se\/da\/wp-json\/wp\/v2\/pages\/27821\/revisions\/27827"}],"up":[{"embeddable":true,"href":"https:\/\/www.trivec.aws-staging.swace.se\/da\/wp-json\/wp\/v2\/pages\/1097"}],"wp:featuredmedia":[{"embeddable":true,"href":"https:\/\/www.trivec.aws-staging.swace.se\/da\/wp-json\/wp\/v2\/media\/27759"}],"wp:attachment":[{"href":"https:\/\/www.trivec.aws-staging.swace.se\/da\/wp-json\/wp\/v2\/media?parent=27821"}],"curies":[{"name":"wp","href":"https:\/\/api.w.org\/{rel}","templated":true}]}}