{"id":27944,"date":"2022-09-21T10:38:36","date_gmt":"2022-09-21T08:38:36","guid":{"rendered":"https:\/\/trivec.aws-staging.swace.se\/?page_id=27944"},"modified":"2023-05-22T14:55:04","modified_gmt":"2023-05-22T12:55:04","slug":"le-beverly","status":"publish","type":"page","link":"https:\/\/www.trivec.aws-staging.swace.se\/fr\/clients\/le-beverly\/","title":{"rendered":"Le Beverly"},"content":{"rendered":"<div class=\"wpb-content-wrapper\"><p>[vc_row][vc_column][vc_story heading_text=\u00a0\u00bbLe Beverly choisit Trivec Handy pour faciliter la prise de commande\u00a0\u00bb]<\/p>\n<h2><strong><img loading=\"lazy\" decoding=\"async\" class=\"alignnone wp-image-27945 size-large\" src=\"https:\/\/www.trivec.fr\/wp\/uploads\/2022\/09\/Gilbert-Febvay-Le-Beverly-1-1024x640.jpg\" alt=\"Gilbert-Febvay-Le-Beverly\" width=\"1024\" height=\"640\" srcset=\"https:\/\/www.trivec.aws-staging.swace.se\/wp\/uploads\/2022\/09\/Gilbert-Febvay-Le-Beverly-1-1024x640.jpg 1024w, https:\/\/www.trivec.aws-staging.swace.se\/wp\/uploads\/2022\/09\/Gilbert-Febvay-Le-Beverly-1-300x188.jpg 300w, https:\/\/www.trivec.aws-staging.swace.se\/wp\/uploads\/2022\/09\/Gilbert-Febvay-Le-Beverly-1-768x480.jpg 768w, https:\/\/www.trivec.aws-staging.swace.se\/wp\/uploads\/2022\/09\/Gilbert-Febvay-Le-Beverly-1-1536x960.jpg 1536w, https:\/\/www.trivec.aws-staging.swace.se\/wp\/uploads\/2022\/09\/Gilbert-Febvay-Le-Beverly-1-2048x1280.jpg 2048w\" sizes=\"auto, (max-width: 1024px) 100vw, 1024px\" \/><\/strong><\/h2>\n<h2><strong>Premier client historique de Trivec<\/strong><\/h2>\n<p>Si vous \u00eates d\u00e9j\u00e0 venus \u00e0 Dijon, vous connaissez forc\u00e9ment Le Beverly, cet \u00e9tablissement de nuit qui propose du billard, un club et un pub. Le Beverly existe depuis 1994 gr\u00e2ce \u00e0 Gilbert Febvay, \u00e9galement pr\u00e9sident de l\u2019UMIH pour le monde de la nuit, les caf\u00e9s, bars et brasseries.<\/p>\n<p>Le Beverly est le premier client historique de Trivec et \u00e9volue et grandit \u00e0 nos c\u00f4t\u00e9s depuis sa cr\u00e9ation.<\/p>\n<h2><strong>L\u2019automatisation de bar pour un meilleur contr\u00f4le<\/strong><\/h2>\n<p>Gilbert Febvay a fait appel \u00e0 Trivec d\u00e8s le d\u00e9but de son projet pour son premier \u00e9tablissement car il souhaitait \u00eatre en mesure de faire du contr\u00f4le et de la gestion. Il avait besoin d\u2019avoir le contr\u00f4le de tous les produits qui sortaient pour l\u2019encaissement.<\/p>\n<p>En mati\u00e8re de gestion et de contr\u00f4le des encaissements, Trivec est selon lui le plus efficace. Tout produit sortant est mesur\u00e9 au centilitre pr\u00e8s et doit \u00eatre tap\u00e9 sur la caisse ce qui \u00e9vite les pertes de chiffre d\u2019affaires.<\/p>\n<p>Le Beverly est \u00e9quip\u00e9 de plusieurs solutions pour l\u2019automatisation de son bar telles que le\u00a0<a href=\"https:\/\/www.trivec.fr\/produits\/doseur-electronique\/doseur-dalcool\/\">doseur de bar professionnel<\/a>\u00a0ABC, le\u00a0<a href=\"https:\/\/www.trivec.fr\/produits\/doseur-electronique\/pistolet-alcool\/\">pistolet alcool<\/a>, ou encore la\u00a0<a href=\"https:\/\/www.trivec.fr\/produits\/doseur-electronique\/colonne-a-biere-automatisee\/\">tireuse \u00e0 bi\u00e8re<\/a>.<\/p>\n<p>Selon le g\u00e9rant, l\u2019un des principaux avantages qu\u2019on peut noter en plus de la diminution des d\u00e9bordements est la praticit\u00e9 de la solution pour faire les inventaires puisqu\u2019on rentre directement les produits et la quantit\u00e9 pour les r\u00e9approvisionnements.<\/p>\n<blockquote><p>Les \u00e9conomies sur la perte d\u2019alcool sont \u00e9galement tangibles\u00a0: \u00ab\u00a0<em>Eviter les pertes permet de doubler le chiffre d\u2019affaires.<\/em>\u00a0\u00bb affirme Gilbert Febvay<\/p><\/blockquote>\n<h2><strong>La solution Handy pour faciliter la prise de commandes du personnel<\/strong><\/h2>\n<p>Le Beverly \u00e9tait \u00e9quip\u00e9 de la solution logicielle Dino puis a migr\u00e9 depuis quelques mois vers la solution Domino. La transition de Dino vers Domino se passe tr\u00e8s bien et a permis l\u2019int\u00e9gration de la solution Handy et une meilleure gestion administrative (pertes, ventes etc.).<\/p>\n<p>S\u2019\u00e9quiper de la\u00a0<a href=\"https:\/\/www.trivec.fr\/produits\/caisse-enregistreuse-restaurant\/commande-a-table\/\">solution de commande \u00e0 table<\/a>\u00a0Handy est tr\u00e8s pratique pour le monde de la nuit pour que le serveur puisse envoyer rapidement une commande et qu\u2019il l\u2019ait tout de suite \u00e0 son arriv\u00e9e au bar.<\/p>\n<p>L\u2019\u00e9tablissement propose des tables VIP et des tables normales et 3 serveurs tournent en salle \u00e9quip\u00e9s de la solution Handy. La solution est aussi disponible dans la salle de billards de plus de 900m\u00b2.<\/p>\n<p>La solution Handy offre un gain de temps consid\u00e9rable. En effet, sans elle, le temps que le serveur revienne au bar, tape sur une caisse, passe sa commande, l\u2019attende et reparte s\u2019\u00e9coulent de longues minutes.<\/p>\n<p>Avec Handy, le serveur tape sa commande directement \u00e0 table, il l\u2019envoie au bar via le pad, le pr\u00e9parateur la pr\u00e9pare, le temps que le serveur arrive au bar, la commande est pr\u00eate et le serveur n\u2019a plus qu\u2019\u00e0 la servir et proc\u00e9der \u00e0 l\u2019encaissement. \u00ab\u00a0<em>Cela \u00e9vite les allers-retours et c\u2019est un gain de temps important et qui dit gain de temps dit gain d\u2019argent. Les clients ne se rendent pas compte de la diff\u00e9rence c\u2019est juste plus rapide pour eux d\u2019\u00eatre servis.<\/em>\u00a0\u00bb conclut Gilbert Febvay.[\/vc_story][\/vc_column][\/vc_row][vc_row padding_top=\u00a0\u00bbnone\u00a0\u00bb][vc_column][vc_btn cta_text_color=\u00a0\u00bbwhite\u00a0\u00bb title=\u00a0\u00bbD\u00e9couvrez plus de cas clients ici\u00a0\u00bb align=\u00a0\u00bbcenter\u00a0\u00bb link=\u00a0\u00bburl:https%3A%2F%2Fwww.trivec.fr%2Fclients%2F\u00a0\u00bb][\/vc_column][\/vc_row]<\/p>\n<\/div>","protected":false},"excerpt":{"rendered":"<p>[vc_row][vc_column][vc_story heading_text=\u00a0\u00bbLe Beverly choisit Trivec Handy pour faciliter la prise de commande\u00a0\u00bb] Premier client historique de Trivec Si vous \u00eates d\u00e9j\u00e0 venus \u00e0 Dijon, vous connaissez forc\u00e9ment Le Beverly, cet \u00e9tablissement de nuit qui propose du billard, un club et un pub. Le Beverly existe depuis 1994 gr\u00e2ce \u00e0 Gilbert Febvay, \u00e9galement pr\u00e9sident de l\u2019UMIH [&hellip;]<\/p>\n","protected":false},"author":30,"featured_media":27945,"parent":1098,"menu_order":0,"comment_status":"closed","ping_status":"closed","template":"","meta":{"_acf_changed":false,"content-type":"","footnotes":""},"class_list":["post-27944","page","type-page","status-publish","has-post-thumbnail","hentry"],"acf":[],"yoast_head":"<!-- This site is optimized with the Yoast SEO plugin v27.2 - https:\/\/yoast.com\/product\/yoast-seo-wordpress\/ -->\n<title>Le Beverly - Trivec Systems<\/title>\n<meta name=\"description\" content=\"Le Beverly choisit Trivec Handy pour faciliter la prise de commande. Si vous \u00eates d\u00e9j\u00e0 venus \u00e0 Dijon, vous connaissez forc\u00e9ment Le Beverly.\" \/>\n<meta name=\"robots\" content=\"noindex, follow\" \/>\n<meta property=\"og:locale\" content=\"fr_FR\" \/>\n<meta property=\"og:type\" content=\"article\" \/>\n<meta property=\"og:title\" content=\"Le Beverly - Trivec Systems\" \/>\n<meta property=\"og:description\" content=\"Le Beverly choisit Trivec Handy pour faciliter la prise de commande. Si vous \u00eates d\u00e9j\u00e0 venus \u00e0 Dijon, vous connaissez forc\u00e9ment Le Beverly.\" \/>\n<meta property=\"og:url\" content=\"https:\/\/www.trivec.aws-staging.swace.se\/fr\/clients\/le-beverly\/\" \/>\n<meta property=\"og:site_name\" content=\"Trivec\" \/>\n<meta property=\"article:modified_time\" content=\"2023-05-22T12:55:04+00:00\" \/>\n<meta property=\"og:image\" content=\"https:\/\/www.trivec.aws-staging.swace.se\/wp\/uploads\/2022\/09\/Gilbert-Febvay-Le-Beverly-1.jpg\" \/>\n\t<meta property=\"og:image:width\" content=\"2304\" \/>\n\t<meta property=\"og:image:height\" content=\"1440\" \/>\n\t<meta property=\"og:image:type\" content=\"image\/jpeg\" \/>\n<meta name=\"twitter:card\" content=\"summary_large_image\" \/>\n<meta name=\"twitter:label1\" content=\"Dur\u00e9e de lecture estim\u00e9e\" \/>\n\t<meta name=\"twitter:data1\" content=\"3 minutes\" \/>\n<script type=\"application\/ld+json\" class=\"yoast-schema-graph\">{\"@context\":\"https:\/\/schema.org\",\"@graph\":[{\"@type\":\"WebPage\",\"@id\":\"https:\/\/www.trivec.aws-staging.swace.se\/fr\/clients\/le-beverly\/\",\"url\":\"https:\/\/www.trivec.aws-staging.swace.se\/fr\/clients\/le-beverly\/\",\"name\":\"Le Beverly - Trivec Systems\",\"isPartOf\":{\"@id\":\"https:\/\/trivec.aws-staging.swace.se\/#website\"},\"primaryImageOfPage\":{\"@id\":\"https:\/\/www.trivec.aws-staging.swace.se\/fr\/clients\/le-beverly\/#primaryimage\"},\"image\":{\"@id\":\"https:\/\/www.trivec.aws-staging.swace.se\/fr\/clients\/le-beverly\/#primaryimage\"},\"thumbnailUrl\":\"https:\/\/www.trivec.aws-staging.swace.se\/wp\/uploads\/2022\/09\/Gilbert-Febvay-Le-Beverly-1.jpg\",\"datePublished\":\"2022-09-21T08:38:36+00:00\",\"dateModified\":\"2023-05-22T12:55:04+00:00\",\"description\":\"Le Beverly choisit Trivec Handy pour faciliter la prise de commande. Si vous \u00eates d\u00e9j\u00e0 venus \u00e0 Dijon, vous connaissez forc\u00e9ment Le Beverly.\",\"breadcrumb\":{\"@id\":\"https:\/\/www.trivec.aws-staging.swace.se\/fr\/clients\/le-beverly\/#breadcrumb\"},\"inLanguage\":\"fr-FR\",\"potentialAction\":[{\"@type\":\"ReadAction\",\"target\":[\"https:\/\/www.trivec.aws-staging.swace.se\/fr\/clients\/le-beverly\/\"]}]},{\"@type\":\"ImageObject\",\"inLanguage\":\"fr-FR\",\"@id\":\"https:\/\/www.trivec.aws-staging.swace.se\/fr\/clients\/le-beverly\/#primaryimage\",\"url\":\"https:\/\/www.trivec.aws-staging.swace.se\/wp\/uploads\/2022\/09\/Gilbert-Febvay-Le-Beverly-1.jpg\",\"contentUrl\":\"https:\/\/www.trivec.aws-staging.swace.se\/wp\/uploads\/2022\/09\/Gilbert-Febvay-Le-Beverly-1.jpg\",\"width\":2304,\"height\":1440,\"caption\":\"Gilbert-Febvay-Le-Beverly\"},{\"@type\":\"BreadcrumbList\",\"@id\":\"https:\/\/www.trivec.aws-staging.swace.se\/fr\/clients\/le-beverly\/#breadcrumb\",\"itemListElement\":[{\"@type\":\"ListItem\",\"position\":1,\"name\":\"Home\",\"item\":\"https:\/\/www.trivec.aws-staging.swace.se\/fr\/\"},{\"@type\":\"ListItem\",\"position\":2,\"name\":\"Clients\",\"item\":\"https:\/\/trivec.aws-staging.swace.se\/fr\/clients\/\"},{\"@type\":\"ListItem\",\"position\":3,\"name\":\"Le Beverly\"}]},{\"@type\":\"WebSite\",\"@id\":\"https:\/\/trivec.aws-staging.swace.se\/#website\",\"url\":\"https:\/\/trivec.aws-staging.swace.se\/\",\"name\":\"Trivec\",\"description\":\"Caisse Restaurant, Doseur \u00e9lectronique\",\"potentialAction\":[{\"@type\":\"SearchAction\",\"target\":{\"@type\":\"EntryPoint\",\"urlTemplate\":\"https:\/\/trivec.aws-staging.swace.se\/?s={search_term_string}\"},\"query-input\":{\"@type\":\"PropertyValueSpecification\",\"valueRequired\":true,\"valueName\":\"search_term_string\"}}],\"inLanguage\":\"fr-FR\"}]}<\/script>\n<!-- \/ Yoast SEO plugin. -->","yoast_head_json":{"title":"Le Beverly - Trivec Systems","description":"Le Beverly choisit Trivec Handy pour faciliter la prise de commande. Si vous \u00eates d\u00e9j\u00e0 venus \u00e0 Dijon, vous connaissez forc\u00e9ment Le Beverly.","robots":{"index":"noindex","follow":"follow"},"og_locale":"fr_FR","og_type":"article","og_title":"Le Beverly - Trivec Systems","og_description":"Le Beverly choisit Trivec Handy pour faciliter la prise de commande. Si vous \u00eates d\u00e9j\u00e0 venus \u00e0 Dijon, vous connaissez forc\u00e9ment Le Beverly.","og_url":"https:\/\/www.trivec.aws-staging.swace.se\/fr\/clients\/le-beverly\/","og_site_name":"Trivec","article_modified_time":"2023-05-22T12:55:04+00:00","og_image":[{"width":2304,"height":1440,"url":"https:\/\/www.trivec.aws-staging.swace.se\/wp\/uploads\/2022\/09\/Gilbert-Febvay-Le-Beverly-1.jpg","type":"image\/jpeg"}],"twitter_card":"summary_large_image","twitter_misc":{"Dur\u00e9e de lecture estim\u00e9e":"3 minutes"},"schema":{"@context":"https:\/\/schema.org","@graph":[{"@type":"WebPage","@id":"https:\/\/www.trivec.aws-staging.swace.se\/fr\/clients\/le-beverly\/","url":"https:\/\/www.trivec.aws-staging.swace.se\/fr\/clients\/le-beverly\/","name":"Le Beverly - Trivec Systems","isPartOf":{"@id":"https:\/\/trivec.aws-staging.swace.se\/#website"},"primaryImageOfPage":{"@id":"https:\/\/www.trivec.aws-staging.swace.se\/fr\/clients\/le-beverly\/#primaryimage"},"image":{"@id":"https:\/\/www.trivec.aws-staging.swace.se\/fr\/clients\/le-beverly\/#primaryimage"},"thumbnailUrl":"https:\/\/www.trivec.aws-staging.swace.se\/wp\/uploads\/2022\/09\/Gilbert-Febvay-Le-Beverly-1.jpg","datePublished":"2022-09-21T08:38:36+00:00","dateModified":"2023-05-22T12:55:04+00:00","description":"Le Beverly choisit Trivec Handy pour faciliter la prise de commande. Si vous \u00eates d\u00e9j\u00e0 venus \u00e0 Dijon, vous connaissez forc\u00e9ment Le Beverly.","breadcrumb":{"@id":"https:\/\/www.trivec.aws-staging.swace.se\/fr\/clients\/le-beverly\/#breadcrumb"},"inLanguage":"fr-FR","potentialAction":[{"@type":"ReadAction","target":["https:\/\/www.trivec.aws-staging.swace.se\/fr\/clients\/le-beverly\/"]}]},{"@type":"ImageObject","inLanguage":"fr-FR","@id":"https:\/\/www.trivec.aws-staging.swace.se\/fr\/clients\/le-beverly\/#primaryimage","url":"https:\/\/www.trivec.aws-staging.swace.se\/wp\/uploads\/2022\/09\/Gilbert-Febvay-Le-Beverly-1.jpg","contentUrl":"https:\/\/www.trivec.aws-staging.swace.se\/wp\/uploads\/2022\/09\/Gilbert-Febvay-Le-Beverly-1.jpg","width":2304,"height":1440,"caption":"Gilbert-Febvay-Le-Beverly"},{"@type":"BreadcrumbList","@id":"https:\/\/www.trivec.aws-staging.swace.se\/fr\/clients\/le-beverly\/#breadcrumb","itemListElement":[{"@type":"ListItem","position":1,"name":"Home","item":"https:\/\/www.trivec.aws-staging.swace.se\/fr\/"},{"@type":"ListItem","position":2,"name":"Clients","item":"https:\/\/trivec.aws-staging.swace.se\/fr\/clients\/"},{"@type":"ListItem","position":3,"name":"Le Beverly"}]},{"@type":"WebSite","@id":"https:\/\/trivec.aws-staging.swace.se\/#website","url":"https:\/\/trivec.aws-staging.swace.se\/","name":"Trivec","description":"Caisse Restaurant, Doseur \u00e9lectronique","potentialAction":[{"@type":"SearchAction","target":{"@type":"EntryPoint","urlTemplate":"https:\/\/trivec.aws-staging.swace.se\/?s={search_term_string}"},"query-input":{"@type":"PropertyValueSpecification","valueRequired":true,"valueName":"search_term_string"}}],"inLanguage":"fr-FR"}]}},"_links":{"self":[{"href":"https:\/\/www.trivec.aws-staging.swace.se\/fr\/wp-json\/wp\/v2\/pages\/27944","targetHints":{"allow":["GET"]}}],"collection":[{"href":"https:\/\/www.trivec.aws-staging.swace.se\/fr\/wp-json\/wp\/v2\/pages"}],"about":[{"href":"https:\/\/www.trivec.aws-staging.swace.se\/fr\/wp-json\/wp\/v2\/types\/page"}],"author":[{"embeddable":true,"href":"https:\/\/www.trivec.aws-staging.swace.se\/fr\/wp-json\/wp\/v2\/users\/30"}],"replies":[{"embeddable":true,"href":"https:\/\/www.trivec.aws-staging.swace.se\/fr\/wp-json\/wp\/v2\/comments?post=27944"}],"version-history":[{"count":9,"href":"https:\/\/www.trivec.aws-staging.swace.se\/fr\/wp-json\/wp\/v2\/pages\/27944\/revisions"}],"predecessor-version":[{"id":34494,"href":"https:\/\/www.trivec.aws-staging.swace.se\/fr\/wp-json\/wp\/v2\/pages\/27944\/revisions\/34494"}],"up":[{"embeddable":true,"href":"https:\/\/www.trivec.aws-staging.swace.se\/fr\/wp-json\/wp\/v2\/pages\/1098"}],"wp:featuredmedia":[{"embeddable":true,"href":"https:\/\/www.trivec.aws-staging.swace.se\/fr\/wp-json\/wp\/v2\/media\/27945"}],"wp:attachment":[{"href":"https:\/\/www.trivec.aws-staging.swace.se\/fr\/wp-json\/wp\/v2\/media?parent=27944"}],"curies":[{"name":"wp","href":"https:\/\/api.w.org\/{rel}","templated":true}]}}