{"id":35294,"date":"2018-11-27T15:41:01","date_gmt":"2018-11-27T15:41:01","guid":{"rendered":"https:\/\/trivec.aws-staging.swace.se\/contact-2\/"},"modified":"2024-06-10T13:38:44","modified_gmt":"2024-06-10T11:38:44","slug":"contact","status":"publish","type":"page","link":"https:\/\/www.trivec.aws-staging.swace.se\/fr\/contact\/","title":{"rendered":"Contact"},"content":{"rendered":"<div class=\"wpb-content-wrapper\"><p>[vc_row equal_height=\u00a0\u00bbyes\u00a0\u00bb color_scheme=\u00a0\u00bbdark\u00a0\u00bb padding_top=\u00a0\u00bbmedium\u00a0\u00bb padding_bottom=\u00a0\u00bbnone\u00a0\u00bb use_background_image=\u00a0\u00bbyes\u00a0\u00bb background_image_source_selection=\u00a0\u00bbattachment\u00a0\u00bb background_image_attachment=\u00a0\u00bb35091&Prime;][vc_column][vc_row_inner content_placement=\u00a0\u00bbmiddle\u00a0\u00bb][vc_column_inner el_class=\u00a0\u00bbinner-left-element\u00a0\u00bb width=\u00a0\u00bb1\/2&Prime; css=\u00a0\u00bb.vc_custom_1713969741033{padding-right: -15px !important;padding-left: -15px !important;}\u00a0\u00bb][vc_column_text]<strong style=\"color: white;\">Besoin de partager votre \u00e9cran ?<\/strong><\/p>\n<div style=\"color: white;\">T\u00e9l\u00e9chargez le logiciel TeamViewer pour pouvoir partager votre \u00e9cran et recevoir une<br \/>\naide personnalis\u00e9e.<\/div>\n<p>[\/vc_column_text][\/vc_column_inner][vc_column_inner el_class=\u00a0\u00bbinner-right-element\u00a0\u00bb width=\u00a0\u00bb1\/2&Prime; css=\u00a0\u00bb.vc_custom_1713969638219{padding-right: -5px !important;padding-left: -5px !important;}\u00a0\u00bb][vc_btn cta_text_color=\u00a0\u00bbwhite\u00a0\u00bb title=\u00a0\u00bbObtenir TeamViewer\u00a0\u00bb link=\u00a0\u00bburl:https%3A%2F%2Fwww.teamviewer.com%2Fen%2Fdownload%2Ffree-download-with-license-options%2F%3Futm_source%3Dgoogle%26utm_medium%3Dcpc%26utm_campaign%3Dnordics%257Cb%257Cpr%257C22%257Caug%257Ctv-core-brand-only-exact-sn%257Cnew%257Ct0%257C0%26utm_content%3DExact%26utm_term%3Dteamviewer\u00a0\u00bb el_class=\u00a0\u00bbbuttonClass\u00a0\u00bb][\/vc_column_inner][\/vc_row_inner][\/vc_column][\/vc_row][vc_row][vc_column][vc_column_text content_centered=\u00a0\u00bbyes\u00a0\u00bb]<\/p>\n<p style=\"text-align: center; font-size: 32px;\"><strong>Contactez-nous par email<\/strong><\/p>\n<p style=\"text-align: center; font-size: 20px;\"><span dir=\"ltr\" role=\"presentation\">N\u2019h\u00e9sitez pas \u00e0 nous envoyer un email pour nous faire part de vos<\/span><br role=\"presentation\" \/><span dir=\"ltr\" role=\"presentation\">questions. Nous vous r\u00e9pondrons dans un d\u00e9lai d\u2019un jour ouvrable.<\/span><\/p>\n<p style=\"text-align: center; font-size: 16px;\">Service client : <strong>contact@trivec.fr<\/strong><\/p>\n<p>[\/vc_column_text][\/vc_column][\/vc_row][vc_row padding_top=\u00a0\u00bbmedium\u00a0\u00bb padding_bottom=\u00a0\u00bbnone\u00a0\u00bb][vc_column][vc_office_info alternate_styling=\u00a0\u00bbtrue\u00a0\u00bb office_name=\u00a0\u00bbVous souhaitez nous appeler ?\u00a0\u00bb][vc_column_text]<\/p>\n<p style=\"margin-bottom: 12px;\"><span dir=\"ltr\" role=\"presentation\">Service client de 8h30 \u00e0 12h30 et de 14h00 \u00e0 18h00 (17h00 le vendredi),<\/span><br role=\"presentation\" \/><span dir=\"ltr\" role=\"presentation\">et appels d\u2019urgence en dehors des heures d\u2019ouverture :<\/span><\/p>\n<h2>05 57 77 03 10<\/h2>\n<h2><\/h2>\n<p>[\/vc_column_text][\/vc_office_info][\/vc_column][\/vc_row][vc_row equal_height=\u00a0\u00bbyes\u00a0\u00bb color_scheme=\u00a0\u00bbdark\u00a0\u00bb padding_top=\u00a0\u00bbmedium\u00a0\u00bb padding_bottom=\u00a0\u00bbnone\u00a0\u00bb use_background_image=\u00a0\u00bbyes\u00a0\u00bb background_image_source_selection=\u00a0\u00bbattachment\u00a0\u00bb background_image_attachment=\u00a0\u00bb35133&Prime;][vc_column][vc_row_inner content_placement=\u00a0\u00bbmiddle\u00a0\u00bb][vc_column_inner el_class=\u00a0\u00bbinner-left-element-2&Prime; width=\u00a0\u00bb1\/2&Prime; css=\u00a0\u00bb.vc_custom_1714056986794{padding-right: -15px !important;padding-left: -15px !important;}\u00a0\u00bb][vc_column_text]<strong><span dir=\"ltr\" role=\"presentation\">Commandez ici vos bobines de papier thermique et<\/span><\/strong><br role=\"presentation\" \/><strong><span dir=\"ltr\" role=\"presentation\">autres mat\u00e9riels<\/span><\/strong><\/p>\n<div><span dir=\"ltr\" role=\"presentation\">Nous vous proposons un large choix de produits allant des rubans de couleurs aux rouleaux de papier<\/span><br role=\"presentation\" \/><span dir=\"ltr\" role=\"presentation\">thermique.<\/span><\/div>\n<p>[\/vc_column_text][\/vc_column_inner][vc_column_inner el_class=\u00a0\u00bbinner-right-element-2&Prime; width=\u00a0\u00bb1\/2&Prime; css=\u00a0\u00bb.vc_custom_1714042761432{padding-right: -5px !important;padding-left: -5px !important;}\u00a0\u00bb][vc_btn cta_text_color=\u00a0\u00bbwhite\u00a0\u00bb title=\u00a0\u00bbCommander d\u00e8s maintenant\u00a0\u00bb link=\u00a0\u00bburl:https%3A%2F%2Fwww.trivec.se%2Fkontakt%2Fbestallning-av-tillbehor%2F\u00a0\u00bb][\/vc_column_inner][\/vc_row_inner][\/vc_column][\/vc_row][vc_row padding_bottom=\u00a0\u00bbnone\u00a0\u00bb][vc_column][vc_component_intro align=\u00a0\u00bbcenter\u00a0\u00bb preamble=\u00a0\u00bbNous avons des agences en Su\u00e8de, en Norv\u00e8ge, au Danemark, en Belgique et en France.<br \/>\nN\u2019h\u00e9sitez pas \u00e0 nous contacter !\u00a0\u00bb heading_text=\u00a0\u00bbNos bureaux\u00a0\u00bb][\/vc_column][\/vc_row][vc_row][vc_column][vc_row_inner][vc_column_inner width=\u00a0\u00bb1\/2&Prime;][vc_office_info office_name=\u00a0\u00bbStockholm, Sweden\u00a0\u00bb phone_description=\u00a0\u00bbEvenings and weekends\u00a0\u00bb phone_number=\u00a0\u00bb+46 10 150 23 98&Prime;][vc_column_text]H\u00e4stholmsv\u00e4gen 28<br \/>\n131 30 Nacka<\/p>\n<p>+46 10-150 23 00[\/vc_column_text][\/vc_office_info][vc_office_info office_name=\u00a0\u00bbMalm\u00f6, Sweden\u00a0\u00bb phone_description=\u00a0\u00bbEvenings and weekends\u00a0\u00bb phone_number=\u00a0\u00bb+46 10 150 23 98&Prime;][vc_column_text]M\u00e4ster Johansgatan 11<br \/>\n211 21 Malm\u00f6<\/p>\n<p class=\"contact-phone-number h3-variant-l\">+46 10-150 23 00<\/p>\n<p>[\/vc_column_text][\/vc_office_info][\/vc_column_inner][vc_column_inner width=\u00a0\u00bb1\/2&Prime;][vc_office_info office_name=\u00a0\u00bbGothenburg, Sweden\u00a0\u00bb phone_description=\u00a0\u00bbEvenings and weekends\u00a0\u00bb phone_number=\u00a0\u00bb+46 10 150 23 98&Prime;][vc_column_text]Taljeg\u00e5rdsgatan 11<br \/>\n431 53 M\u00f6lndal<\/p>\n<p>+46 10-150 23 00[\/vc_column_text][\/vc_office_info][vc_office_info office_name=\u00a0\u00bbUme\u00e5, Sweden\u00a0\u00bb phone_description=\u00a0\u00bbEvenings and weekends\u00a0\u00bb phone_number=\u00a0\u00bb+46 10 150 23 98&Prime;][vc_column_text]Bryggargatan 35<br \/>\n904 33 Ume\u00e5<\/p>\n<p>+46 10-150 23 00[\/vc_column_text][\/vc_office_info][\/vc_column_inner][\/vc_row_inner][vc_row_inner][vc_column_inner width=\u00a0\u00bb1\/2&Prime;][vc_office_info office_name=\u00a0\u00bbOslo, Norway\u00a0\u00bb phone_description=\u00a0\u00bbOffice number\u00a0\u00bb phone_number=\u00a0\u00bb+47 473 958 59&Prime;][vc_column_text]Sandakerveien 24C inngang D8<br \/>\n0473 Oslo[\/vc_column_text][\/vc_office_info][vc_office_info office_name=\u00a0\u00bbWaterloo, Belgium\u00a0\u00bb phone_description=\u00a0\u00bbOffice number\u00a0\u00bb phone_number=\u00a0\u00bb+32 2 828 08 28&Prime;][vc_column_text]Silversquare Central &#8211; Kantersteen 47<br \/>\n1000 Brussel[\/vc_column_text][\/vc_office_info][\/vc_column_inner][vc_column_inner width=\u00a0\u00bb1\/2&Prime;][vc_office_info office_name=\u00a0\u00bbTurnhout, Belgium\u00a0\u00bb phone_description=\u00a0\u00bbOffice number\u00a0\u00bb phone_number=\u00a0\u00bb+32 14 42 32 37&Prime;][vc_column_text]Slachthuisstraat 120 Bus 11<br \/>\n2300 Turnhout[\/vc_column_text][\/vc_office_info][vc_office_info office_name=\u00a0\u00bbSt-Niklaas, Belgium\u00a0\u00bb phone_description=\u00a0\u00bbOffice number\u00a0\u00bb phone_number=\u00a0\u00bb+32 3 711 09 06&Prime;][vc_column_text]Koningin Astridlaan 41<br \/>\n9100 St-Niklaas[\/vc_column_text][\/vc_office_info][\/vc_column_inner][\/vc_row_inner][vc_row_inner][vc_column_inner width=\u00a0\u00bb1\/2&Prime;][vc_office_info office_name=\u00a0\u00bbBordeaux, France\u00a0\u00bb phone_description=\u00a0\u00bbOffice number\u00a0\u00bb phone_number=\u00a0\u00bb+33 5 57 77 03 10&Prime;][vc_column_text]<strong>Trivec Systems Bordeaux<\/strong><br \/>\n22 Avenue Ferdinand de Lesseps<br \/>\n33610 CANEJAN[\/vc_column_text][\/vc_office_info][\/vc_column_inner][vc_column_inner width=\u00a0\u00bb1\/2&Prime;][vc_office_info office_name=\u00a0\u00bbParis, France\u00a0\u00bb phone_description=\u00a0\u00bbOffice number\u00a0\u00bb phone_number=\u00a0\u00bb+33 5 57 77 03 10&Prime;][vc_column_text]<strong>Trivec Systems Paris<\/strong><br \/>\n29, rue des Peupliers<br \/>\nParc d\u2019Activit\u00e9s des Peupliers<br \/>\nB\u00e2t D<br \/>\n92000 NANTERRE[\/vc_column_text][\/vc_office_info][\/vc_column_inner][\/vc_row_inner][vc_row_inner][vc_column_inner width=\u00a0\u00bb1\/2&Prime;][vc_office_info office_name=\u00a0\u00bbLyon, France\u00a0\u00bb phone_description=\u00a0\u00bbOffice number\u00a0\u00bb phone_number=\u00a0\u00bb+33 5 57 77 03 10&Prime;][vc_column_text]<strong>Trivec Systems Lyon<\/strong><br \/>\nRue du Broteau<br \/>\n69540 Irigny[\/vc_column_text][\/vc_office_info][\/vc_column_inner][vc_column_inner width=\u00a0\u00bb1\/2&Prime;][vc_office_info office_name=\u00a0\u00bbMarseille, France\u00a0\u00bb phone_description=\u00a0\u00bbOffice number\u00a0\u00bb phone_number=\u00a0\u00bb+33 5 57 77 03 10&Prime;][vc_column_text]Trivec Systems Marseille<br \/>\n800 Avenue Ch\u00e2teau de Jouques<br \/>\n13420 G\u00e9menos[\/vc_column_text][\/vc_office_info][\/vc_column_inner][\/vc_row_inner][vc_row_inner][vc_column_inner width=\u00a0\u00bb1\/2&Prime;][vc_office_info office_name=\u00a0\u00bbCopenhagen, Denmark\u00a0\u00bb phone_description=\u00a0\u00bbOffice number\u00a0\u00bb phone_number=\u00a0\u00bb+45 78 70 62 70&Prime;][vc_column_text]Fl\u00e6sketorvet 28,<br \/>\n1711 K\u00f8benhavn V[\/vc_column_text][\/vc_office_info][\/vc_column_inner][\/vc_row_inner][\/vc_column][\/vc_row]<\/p>\n<\/div>","protected":false},"excerpt":{"rendered":"<p>[vc_row equal_height=\u00a0\u00bbyes\u00a0\u00bb color_scheme=\u00a0\u00bbdark\u00a0\u00bb padding_top=\u00a0\u00bbmedium\u00a0\u00bb padding_bottom=\u00a0\u00bbnone\u00a0\u00bb use_background_image=\u00a0\u00bbyes\u00a0\u00bb background_image_source_selection=\u00a0\u00bbattachment\u00a0\u00bb background_image_attachment=\u00a0\u00bb35091&Prime;][vc_column][vc_row_inner content_placement=\u00a0\u00bbmiddle\u00a0\u00bb][vc_column_inner el_class=\u00a0\u00bbinner-left-element\u00a0\u00bb width=\u00a0\u00bb1\/2&Prime; css=\u00a0\u00bb.vc_custom_1713969741033{padding-right: -15px !important;padding-left: -15px !important;}\u00a0\u00bb][vc_column_text]Besoin de partager votre \u00e9cran ? T\u00e9l\u00e9chargez le logiciel TeamViewer pour pouvoir partager votre \u00e9cran et recevoir une aide personnalis\u00e9e. [\/vc_column_text][\/vc_column_inner][vc_column_inner el_class=\u00a0\u00bbinner-right-element\u00a0\u00bb width=\u00a0\u00bb1\/2&Prime; css=\u00a0\u00bb.vc_custom_1713969638219{padding-right: -5px !important;padding-left: -5px !important;}\u00a0\u00bb][vc_btn cta_text_color=\u00a0\u00bbwhite\u00a0\u00bb title=\u00a0\u00bbObtenir TeamViewer\u00a0\u00bb link=\u00a0\u00bburl:https%3A%2F%2Fwww.teamviewer.com%2Fen%2Fdownload%2Ffree-download-with-license-options%2F%3Futm_source%3Dgoogle%26utm_medium%3Dcpc%26utm_campaign%3Dnordics%257Cb%257Cpr%257C22%257Caug%257Ctv-core-brand-only-exact-sn%257Cnew%257Ct0%257C0%26utm_content%3DExact%26utm_term%3Dteamviewer\u00a0\u00bb el_class=\u00a0\u00bbbuttonClass\u00a0\u00bb][\/vc_column_inner][\/vc_row_inner][\/vc_column][\/vc_row][vc_row][vc_column][vc_column_text content_centered=\u00a0\u00bbyes\u00a0\u00bb] Contactez-nous par email N\u2019h\u00e9sitez pas \u00e0 [&hellip;]<\/p>\n","protected":false},"author":1,"featured_media":0,"parent":0,"menu_order":9,"comment_status":"closed","ping_status":"closed","template":"page-hero.php","meta":{"_acf_changed":false,"content-type":"","footnotes":""},"class_list":["post-35294","page","type-page","status-publish","hentry"],"acf":[],"yoast_head":"<!-- This site is optimized with the Yoast SEO plugin v27.2 - https:\/\/yoast.com\/product\/yoast-seo-wordpress\/ -->\n<title>Contact - Trivec<\/title>\n<meta name=\"robots\" content=\"noindex, follow\" \/>\n<meta property=\"og:locale\" content=\"fr_FR\" \/>\n<meta property=\"og:type\" content=\"article\" \/>\n<meta property=\"og:title\" content=\"Contact - Trivec\" \/>\n<meta property=\"og:description\" content=\"[vc_row equal_height=\u00a0\u00bbyes\u00a0\u00bb color_scheme=\u00a0\u00bbdark\u00a0\u00bb padding_top=\u00a0\u00bbmedium\u00a0\u00bb padding_bottom=\u00a0\u00bbnone\u00a0\u00bb use_background_image=\u00a0\u00bbyes\u00a0\u00bb background_image_source_selection=\u00a0\u00bbattachment\u00a0\u00bb background_image_attachment=\u00a0\u00bb35091&Prime;][vc_column][vc_row_inner content_placement=\u00a0\u00bbmiddle\u00a0\u00bb][vc_column_inner el_class=\u00a0\u00bbinner-left-element\u00a0\u00bb width=\u00a0\u00bb1\/2&Prime; css=\u00a0\u00bb.vc_custom_1713969741033{padding-right: -15px !important;padding-left: -15px !important;}\u00a0\u00bb][vc_column_text]Besoin de partager votre \u00e9cran ? T\u00e9l\u00e9chargez le logiciel TeamViewer pour pouvoir partager votre \u00e9cran et recevoir une aide personnalis\u00e9e. [\/vc_column_text][\/vc_column_inner][vc_column_inner el_class=\u00a0\u00bbinner-right-element\u00a0\u00bb width=\u00a0\u00bb1\/2&Prime; css=\u00a0\u00bb.vc_custom_1713969638219{padding-right: -5px !important;padding-left: -5px !important;}\u00a0\u00bb][vc_btn cta_text_color=\u00a0\u00bbwhite\u00a0\u00bb title=\u00a0\u00bbObtenir TeamViewer\u00a0\u00bb link=\u00a0\u00bburl:https%3A%2F%2Fwww.teamviewer.com%2Fen%2Fdownload%2Ffree-download-with-license-options%2F%3Futm_source%3Dgoogle%26utm_medium%3Dcpc%26utm_campaign%3Dnordics%257Cb%257Cpr%257C22%257Caug%257Ctv-core-brand-only-exact-sn%257Cnew%257Ct0%257C0%26utm_content%3DExact%26utm_term%3Dteamviewer\u00a0\u00bb el_class=\u00a0\u00bbbuttonClass\u00a0\u00bb][\/vc_column_inner][\/vc_row_inner][\/vc_column][\/vc_row][vc_row][vc_column][vc_column_text content_centered=\u00a0\u00bbyes\u00a0\u00bb] Contactez-nous par email N\u2019h\u00e9sitez pas \u00e0 [&hellip;]\" \/>\n<meta property=\"og:url\" content=\"https:\/\/www.trivec.aws-staging.swace.se\/fr\/contact\/\" \/>\n<meta property=\"og:site_name\" content=\"Trivec\" \/>\n<meta property=\"article:modified_time\" content=\"2024-06-10T11:38:44+00:00\" \/>\n<meta name=\"twitter:card\" content=\"summary_large_image\" \/>\n<meta name=\"twitter:label1\" content=\"Dur\u00e9e de lecture estim\u00e9e\" \/>\n\t<meta name=\"twitter:data1\" content=\"3 minutes\" \/>\n<script type=\"application\/ld+json\" class=\"yoast-schema-graph\">{\"@context\":\"https:\/\/schema.org\",\"@graph\":[{\"@type\":\"WebPage\",\"@id\":\"https:\/\/www.trivec.aws-staging.swace.se\/fr\/contact\/\",\"url\":\"https:\/\/www.trivec.aws-staging.swace.se\/fr\/contact\/\",\"name\":\"Contact - Trivec\",\"isPartOf\":{\"@id\":\"https:\/\/trivec.aws-staging.swace.se\/#website\"},\"datePublished\":\"2018-11-27T15:41:01+00:00\",\"dateModified\":\"2024-06-10T11:38:44+00:00\",\"breadcrumb\":{\"@id\":\"https:\/\/www.trivec.aws-staging.swace.se\/fr\/contact\/#breadcrumb\"},\"inLanguage\":\"fr-FR\",\"potentialAction\":[{\"@type\":\"ReadAction\",\"target\":[\"https:\/\/www.trivec.aws-staging.swace.se\/fr\/contact\/\"]}]},{\"@type\":\"BreadcrumbList\",\"@id\":\"https:\/\/www.trivec.aws-staging.swace.se\/fr\/contact\/#breadcrumb\",\"itemListElement\":[{\"@type\":\"ListItem\",\"position\":1,\"name\":\"Home\",\"item\":\"https:\/\/www.trivec.aws-staging.swace.se\/fr\/\"},{\"@type\":\"ListItem\",\"position\":2,\"name\":\"Contact\"}]},{\"@type\":\"WebSite\",\"@id\":\"https:\/\/trivec.aws-staging.swace.se\/#website\",\"url\":\"https:\/\/trivec.aws-staging.swace.se\/\",\"name\":\"Trivec\",\"description\":\"Caisse Restaurant, Doseur \u00e9lectronique\",\"potentialAction\":[{\"@type\":\"SearchAction\",\"target\":{\"@type\":\"EntryPoint\",\"urlTemplate\":\"https:\/\/trivec.aws-staging.swace.se\/?s={search_term_string}\"},\"query-input\":{\"@type\":\"PropertyValueSpecification\",\"valueRequired\":true,\"valueName\":\"search_term_string\"}}],\"inLanguage\":\"fr-FR\"}]}<\/script>\n<!-- \/ Yoast SEO plugin. -->","yoast_head_json":{"title":"Contact - Trivec","robots":{"index":"noindex","follow":"follow"},"og_locale":"fr_FR","og_type":"article","og_title":"Contact - Trivec","og_description":"[vc_row equal_height=\u00a0\u00bbyes\u00a0\u00bb color_scheme=\u00a0\u00bbdark\u00a0\u00bb padding_top=\u00a0\u00bbmedium\u00a0\u00bb padding_bottom=\u00a0\u00bbnone\u00a0\u00bb use_background_image=\u00a0\u00bbyes\u00a0\u00bb background_image_source_selection=\u00a0\u00bbattachment\u00a0\u00bb background_image_attachment=\u00a0\u00bb35091&Prime;][vc_column][vc_row_inner content_placement=\u00a0\u00bbmiddle\u00a0\u00bb][vc_column_inner el_class=\u00a0\u00bbinner-left-element\u00a0\u00bb width=\u00a0\u00bb1\/2&Prime; css=\u00a0\u00bb.vc_custom_1713969741033{padding-right: -15px !important;padding-left: -15px !important;}\u00a0\u00bb][vc_column_text]Besoin de partager votre \u00e9cran ? T\u00e9l\u00e9chargez le logiciel TeamViewer pour pouvoir partager votre \u00e9cran et recevoir une aide personnalis\u00e9e. [\/vc_column_text][\/vc_column_inner][vc_column_inner el_class=\u00a0\u00bbinner-right-element\u00a0\u00bb width=\u00a0\u00bb1\/2&Prime; css=\u00a0\u00bb.vc_custom_1713969638219{padding-right: -5px !important;padding-left: -5px !important;}\u00a0\u00bb][vc_btn cta_text_color=\u00a0\u00bbwhite\u00a0\u00bb title=\u00a0\u00bbObtenir TeamViewer\u00a0\u00bb link=\u00a0\u00bburl:https%3A%2F%2Fwww.teamviewer.com%2Fen%2Fdownload%2Ffree-download-with-license-options%2F%3Futm_source%3Dgoogle%26utm_medium%3Dcpc%26utm_campaign%3Dnordics%257Cb%257Cpr%257C22%257Caug%257Ctv-core-brand-only-exact-sn%257Cnew%257Ct0%257C0%26utm_content%3DExact%26utm_term%3Dteamviewer\u00a0\u00bb el_class=\u00a0\u00bbbuttonClass\u00a0\u00bb][\/vc_column_inner][\/vc_row_inner][\/vc_column][\/vc_row][vc_row][vc_column][vc_column_text content_centered=\u00a0\u00bbyes\u00a0\u00bb] Contactez-nous par email N\u2019h\u00e9sitez pas \u00e0 [&hellip;]","og_url":"https:\/\/www.trivec.aws-staging.swace.se\/fr\/contact\/","og_site_name":"Trivec","article_modified_time":"2024-06-10T11:38:44+00:00","twitter_card":"summary_large_image","twitter_misc":{"Dur\u00e9e de lecture estim\u00e9e":"3 minutes"},"schema":{"@context":"https:\/\/schema.org","@graph":[{"@type":"WebPage","@id":"https:\/\/www.trivec.aws-staging.swace.se\/fr\/contact\/","url":"https:\/\/www.trivec.aws-staging.swace.se\/fr\/contact\/","name":"Contact - Trivec","isPartOf":{"@id":"https:\/\/trivec.aws-staging.swace.se\/#website"},"datePublished":"2018-11-27T15:41:01+00:00","dateModified":"2024-06-10T11:38:44+00:00","breadcrumb":{"@id":"https:\/\/www.trivec.aws-staging.swace.se\/fr\/contact\/#breadcrumb"},"inLanguage":"fr-FR","potentialAction":[{"@type":"ReadAction","target":["https:\/\/www.trivec.aws-staging.swace.se\/fr\/contact\/"]}]},{"@type":"BreadcrumbList","@id":"https:\/\/www.trivec.aws-staging.swace.se\/fr\/contact\/#breadcrumb","itemListElement":[{"@type":"ListItem","position":1,"name":"Home","item":"https:\/\/www.trivec.aws-staging.swace.se\/fr\/"},{"@type":"ListItem","position":2,"name":"Contact"}]},{"@type":"WebSite","@id":"https:\/\/trivec.aws-staging.swace.se\/#website","url":"https:\/\/trivec.aws-staging.swace.se\/","name":"Trivec","description":"Caisse Restaurant, Doseur \u00e9lectronique","potentialAction":[{"@type":"SearchAction","target":{"@type":"EntryPoint","urlTemplate":"https:\/\/trivec.aws-staging.swace.se\/?s={search_term_string}"},"query-input":{"@type":"PropertyValueSpecification","valueRequired":true,"valueName":"search_term_string"}}],"inLanguage":"fr-FR"}]}},"_links":{"self":[{"href":"https:\/\/www.trivec.aws-staging.swace.se\/fr\/wp-json\/wp\/v2\/pages\/35294","targetHints":{"allow":["GET"]}}],"collection":[{"href":"https:\/\/www.trivec.aws-staging.swace.se\/fr\/wp-json\/wp\/v2\/pages"}],"about":[{"href":"https:\/\/www.trivec.aws-staging.swace.se\/fr\/wp-json\/wp\/v2\/types\/page"}],"author":[{"embeddable":true,"href":"https:\/\/www.trivec.aws-staging.swace.se\/fr\/wp-json\/wp\/v2\/users\/1"}],"replies":[{"embeddable":true,"href":"https:\/\/www.trivec.aws-staging.swace.se\/fr\/wp-json\/wp\/v2\/comments?post=35294"}],"version-history":[{"count":6,"href":"https:\/\/www.trivec.aws-staging.swace.se\/fr\/wp-json\/wp\/v2\/pages\/35294\/revisions"}],"predecessor-version":[{"id":35353,"href":"https:\/\/www.trivec.aws-staging.swace.se\/fr\/wp-json\/wp\/v2\/pages\/35294\/revisions\/35353"}],"wp:attachment":[{"href":"https:\/\/www.trivec.aws-staging.swace.se\/fr\/wp-json\/wp\/v2\/media?parent=35294"}],"curies":[{"name":"wp","href":"https:\/\/api.w.org\/{rel}","templated":true}]}}