{"id":4622,"date":"2019-03-29T15:58:18","date_gmt":"2019-03-29T14:58:18","guid":{"rendered":"https:\/\/www.trivec.se\/?page_id=4622"},"modified":"2020-10-30T09:46:17","modified_gmt":"2020-10-30T08:46:17","slug":"antwerp-boulevard","status":"publish","type":"page","link":"https:\/\/www.trivec.aws-staging.swace.se\/fr\/clients\/antwerp-boulevard\/","title":{"rendered":"Antwerp Boulevard"},"content":{"rendered":"<div class=\"wpb-content-wrapper\"><p>[vc_row][vc_column][vc_story preamble=\u00a0\u00bbKelly\u2019s Irish Pub, Duke of Antwerp, Salon Duke of Antwerp, Bier Central Anvers et \u2013 depuis peu \u2013 Bier Central Gand&#8230; Ces \u00e9tablissements horeca appartiennent tous au groupe Antwerp Boulevard, dirig\u00e9 par Peter De Clerck. L&rsquo;entreprise prosp\u00e8re depuis plusieurs d\u00e9cennies d\u00e9j\u00e0 et chacun des \u00e9tablissements est \u00e9quip\u00e9 d\u2019un syst\u00e8me de caisse automatis\u00e9 de Trivec.\u00a0\u00bb heading_text=\u00a0\u00bbLe syst\u00e8me de caisse est au c\u0153ur de chaque \u00e9tablissement horeca\u00a0\u00bb]<img loading=\"lazy\" decoding=\"async\" class=\"alignnone size-full wp-image-4560\" src=\"https:\/\/www.fr.trivec.be\/app\/uploads\/\/2019\/03\/antwerpbouleward_case.jpg\" alt=\"Antwerp Bouleward\" width=\"1500\" height=\"1000\" srcset=\"https:\/\/www.trivec.aws-staging.swace.se\/wp\/uploads\/2019\/03\/antwerpbouleward_case.jpg 1500w, https:\/\/www.trivec.aws-staging.swace.se\/wp\/uploads\/2019\/03\/antwerpbouleward_case-300x200.jpg 300w, https:\/\/www.trivec.aws-staging.swace.se\/wp\/uploads\/2019\/03\/antwerpbouleward_case-768x512.jpg 768w, https:\/\/www.trivec.aws-staging.swace.se\/wp\/uploads\/2019\/03\/antwerpbouleward_case-1024x683.jpg 1024w\" sizes=\"auto, (max-width: 1500px) 100vw, 1500px\" \/><\/p>\n<p>\u00ab\u00a0Il y a une quinzaine d&rsquo;ann\u00e9es, j&rsquo;ai voulu automatiser notre syst\u00e8me de caisse. Je m&rsquo;int\u00e9resse de pr\u00e8s aux nouvelles technologies dans l\u2019horeca et j&rsquo;avais entendu parler de la vaste offre d&rsquo;ETC\/Trivec.\u00a0\u00bb<\/p>\n<h3>Contr\u00f4ler le dosage<\/h3>\n<p>Depuis, le syst\u00e8me de caisse Trivec est un \u00e9quipement indispensable dans les \u00e9tablissements de Peter. Selon lui, l&rsquo;avantage majeur en est le contr\u00f4le.<\/p>\n<blockquote><p>Chaque bar est muni d&rsquo;une installation de tirage automatique ainsi que d&rsquo;un syst\u00e8me\u00a0ABC pour contr\u00f4ler le dosage des vins et spiritueux. De plus, je re\u00e7ois un relev\u00e9 quotidien des transactions, m\u00eame des machines \u00e0 caf\u00e9.<\/p><\/blockquote>\n<p>Peter trouve tr\u00e8s utile l&rsquo;instrument de mesure install\u00e9 dans son tout nouvel \u00e9tablissement \u00e0 Gand. \u00ab\u00a0Le bar est \u00e9quip\u00e9 de 33\u00a0pompes. Chaque bi\u00e8re doit \u00eatre servie avec un joli col de mousse, mais le travail doit \u00eatre rapide et efficace aussi. Le d\u00e9bitm\u00e8tre mesure la quantit\u00e9 de bi\u00e8re tir\u00e9e. S&rsquo;il y a de la mousse dans les tuyaux, le syst\u00e8me se bloque automatiquement. Plus aucun probl\u00e8me donc lorsque le f\u00fbt est vide.\u00a0\u00bb<\/p>\n<h3>Amortissement rapide<\/h3>\n<p>Est-ce que l&rsquo;automatisation de la caisse et du bar permet des \u00e9conomies\u00a0?<\/p>\n<blockquote><p>Notre chiffre d&rsquo;affaires annuel s&rsquo;\u00e9l\u00e8ve \u00e0 quelque 7\u00a0millions\u00a0d&rsquo;euros\u00a0net. M\u00eame si l&rsquo;automatisation ne permettait d&rsquo;\u00e9conomiser que 1\u00a0%, nous gagnerions 70\u00a0000\u00a0euros par an.<\/p><\/blockquote>\n<p>\u00ab\u00a0Le co\u00fbt d\u2019un caf\u00e9 non pay\u00e9 d\u00e9passe d&rsquo;ailleurs le prix que le client aurait d\u00fb conc\u00e9der. Car vous avez achet\u00e9 les produits, utilis\u00e9 la vaisselle, pay\u00e9 le personnel, etc.\u00a0\u00bb<\/p>\n<blockquote><p>Je comprends qu&rsquo;un jeune entrepreneur n&rsquo;a pas d&#8217;embl\u00e9e tous les moyens financiers n\u00e9cessaires. Je lui conseille d\u00e8s lors d&rsquo;acheter le mod\u00e8le de base Trivec, pour pouvoir le sophistiquer plus tard. Cela facilite la gestion et le co\u00fbt en est aussit\u00f4t amorti.<\/p><\/blockquote>\n<h3>Service prompt<\/h3>\n<p>Par ailleurs, Peter est tr\u00e8s satisfait du service clients Trivec. \u00ab\u00a0Il y a des ann\u00e9es de cela, un samedi soir, le serveur a crash\u00e9 apr\u00e8s un court-circuit. J&rsquo;ai imm\u00e9diatement appel\u00e9 Trivec. Nous avons pu continuer \u00e0 travailler, car chaque p\u00e9riph\u00e9rique fonctionne de mani\u00e8re autonome. L&rsquo;installateur avait toutes les pi\u00e8ces de rechange avec lui et tout fut r\u00e9par\u00e9 en seulement deux \u00e0 trois heures. Nous envoyons r\u00e9guli\u00e8rement notre personnel en formation sur place. Il re\u00e7oit des explications pratiques ax\u00e9es sur le fonctionnement de nos infrastructures.\u00a0\u00bb<\/p>\n<p>Quels sont les projets\u00a0? \u00ab\u00a0Ce n&rsquo;est pas encore dans les habitudes en Belgique, mais je r\u00e9fl\u00e9chis \u00e0 cr\u00e9er une sorte de kiosque dans la brasserie aux endroits moins fr\u00e9quent\u00e9s par le personnel. Les clients passent eux-m\u00eames leur commande sur l&rsquo;interface et nous leur apportons leurs consommations. Le service est bien plus rapide.\u00a0\u00bb<\/p>\n<p>\u00ab\u00a0Nous investirons probablement aussi dans un syst\u00e8me de stockage virtuel. L&rsquo;automatisation de l&rsquo;inventaire permet d&rsquo;informer le brasseur en temps r\u00e9el. Il nous envoie une proposition de commande qu&rsquo;il suffit d&rsquo;accepter. Un syst\u00e8me autonome est surtout utile \u00e0 Gand. Cela \u00e9vite d&rsquo;envoyer constamment le facility\u00a0manager pour tout compter. Encore une \u00e9conomie\u00a0!\u00a0\u00bb[\/vc_story][\/vc_column][\/vc_row]<\/p>\n<\/div>","protected":false},"excerpt":{"rendered":"<p>[vc_row][vc_column][vc_story preamble=\u00a0\u00bbKelly\u2019s Irish Pub, Duke of Antwerp, Salon Duke of Antwerp, Bier Central Anvers et \u2013 depuis peu \u2013 Bier Central Gand&#8230; Ces \u00e9tablissements horeca appartiennent tous au groupe Antwerp Boulevard, dirig\u00e9 par Peter De Clerck. L&rsquo;entreprise prosp\u00e8re depuis plusieurs d\u00e9cennies d\u00e9j\u00e0 et chacun des \u00e9tablissements est \u00e9quip\u00e9 d\u2019un syst\u00e8me de caisse automatis\u00e9 de Trivec.\u00a0\u00bb [&hellip;]<\/p>\n","protected":false},"author":2,"featured_media":4559,"parent":1098,"menu_order":2,"comment_status":"closed","ping_status":"closed","template":"","meta":{"_acf_changed":false,"content-type":"","footnotes":""},"class_list":["post-4622","page","type-page","status-publish","has-post-thumbnail","hentry"],"acf":[],"yoast_head":"<!-- This site is optimized with the Yoast SEO plugin v27.2 - https:\/\/yoast.com\/product\/yoast-seo-wordpress\/ -->\n<title>Antwerp Boulevard - Trivec<\/title>\n<meta name=\"description\" content=\"D\u00e9couvrez ici pourquoi le groupe Antwerp Boulevard a choisi Trivec comme caisse enregistreuse pour son point de vente.\" \/>\n<meta name=\"robots\" content=\"noindex, follow\" \/>\n<meta property=\"og:locale\" content=\"fr_FR\" \/>\n<meta property=\"og:type\" content=\"article\" \/>\n<meta property=\"og:title\" content=\"Antwerp Boulevard - Trivec\" \/>\n<meta property=\"og:description\" content=\"D\u00e9couvrez ici pourquoi le groupe Antwerp Boulevard a choisi Trivec comme caisse enregistreuse pour son point de vente.\" \/>\n<meta property=\"og:url\" content=\"https:\/\/www.trivec.aws-staging.swace.se\/fr\/clients\/antwerp-boulevard\/\" \/>\n<meta property=\"og:site_name\" content=\"Trivec\" \/>\n<meta property=\"article:modified_time\" content=\"2020-10-30T08:46:17+00:00\" \/>\n<meta property=\"og:image\" content=\"https:\/\/www.trivec.aws-staging.swace.se\/wp\/uploads\/2019\/03\/antwerpbouleward_case.jpg\" \/>\n\t<meta property=\"og:image:width\" content=\"1500\" \/>\n\t<meta property=\"og:image:height\" content=\"1000\" \/>\n\t<meta property=\"og:image:type\" content=\"image\/jpeg\" \/>\n<meta name=\"twitter:card\" content=\"summary_large_image\" \/>\n<meta name=\"twitter:label1\" content=\"Dur\u00e9e de lecture estim\u00e9e\" \/>\n\t<meta name=\"twitter:data1\" content=\"3 minutes\" \/>\n<script type=\"application\/ld+json\" class=\"yoast-schema-graph\">{\"@context\":\"https:\/\/schema.org\",\"@graph\":[{\"@type\":\"WebPage\",\"@id\":\"https:\/\/www.trivec.aws-staging.swace.se\/fr\/clients\/antwerp-boulevard\/\",\"url\":\"https:\/\/www.trivec.aws-staging.swace.se\/fr\/clients\/antwerp-boulevard\/\",\"name\":\"Antwerp Boulevard - Trivec\",\"isPartOf\":{\"@id\":\"https:\/\/trivec.aws-staging.swace.se\/#website\"},\"primaryImageOfPage\":{\"@id\":\"https:\/\/www.trivec.aws-staging.swace.se\/fr\/clients\/antwerp-boulevard\/#primaryimage\"},\"image\":{\"@id\":\"https:\/\/www.trivec.aws-staging.swace.se\/fr\/clients\/antwerp-boulevard\/#primaryimage\"},\"thumbnailUrl\":\"https:\/\/www.trivec.aws-staging.swace.se\/wp\/uploads\/2019\/03\/antwerpbouleward_case.jpg\",\"datePublished\":\"2019-03-29T14:58:18+00:00\",\"dateModified\":\"2020-10-30T08:46:17+00:00\",\"description\":\"D\u00e9couvrez ici pourquoi le groupe Antwerp Boulevard a choisi Trivec comme caisse enregistreuse pour son point de vente.\",\"breadcrumb\":{\"@id\":\"https:\/\/www.trivec.aws-staging.swace.se\/fr\/clients\/antwerp-boulevard\/#breadcrumb\"},\"inLanguage\":\"fr-FR\",\"potentialAction\":[{\"@type\":\"ReadAction\",\"target\":[\"https:\/\/www.trivec.aws-staging.swace.se\/fr\/clients\/antwerp-boulevard\/\"]}]},{\"@type\":\"ImageObject\",\"inLanguage\":\"fr-FR\",\"@id\":\"https:\/\/www.trivec.aws-staging.swace.se\/fr\/clients\/antwerp-boulevard\/#primaryimage\",\"url\":\"https:\/\/www.trivec.aws-staging.swace.se\/wp\/uploads\/2019\/03\/antwerpbouleward_case.jpg\",\"contentUrl\":\"https:\/\/www.trivec.aws-staging.swace.se\/wp\/uploads\/2019\/03\/antwerpbouleward_case.jpg\",\"width\":1500,\"height\":1000,\"caption\":\"Antwerp Bouleward\"},{\"@type\":\"BreadcrumbList\",\"@id\":\"https:\/\/www.trivec.aws-staging.swace.se\/fr\/clients\/antwerp-boulevard\/#breadcrumb\",\"itemListElement\":[{\"@type\":\"ListItem\",\"position\":1,\"name\":\"Home\",\"item\":\"https:\/\/www.trivec.aws-staging.swace.se\/fr\/\"},{\"@type\":\"ListItem\",\"position\":2,\"name\":\"Clients\",\"item\":\"https:\/\/trivec.aws-staging.swace.se\/fr\/clients\/\"},{\"@type\":\"ListItem\",\"position\":3,\"name\":\"Antwerp Boulevard\"}]},{\"@type\":\"WebSite\",\"@id\":\"https:\/\/trivec.aws-staging.swace.se\/#website\",\"url\":\"https:\/\/trivec.aws-staging.swace.se\/\",\"name\":\"Trivec\",\"description\":\"Caisse Restaurant, Doseur \u00e9lectronique\",\"potentialAction\":[{\"@type\":\"SearchAction\",\"target\":{\"@type\":\"EntryPoint\",\"urlTemplate\":\"https:\/\/trivec.aws-staging.swace.se\/?s={search_term_string}\"},\"query-input\":{\"@type\":\"PropertyValueSpecification\",\"valueRequired\":true,\"valueName\":\"search_term_string\"}}],\"inLanguage\":\"fr-FR\"}]}<\/script>\n<!-- \/ Yoast SEO plugin. -->","yoast_head_json":{"title":"Antwerp Boulevard - Trivec","description":"D\u00e9couvrez ici pourquoi le groupe Antwerp Boulevard a choisi Trivec comme caisse enregistreuse pour son point de vente.","robots":{"index":"noindex","follow":"follow"},"og_locale":"fr_FR","og_type":"article","og_title":"Antwerp Boulevard - Trivec","og_description":"D\u00e9couvrez ici pourquoi le groupe Antwerp Boulevard a choisi Trivec comme caisse enregistreuse pour son point de vente.","og_url":"https:\/\/www.trivec.aws-staging.swace.se\/fr\/clients\/antwerp-boulevard\/","og_site_name":"Trivec","article_modified_time":"2020-10-30T08:46:17+00:00","og_image":[{"width":1500,"height":1000,"url":"https:\/\/www.trivec.aws-staging.swace.se\/wp\/uploads\/2019\/03\/antwerpbouleward_case.jpg","type":"image\/jpeg"}],"twitter_card":"summary_large_image","twitter_misc":{"Dur\u00e9e de lecture estim\u00e9e":"3 minutes"},"schema":{"@context":"https:\/\/schema.org","@graph":[{"@type":"WebPage","@id":"https:\/\/www.trivec.aws-staging.swace.se\/fr\/clients\/antwerp-boulevard\/","url":"https:\/\/www.trivec.aws-staging.swace.se\/fr\/clients\/antwerp-boulevard\/","name":"Antwerp Boulevard - Trivec","isPartOf":{"@id":"https:\/\/trivec.aws-staging.swace.se\/#website"},"primaryImageOfPage":{"@id":"https:\/\/www.trivec.aws-staging.swace.se\/fr\/clients\/antwerp-boulevard\/#primaryimage"},"image":{"@id":"https:\/\/www.trivec.aws-staging.swace.se\/fr\/clients\/antwerp-boulevard\/#primaryimage"},"thumbnailUrl":"https:\/\/www.trivec.aws-staging.swace.se\/wp\/uploads\/2019\/03\/antwerpbouleward_case.jpg","datePublished":"2019-03-29T14:58:18+00:00","dateModified":"2020-10-30T08:46:17+00:00","description":"D\u00e9couvrez ici pourquoi le groupe Antwerp Boulevard a choisi Trivec comme caisse enregistreuse pour son point de vente.","breadcrumb":{"@id":"https:\/\/www.trivec.aws-staging.swace.se\/fr\/clients\/antwerp-boulevard\/#breadcrumb"},"inLanguage":"fr-FR","potentialAction":[{"@type":"ReadAction","target":["https:\/\/www.trivec.aws-staging.swace.se\/fr\/clients\/antwerp-boulevard\/"]}]},{"@type":"ImageObject","inLanguage":"fr-FR","@id":"https:\/\/www.trivec.aws-staging.swace.se\/fr\/clients\/antwerp-boulevard\/#primaryimage","url":"https:\/\/www.trivec.aws-staging.swace.se\/wp\/uploads\/2019\/03\/antwerpbouleward_case.jpg","contentUrl":"https:\/\/www.trivec.aws-staging.swace.se\/wp\/uploads\/2019\/03\/antwerpbouleward_case.jpg","width":1500,"height":1000,"caption":"Antwerp Bouleward"},{"@type":"BreadcrumbList","@id":"https:\/\/www.trivec.aws-staging.swace.se\/fr\/clients\/antwerp-boulevard\/#breadcrumb","itemListElement":[{"@type":"ListItem","position":1,"name":"Home","item":"https:\/\/www.trivec.aws-staging.swace.se\/fr\/"},{"@type":"ListItem","position":2,"name":"Clients","item":"https:\/\/trivec.aws-staging.swace.se\/fr\/clients\/"},{"@type":"ListItem","position":3,"name":"Antwerp Boulevard"}]},{"@type":"WebSite","@id":"https:\/\/trivec.aws-staging.swace.se\/#website","url":"https:\/\/trivec.aws-staging.swace.se\/","name":"Trivec","description":"Caisse Restaurant, Doseur \u00e9lectronique","potentialAction":[{"@type":"SearchAction","target":{"@type":"EntryPoint","urlTemplate":"https:\/\/trivec.aws-staging.swace.se\/?s={search_term_string}"},"query-input":{"@type":"PropertyValueSpecification","valueRequired":true,"valueName":"search_term_string"}}],"inLanguage":"fr-FR"}]}},"_links":{"self":[{"href":"https:\/\/www.trivec.aws-staging.swace.se\/fr\/wp-json\/wp\/v2\/pages\/4622","targetHints":{"allow":["GET"]}}],"collection":[{"href":"https:\/\/www.trivec.aws-staging.swace.se\/fr\/wp-json\/wp\/v2\/pages"}],"about":[{"href":"https:\/\/www.trivec.aws-staging.swace.se\/fr\/wp-json\/wp\/v2\/types\/page"}],"author":[{"embeddable":true,"href":"https:\/\/www.trivec.aws-staging.swace.se\/fr\/wp-json\/wp\/v2\/users\/2"}],"replies":[{"embeddable":true,"href":"https:\/\/www.trivec.aws-staging.swace.se\/fr\/wp-json\/wp\/v2\/comments?post=4622"}],"version-history":[{"count":3,"href":"https:\/\/www.trivec.aws-staging.swace.se\/fr\/wp-json\/wp\/v2\/pages\/4622\/revisions"}],"predecessor-version":[{"id":12320,"href":"https:\/\/www.trivec.aws-staging.swace.se\/fr\/wp-json\/wp\/v2\/pages\/4622\/revisions\/12320"}],"up":[{"embeddable":true,"href":"https:\/\/www.trivec.aws-staging.swace.se\/fr\/wp-json\/wp\/v2\/pages\/1098"}],"wp:featuredmedia":[{"embeddable":true,"href":"https:\/\/www.trivec.aws-staging.swace.se\/fr\/wp-json\/wp\/v2\/media\/4559"}],"wp:attachment":[{"href":"https:\/\/www.trivec.aws-staging.swace.se\/fr\/wp-json\/wp\/v2\/media?parent=4622"}],"curies":[{"name":"wp","href":"https:\/\/api.w.org\/{rel}","templated":true}]}}