{"id":7227,"date":"2019-12-09T14:51:46","date_gmt":"2019-12-09T13:51:46","guid":{"rendered":"https:\/\/www.trivec.aws-staging.swace.se\/?page_id=7227"},"modified":"2022-09-26T16:57:19","modified_gmt":"2022-09-26T14:57:19","slug":"hotel-explorers","status":"publish","type":"page","link":"https:\/\/www.trivec.aws-staging.swace.se\/fr\/clients\/hotel-explorers\/","title":{"rendered":"H\u00f4tel Explorers"},"content":{"rendered":"<div class=\"wpb-content-wrapper\"><p>[vc_row][vc_column][vc_story heading_text=\u00a0\u00bbExplorers \u2013 l\u2019h\u00f4tel qui veut un syst\u00e8me de caisse qui \u00e9voluera avec la technologie.\u00a0\u00bb preamble=\u00a0\u00bbL\u2019h\u00f4tel Explorers, cr\u00e9\u00e9 en partenariat avec le parc d\u2019attractions Disneyland Paris, se situe en bord de lac. Plus qu\u2019un simple lieu de s\u00e9jour, c\u2019est un \u00ab petit paradis pour les enfants \u00bb. Ses 390 chambres, aux d\u00e9corations inspir\u00e9es des r\u00eaves d\u2019enfants, offrent un cadre de repos apaisant aux petits comme aux grands, y compris pour les familles nombreuses.\u00a0\u00bb]<img loading=\"lazy\" decoding=\"async\" class=\"alignnone size-full wp-image-7481\" src=\"https:\/\/www.trivec.fr\/wp\/uploads\/2019\/12\/1.jpg\" alt=\"Hotel Explorers\" width=\"1000\" height=\"665\" srcset=\"https:\/\/www.trivec.aws-staging.swace.se\/wp\/uploads\/2019\/12\/1.jpg 1000w, https:\/\/www.trivec.aws-staging.swace.se\/wp\/uploads\/2019\/12\/1-300x200.jpg 300w, https:\/\/www.trivec.aws-staging.swace.se\/wp\/uploads\/2019\/12\/1-768x511.jpg 768w\" sizes=\"auto, (max-width: 1000px) 100vw, 1000px\" \/><\/p>\n<p>Explorers propose \u00e9galement un large choix de restauration, avec sept points de vente :\u00a0 restaurants, snacks, bar. De quoi satisfaire le plus grand nombre !<\/p>\n<p>Avec en moyenne 1200 personnes par jour chaque ann\u00e9e, l&rsquo;h\u00f4tel Explorers se doit d\u2019avoir des \u00e9quipements performants pour permettre aux clients de se restaurer. Explorers a choisi comme point de vente (syst\u00e8me POS), la caisse enregistreuse ainsi que les tablettes tactiles Trivec\u00ae.<\/p>\n<h3><strong>Le choix de <a href=\"https:\/\/www.trivec.fr\/produits\/caisse-enregistreuse-restaurant\/\">caisse enregistreuse<\/a> et POS de Explorers<\/strong><\/h3>\n<p>Michael Hanssens, Directeur de la Restauration au sein de l\u2019h\u00f4tel nous parle des solutions <a href=\"https:\/\/www.trivec.fr\/?utm_source=adwords&amp;utm_term=trivec&amp;utm_campaign=FR-Brand&amp;utm_medium=ppc&amp;hsa_tgt=kwd-297688899058&amp;hsa_kw=trivec&amp;hsa_cam=1724779158&amp;hsa_mt=e&amp;hsa_net=adwords&amp;hsa_ver=3&amp;hsa_src=g&amp;hsa_acc=5043042139&amp;hsa_grp=67652613963&amp;hsa_ad=338646215914&amp;gclid=Cj0KCQiA_rfvBRCPARIsANlV66NAQp4JaRVZyMLgyq8k5_qoWr_W-LqNRuoXkm7iWkGFYN_J21UrhooaAvg6EALw_wcBhttps:\/\/www.trivec.fr\/?utm_source=adwords&amp;utm_term=trivec&amp;utm_campaign=FR-Brand&amp;utm_medium=ppc&amp;hsa_tgt=kwd-297688899058&amp;hsa_kw=trivec&amp;hsa_cam=1724779158&amp;hsa_mt=e&amp;hsa_net=adwords&amp;hsa_ver=3&amp;hsa_src=g&amp;hsa_acc=5043042139&amp;hsa_grp=67652613963&amp;hsa_ad=338646215914&amp;gclid=Cj0KCQiA_rfvBRCPARIsANlV66NAQp4JaRVZyMLgyq8k5_qoWr_W-LqNRuoXkm7iWkGFYN_J21UrhooaAvg6EALw_wcB\">Trivec\u00ae<\/a>.<\/p>\n<blockquote><p>\u00ab Je connaissais d\u00e9j\u00e0 la soci\u00e9t\u00e9 par le biais d\u2019une autre entreprise. C\u2019est un outil performant, qui se d\u00e9veloppe au quotidien. Un syst\u00e8me facile \u00e0 prendre en main, et un contact facilit\u00e9 avec le service commercial et le SAV \u00bb<\/p><\/blockquote>\n<p>D\u00e9couvert gr\u00e2ce au \u00ab bouche \u00e0 oreille entre professionnels et sur le salon Equiph\u00f4tel \u00bb Explorers cherchait avant tout \u00e0 \u00ab am\u00e9liorer son syst\u00e8me de caisse \u00bb pour offrir \u00e0 ses clients les meilleures exp\u00e9riences possibles.<\/p>\n<p>L\u2019h\u00f4tel a simplifi\u00e9 le s\u00e9jour de leurs clients, avec le transfert de la facturation de leurs nombreux restaurants \u00e0 la chambre, rendu possible par la solution Trivec\u00ae. Explorers utilise \u00e9galement le syst\u00e8me d\u2019automatision de bar avec des<a href=\"https:\/\/www.trivec.fr\/produits\/doseur-electronique\/\"> doseurs \u00e9lectroniques<\/a> qui permettent de contr\u00f4ler le d\u00e9bit des boissons, la gestion des volumes et des quantit\u00e9s servies.<\/p>\n<h3><strong>\u00a0<\/strong><\/h3>\n<h3><strong>Les derni\u00e8res technologies de caisse CHR<\/strong><\/h3>\n<p>Avec l\u2019arriv\u00e9e des nouvelles solutions technologiques int\u00e9gr\u00e9es aux caisses enregistreuses, Explorers a d\u00fb s\u2019adapter au march\u00e9, afin de relever diff\u00e9rents d\u00e9fis. Notamment celui de <em>\u00ab cr\u00e9er un nouveau point de vente informatis\u00e9, \u00e0 l\u2019aide de tablettes num\u00e9riques \u00bb.<\/em> Les <a href=\"https:\/\/www.trivec.fr\/produits\/caisse-enregistreuse-restaurant\/caisse-enregistreuse-mobile\/\">tablettes tactiles<\/a> en compl\u00e9ment de la caisse enregistreuse, r\u00e9volutionnent la mani\u00e8re dont Explorers g\u00e8re son \u00e9tablissement au quotidien. Il gagne non seulement du temps, mais il augmente \u00e9galement sa productivit\u00e9 et r\u00e9duit ses co\u00fbts.<\/p>\n<p>Explorers n\u2019a donc plus rien \u00e0 prouver en tant qu\u2019h\u00f4tel partenaire leader de Disneyland Paris, si ce n\u2019est qu\u2019\u00e0 l\u2019avenir, il souhaiterait poursuivre son d\u00e9veloppement technologique, comme il l\u2019a fait pour ses solutions d\u2019encaissement.<\/p>\n<blockquote><p>\u00ab Un syst\u00e8me de caisse qui \u00e9voluera comme nous \u00e9voluons avec la technologie \u00bb<\/p><\/blockquote>\n<p><a href=\"https:\/\/www.explorershotels.com\/?Hotelnames=FRPARExplorers&amp;d=30d-xppc&amp;partner=FB-PACK-PPC-15&amp;campaignId=622432514%7C30175879615%7Ckwd-kwd-22236733&amp;device=c&amp;network=google&amp;gclid=CjwKCAiAob3vBRAUEiwAIbs5Tt3hrm-pu7YtvkaZqIwe7Bm2jzab7PO7fHWa59y3TPZR4C-oQlVv5BoCU0oQAvD_BwE\">Visitez le site d&rsquo;Explorers<\/a><\/p>\n<p><a href=\"https:\/\/www.trivec.fr\/clients\/\">D\u00e9couvrez plus de cas clients ici \u00bb<\/a>[\/vc_story][\/vc_column][\/vc_row]<\/p>\n<\/div>","protected":false},"excerpt":{"rendered":"<p>[vc_row][vc_column][vc_story heading_text=\u00a0\u00bbExplorers \u2013 l\u2019h\u00f4tel qui veut un syst\u00e8me de caisse qui \u00e9voluera avec la technologie.\u00a0\u00bb preamble=\u00a0\u00bbL\u2019h\u00f4tel Explorers, cr\u00e9\u00e9 en partenariat avec le parc d\u2019attractions Disneyland Paris, se situe en bord de lac. Plus qu\u2019un simple lieu de s\u00e9jour, c\u2019est un \u00ab petit paradis pour les enfants \u00bb. Ses 390 chambres, aux d\u00e9corations inspir\u00e9es des r\u00eaves [&hellip;]<\/p>\n","protected":false},"author":1,"featured_media":7481,"parent":1098,"menu_order":0,"comment_status":"closed","ping_status":"closed","template":"","meta":{"_acf_changed":false,"content-type":"","footnotes":""},"class_list":["post-7227","page","type-page","status-publish","has-post-thumbnail","hentry"],"acf":[],"yoast_head":"<!-- This site is optimized with the Yoast SEO plugin v27.2 - https:\/\/yoast.com\/product\/yoast-seo-wordpress\/ -->\n<title>H\u00f4tel Explorers - Trivec<\/title>\n<meta name=\"description\" content=\"D\u00e9couvrez dans cet article pourquoi l&#039;h\u00f4tel Explorers, qui se situe \u00e0 deux pas de Disneyland Paris, a choisi Trivec comme solution de caisse enregistreuse.\" \/>\n<meta name=\"robots\" content=\"noindex, follow\" \/>\n<meta property=\"og:locale\" content=\"fr_FR\" \/>\n<meta property=\"og:type\" content=\"article\" \/>\n<meta property=\"og:title\" content=\"H\u00f4tel Explorers - Trivec\" \/>\n<meta property=\"og:description\" content=\"D\u00e9couvrez dans cet article pourquoi l&#039;h\u00f4tel Explorers, qui se situe \u00e0 deux pas de Disneyland Paris, a choisi Trivec comme solution de caisse enregistreuse.\" \/>\n<meta property=\"og:url\" content=\"https:\/\/www.trivec.aws-staging.swace.se\/fr\/clients\/hotel-explorers\/\" \/>\n<meta property=\"og:site_name\" content=\"Trivec\" \/>\n<meta property=\"article:modified_time\" content=\"2022-09-26T14:57:19+00:00\" \/>\n<meta property=\"og:image\" content=\"https:\/\/www.trivec.aws-staging.swace.se\/wp\/uploads\/2019\/12\/1.jpg\" \/>\n\t<meta property=\"og:image:width\" content=\"1000\" \/>\n\t<meta property=\"og:image:height\" content=\"665\" \/>\n\t<meta property=\"og:image:type\" content=\"image\/jpeg\" \/>\n<meta name=\"twitter:card\" content=\"summary_large_image\" \/>\n<meta name=\"twitter:label1\" content=\"Dur\u00e9e de lecture estim\u00e9e\" \/>\n\t<meta name=\"twitter:data1\" content=\"3 minutes\" \/>\n<script type=\"application\/ld+json\" class=\"yoast-schema-graph\">{\"@context\":\"https:\/\/schema.org\",\"@graph\":[{\"@type\":\"WebPage\",\"@id\":\"https:\/\/www.trivec.aws-staging.swace.se\/fr\/clients\/hotel-explorers\/\",\"url\":\"https:\/\/www.trivec.aws-staging.swace.se\/fr\/clients\/hotel-explorers\/\",\"name\":\"H\u00f4tel Explorers - Trivec\",\"isPartOf\":{\"@id\":\"https:\/\/trivec.aws-staging.swace.se\/#website\"},\"primaryImageOfPage\":{\"@id\":\"https:\/\/www.trivec.aws-staging.swace.se\/fr\/clients\/hotel-explorers\/#primaryimage\"},\"image\":{\"@id\":\"https:\/\/www.trivec.aws-staging.swace.se\/fr\/clients\/hotel-explorers\/#primaryimage\"},\"thumbnailUrl\":\"https:\/\/www.trivec.aws-staging.swace.se\/wp\/uploads\/2019\/12\/1.jpg\",\"datePublished\":\"2019-12-09T13:51:46+00:00\",\"dateModified\":\"2022-09-26T14:57:19+00:00\",\"description\":\"D\u00e9couvrez dans cet article pourquoi l'h\u00f4tel Explorers, qui se situe \u00e0 deux pas de Disneyland Paris, a choisi Trivec comme solution de caisse enregistreuse.\",\"breadcrumb\":{\"@id\":\"https:\/\/www.trivec.aws-staging.swace.se\/fr\/clients\/hotel-explorers\/#breadcrumb\"},\"inLanguage\":\"fr-FR\",\"potentialAction\":[{\"@type\":\"ReadAction\",\"target\":[\"https:\/\/www.trivec.aws-staging.swace.se\/fr\/clients\/hotel-explorers\/\"]}]},{\"@type\":\"ImageObject\",\"inLanguage\":\"fr-FR\",\"@id\":\"https:\/\/www.trivec.aws-staging.swace.se\/fr\/clients\/hotel-explorers\/#primaryimage\",\"url\":\"https:\/\/www.trivec.aws-staging.swace.se\/wp\/uploads\/2019\/12\/1.jpg\",\"contentUrl\":\"https:\/\/www.trivec.aws-staging.swace.se\/wp\/uploads\/2019\/12\/1.jpg\",\"width\":1000,\"height\":665,\"caption\":\"Hotel Explorers\"},{\"@type\":\"BreadcrumbList\",\"@id\":\"https:\/\/www.trivec.aws-staging.swace.se\/fr\/clients\/hotel-explorers\/#breadcrumb\",\"itemListElement\":[{\"@type\":\"ListItem\",\"position\":1,\"name\":\"Home\",\"item\":\"https:\/\/www.trivec.aws-staging.swace.se\/fr\/\"},{\"@type\":\"ListItem\",\"position\":2,\"name\":\"Clients\",\"item\":\"https:\/\/trivec.aws-staging.swace.se\/fr\/clients\/\"},{\"@type\":\"ListItem\",\"position\":3,\"name\":\"H\u00f4tel Explorers\"}]},{\"@type\":\"WebSite\",\"@id\":\"https:\/\/trivec.aws-staging.swace.se\/#website\",\"url\":\"https:\/\/trivec.aws-staging.swace.se\/\",\"name\":\"Trivec\",\"description\":\"Caisse Restaurant, Doseur \u00e9lectronique\",\"potentialAction\":[{\"@type\":\"SearchAction\",\"target\":{\"@type\":\"EntryPoint\",\"urlTemplate\":\"https:\/\/trivec.aws-staging.swace.se\/?s={search_term_string}\"},\"query-input\":{\"@type\":\"PropertyValueSpecification\",\"valueRequired\":true,\"valueName\":\"search_term_string\"}}],\"inLanguage\":\"fr-FR\"}]}<\/script>\n<!-- \/ Yoast SEO plugin. -->","yoast_head_json":{"title":"H\u00f4tel Explorers - Trivec","description":"D\u00e9couvrez dans cet article pourquoi l'h\u00f4tel Explorers, qui se situe \u00e0 deux pas de Disneyland Paris, a choisi Trivec comme solution de caisse enregistreuse.","robots":{"index":"noindex","follow":"follow"},"og_locale":"fr_FR","og_type":"article","og_title":"H\u00f4tel Explorers - Trivec","og_description":"D\u00e9couvrez dans cet article pourquoi l'h\u00f4tel Explorers, qui se situe \u00e0 deux pas de Disneyland Paris, a choisi Trivec comme solution de caisse enregistreuse.","og_url":"https:\/\/www.trivec.aws-staging.swace.se\/fr\/clients\/hotel-explorers\/","og_site_name":"Trivec","article_modified_time":"2022-09-26T14:57:19+00:00","og_image":[{"width":1000,"height":665,"url":"https:\/\/www.trivec.aws-staging.swace.se\/wp\/uploads\/2019\/12\/1.jpg","type":"image\/jpeg"}],"twitter_card":"summary_large_image","twitter_misc":{"Dur\u00e9e de lecture estim\u00e9e":"3 minutes"},"schema":{"@context":"https:\/\/schema.org","@graph":[{"@type":"WebPage","@id":"https:\/\/www.trivec.aws-staging.swace.se\/fr\/clients\/hotel-explorers\/","url":"https:\/\/www.trivec.aws-staging.swace.se\/fr\/clients\/hotel-explorers\/","name":"H\u00f4tel Explorers - Trivec","isPartOf":{"@id":"https:\/\/trivec.aws-staging.swace.se\/#website"},"primaryImageOfPage":{"@id":"https:\/\/www.trivec.aws-staging.swace.se\/fr\/clients\/hotel-explorers\/#primaryimage"},"image":{"@id":"https:\/\/www.trivec.aws-staging.swace.se\/fr\/clients\/hotel-explorers\/#primaryimage"},"thumbnailUrl":"https:\/\/www.trivec.aws-staging.swace.se\/wp\/uploads\/2019\/12\/1.jpg","datePublished":"2019-12-09T13:51:46+00:00","dateModified":"2022-09-26T14:57:19+00:00","description":"D\u00e9couvrez dans cet article pourquoi l'h\u00f4tel Explorers, qui se situe \u00e0 deux pas de Disneyland Paris, a choisi Trivec comme solution de caisse enregistreuse.","breadcrumb":{"@id":"https:\/\/www.trivec.aws-staging.swace.se\/fr\/clients\/hotel-explorers\/#breadcrumb"},"inLanguage":"fr-FR","potentialAction":[{"@type":"ReadAction","target":["https:\/\/www.trivec.aws-staging.swace.se\/fr\/clients\/hotel-explorers\/"]}]},{"@type":"ImageObject","inLanguage":"fr-FR","@id":"https:\/\/www.trivec.aws-staging.swace.se\/fr\/clients\/hotel-explorers\/#primaryimage","url":"https:\/\/www.trivec.aws-staging.swace.se\/wp\/uploads\/2019\/12\/1.jpg","contentUrl":"https:\/\/www.trivec.aws-staging.swace.se\/wp\/uploads\/2019\/12\/1.jpg","width":1000,"height":665,"caption":"Hotel Explorers"},{"@type":"BreadcrumbList","@id":"https:\/\/www.trivec.aws-staging.swace.se\/fr\/clients\/hotel-explorers\/#breadcrumb","itemListElement":[{"@type":"ListItem","position":1,"name":"Home","item":"https:\/\/www.trivec.aws-staging.swace.se\/fr\/"},{"@type":"ListItem","position":2,"name":"Clients","item":"https:\/\/trivec.aws-staging.swace.se\/fr\/clients\/"},{"@type":"ListItem","position":3,"name":"H\u00f4tel Explorers"}]},{"@type":"WebSite","@id":"https:\/\/trivec.aws-staging.swace.se\/#website","url":"https:\/\/trivec.aws-staging.swace.se\/","name":"Trivec","description":"Caisse Restaurant, Doseur \u00e9lectronique","potentialAction":[{"@type":"SearchAction","target":{"@type":"EntryPoint","urlTemplate":"https:\/\/trivec.aws-staging.swace.se\/?s={search_term_string}"},"query-input":{"@type":"PropertyValueSpecification","valueRequired":true,"valueName":"search_term_string"}}],"inLanguage":"fr-FR"}]}},"_links":{"self":[{"href":"https:\/\/www.trivec.aws-staging.swace.se\/fr\/wp-json\/wp\/v2\/pages\/7227","targetHints":{"allow":["GET"]}}],"collection":[{"href":"https:\/\/www.trivec.aws-staging.swace.se\/fr\/wp-json\/wp\/v2\/pages"}],"about":[{"href":"https:\/\/www.trivec.aws-staging.swace.se\/fr\/wp-json\/wp\/v2\/types\/page"}],"author":[{"embeddable":true,"href":"https:\/\/www.trivec.aws-staging.swace.se\/fr\/wp-json\/wp\/v2\/users\/1"}],"replies":[{"embeddable":true,"href":"https:\/\/www.trivec.aws-staging.swace.se\/fr\/wp-json\/wp\/v2\/comments?post=7227"}],"version-history":[{"count":11,"href":"https:\/\/www.trivec.aws-staging.swace.se\/fr\/wp-json\/wp\/v2\/pages\/7227\/revisions"}],"predecessor-version":[{"id":28121,"href":"https:\/\/www.trivec.aws-staging.swace.se\/fr\/wp-json\/wp\/v2\/pages\/7227\/revisions\/28121"}],"up":[{"embeddable":true,"href":"https:\/\/www.trivec.aws-staging.swace.se\/fr\/wp-json\/wp\/v2\/pages\/1098"}],"wp:featuredmedia":[{"embeddable":true,"href":"https:\/\/www.trivec.aws-staging.swace.se\/fr\/wp-json\/wp\/v2\/media\/7481"}],"wp:attachment":[{"href":"https:\/\/www.trivec.aws-staging.swace.se\/fr\/wp-json\/wp\/v2\/media?parent=7227"}],"curies":[{"name":"wp","href":"https:\/\/api.w.org\/{rel}","templated":true}]}}