{"id":1102,"date":"2018-12-05T14:37:03","date_gmt":"2018-12-05T14:37:03","guid":{"rendered":"https:\/\/www.trivec.se\/kunder\/"},"modified":"2023-03-31T08:22:45","modified_gmt":"2023-03-31T06:22:45","slug":"kunder","status":"publish","type":"page","link":"https:\/\/www.trivec.aws-staging.swace.se\/no\/kunder\/","title":{"rendered":"Kunder"},"content":{"rendered":"<div class=\"wpb-content-wrapper\"><p>[vc_row equal_height=&raquo;yes&raquo; color_scheme=&raquo;dark&raquo;][vc_column][vc_component_intro align=&raquo;center&raquo; heading_text=&raquo;Du er i godt selskap&raquo; preamble=&raquo;Vi har over 8000 kunder i hele Europa, fra restauranter, barer og nattklubber til st\u00f8rre restauranter og hotellkjeder.&raquo;][vc_basic_grid post_type=&raquo;ids&raquo; gap=&raquo;10&#8243; grid_id=&raquo;vc_gid:1680243742287-d4231034-34dc-3&#8243; include=&raquo;33190, 29029, 27817, 11635, 130, 131&#8243;][\/vc_column][\/vc_row][vc_row][vc_column][vc_component_intro align=&raquo;center&raquo; heading_text=&raquo;Noen av v\u00e5re kunder&raquo;][vc_row_inner][vc_column_inner width=&raquo;1\/3&#8243;][vc_single_image image=&raquo;24919&#8243; alignment=&raquo;center&raquo;][\/vc_column_inner][vc_column_inner width=&raquo;1\/3&#8243;][vc_single_image image=&raquo;3794&#8243; alignment=&raquo;center&raquo;][\/vc_column_inner][vc_column_inner width=&raquo;1\/3&#8243;][vc_single_image image=&raquo;3745&#8243; alignment=&raquo;center&raquo;][\/vc_column_inner][\/vc_row_inner][vc_row_inner][vc_column_inner width=&raquo;1\/3&#8243;][vc_single_image image=&raquo;3752&#8243; alignment=&raquo;center&raquo;][\/vc_column_inner][vc_column_inner width=&raquo;1\/3&#8243;][vc_single_image image=&raquo;3787&#8243; alignment=&raquo;center&raquo;][\/vc_column_inner][vc_column_inner width=&raquo;1\/3&#8243;][vc_single_image image=&raquo;3780&#8243; alignment=&raquo;center&raquo;][\/vc_column_inner][\/vc_row_inner][vc_row_inner][vc_column_inner width=&raquo;1\/3&#8243;][vc_single_image image=&raquo;3773&#8243; alignment=&raquo;center&raquo;][\/vc_column_inner][vc_column_inner width=&raquo;1\/3&#8243;][vc_single_image image=&raquo;3766&#8243; alignment=&raquo;center&raquo;][\/vc_column_inner][vc_column_inner width=&raquo;1\/3&#8243;][vc_single_image image=&raquo;625&#8243; alignment=&raquo;center&raquo;][\/vc_column_inner][\/vc_row_inner][vc_row_inner][vc_column_inner width=&raquo;1\/3&#8243;][vc_single_image image=&raquo;631&#8243; alignment=&raquo;center&raquo;][\/vc_column_inner][vc_column_inner width=&raquo;1\/3&#8243;][vc_single_image image=&raquo;3759&#8243; alignment=&raquo;center&raquo;][\/vc_column_inner][vc_column_inner width=&raquo;1\/3&#8243;][vc_single_image image=&raquo;3738&#8243; alignment=&raquo;center&raquo;][\/vc_column_inner][\/vc_row_inner][\/vc_column][\/vc_row]<\/p>\n<\/div>","protected":false},"excerpt":{"rendered":"<p>[vc_row equal_height=&raquo;yes&raquo; color_scheme=&raquo;dark&raquo;][vc_column][vc_component_intro align=&raquo;center&raquo; heading_text=&raquo;Du er i godt selskap&raquo; preamble=&raquo;Vi har over 8000 kunder i hele Europa, fra restauranter, barer og nattklubber til st\u00f8rre restauranter og hotellkjeder.&raquo;][vc_basic_grid post_type=&raquo;ids&raquo; gap=&raquo;10&#8243; grid_id=&raquo;vc_gid:1680243742287-d4231034-34dc-3&#8243; include=&raquo;33190, 29029, 27817, 11635, 130, 131&#8243;][\/vc_column][\/vc_row][vc_row][vc_column][vc_component_intro align=&raquo;center&raquo; heading_text=&raquo;Noen av v\u00e5re kunder&raquo;][vc_row_inner][vc_column_inner width=&raquo;1\/3&#8243;][vc_single_image image=&raquo;24919&#8243; alignment=&raquo;center&raquo;][\/vc_column_inner][vc_column_inner width=&raquo;1\/3&#8243;][vc_single_image image=&raquo;3794&#8243; alignment=&raquo;center&raquo;][\/vc_column_inner][vc_column_inner width=&raquo;1\/3&#8243;][vc_single_image image=&raquo;3745&#8243; alignment=&raquo;center&raquo;][\/vc_column_inner][\/vc_row_inner][vc_row_inner][vc_column_inner width=&raquo;1\/3&#8243;][vc_single_image image=&raquo;3752&#8243; alignment=&raquo;center&raquo;][\/vc_column_inner][vc_column_inner width=&raquo;1\/3&#8243;][vc_single_image image=&raquo;3787&#8243; [&hellip;]<\/p>\n","protected":false},"author":2,"featured_media":0,"parent":0,"menu_order":12,"comment_status":"closed","ping_status":"closed","template":"","meta":{"_acf_changed":false,"content-type":"","footnotes":""},"class_list":["post-1102","page","type-page","status-publish","hentry"],"acf":[],"yoast_head":"<!-- This site is optimized with the Yoast SEO plugin v27.2 - https:\/\/yoast.com\/product\/yoast-seo-wordpress\/ -->\n<title>Kunder - Trivec<\/title>\n<meta name=\"description\" content=\"Vi har over 7000 kunder i hele Europa, fra sm\u00e5 kaf\u00e9er og barer til st\u00f8rre restauranter og hotellkjeder. Her forteller de om v\u00e5rt samarbeid.\" \/>\n<meta name=\"robots\" content=\"noindex, follow\" \/>\n<meta property=\"og:locale\" content=\"nb_NO\" \/>\n<meta property=\"og:type\" content=\"article\" \/>\n<meta property=\"og:title\" content=\"Kunder - Trivec\" \/>\n<meta property=\"og:description\" content=\"Vi har over 7000 kunder i hele Europa, fra sm\u00e5 kaf\u00e9er og barer til st\u00f8rre restauranter og hotellkjeder. Her forteller de om v\u00e5rt samarbeid.\" \/>\n<meta property=\"og:url\" content=\"https:\/\/www.trivec.aws-staging.swace.se\/no\/kunder\/\" \/>\n<meta property=\"og:site_name\" content=\"Trivec\" \/>\n<meta property=\"article:modified_time\" content=\"2023-03-31T06:22:45+00:00\" \/>\n<meta name=\"twitter:card\" content=\"summary_large_image\" \/>\n<meta name=\"twitter:label1\" content=\"Ansl. lesetid\" \/>\n\t<meta name=\"twitter:data1\" content=\"1 minutt\" \/>\n<script type=\"application\/ld+json\" class=\"yoast-schema-graph\">{\"@context\":\"https:\/\/schema.org\",\"@graph\":[{\"@type\":\"WebPage\",\"@id\":\"https:\/\/www.trivec.aws-staging.swace.se\/no\/kunder\/\",\"url\":\"https:\/\/www.trivec.aws-staging.swace.se\/no\/kunder\/\",\"name\":\"Kunder - Trivec\",\"isPartOf\":{\"@id\":\"https:\/\/trivec.aws-staging.swace.se\/#website\"},\"datePublished\":\"2018-12-05T14:37:03+00:00\",\"dateModified\":\"2023-03-31T06:22:45+00:00\",\"description\":\"Vi har over 7000 kunder i hele Europa, fra sm\u00e5 kaf\u00e9er og barer til st\u00f8rre restauranter og hotellkjeder. Her forteller de om v\u00e5rt samarbeid.\",\"breadcrumb\":{\"@id\":\"https:\/\/www.trivec.aws-staging.swace.se\/no\/kunder\/#breadcrumb\"},\"inLanguage\":\"nb-NO\",\"potentialAction\":[{\"@type\":\"ReadAction\",\"target\":[\"https:\/\/www.trivec.aws-staging.swace.se\/no\/kunder\/\"]}]},{\"@type\":\"BreadcrumbList\",\"@id\":\"https:\/\/www.trivec.aws-staging.swace.se\/no\/kunder\/#breadcrumb\",\"itemListElement\":[{\"@type\":\"ListItem\",\"position\":1,\"name\":\"Home\",\"item\":\"https:\/\/trivec.aws-staging.swace.se\/no\/\"},{\"@type\":\"ListItem\",\"position\":2,\"name\":\"Kunder\"}]},{\"@type\":\"WebSite\",\"@id\":\"https:\/\/trivec.aws-staging.swace.se\/#website\",\"url\":\"https:\/\/trivec.aws-staging.swace.se\/\",\"name\":\"Trivec\",\"description\":\"Markedsledende kassasystemer til restauranter, barer og hotell\",\"potentialAction\":[{\"@type\":\"SearchAction\",\"target\":{\"@type\":\"EntryPoint\",\"urlTemplate\":\"https:\/\/trivec.aws-staging.swace.se\/?s={search_term_string}\"},\"query-input\":{\"@type\":\"PropertyValueSpecification\",\"valueRequired\":true,\"valueName\":\"search_term_string\"}}],\"inLanguage\":\"nb-NO\"}]}<\/script>\n<!-- \/ Yoast SEO plugin. -->","yoast_head_json":{"title":"Kunder - Trivec","description":"Vi har over 7000 kunder i hele Europa, fra sm\u00e5 kaf\u00e9er og barer til st\u00f8rre restauranter og hotellkjeder. Her forteller de om v\u00e5rt samarbeid.","robots":{"index":"noindex","follow":"follow"},"og_locale":"nb_NO","og_type":"article","og_title":"Kunder - Trivec","og_description":"Vi har over 7000 kunder i hele Europa, fra sm\u00e5 kaf\u00e9er og barer til st\u00f8rre restauranter og hotellkjeder. Her forteller de om v\u00e5rt samarbeid.","og_url":"https:\/\/www.trivec.aws-staging.swace.se\/no\/kunder\/","og_site_name":"Trivec","article_modified_time":"2023-03-31T06:22:45+00:00","twitter_card":"summary_large_image","twitter_misc":{"Ansl. lesetid":"1 minutt"},"schema":{"@context":"https:\/\/schema.org","@graph":[{"@type":"WebPage","@id":"https:\/\/www.trivec.aws-staging.swace.se\/no\/kunder\/","url":"https:\/\/www.trivec.aws-staging.swace.se\/no\/kunder\/","name":"Kunder - Trivec","isPartOf":{"@id":"https:\/\/trivec.aws-staging.swace.se\/#website"},"datePublished":"2018-12-05T14:37:03+00:00","dateModified":"2023-03-31T06:22:45+00:00","description":"Vi har over 7000 kunder i hele Europa, fra sm\u00e5 kaf\u00e9er og barer til st\u00f8rre restauranter og hotellkjeder. Her forteller de om v\u00e5rt samarbeid.","breadcrumb":{"@id":"https:\/\/www.trivec.aws-staging.swace.se\/no\/kunder\/#breadcrumb"},"inLanguage":"nb-NO","potentialAction":[{"@type":"ReadAction","target":["https:\/\/www.trivec.aws-staging.swace.se\/no\/kunder\/"]}]},{"@type":"BreadcrumbList","@id":"https:\/\/www.trivec.aws-staging.swace.se\/no\/kunder\/#breadcrumb","itemListElement":[{"@type":"ListItem","position":1,"name":"Home","item":"https:\/\/trivec.aws-staging.swace.se\/no\/"},{"@type":"ListItem","position":2,"name":"Kunder"}]},{"@type":"WebSite","@id":"https:\/\/trivec.aws-staging.swace.se\/#website","url":"https:\/\/trivec.aws-staging.swace.se\/","name":"Trivec","description":"Markedsledende kassasystemer til restauranter, barer og hotell","potentialAction":[{"@type":"SearchAction","target":{"@type":"EntryPoint","urlTemplate":"https:\/\/trivec.aws-staging.swace.se\/?s={search_term_string}"},"query-input":{"@type":"PropertyValueSpecification","valueRequired":true,"valueName":"search_term_string"}}],"inLanguage":"nb-NO"}]}},"_links":{"self":[{"href":"https:\/\/www.trivec.aws-staging.swace.se\/no\/wp-json\/wp\/v2\/pages\/1102","targetHints":{"allow":["GET"]}}],"collection":[{"href":"https:\/\/www.trivec.aws-staging.swace.se\/no\/wp-json\/wp\/v2\/pages"}],"about":[{"href":"https:\/\/www.trivec.aws-staging.swace.se\/no\/wp-json\/wp\/v2\/types\/page"}],"author":[{"embeddable":true,"href":"https:\/\/www.trivec.aws-staging.swace.se\/no\/wp-json\/wp\/v2\/users\/2"}],"replies":[{"embeddable":true,"href":"https:\/\/www.trivec.aws-staging.swace.se\/no\/wp-json\/wp\/v2\/comments?post=1102"}],"version-history":[{"count":18,"href":"https:\/\/www.trivec.aws-staging.swace.se\/no\/wp-json\/wp\/v2\/pages\/1102\/revisions"}],"predecessor-version":[{"id":33346,"href":"https:\/\/www.trivec.aws-staging.swace.se\/no\/wp-json\/wp\/v2\/pages\/1102\/revisions\/33346"}],"wp:attachment":[{"href":"https:\/\/www.trivec.aws-staging.swace.se\/no\/wp-json\/wp\/v2\/media?parent=1102"}],"curies":[{"name":"wp","href":"https:\/\/api.w.org\/{rel}","templated":true}]}}