{"id":27266,"date":"2022-06-21T13:55:35","date_gmt":"2022-06-21T11:55:35","guid":{"rendered":"https:\/\/trivec.aws-staging.swace.se\/?page_id=27266"},"modified":"2023-01-20T16:09:59","modified_gmt":"2023-01-20T15:09:59","slug":"retningslinjer-for-bruk-av-informasjonskapsler","status":"publish","type":"page","link":"https:\/\/www.trivec.aws-staging.swace.se\/no\/privacy-policy\/retningslinjer-for-bruk-av-informasjonskapsler\/","title":{"rendered":"Retningslinjer for bruk av informasjonskapsler"},"content":{"rendered":"<div class=\"wpb-content-wrapper\"><p>[vc_row][vc_column][vc_story heading_text=&raquo;Retningslinjer for bruk av informasjonskapsler (cookies)&raquo; preamble=&raquo;Disse retningslinjene for bruk av informasjonskapsler gjelder for nettsidene til T&amp;V Holding AB og dets samarbeidspartnere (samlet kalt \u00abvi\u00bb, \u00aboss\u00bb eller \u00abv\u00e5r\u00bb).&raquo;]<\/p>\n<h3>Hva er informasjonskapsler, og hvordan bruker vi dem?<\/h3>\n<p>Informasjonskapsler er sm\u00e5 tekstfiler med informasjon som lastes ned p\u00e5 enheten din n\u00e5r du bes\u00f8ker en nettside. Denne informasjonskapselen sendes deretter tilbake til den opprinnelige nettsiden ved hvert p\u00e5f\u00f8lgende bes\u00f8k, eller til en annen nettside som gjenkjenner den spesifikke informasjonskapselen.<\/p>\n<p>Vi bruker informasjonskapsler og andre lignende teknologier for \u00e5 huske preferansene dine, for \u00e5 tilpasse opplevelsen din p\u00e5 nettsidene v\u00e5re, fortelle oss hvilke deler av nettsidene v\u00e5re publikum har bes\u00f8kt, hjelpe oss med \u00e5 m\u00e5le effektiviteten til kampanjene v\u00e5re og gi oss innsikt i brukerinteraksjoner og brukerbasen som helhet, slik at vi kan forbedre v\u00e5r egen kommunikasjon.<\/p>\n<h3>Slik deaktiverer du informasjonskapsler<\/h3>\n<p>Hvis du ikke \u00f8nsker \u00e5 tillate bruk av informasjonskapsler, kan du deaktivere dem i nettleserens innstillinger. I enkelte nettlesere kan du sette opp regler for administrering av informasjonskapsler p\u00e5 hver enkelt nettside, noe som gir deg mer kontroll over personvernet ditt.<\/p>\n<p>Produsenter av nettlesere tilbyr hjelpesider knyttet til h\u00e5ndtering av informasjonskapsler i produktene deres. Se de relevante lenkene til de vanligste nettleserne nedenfor:<\/p>\n<ul>\n<li><a href=\"https:\/\/support.google.com\/chrome\/answer\/95647?hl=en\" target=\"_blank\" rel=\"noopener\">Google Chrome<\/a><\/li>\n<li><a href=\"https:\/\/support.mozilla.org\/en-US\/kb\/cookies-information-websites-store-on-your-computer?redirectlocale=en-US&amp;redirectslug=Cookies\" target=\"_blank\" rel=\"noopener\">Mozilla Firefox<\/a><\/li>\n<li><a href=\"https:\/\/support.apple.com\/en-gb\/HT201265\" target=\"_blank\" rel=\"noopener\">Safari<\/a><\/li>\n<\/ul>\n<p>V\u00e6r oppmerksom p\u00e5 at hvis du deaktiverer informasjonskapsler, kan det hende at nettsidene v\u00e5re ikke fungerer som de skal, eller i det hele tatt. Tilgangen din til nettsidene v\u00e5re og funksjonene deres kan ogs\u00e5 p\u00e5virkes eller begrenses.<\/p>\n<p>&nbsp;<\/p>\n<h3>Liste over informasjonskapsler<\/h3>\n<p>Vi bruker disse informasjonskapslene p\u00e5 alle nettsidene v\u00e5re:<\/p>\n<h3>Helt n\u00f8dvendige informasjonskapsler<\/h3>\n<p>N\u00f8dvendige informasjonskapsler kreves for at nettsiden v\u00e5r skal kunne fungere korrekt. Disse brukes blant annet til navigering p\u00e5 sidene, og for \u00e5 blokkere tilgang til sikre omr\u00e5der p\u00e5 nettsiden v\u00e5r. Vi bruker aldri informasjonen vi samler inn til andre form\u00e5l, og vi gir den heller ikke videre til tredjeparter.<\/p>\n<h4>Kategorier og Cookies<\/h4>\n<p>Hubspot: __hssc, __hssrc, __hstc<\/p>\n<p>Cloud Foundry: __cf_bm<\/p>\n<h3>Informasjonskapsler for ytelse<\/h3>\n<p>Ytelsesinformasjonskapsler er informasjonskapsler som brukes spesifikt for \u00e5 samle inn data om hvordan bes\u00f8kende bruker nettsidene v\u00e5re, hvilke sider som bes\u00f8kes oftest, om v\u00e5re bes\u00f8kende f\u00e5r feilmeldinger p\u00e5 nettsidene v\u00e5re eller for \u00e5 samle inn statistiske data om hvordan nettsidene v\u00e5re presterer, slik at vi kan gj\u00f8re forbedringer. Med andre ord, disse informasjonskapslene overv\u00e5ker kun ytelsen p\u00e5 nettsidene v\u00e5re n\u00e5r brukeren interagerer med dem.<\/p>\n<p>Disse informasjonskapslene samler ikke inn identifiserbar informasjon om bes\u00f8kende, noe som betyr at all data som samles inn er anonym, og kun brukes til \u00e5 forbedre funksjonaliteten p\u00e5 nettsidene v\u00e5re..<\/p>\n<h4>Kategorier og Cookies<\/h4>\n<p>Hubspot: __hstc<\/p>\n<p>Google Analytics: _ga, _gat, _UA-nnnnnnn-nn,\u00a0 _gid<\/p>\n<p>Dreamdata: ajs_anonymous_id, ajs_group_id, ajs_user_id<\/p>\n<h3>Funksjonelle informasjonskapsler<\/h3>\n<p>Informasjonskapsler for preferanser gj\u00f8r det mulig for en nettside \u00e5 huske informasjon som endrer m\u00e5ten nettsiden oppf\u00f8rer seg p\u00e5 eller ser ut, som for eksempel ditt foretrukne spr\u00e5k eller regionen du befinner deg i.<\/p>\n<h4>Kategorier og Cookies<\/h4>\n<p>Hubspot: hubspotutk<\/p>\n<h3>M\u00e5lrettede informasjonskapsler<\/h3>\n<p>M\u00e5lrettede informasjonskapsler er informasjonskapsler som brukes til \u00e5 spore surfingen din etter at du har bes\u00f8kt nettsidene v\u00e5re. Annons\u00f8rer bruker informasjonen de samler inn om deg for \u00e5 kunne vise deg tilpassede annonser. Vi plasserer kun ut m\u00e5lrettede informasjonskapsler for \u00e5 kunne m\u00e5le effektiviteten p\u00e5 sosiale mediekanaler.<\/p>\n<h4>Kategorier og Cookies<\/h4>\n<p>Facebook: _fbp<br \/>\nMicrosoft Clarity: ANONCHK, MUID, CLID, SM<br \/>\nBing: SRM_B<\/p>\n<p><a href=\"https:\/\/www.trivec.no\/privacy-policy\/\">Til Privacy policy<\/a>[\/vc_story][\/vc_column][\/vc_row]<\/p>\n<\/div>","protected":false},"excerpt":{"rendered":"<p>[vc_row][vc_column][vc_story heading_text=&raquo;Retningslinjer for bruk av informasjonskapsler (cookies)&raquo; preamble=&raquo;Disse retningslinjene for bruk av informasjonskapsler gjelder for nettsidene til T&amp;V Holding AB og dets samarbeidspartnere (samlet kalt \u00abvi\u00bb, \u00aboss\u00bb eller \u00abv\u00e5r\u00bb).&raquo;] Hva er informasjonskapsler, og hvordan bruker vi dem? Informasjonskapsler er sm\u00e5 tekstfiler med informasjon som lastes ned p\u00e5 enheten din n\u00e5r du bes\u00f8ker en nettside. Denne [&hellip;]<\/p>\n","protected":false},"author":2,"featured_media":0,"parent":1133,"menu_order":0,"comment_status":"closed","ping_status":"closed","template":"","meta":{"_acf_changed":false,"content-type":"","footnotes":""},"class_list":["post-27266","page","type-page","status-publish","hentry"],"acf":[],"yoast_head":"<!-- This site is optimized with the Yoast SEO plugin v27.2 - https:\/\/yoast.com\/product\/yoast-seo-wordpress\/ -->\n<title>Retningslinjer for bruk av informasjonskapsler - Trivec<\/title>\n<meta name=\"robots\" content=\"noindex, follow\" \/>\n<meta property=\"og:locale\" content=\"nb_NO\" \/>\n<meta property=\"og:type\" content=\"article\" \/>\n<meta property=\"og:title\" content=\"Retningslinjer for bruk av informasjonskapsler - Trivec\" \/>\n<meta property=\"og:description\" content=\"[vc_row][vc_column][vc_story heading_text=&raquo;Retningslinjer for bruk av informasjonskapsler (cookies)&raquo; preamble=&raquo;Disse retningslinjene for bruk av informasjonskapsler gjelder for nettsidene til T&amp;V Holding AB og dets samarbeidspartnere (samlet kalt \u00abvi\u00bb, \u00aboss\u00bb eller \u00abv\u00e5r\u00bb).&raquo;] Hva er informasjonskapsler, og hvordan bruker vi dem? Informasjonskapsler er sm\u00e5 tekstfiler med informasjon som lastes ned p\u00e5 enheten din n\u00e5r du bes\u00f8ker en nettside. Denne [&hellip;]\" \/>\n<meta property=\"og:url\" content=\"https:\/\/www.trivec.aws-staging.swace.se\/no\/privacy-policy\/retningslinjer-for-bruk-av-informasjonskapsler\/\" \/>\n<meta property=\"og:site_name\" content=\"Trivec\" \/>\n<meta property=\"article:modified_time\" content=\"2023-01-20T15:09:59+00:00\" \/>\n<meta name=\"twitter:card\" content=\"summary_large_image\" \/>\n<meta name=\"twitter:label1\" content=\"Ansl. lesetid\" \/>\n\t<meta name=\"twitter:data1\" content=\"3 minutter\" \/>\n<script type=\"application\/ld+json\" class=\"yoast-schema-graph\">{\"@context\":\"https:\/\/schema.org\",\"@graph\":[{\"@type\":\"WebPage\",\"@id\":\"https:\/\/www.trivec.aws-staging.swace.se\/no\/privacy-policy\/retningslinjer-for-bruk-av-informasjonskapsler\/\",\"url\":\"https:\/\/www.trivec.aws-staging.swace.se\/no\/privacy-policy\/retningslinjer-for-bruk-av-informasjonskapsler\/\",\"name\":\"Retningslinjer for bruk av informasjonskapsler - Trivec\",\"isPartOf\":{\"@id\":\"https:\/\/trivec.aws-staging.swace.se\/#website\"},\"datePublished\":\"2022-06-21T11:55:35+00:00\",\"dateModified\":\"2023-01-20T15:09:59+00:00\",\"breadcrumb\":{\"@id\":\"https:\/\/www.trivec.aws-staging.swace.se\/no\/privacy-policy\/retningslinjer-for-bruk-av-informasjonskapsler\/#breadcrumb\"},\"inLanguage\":\"nb-NO\",\"potentialAction\":[{\"@type\":\"ReadAction\",\"target\":[\"https:\/\/www.trivec.aws-staging.swace.se\/no\/privacy-policy\/retningslinjer-for-bruk-av-informasjonskapsler\/\"]}]},{\"@type\":\"BreadcrumbList\",\"@id\":\"https:\/\/www.trivec.aws-staging.swace.se\/no\/privacy-policy\/retningslinjer-for-bruk-av-informasjonskapsler\/#breadcrumb\",\"itemListElement\":[{\"@type\":\"ListItem\",\"position\":1,\"name\":\"Home\",\"item\":\"https:\/\/trivec.aws-staging.swace.se\/no\/\"},{\"@type\":\"ListItem\",\"position\":2,\"name\":\"Privacy Policy\",\"item\":\"https:\/\/trivec.aws-staging.swace.se\/no\/privacy-policy\/\"},{\"@type\":\"ListItem\",\"position\":3,\"name\":\"Retningslinjer for bruk av informasjonskapsler\"}]},{\"@type\":\"WebSite\",\"@id\":\"https:\/\/trivec.aws-staging.swace.se\/#website\",\"url\":\"https:\/\/trivec.aws-staging.swace.se\/\",\"name\":\"Trivec\",\"description\":\"Markedsledende kassasystemer til restauranter, barer og hotell\",\"potentialAction\":[{\"@type\":\"SearchAction\",\"target\":{\"@type\":\"EntryPoint\",\"urlTemplate\":\"https:\/\/trivec.aws-staging.swace.se\/?s={search_term_string}\"},\"query-input\":{\"@type\":\"PropertyValueSpecification\",\"valueRequired\":true,\"valueName\":\"search_term_string\"}}],\"inLanguage\":\"nb-NO\"}]}<\/script>\n<!-- \/ Yoast SEO plugin. -->","yoast_head_json":{"title":"Retningslinjer for bruk av informasjonskapsler - Trivec","robots":{"index":"noindex","follow":"follow"},"og_locale":"nb_NO","og_type":"article","og_title":"Retningslinjer for bruk av informasjonskapsler - Trivec","og_description":"[vc_row][vc_column][vc_story heading_text=&raquo;Retningslinjer for bruk av informasjonskapsler (cookies)&raquo; preamble=&raquo;Disse retningslinjene for bruk av informasjonskapsler gjelder for nettsidene til T&amp;V Holding AB og dets samarbeidspartnere (samlet kalt \u00abvi\u00bb, \u00aboss\u00bb eller \u00abv\u00e5r\u00bb).&raquo;] Hva er informasjonskapsler, og hvordan bruker vi dem? Informasjonskapsler er sm\u00e5 tekstfiler med informasjon som lastes ned p\u00e5 enheten din n\u00e5r du bes\u00f8ker en nettside. Denne [&hellip;]","og_url":"https:\/\/www.trivec.aws-staging.swace.se\/no\/privacy-policy\/retningslinjer-for-bruk-av-informasjonskapsler\/","og_site_name":"Trivec","article_modified_time":"2023-01-20T15:09:59+00:00","twitter_card":"summary_large_image","twitter_misc":{"Ansl. lesetid":"3 minutter"},"schema":{"@context":"https:\/\/schema.org","@graph":[{"@type":"WebPage","@id":"https:\/\/www.trivec.aws-staging.swace.se\/no\/privacy-policy\/retningslinjer-for-bruk-av-informasjonskapsler\/","url":"https:\/\/www.trivec.aws-staging.swace.se\/no\/privacy-policy\/retningslinjer-for-bruk-av-informasjonskapsler\/","name":"Retningslinjer for bruk av informasjonskapsler - Trivec","isPartOf":{"@id":"https:\/\/trivec.aws-staging.swace.se\/#website"},"datePublished":"2022-06-21T11:55:35+00:00","dateModified":"2023-01-20T15:09:59+00:00","breadcrumb":{"@id":"https:\/\/www.trivec.aws-staging.swace.se\/no\/privacy-policy\/retningslinjer-for-bruk-av-informasjonskapsler\/#breadcrumb"},"inLanguage":"nb-NO","potentialAction":[{"@type":"ReadAction","target":["https:\/\/www.trivec.aws-staging.swace.se\/no\/privacy-policy\/retningslinjer-for-bruk-av-informasjonskapsler\/"]}]},{"@type":"BreadcrumbList","@id":"https:\/\/www.trivec.aws-staging.swace.se\/no\/privacy-policy\/retningslinjer-for-bruk-av-informasjonskapsler\/#breadcrumb","itemListElement":[{"@type":"ListItem","position":1,"name":"Home","item":"https:\/\/trivec.aws-staging.swace.se\/no\/"},{"@type":"ListItem","position":2,"name":"Privacy Policy","item":"https:\/\/trivec.aws-staging.swace.se\/no\/privacy-policy\/"},{"@type":"ListItem","position":3,"name":"Retningslinjer for bruk av informasjonskapsler"}]},{"@type":"WebSite","@id":"https:\/\/trivec.aws-staging.swace.se\/#website","url":"https:\/\/trivec.aws-staging.swace.se\/","name":"Trivec","description":"Markedsledende kassasystemer til restauranter, barer og hotell","potentialAction":[{"@type":"SearchAction","target":{"@type":"EntryPoint","urlTemplate":"https:\/\/trivec.aws-staging.swace.se\/?s={search_term_string}"},"query-input":{"@type":"PropertyValueSpecification","valueRequired":true,"valueName":"search_term_string"}}],"inLanguage":"nb-NO"}]}},"_links":{"self":[{"href":"https:\/\/www.trivec.aws-staging.swace.se\/no\/wp-json\/wp\/v2\/pages\/27266","targetHints":{"allow":["GET"]}}],"collection":[{"href":"https:\/\/www.trivec.aws-staging.swace.se\/no\/wp-json\/wp\/v2\/pages"}],"about":[{"href":"https:\/\/www.trivec.aws-staging.swace.se\/no\/wp-json\/wp\/v2\/types\/page"}],"author":[{"embeddable":true,"href":"https:\/\/www.trivec.aws-staging.swace.se\/no\/wp-json\/wp\/v2\/users\/2"}],"replies":[{"embeddable":true,"href":"https:\/\/www.trivec.aws-staging.swace.se\/no\/wp-json\/wp\/v2\/comments?post=27266"}],"version-history":[{"count":4,"href":"https:\/\/www.trivec.aws-staging.swace.se\/no\/wp-json\/wp\/v2\/pages\/27266\/revisions"}],"predecessor-version":[{"id":30050,"href":"https:\/\/www.trivec.aws-staging.swace.se\/no\/wp-json\/wp\/v2\/pages\/27266\/revisions\/30050"}],"up":[{"embeddable":true,"href":"https:\/\/www.trivec.aws-staging.swace.se\/no\/wp-json\/wp\/v2\/pages\/1133"}],"wp:attachment":[{"href":"https:\/\/www.trivec.aws-staging.swace.se\/no\/wp-json\/wp\/v2\/media?parent=27266"}],"curies":[{"name":"wp","href":"https:\/\/api.w.org\/{rel}","templated":true}]}}