{"id":10868,"date":"2020-06-12T10:11:59","date_gmt":"2020-06-12T08:11:59","guid":{"rendered":"https:\/\/www.trivec.aws-staging.swace.se\/?page_id=10868"},"modified":"2022-10-25T11:48:57","modified_gmt":"2022-10-25T09:48:57","slug":"stars-and-stripes","status":"publish","type":"page","link":"https:\/\/www.trivec.aws-staging.swace.se\/sv\/kunder\/stars-and-stripes\/","title":{"rendered":"Stars and Stripes"},"content":{"rendered":"<div class=\"wpb-content-wrapper\"><p>[vc_row][vc_column][vc_story heading_text=&#8221;Trivec Buddy har ersatt baren hos Stars N Stripes&#8221; preamble=&#8221;Stars and Stripes \u00e4r en steakhouse-kedja med restaurang och bar som visar sport. Restaurangerna finns i Kalmar, V\u00e4xj\u00f6, Vallentuna, Karlskrona och V\u00e4nersborg och drivs som ett franchisekoncept.&#8221;]<img loading=\"lazy\" decoding=\"async\" class=\"alignnone size-large wp-image-10871\" src=\"https:\/\/www.trivec.se\/app\/uploads\/2020\/06\/Niklas_StarsNStripes_Blog-1024x576.png\" alt=\"Niklas Holgersson, VD Stars and Stripes\" width=\"1024\" height=\"576\" srcset=\"https:\/\/www.trivec.aws-staging.swace.se\/wp\/uploads\/2020\/06\/Niklas_StarsNStripes_Blog-1024x576.png 1024w, https:\/\/www.trivec.aws-staging.swace.se\/wp\/uploads\/2020\/06\/Niklas_StarsNStripes_Blog-300x169.png 300w, https:\/\/www.trivec.aws-staging.swace.se\/wp\/uploads\/2020\/06\/Niklas_StarsNStripes_Blog-768x432.png 768w, https:\/\/www.trivec.aws-staging.swace.se\/wp\/uploads\/2020\/06\/Niklas_StarsNStripes_Blog.png 1200w\" sizes=\"auto, (max-width: 1024px) 100vw, 1024px\" \/><\/p>\n<p>Niklas Holgersson \u00e4r VD f\u00f6r Stars and Stripes och driver \u00e4ven enheten i Karlskrona. Niklas \u00e4r l\u00e5ngvarig kund till oss p\u00e5 Trivec sedan ett tiotal \u00e5r tillbaka och alla hans restauranger har Trivecs kassasystem. Anl\u00e4ggningen i Karlskrona \u00e4r den restaurang d\u00e4r de testar nya koncept och teknik. Och det var \u00e4ven h\u00e4r de var f\u00f6rst ut med Trivec Buddy, v\u00e5r nya mobila best\u00e4llnings-och betalningsl\u00f6sning.<\/p>\n<h2>\u00d6kad kundservice med Trivec Buddy<\/h2>\n<p>Idag har Trivec Buddy i stort sett ersatt baren hos Stars and Stripes i och med Corona. Och de \u00e4r v\u00e4ldigt n\u00f6jda att kunna h\u00e4nvisa sina kunder till en bra tj\u00e4nst d\u00e4r de kan best\u00e4lla och betala sj\u00e4lva. Niklas tror \u00e4ven att m\u00e5nga g\u00e4ster kommer att v\u00e4nja sig vid att best\u00e4lla vid borden och att baren inte blir lika central i framtiden. Det \u00e4r mer bekv\u00e4mt att best\u00e4lla vid bordet ist\u00e4llet f\u00f6r att tr\u00e4ngas i en bar.<\/p>\n<blockquote><p>Jag gillar Trivec Buddy eftersom den underl\u00e4ttar f\u00f6r g\u00e4sten att best\u00e4lla och betala och samtidigt \u00e4r den personliga servicen kvar. En perfekt mix av digital och fysisk service, s\u00e4ger Niklas Holgersson, VD p\u00e5 Stars and Stripes.<\/p><\/blockquote>\n<p>Stars and Stripes har unika QR-koder p\u00e5 alla sina bord d\u00e4r g\u00e4ster anv\u00e4nder sin mobil f\u00f6r att skanna och komma till barmenyn f\u00f6r att best\u00e4lla och betala. Under en vecka oms\u00e4tter de ungef\u00e4r 50 000 SEK via Trivec Buddy med de stora topparna p\u00e5 fredagar och l\u00f6rdagar.<\/p>\n<blockquote><p>Trivec Buddy har gjort oss mer effektiva d\u00e5 vi kan ge service till flera g\u00e4ster samtidigt p\u00e5 f\u00e4rre personal, forts\u00e4tter Niklas.<\/p><\/blockquote>\n<h2>Takeaway med Trivec Buddy<\/h2>\n<p>Stars and Stripes har \u00e4ven lanserat sitt takeaway-koncept med Trivec Buddy. Tanken var egentligen att de skulle komma ig\u00e5ng till h\u00f6sten med detta, men s\u00e5 kom Corona och de beh\u00f6vde st\u00e4lla om \u00f6ver en natt!<\/p>\n<p>F\u00f6r Niklas \u00e4r det viktigt att g\u00f6ra det s\u00e5 smidigt och enkelt f\u00f6r kunden som m\u00f6jligt. Han ser att mycket g\u00e5r \u00e5t det digitala h\u00e5llet och att dagens ungdomar g\u00f6r allt med sina mobiler och vill att det ska g\u00e5 snabbt och vara enkelt. Niklas hoppas s\u00e5klart att det personliga m\u00f6tet och servicen blir kvar inom branschen i en kombination med det digitala.[\/vc_story][\/vc_column][\/vc_row][vc_row][vc_column width=&#8221;1\/6&#8243;][\/vc_column][vc_column width=&#8221;2\/3&#8243;][vc_color_box bg_color=&#8221;gray&#8221;][vc_column_text large_font=&#8221;yes&#8221;]<\/p>\n<h3>Om Trivec<\/h3>\n<p>Trivec \u00e4r en ledande leverant\u00f6r av\u00a0<a href=\"https:\/\/www.trivec.se\/produkter\/kassasystem-restaurang\/\">kassasystem\u00a0f\u00f6r restaurang<\/a>, bar, <a href=\"https:\/\/www.trivec.se\/branscher-hotell\/\">kassasystem f\u00f6r hotell<\/a> och caf\u00e9. I Trivecs produkterbjudande ing\u00e5r <a href=\"https:\/\/www.trivec.se\/produkter\/kortterminaler\/\">kortterminaler<\/a>, <a href=\"https:\/\/www.trivec.se\/produkter\/kassasystem-restaurang\/mobilt-kassasystem\/\">mobila kassasystem<\/a>, <a href=\"https:\/\/www.trivec.se\/produkter\/qr-kod-restaurang\/\">QR-l\u00f6sningar,<\/a>\u00a0<a href=\"https:\/\/www.trivec.se\/produkter\/kassasystem-restaurang\/bordsbestallning\/\">mobila best\u00e4llningar<\/a> och <a href=\"https:\/\/www.trivec.se\/produkter\/dryckessystem\/\">dryckessystem<\/a>, med flexibla alternativ f\u00f6r\u00a0<a href=\"https:\/\/www.trivec.se\/produkter\/integrationer\/\">integration<\/a>\u00a0med bokning, ekonomi, personal, ink\u00f6p och lagerfunktioner. Trivec grundades 1993 och har \u00f6ver\u00a0<a href=\"https:\/\/www.trivec.se\/kunder\/\">8000 kunder<\/a> runt om i Europa och kontor i Sverige, Norge, Danmark, Belgien och Frankrike.<\/p>\n<p>&nbsp;<\/p>\n<h4>Om Trivec Buddy<\/h4>\n<p>Buddy \u00e4r en mobil, webbaserad tj\u00e4nst f\u00f6r best\u00e4llning och betalning som m\u00f6jligg\u00f6r f\u00f6r dina g\u00e4ster att best\u00e4lla fr\u00e5n en digital meny och bli\u00a0serverad vid bordet eller via upph\u00e4mtning genom att skanna en QR-kod. Ett smidigt komplement till vanlig servering, helt enkelt.[\/vc_column_text][vc_btn title=&#8221;L\u00e4s mer om Trivec Buddy&#8221; style=&#8221;read-more&#8221; link=&#8221;url:https%3A%2F%2Fwww.trivec.se%2Fprodukter%2Fqr-kod-restaurang%2F|title:Trivec%20Buddy|target:_blank&#8221;][\/vc_color_box][\/vc_column][vc_column width=&#8221;1\/6&#8243;][\/vc_column][\/vc_row]<\/p>\n<\/div>","protected":false},"excerpt":{"rendered":"<p>[vc_row][vc_column][vc_story heading_text=&#8221;Trivec Buddy har ersatt baren hos Stars N Stripes&#8221; preamble=&#8221;Stars and Stripes \u00e4r en steakhouse-kedja med restaurang och bar som visar sport. Restaurangerna finns i Kalmar, V\u00e4xj\u00f6, Vallentuna, Karlskrona och V\u00e4nersborg och drivs som ett franchisekoncept.&#8221;] Niklas Holgersson \u00e4r VD f\u00f6r Stars and Stripes och driver \u00e4ven enheten i Karlskrona. Niklas \u00e4r l\u00e5ngvarig kund [&hellip;]<\/p>\n","protected":false},"author":2,"featured_media":10871,"parent":129,"menu_order":0,"comment_status":"closed","ping_status":"closed","template":"","meta":{"_acf_changed":false,"content-type":"","footnotes":""},"class_list":["post-10868","page","type-page","status-publish","has-post-thumbnail","hentry"],"acf":[],"yoast_head":"<!-- This site is optimized with the Yoast SEO plugin v27.2 - https:\/\/yoast.com\/product\/yoast-seo-wordpress\/ -->\n<title>Stars and stripes<\/title>\n<meta name=\"description\" content=\"Idag har Trivec Buddy i stort sett ersatt baren hos Stars and Stripes. De \u00e4r n\u00f6jda att kunna h\u00e4nvisa sina kunder till en mobil QR-tj\u00e4nst.\" \/>\n<meta name=\"robots\" content=\"noindex, follow\" \/>\n<meta property=\"og:locale\" content=\"sv_SE\" \/>\n<meta property=\"og:type\" content=\"article\" \/>\n<meta property=\"og:title\" content=\"Stars and stripes\" \/>\n<meta property=\"og:description\" content=\"Idag har Trivec Buddy i stort sett ersatt baren hos Stars and Stripes. De \u00e4r n\u00f6jda att kunna h\u00e4nvisa sina kunder till en mobil QR-tj\u00e4nst.\" \/>\n<meta property=\"og:url\" content=\"https:\/\/www.trivec.aws-staging.swace.se\/sv\/kunder\/stars-and-stripes\/\" \/>\n<meta property=\"og:site_name\" content=\"Trivec\" \/>\n<meta property=\"article:modified_time\" content=\"2022-10-25T09:48:57+00:00\" \/>\n<meta property=\"og:image\" content=\"https:\/\/www.trivec.aws-staging.swace.se\/wp\/uploads\/2020\/06\/Niklas_StarsNStripes_Blog.png\" \/>\n\t<meta property=\"og:image:width\" content=\"1200\" \/>\n\t<meta property=\"og:image:height\" content=\"675\" \/>\n\t<meta property=\"og:image:type\" content=\"image\/png\" \/>\n<meta name=\"twitter:card\" content=\"summary_large_image\" \/>\n<meta name=\"twitter:label1\" content=\"Ber\u00e4knad l\u00e4stid\" \/>\n\t<meta name=\"twitter:data1\" content=\"3 minuter\" \/>\n<script type=\"application\/ld+json\" class=\"yoast-schema-graph\">{\"@context\":\"https:\/\/schema.org\",\"@graph\":[{\"@type\":\"WebPage\",\"@id\":\"https:\/\/www.trivec.aws-staging.swace.se\/sv\/kunder\/stars-and-stripes\/\",\"url\":\"https:\/\/www.trivec.aws-staging.swace.se\/sv\/kunder\/stars-and-stripes\/\",\"name\":\"Stars and stripes\",\"isPartOf\":{\"@id\":\"https:\/\/trivec.aws-staging.swace.se\/#website\"},\"primaryImageOfPage\":{\"@id\":\"https:\/\/www.trivec.aws-staging.swace.se\/sv\/kunder\/stars-and-stripes\/#primaryimage\"},\"image\":{\"@id\":\"https:\/\/www.trivec.aws-staging.swace.se\/sv\/kunder\/stars-and-stripes\/#primaryimage\"},\"thumbnailUrl\":\"https:\/\/www.trivec.aws-staging.swace.se\/wp\/uploads\/2020\/06\/Niklas_StarsNStripes_Blog.png\",\"datePublished\":\"2020-06-12T08:11:59+00:00\",\"dateModified\":\"2022-10-25T09:48:57+00:00\",\"description\":\"Idag har Trivec Buddy i stort sett ersatt baren hos Stars and Stripes. De \u00e4r n\u00f6jda att kunna h\u00e4nvisa sina kunder till en mobil QR-tj\u00e4nst.\",\"breadcrumb\":{\"@id\":\"https:\/\/www.trivec.aws-staging.swace.se\/sv\/kunder\/stars-and-stripes\/#breadcrumb\"},\"inLanguage\":\"sv-SE\",\"potentialAction\":[{\"@type\":\"ReadAction\",\"target\":[\"https:\/\/www.trivec.aws-staging.swace.se\/sv\/kunder\/stars-and-stripes\/\"]}]},{\"@type\":\"ImageObject\",\"inLanguage\":\"sv-SE\",\"@id\":\"https:\/\/www.trivec.aws-staging.swace.se\/sv\/kunder\/stars-and-stripes\/#primaryimage\",\"url\":\"https:\/\/www.trivec.aws-staging.swace.se\/wp\/uploads\/2020\/06\/Niklas_StarsNStripes_Blog.png\",\"contentUrl\":\"https:\/\/www.trivec.aws-staging.swace.se\/wp\/uploads\/2020\/06\/Niklas_StarsNStripes_Blog.png\",\"width\":1200,\"height\":675,\"caption\":\"Niklas Holgersson, VD Stars and Stripes\"},{\"@type\":\"BreadcrumbList\",\"@id\":\"https:\/\/www.trivec.aws-staging.swace.se\/sv\/kunder\/stars-and-stripes\/#breadcrumb\",\"itemListElement\":[{\"@type\":\"ListItem\",\"position\":1,\"name\":\"Home\",\"item\":\"https:\/\/www.trivec.aws-staging.swace.se\/sv\/\"},{\"@type\":\"ListItem\",\"position\":2,\"name\":\"Kunder\",\"item\":\"https:\/\/www.trivec.aws-staging.swace.se\/sv\/kunder\/\"},{\"@type\":\"ListItem\",\"position\":3,\"name\":\"Stars and Stripes\"}]},{\"@type\":\"WebSite\",\"@id\":\"https:\/\/trivec.aws-staging.swace.se\/#website\",\"url\":\"https:\/\/trivec.aws-staging.swace.se\/\",\"name\":\"Trivec\",\"description\":\"Kassasystem f\u00f6r restauranger, barer och hotell\",\"potentialAction\":[{\"@type\":\"SearchAction\",\"target\":{\"@type\":\"EntryPoint\",\"urlTemplate\":\"https:\/\/trivec.aws-staging.swace.se\/?s={search_term_string}\"},\"query-input\":{\"@type\":\"PropertyValueSpecification\",\"valueRequired\":true,\"valueName\":\"search_term_string\"}}],\"inLanguage\":\"sv-SE\"}]}<\/script>\n<!-- \/ Yoast SEO plugin. -->","yoast_head_json":{"title":"Stars and stripes","description":"Idag har Trivec Buddy i stort sett ersatt baren hos Stars and Stripes. De \u00e4r n\u00f6jda att kunna h\u00e4nvisa sina kunder till en mobil QR-tj\u00e4nst.","robots":{"index":"noindex","follow":"follow"},"og_locale":"sv_SE","og_type":"article","og_title":"Stars and stripes","og_description":"Idag har Trivec Buddy i stort sett ersatt baren hos Stars and Stripes. De \u00e4r n\u00f6jda att kunna h\u00e4nvisa sina kunder till en mobil QR-tj\u00e4nst.","og_url":"https:\/\/www.trivec.aws-staging.swace.se\/sv\/kunder\/stars-and-stripes\/","og_site_name":"Trivec","article_modified_time":"2022-10-25T09:48:57+00:00","og_image":[{"width":1200,"height":675,"url":"https:\/\/www.trivec.aws-staging.swace.se\/wp\/uploads\/2020\/06\/Niklas_StarsNStripes_Blog.png","type":"image\/png"}],"twitter_card":"summary_large_image","twitter_misc":{"Ber\u00e4knad l\u00e4stid":"3 minuter"},"schema":{"@context":"https:\/\/schema.org","@graph":[{"@type":"WebPage","@id":"https:\/\/www.trivec.aws-staging.swace.se\/sv\/kunder\/stars-and-stripes\/","url":"https:\/\/www.trivec.aws-staging.swace.se\/sv\/kunder\/stars-and-stripes\/","name":"Stars and stripes","isPartOf":{"@id":"https:\/\/trivec.aws-staging.swace.se\/#website"},"primaryImageOfPage":{"@id":"https:\/\/www.trivec.aws-staging.swace.se\/sv\/kunder\/stars-and-stripes\/#primaryimage"},"image":{"@id":"https:\/\/www.trivec.aws-staging.swace.se\/sv\/kunder\/stars-and-stripes\/#primaryimage"},"thumbnailUrl":"https:\/\/www.trivec.aws-staging.swace.se\/wp\/uploads\/2020\/06\/Niklas_StarsNStripes_Blog.png","datePublished":"2020-06-12T08:11:59+00:00","dateModified":"2022-10-25T09:48:57+00:00","description":"Idag har Trivec Buddy i stort sett ersatt baren hos Stars and Stripes. De \u00e4r n\u00f6jda att kunna h\u00e4nvisa sina kunder till en mobil QR-tj\u00e4nst.","breadcrumb":{"@id":"https:\/\/www.trivec.aws-staging.swace.se\/sv\/kunder\/stars-and-stripes\/#breadcrumb"},"inLanguage":"sv-SE","potentialAction":[{"@type":"ReadAction","target":["https:\/\/www.trivec.aws-staging.swace.se\/sv\/kunder\/stars-and-stripes\/"]}]},{"@type":"ImageObject","inLanguage":"sv-SE","@id":"https:\/\/www.trivec.aws-staging.swace.se\/sv\/kunder\/stars-and-stripes\/#primaryimage","url":"https:\/\/www.trivec.aws-staging.swace.se\/wp\/uploads\/2020\/06\/Niklas_StarsNStripes_Blog.png","contentUrl":"https:\/\/www.trivec.aws-staging.swace.se\/wp\/uploads\/2020\/06\/Niklas_StarsNStripes_Blog.png","width":1200,"height":675,"caption":"Niklas Holgersson, VD Stars and Stripes"},{"@type":"BreadcrumbList","@id":"https:\/\/www.trivec.aws-staging.swace.se\/sv\/kunder\/stars-and-stripes\/#breadcrumb","itemListElement":[{"@type":"ListItem","position":1,"name":"Home","item":"https:\/\/www.trivec.aws-staging.swace.se\/sv\/"},{"@type":"ListItem","position":2,"name":"Kunder","item":"https:\/\/www.trivec.aws-staging.swace.se\/sv\/kunder\/"},{"@type":"ListItem","position":3,"name":"Stars and Stripes"}]},{"@type":"WebSite","@id":"https:\/\/trivec.aws-staging.swace.se\/#website","url":"https:\/\/trivec.aws-staging.swace.se\/","name":"Trivec","description":"Kassasystem f\u00f6r restauranger, barer och hotell","potentialAction":[{"@type":"SearchAction","target":{"@type":"EntryPoint","urlTemplate":"https:\/\/trivec.aws-staging.swace.se\/?s={search_term_string}"},"query-input":{"@type":"PropertyValueSpecification","valueRequired":true,"valueName":"search_term_string"}}],"inLanguage":"sv-SE"}]}},"_links":{"self":[{"href":"https:\/\/www.trivec.aws-staging.swace.se\/sv\/wp-json\/wp\/v2\/pages\/10868","targetHints":{"allow":["GET"]}}],"collection":[{"href":"https:\/\/www.trivec.aws-staging.swace.se\/sv\/wp-json\/wp\/v2\/pages"}],"about":[{"href":"https:\/\/www.trivec.aws-staging.swace.se\/sv\/wp-json\/wp\/v2\/types\/page"}],"author":[{"embeddable":true,"href":"https:\/\/www.trivec.aws-staging.swace.se\/sv\/wp-json\/wp\/v2\/users\/2"}],"replies":[{"embeddable":true,"href":"https:\/\/www.trivec.aws-staging.swace.se\/sv\/wp-json\/wp\/v2\/comments?post=10868"}],"version-history":[{"count":8,"href":"https:\/\/www.trivec.aws-staging.swace.se\/sv\/wp-json\/wp\/v2\/pages\/10868\/revisions"}],"predecessor-version":[{"id":28585,"href":"https:\/\/www.trivec.aws-staging.swace.se\/sv\/wp-json\/wp\/v2\/pages\/10868\/revisions\/28585"}],"up":[{"embeddable":true,"href":"https:\/\/www.trivec.aws-staging.swace.se\/sv\/wp-json\/wp\/v2\/pages\/129"}],"wp:featuredmedia":[{"embeddable":true,"href":"https:\/\/www.trivec.aws-staging.swace.se\/sv\/wp-json\/wp\/v2\/media\/10871"}],"wp:attachment":[{"href":"https:\/\/www.trivec.aws-staging.swace.se\/sv\/wp-json\/wp\/v2\/media?parent=10868"}],"curies":[{"name":"wp","href":"https:\/\/api.w.org\/{rel}","templated":true}]}}