{"id":129,"date":"2018-12-05T14:37:03","date_gmt":"2018-12-05T14:37:03","guid":{"rendered":"http:\/\/trivec.stagespace.se\/?page_id=129"},"modified":"2023-06-08T16:30:00","modified_gmt":"2023-06-08T14:30:00","slug":"kunder","status":"publish","type":"page","link":"https:\/\/www.trivec.aws-staging.swace.se\/sv\/kunder\/","title":{"rendered":"Kunder"},"content":{"rendered":"<div class=\"wpb-content-wrapper\"><p>[vc_row equal_height=&#8221;yes&#8221; color_scheme=&#8221;dark&#8221;][vc_column][vc_component_intro heading_text=&#8221;Du \u00e4r i gott s\u00e4llskap&#8221; preamble=&#8221;Vi har \u00f6ver 8000 kunder runt om i Sverige och Europa, fr\u00e5n restauranger, barer, nattklubbar till stora restaurang- och hotellkedjor.&#8221;][vc_basic_grid post_type=&#8221;ids&#8221; grid_id=&#8221;vc_gid:1686234554648-3c2cacbc-42e8-0&#8243; include=&#8221;34801, 33549, 33135, 29029, 27640, 20971, 11748, 2574, 6112, 6326, 5649, 10868, 26293&#8243;][\/vc_column][\/vc_row][vc_row][vc_column][vc_component_intro align=&#8221;center&#8221; heading_text=&#8221;N\u00e5gra av v\u00e5ra kunder&#8221;][vc_row_inner][vc_column_inner width=&#8221;1\/3&#8243;][vc_single_image image=&#8221;635&#8243; alignment=&#8221;center&#8221;][vc_headline icon=&#8221;&#8221; size=&#8221;medium-bold&#8221; align=&#8221;center&#8221;]Svenska Brasserier[\/vc_headline][vc_column_text]<\/p>\n<p style=\"text-align: center;\">Svenska Brasserier \u00e4r ett samlingsnamn f\u00f6r Sturehof, Riche, Teatergrillen, Taverna Brillo, Luzette, Stockholms Matmarknad och Ulriksdals V\u00e4rdshus i Stockholm.<\/p>\n<p>[\/vc_column_text][\/vc_column_inner][vc_column_inner width=&#8221;1\/3&#8243;][vc_single_image image=&#8221;14186&#8243; alignment=&#8221;center&#8221;][vc_headline icon=&#8221;&#8221; size=&#8221;medium-bold&#8221; align=&#8221;center&#8221;]Liseberg[\/vc_headline][vc_column_text]<\/p>\n<p style=\"text-align: center;\">Liseberg \u00e4r en park f\u00f6r alla. Sedan 1923 har de f\u00e5tt miljontals m\u00e4nniskor att m\u00f6tas och trivas tillsammans.<\/p>\n<p>[\/vc_column_text][\/vc_column_inner][vc_column_inner width=&#8221;1\/3&#8243;][vc_single_image image=&#8221;601&#8243; alignment=&#8221;center&#8221;][vc_headline icon=&#8221;&#8221; size=&#8221;medium-bold&#8221; align=&#8221;center&#8221;]Albert and Jack&#8217;s[\/vc_headline][vc_column_text]<\/p>\n<p style=\"text-align: center;\">Bageri och mat i ett, med ett utbud av matiga sm\u00f6rg\u00e5sar, varma drycker, sallader och varma matr\u00e4tter.<\/p>\n<p>[\/vc_column_text][\/vc_column_inner][\/vc_row_inner][vc_row_inner][vc_column_inner width=&#8221;1\/3&#8243;][vc_single_image image=&#8221;3744&#8243; alignment=&#8221;center&#8221;][vc_headline icon=&#8221;&#8221; size=&#8221;medium-bold&#8221; align=&#8221;center&#8221;]Wallmans[\/vc_headline][vc_column_text]<\/p>\n<p style=\"text-align: center;\">Dinnershows \u2013 den framg\u00e5ngsrika kombinationen god mat och glittrande show var Wallmans f\u00f6rst i Sverige med.<\/p>\n<p>[\/vc_column_text][\/vc_column_inner][vc_column_inner width=&#8221;1\/3&#8243;][vc_single_image image=&#8221;616&#8243; alignment=&#8221;center&#8221;][vc_headline icon=&#8221;&#8221; size=&#8221;medium-bold&#8221; align=&#8221;center&#8221;]Kl\u00e4ppen Ski Resort[\/vc_headline][vc_column_text]<\/p>\n<p style=\"text-align: center;\">Kl\u00e4ppen Ski Resort en privat\u00e4gd skidanl\u00e4ggning i S\u00e4len. Det finns ett flertal restauranger, caf\u00e9er och barer.<\/p>\n<p>[\/vc_column_text][\/vc_column_inner][vc_column_inner width=&#8221;1\/3&#8243;][vc_single_image image=&#8221;613&#8243; alignment=&#8221;center&#8221;][vc_headline icon=&#8221;&#8221; size=&#8221;medium-bold&#8221; align=&#8221;center&#8221;]Gr\u00f6na Lund[\/vc_headline][vc_column_text]<\/p>\n<p style=\"text-align: center;\">P\u00e5 Djurg\u00e5rden ligger Gr\u00f6na Lund \u2013 en magisk v\u00e4rld d\u00e4r det om\u00f6jliga blir m\u00f6jligt. Gammal blir ung, liten blir stor, upp blir ner och ner blir upp.<\/p>\n<p>[\/vc_column_text][\/vc_column_inner][\/vc_row_inner][vc_row_inner][vc_column_inner width=&#8221;1\/3&#8243;][vc_single_image image=&#8221;619&#8243; alignment=&#8221;center&#8221;][vc_headline icon=&#8221;&#8221; size=&#8221;medium-bold&#8221; align=&#8221;center&#8221;]Kvarnen[\/vc_headline][vc_column_text]<\/p>\n<p style=\"text-align: center;\">Kvarnen har legat p\u00e5 samma plats sedan 1908 \u2013 mitt i hj\u00e4rtat av S\u00f6dermalm i Stockholm. H\u00e4r st\u00e5r v\u00e4llagad svensk husmanskost, \u00f6l och umg\u00e4nge i fokus.<\/p>\n<p>[\/vc_column_text][\/vc_column_inner][vc_column_inner width=&#8221;1\/3&#8243;][vc_single_image image=&#8221;622&#8243; alignment=&#8221;center&#8221;][vc_headline icon=&#8221;&#8221; size=&#8221;medium-bold&#8221; align=&#8221;center&#8221;]Hotel Pigalle[\/vc_headline][vc_column_text]<\/p>\n<p style=\"text-align: center;\">Hotel Pigalle finns mitt i G\u00f6teborg centrum. Sensuella former och nya \u00f6verraskande rum finns st\u00e4ndigt att uppt\u00e4cka samt den trevliga restaurangen Atelier.<\/p>\n<p>[\/vc_column_text][\/vc_column_inner][vc_column_inner width=&#8221;1\/3&#8243;][vc_single_image image=&#8221;625&#8243; alignment=&#8221;center&#8221;][vc_headline icon=&#8221;&#8221; size=&#8221;medium-bold&#8221; align=&#8221;center&#8221;]Rasta Group[\/vc_headline][vc_column_text]<\/p>\n<p style=\"text-align: center;\">Rasta Groups aff\u00e4rsid\u00e9 \u00e4r att \u00e4ga, f\u00f6rvalta och utveckla bolag inom servicen\u00e4ringen och\u00a0omfattar dotterbolagen Rasta Sverige, Kulturrestauranger och Ullevi Restaurang &amp; Konferens.<\/p>\n<p>[\/vc_column_text][\/vc_column_inner][\/vc_row_inner][vc_row_inner][vc_column_inner width=&#8221;1\/4&#8243;][vc_single_image image=&#8221;631&#8243; alignment=&#8221;center&#8221;][vc_headline icon=&#8221;&#8221; size=&#8221;medium-bold&#8221; align=&#8221;center&#8221;]Tako[\/vc_headline][vc_column_text]<\/p>\n<p style=\"text-align: center;\">En restaurang med influenser fr\u00e5n b\u00e5de Japan och Korea p\u00e5 Briger Jarlsgatan i Stockholm. De \u00e4r \u00f6ppna f\u00f6r lunch, middag och drinkar.<\/p>\n<p>[\/vc_column_text][\/vc_column_inner][vc_column_inner width=&#8221;1\/4&#8243;][vc_single_image image=&#8221;628&#8243; alignment=&#8221;center&#8221;][vc_headline icon=&#8221;&#8221; size=&#8221;medium-bold&#8221; align=&#8221;center&#8221;]Stureplansgruppen[\/vc_headline][vc_column_text]<\/p>\n<p style=\"text-align: center;\">Stureplansgruppen driver i dagsl\u00e4get n\u00e4ra 40 restauranger och nattklubbar samt caf\u00e9er. F\u00f6retaget \u00e4ger \u00e4ven Berns och Stockholm City Conference Center.<\/p>\n<p>[\/vc_column_text][\/vc_column_inner][vc_column_inner width=&#8221;1\/4&#8243;][vc_single_image image=&#8221;607&#8243; alignment=&#8221;center&#8221;][vc_headline icon=&#8221;&#8221; size=&#8221;medium-bold&#8221; align=&#8221;center&#8221;]Fiskekrogen[\/vc_headline][vc_column_text]<\/p>\n<p style=\"text-align: center;\">Hos Fiskekrogen bjuds du p\u00e5 klassiker s\u00e5v\u00e4l som p\u00e5 innovativa matlagning, allt med det b\u00e4sta fr\u00e5n havet. G\u00f6teborg, havet och r\u00e5varor av h\u00f6gsta kvalitet.<\/p>\n<p>[\/vc_column_text][\/vc_column_inner][vc_column_inner width=&#8221;1\/4&#8243;][vc_single_image image=&#8221;7602&#8243; alignment=&#8221;center&#8221;][vc_headline icon=&#8221;&#8221; size=&#8221;medium-bold&#8221; align=&#8221;center&#8221;]Ristorante Rodolfino[\/vc_headline][vc_column_text]<\/p>\n<p style=\"text-align: center;\">Bara n\u00e5gra kvarter fr\u00e5n\u00a0Kungliga Slottet, finner du\u00a0en av Gamla Stans \u00e4ldsta italienska restauranger, som sedan 1972 har erbjudit \u00e4kta italiensk mat.<\/p>\n<p>[\/vc_column_text][\/vc_column_inner][\/vc_row_inner][\/vc_column][\/vc_row]<\/p>\n<\/div>","protected":false},"excerpt":{"rendered":"<p>[vc_row equal_height=&#8221;yes&#8221; color_scheme=&#8221;dark&#8221;][vc_column][vc_component_intro heading_text=&#8221;Du \u00e4r i gott s\u00e4llskap&#8221; preamble=&#8221;Vi har \u00f6ver 8000 kunder runt om i Sverige och Europa, fr\u00e5n restauranger, barer, nattklubbar till stora restaurang- och hotellkedjor.&#8221;][vc_basic_grid post_type=&#8221;ids&#8221; grid_id=&#8221;vc_gid:1686234554648-3c2cacbc-42e8-0&#8243; include=&#8221;34801, 33549, 33135, 29029, 27640, 20971, 11748, 2574, 6112, 6326, 5649, 10868, 26293&#8243;][\/vc_column][\/vc_row][vc_row][vc_column][vc_component_intro align=&#8221;center&#8221; heading_text=&#8221;N\u00e5gra av v\u00e5ra kunder&#8221;][vc_row_inner][vc_column_inner width=&#8221;1\/3&#8243;][vc_single_image image=&#8221;635&#8243; alignment=&#8221;center&#8221;][vc_headline icon=&#8221;&#8221; size=&#8221;medium-bold&#8221; align=&#8221;center&#8221;]Svenska Brasserier[\/vc_headline][vc_column_text] [&hellip;]<\/p>\n","protected":false},"author":2,"featured_media":0,"parent":0,"menu_order":12,"comment_status":"closed","ping_status":"closed","template":"","meta":{"_acf_changed":false,"content-type":"","footnotes":""},"class_list":["post-129","page","type-page","status-publish","hentry"],"acf":[],"yoast_head":"<!-- This site is optimized with the Yoast SEO plugin v27.2 - https:\/\/yoast.com\/product\/yoast-seo-wordpress\/ -->\n<title>Kunder - Trivec<\/title>\n<meta name=\"description\" content=\"Vi har \u00f6ver 8000 kunder i Sverige, Norge, Danmark, Frankrike, Nederl\u00e4nderna och Belgien. L\u00e4s deras kundber\u00e4ttelser h\u00e4r!\" \/>\n<meta name=\"robots\" content=\"noindex, follow\" \/>\n<meta property=\"og:locale\" content=\"sv_SE\" \/>\n<meta property=\"og:type\" content=\"article\" \/>\n<meta property=\"og:title\" content=\"Kunder - Trivec\" \/>\n<meta property=\"og:description\" content=\"Vi har \u00f6ver 8000 kunder i Sverige, Norge, Danmark, Frankrike, Nederl\u00e4nderna och Belgien. L\u00e4s deras kundber\u00e4ttelser h\u00e4r!\" \/>\n<meta property=\"og:url\" content=\"https:\/\/www.trivec.aws-staging.swace.se\/sv\/kunder\/\" \/>\n<meta property=\"og:site_name\" content=\"Trivec\" \/>\n<meta property=\"article:modified_time\" content=\"2023-06-08T14:30:00+00:00\" \/>\n<meta name=\"twitter:card\" content=\"summary_large_image\" \/>\n<meta name=\"twitter:label1\" content=\"Ber\u00e4knad l\u00e4stid\" \/>\n\t<meta name=\"twitter:data1\" content=\"2 minuter\" \/>\n<script type=\"application\/ld+json\" class=\"yoast-schema-graph\">{\"@context\":\"https:\/\/schema.org\",\"@graph\":[{\"@type\":\"WebPage\",\"@id\":\"https:\/\/www.trivec.aws-staging.swace.se\/sv\/kunder\/\",\"url\":\"https:\/\/www.trivec.aws-staging.swace.se\/sv\/kunder\/\",\"name\":\"Kunder - Trivec\",\"isPartOf\":{\"@id\":\"https:\/\/trivec.aws-staging.swace.se\/#website\"},\"datePublished\":\"2018-12-05T14:37:03+00:00\",\"dateModified\":\"2023-06-08T14:30:00+00:00\",\"description\":\"Vi har \u00f6ver 8000 kunder i Sverige, Norge, Danmark, Frankrike, Nederl\u00e4nderna och Belgien. L\u00e4s deras kundber\u00e4ttelser h\u00e4r!\",\"breadcrumb\":{\"@id\":\"https:\/\/www.trivec.aws-staging.swace.se\/sv\/kunder\/#breadcrumb\"},\"inLanguage\":\"sv-SE\",\"potentialAction\":[{\"@type\":\"ReadAction\",\"target\":[\"https:\/\/www.trivec.aws-staging.swace.se\/sv\/kunder\/\"]}]},{\"@type\":\"BreadcrumbList\",\"@id\":\"https:\/\/www.trivec.aws-staging.swace.se\/sv\/kunder\/#breadcrumb\",\"itemListElement\":[{\"@type\":\"ListItem\",\"position\":1,\"name\":\"Home\",\"item\":\"https:\/\/www.trivec.aws-staging.swace.se\/sv\/\"},{\"@type\":\"ListItem\",\"position\":2,\"name\":\"Kunder\"}]},{\"@type\":\"WebSite\",\"@id\":\"https:\/\/trivec.aws-staging.swace.se\/#website\",\"url\":\"https:\/\/trivec.aws-staging.swace.se\/\",\"name\":\"Trivec\",\"description\":\"Kassasystem f\u00f6r restauranger, barer och hotell\",\"potentialAction\":[{\"@type\":\"SearchAction\",\"target\":{\"@type\":\"EntryPoint\",\"urlTemplate\":\"https:\/\/trivec.aws-staging.swace.se\/?s={search_term_string}\"},\"query-input\":{\"@type\":\"PropertyValueSpecification\",\"valueRequired\":true,\"valueName\":\"search_term_string\"}}],\"inLanguage\":\"sv-SE\"}]}<\/script>\n<!-- \/ Yoast SEO plugin. -->","yoast_head_json":{"title":"Kunder - Trivec","description":"Vi har \u00f6ver 8000 kunder i Sverige, Norge, Danmark, Frankrike, Nederl\u00e4nderna och Belgien. L\u00e4s deras kundber\u00e4ttelser h\u00e4r!","robots":{"index":"noindex","follow":"follow"},"og_locale":"sv_SE","og_type":"article","og_title":"Kunder - Trivec","og_description":"Vi har \u00f6ver 8000 kunder i Sverige, Norge, Danmark, Frankrike, Nederl\u00e4nderna och Belgien. L\u00e4s deras kundber\u00e4ttelser h\u00e4r!","og_url":"https:\/\/www.trivec.aws-staging.swace.se\/sv\/kunder\/","og_site_name":"Trivec","article_modified_time":"2023-06-08T14:30:00+00:00","twitter_card":"summary_large_image","twitter_misc":{"Ber\u00e4knad l\u00e4stid":"2 minuter"},"schema":{"@context":"https:\/\/schema.org","@graph":[{"@type":"WebPage","@id":"https:\/\/www.trivec.aws-staging.swace.se\/sv\/kunder\/","url":"https:\/\/www.trivec.aws-staging.swace.se\/sv\/kunder\/","name":"Kunder - Trivec","isPartOf":{"@id":"https:\/\/trivec.aws-staging.swace.se\/#website"},"datePublished":"2018-12-05T14:37:03+00:00","dateModified":"2023-06-08T14:30:00+00:00","description":"Vi har \u00f6ver 8000 kunder i Sverige, Norge, Danmark, Frankrike, Nederl\u00e4nderna och Belgien. L\u00e4s deras kundber\u00e4ttelser h\u00e4r!","breadcrumb":{"@id":"https:\/\/www.trivec.aws-staging.swace.se\/sv\/kunder\/#breadcrumb"},"inLanguage":"sv-SE","potentialAction":[{"@type":"ReadAction","target":["https:\/\/www.trivec.aws-staging.swace.se\/sv\/kunder\/"]}]},{"@type":"BreadcrumbList","@id":"https:\/\/www.trivec.aws-staging.swace.se\/sv\/kunder\/#breadcrumb","itemListElement":[{"@type":"ListItem","position":1,"name":"Home","item":"https:\/\/www.trivec.aws-staging.swace.se\/sv\/"},{"@type":"ListItem","position":2,"name":"Kunder"}]},{"@type":"WebSite","@id":"https:\/\/trivec.aws-staging.swace.se\/#website","url":"https:\/\/trivec.aws-staging.swace.se\/","name":"Trivec","description":"Kassasystem f\u00f6r restauranger, barer och hotell","potentialAction":[{"@type":"SearchAction","target":{"@type":"EntryPoint","urlTemplate":"https:\/\/trivec.aws-staging.swace.se\/?s={search_term_string}"},"query-input":{"@type":"PropertyValueSpecification","valueRequired":true,"valueName":"search_term_string"}}],"inLanguage":"sv-SE"}]}},"_links":{"self":[{"href":"https:\/\/www.trivec.aws-staging.swace.se\/sv\/wp-json\/wp\/v2\/pages\/129","targetHints":{"allow":["GET"]}}],"collection":[{"href":"https:\/\/www.trivec.aws-staging.swace.se\/sv\/wp-json\/wp\/v2\/pages"}],"about":[{"href":"https:\/\/www.trivec.aws-staging.swace.se\/sv\/wp-json\/wp\/v2\/types\/page"}],"author":[{"embeddable":true,"href":"https:\/\/www.trivec.aws-staging.swace.se\/sv\/wp-json\/wp\/v2\/users\/2"}],"replies":[{"embeddable":true,"href":"https:\/\/www.trivec.aws-staging.swace.se\/sv\/wp-json\/wp\/v2\/comments?post=129"}],"version-history":[{"count":30,"href":"https:\/\/www.trivec.aws-staging.swace.se\/sv\/wp-json\/wp\/v2\/pages\/129\/revisions"}],"predecessor-version":[{"id":34818,"href":"https:\/\/www.trivec.aws-staging.swace.se\/sv\/wp-json\/wp\/v2\/pages\/129\/revisions\/34818"}],"wp:attachment":[{"href":"https:\/\/www.trivec.aws-staging.swace.se\/sv\/wp-json\/wp\/v2\/media?parent=129"}],"curies":[{"name":"wp","href":"https:\/\/api.w.org\/{rel}","templated":true}]}}