{"id":152,"date":"2018-12-07T12:47:54","date_gmt":"2018-12-07T12:47:54","guid":{"rendered":"https:\/\/www.trivec.se\/?page_id=152"},"modified":"2022-12-27T16:35:15","modified_gmt":"2022-12-27T15:35:15","slug":"formular","status":"publish","type":"page","link":"https:\/\/www.trivec.aws-staging.swace.se\/sv\/formular\/","title":{"rendered":"Formul\u00e4r"},"content":{"rendered":"<div class=\"wpb-content-wrapper\"><p>[vc_row use_background_image=&#8221;yes&#8221; vertical_align_center=&#8221;yes&#8221;][vc_column width=&#8221;1\/2&#8243;][vc_headline icon=&#8221;&#8221;]Kom i kontakt med oss![\/vc_headline][vc_column_text]N\u00e4r du fyllt i dina uppgifter kommer du bli kontaktad av en av v\u00e5ra duktiga experter.[\/vc_column_text][vc_column_text]\n\t\t\t\t\t\t<script>\n\t\t\t\t\t\t\twindow.hsFormsOnReady = window.hsFormsOnReady || [];\n\t\t\t\t\t\t\twindow.hsFormsOnReady.push(()=>{\n\t\t\t\t\t\t\t\thbspt.forms.create({\n\t\t\t\t\t\t\t\t\tportalId: 4620018,\n\t\t\t\t\t\t\t\t\tformId: \"76e353f7-8916-4b68-8fad-90428dc38872\",\n\t\t\t\t\t\t\t\t\ttarget: \"#hbspt-form-1775861997000-2884299113\",\n\t\t\t\t\t\t\t\t\tregion: \"\",\n\t\t\t\t\t\t\t\t\t\n\t\t\t\t\t\t\t})});\n\t\t\t\t\t\t<\/script>\n\t\t\t\t\t\t<div class=\"hbspt-form\" id=\"hbspt-form-1775861997000-2884299113\"><\/div>[\/vc_column_text][\/vc_column][vc_column width=&#8221;1\/2&#8243;][vc_single_image image=&#8221;221&#8243;][\/vc_column][\/vc_row]<\/p>\n<\/div>","protected":false},"excerpt":{"rendered":"<p>[vc_row use_background_image=&#8221;yes&#8221; vertical_align_center=&#8221;yes&#8221;][vc_column width=&#8221;1\/2&#8243;][vc_headline icon=&#8221;&#8221;]Kom i kontakt med oss![\/vc_headline][vc_column_text]N\u00e4r du fyllt i dina uppgifter kommer du bli kontaktad av en av v\u00e5ra duktiga experter.[\/vc_column_text][vc_column_text][\/vc_column_text][\/vc_column][vc_column width=&#8221;1\/2&#8243;][vc_single_image image=&#8221;221&#8243;][\/vc_column][\/vc_row]<\/p>\n","protected":false},"author":1,"featured_media":0,"parent":0,"menu_order":16,"comment_status":"closed","ping_status":"closed","template":"","meta":{"_acf_changed":false,"content-type":"","footnotes":""},"class_list":["post-152","page","type-page","status-publish","hentry"],"acf":[],"yoast_head":"<!-- This site is optimized with the Yoast SEO plugin v27.2 - https:\/\/yoast.com\/product\/yoast-seo-wordpress\/ -->\n<title>Formul\u00e4r - Trivec Systems<\/title>\n<meta name=\"description\" content=\"N\u00e4r du fyllt i v\u00e5rt formul\u00e4r kommer du bli kontaktad av en av v\u00e5ra duktiga experter. Vi hj\u00e4lper dig med dina fr\u00e5gor och lyssnar p\u00e5 dina behov.\" \/>\n<meta name=\"robots\" content=\"noindex, follow\" \/>\n<meta property=\"og:locale\" content=\"sv_SE\" \/>\n<meta property=\"og:type\" content=\"article\" \/>\n<meta property=\"og:title\" content=\"Formul\u00e4r - Trivec Systems\" \/>\n<meta property=\"og:description\" content=\"N\u00e4r du fyllt i v\u00e5rt formul\u00e4r kommer du bli kontaktad av en av v\u00e5ra duktiga experter. Vi hj\u00e4lper dig med dina fr\u00e5gor och lyssnar p\u00e5 dina behov.\" \/>\n<meta property=\"og:url\" content=\"https:\/\/www.trivec.aws-staging.swace.se\/sv\/formular\/\" \/>\n<meta property=\"og:site_name\" content=\"Trivec\" \/>\n<meta property=\"article:modified_time\" content=\"2022-12-27T15:35:15+00:00\" \/>\n<meta name=\"twitter:card\" content=\"summary_large_image\" \/>\n<meta name=\"twitter:label1\" content=\"Ber\u00e4knad l\u00e4stid\" \/>\n\t<meta name=\"twitter:data1\" content=\"1 minut\" \/>\n<script type=\"application\/ld+json\" class=\"yoast-schema-graph\">{\"@context\":\"https:\/\/schema.org\",\"@graph\":[{\"@type\":\"WebPage\",\"@id\":\"https:\/\/www.trivec.aws-staging.swace.se\/sv\/formular\/\",\"url\":\"https:\/\/www.trivec.aws-staging.swace.se\/sv\/formular\/\",\"name\":\"Formul\u00e4r - Trivec Systems\",\"isPartOf\":{\"@id\":\"https:\/\/trivec.aws-staging.swace.se\/#website\"},\"datePublished\":\"2018-12-07T12:47:54+00:00\",\"dateModified\":\"2022-12-27T15:35:15+00:00\",\"description\":\"N\u00e4r du fyllt i v\u00e5rt formul\u00e4r kommer du bli kontaktad av en av v\u00e5ra duktiga experter. Vi hj\u00e4lper dig med dina fr\u00e5gor och lyssnar p\u00e5 dina behov.\",\"breadcrumb\":{\"@id\":\"https:\/\/www.trivec.aws-staging.swace.se\/sv\/formular\/#breadcrumb\"},\"inLanguage\":\"sv-SE\",\"potentialAction\":[{\"@type\":\"ReadAction\",\"target\":[\"https:\/\/www.trivec.aws-staging.swace.se\/sv\/formular\/\"]}]},{\"@type\":\"BreadcrumbList\",\"@id\":\"https:\/\/www.trivec.aws-staging.swace.se\/sv\/formular\/#breadcrumb\",\"itemListElement\":[{\"@type\":\"ListItem\",\"position\":1,\"name\":\"Home\",\"item\":\"https:\/\/www.trivec.aws-staging.swace.se\/sv\/\"},{\"@type\":\"ListItem\",\"position\":2,\"name\":\"Formul\u00e4r\"}]},{\"@type\":\"WebSite\",\"@id\":\"https:\/\/trivec.aws-staging.swace.se\/#website\",\"url\":\"https:\/\/trivec.aws-staging.swace.se\/\",\"name\":\"Trivec\",\"description\":\"Kassasystem f\u00f6r restauranger, barer och hotell\",\"potentialAction\":[{\"@type\":\"SearchAction\",\"target\":{\"@type\":\"EntryPoint\",\"urlTemplate\":\"https:\/\/trivec.aws-staging.swace.se\/?s={search_term_string}\"},\"query-input\":{\"@type\":\"PropertyValueSpecification\",\"valueRequired\":true,\"valueName\":\"search_term_string\"}}],\"inLanguage\":\"sv-SE\"}]}<\/script>\n<!-- \/ Yoast SEO plugin. -->","yoast_head_json":{"title":"Formul\u00e4r - Trivec Systems","description":"N\u00e4r du fyllt i v\u00e5rt formul\u00e4r kommer du bli kontaktad av en av v\u00e5ra duktiga experter. Vi hj\u00e4lper dig med dina fr\u00e5gor och lyssnar p\u00e5 dina behov.","robots":{"index":"noindex","follow":"follow"},"og_locale":"sv_SE","og_type":"article","og_title":"Formul\u00e4r - Trivec Systems","og_description":"N\u00e4r du fyllt i v\u00e5rt formul\u00e4r kommer du bli kontaktad av en av v\u00e5ra duktiga experter. Vi hj\u00e4lper dig med dina fr\u00e5gor och lyssnar p\u00e5 dina behov.","og_url":"https:\/\/www.trivec.aws-staging.swace.se\/sv\/formular\/","og_site_name":"Trivec","article_modified_time":"2022-12-27T15:35:15+00:00","twitter_card":"summary_large_image","twitter_misc":{"Ber\u00e4knad l\u00e4stid":"1 minut"},"schema":{"@context":"https:\/\/schema.org","@graph":[{"@type":"WebPage","@id":"https:\/\/www.trivec.aws-staging.swace.se\/sv\/formular\/","url":"https:\/\/www.trivec.aws-staging.swace.se\/sv\/formular\/","name":"Formul\u00e4r - Trivec Systems","isPartOf":{"@id":"https:\/\/trivec.aws-staging.swace.se\/#website"},"datePublished":"2018-12-07T12:47:54+00:00","dateModified":"2022-12-27T15:35:15+00:00","description":"N\u00e4r du fyllt i v\u00e5rt formul\u00e4r kommer du bli kontaktad av en av v\u00e5ra duktiga experter. Vi hj\u00e4lper dig med dina fr\u00e5gor och lyssnar p\u00e5 dina behov.","breadcrumb":{"@id":"https:\/\/www.trivec.aws-staging.swace.se\/sv\/formular\/#breadcrumb"},"inLanguage":"sv-SE","potentialAction":[{"@type":"ReadAction","target":["https:\/\/www.trivec.aws-staging.swace.se\/sv\/formular\/"]}]},{"@type":"BreadcrumbList","@id":"https:\/\/www.trivec.aws-staging.swace.se\/sv\/formular\/#breadcrumb","itemListElement":[{"@type":"ListItem","position":1,"name":"Home","item":"https:\/\/www.trivec.aws-staging.swace.se\/sv\/"},{"@type":"ListItem","position":2,"name":"Formul\u00e4r"}]},{"@type":"WebSite","@id":"https:\/\/trivec.aws-staging.swace.se\/#website","url":"https:\/\/trivec.aws-staging.swace.se\/","name":"Trivec","description":"Kassasystem f\u00f6r restauranger, barer och hotell","potentialAction":[{"@type":"SearchAction","target":{"@type":"EntryPoint","urlTemplate":"https:\/\/trivec.aws-staging.swace.se\/?s={search_term_string}"},"query-input":{"@type":"PropertyValueSpecification","valueRequired":true,"valueName":"search_term_string"}}],"inLanguage":"sv-SE"}]}},"_links":{"self":[{"href":"https:\/\/www.trivec.aws-staging.swace.se\/sv\/wp-json\/wp\/v2\/pages\/152","targetHints":{"allow":["GET"]}}],"collection":[{"href":"https:\/\/www.trivec.aws-staging.swace.se\/sv\/wp-json\/wp\/v2\/pages"}],"about":[{"href":"https:\/\/www.trivec.aws-staging.swace.se\/sv\/wp-json\/wp\/v2\/types\/page"}],"author":[{"embeddable":true,"href":"https:\/\/www.trivec.aws-staging.swace.se\/sv\/wp-json\/wp\/v2\/users\/1"}],"replies":[{"embeddable":true,"href":"https:\/\/www.trivec.aws-staging.swace.se\/sv\/wp-json\/wp\/v2\/comments?post=152"}],"version-history":[{"count":4,"href":"https:\/\/www.trivec.aws-staging.swace.se\/sv\/wp-json\/wp\/v2\/pages\/152\/revisions"}],"predecessor-version":[{"id":29601,"href":"https:\/\/www.trivec.aws-staging.swace.se\/sv\/wp-json\/wp\/v2\/pages\/152\/revisions\/29601"}],"wp:attachment":[{"href":"https:\/\/www.trivec.aws-staging.swace.se\/sv\/wp-json\/wp\/v2\/media?parent=152"}],"curies":[{"name":"wp","href":"https:\/\/api.w.org\/{rel}","templated":true}]}}