{"id":20971,"date":"2021-10-18T11:43:12","date_gmt":"2021-10-18T09:43:12","guid":{"rendered":"https:\/\/trivec.aws-staging.swace.se\/?page_id=20971"},"modified":"2022-10-25T11:52:10","modified_gmt":"2022-10-25T09:52:10","slug":"olearys","status":"publish","type":"page","link":"https:\/\/www.trivec.aws-staging.swace.se\/sv\/kunder\/olearys\/","title":{"rendered":"O&#8217;Learys"},"content":{"rendered":"<div class=\"wpb-content-wrapper\"><p>[vc_row][vc_column][vc_story heading_text=&#8221;M\u00f6jligheten att koppla fler kortterminaler till en kassa fick O\u2019Learys att uppgradera till Domino&#8221; preamble=&#8221;2015 slog portarna upp till v\u00e4rldens st\u00f6rsta O\u2019Learys i Skandinaviens st\u00f6rsta k\u00f6pcentrum \u2013 Mall of Scandinavia. Per Westin, som \u00e4r en van anv\u00e4ndare av Trivecs kassasystem version Dino, uppgraderade till Domino i och med \u00f6ppningen.&#8221;]<img loading=\"lazy\" decoding=\"async\" class=\"aligncenter wp-image-20988 size-full\" src=\"https:\/\/www.trivec.se\/wp\/uploads\/2021\/10\/Per-Westin-Olearys.jpg\" alt=\"Per Westin O'learys\" width=\"1500\" height=\"1500\" srcset=\"https:\/\/www.trivec.aws-staging.swace.se\/wp\/uploads\/2021\/10\/Per-Westin-Olearys.jpg 1500w, https:\/\/www.trivec.aws-staging.swace.se\/wp\/uploads\/2021\/10\/Per-Westin-Olearys-300x300.jpg 300w, https:\/\/www.trivec.aws-staging.swace.se\/wp\/uploads\/2021\/10\/Per-Westin-Olearys-1024x1024.jpg 1024w, https:\/\/www.trivec.aws-staging.swace.se\/wp\/uploads\/2021\/10\/Per-Westin-Olearys-150x150.jpg 150w, https:\/\/www.trivec.aws-staging.swace.se\/wp\/uploads\/2021\/10\/Per-Westin-Olearys-768x768.jpg 768w\" sizes=\"auto, (max-width: 1500px) 100vw, 1500px\" \/><\/p>\n<p class=\"p1\">Per Westin, Operation Manager p\u00e5 O\u2019Learys i MOS (Mall of Scandinavia), startade upp O\u2019learys tillsammans med tv\u00e5 andra i november 2015, i samband med att MOS \u00f6ppnade. Till skillnad fr\u00e5n O\u2019Learys i Kista, valde de att anv\u00e4nda Trivec&#8217;s <a href=\"https:\/\/www.trivec.se\/produkter\/kassasystem-restaurang\/\">kassasystem f\u00f6r restaurang<\/a> direkt fr\u00e5n start, ist\u00e4llet f\u00f6r den tidigare versionen Dino. Med tanke p\u00e5 att det ny\u00f6ppnade O\u2019Learys i MOS beh\u00f6ver ett 15-tal kassor och ett 50-tal kortterminaler var det ett sj\u00e4lvklart val.<\/p>\n<blockquote>\n<p class=\"p3\">Trivec Domino \u00e4r mycket b\u00e4ttre, snabbare och l\u00e4ttare att s\u00e4tta sig in i, s\u00e4ger Per Westin.<\/p>\n<\/blockquote>\n<p class=\"p1\">F\u00f6rutom den uppdaterade layouten, snabbare prestandan och \u00f6kade anv\u00e4ndarv\u00e4nligheten \u00e4r Trivec Domino ocks\u00e5 b\u00e4ttre anpassat efter st\u00f6rre verksamheter som beh\u00f6ver flera kortterminaler. Med Domino har du st\u00f6d f\u00f6r multi-pay vilket g\u00f6r att du kan koppla upp till fyra kortterminaler per kassa f\u00f6r smidiga betalningar, till skillnad fr\u00e5n Dino som endast kan ha en kortterminal per kassa.<\/p>\n<h2 class=\"p3\">Smidiga integrationer<\/h2>\n<p class=\"p1\">Med Domino kassasystem kan du ocks\u00e5 integrera en m\u00e4ngd olika l\u00f6sningar f\u00f6r att underl\u00e4tta f\u00f6r din restaurangverksamhet, bland annat dagliga f\u00f6rs\u00e4ljningsrapporter och intercardsystem.<\/p>\n<blockquote>\n<p class=\"p3\">Jag gillar att det \u00e4r enkelt att integrera med de olika systemen, bland annat intercardsystemet som vi k\u00f6r alla v\u00e5ra spel med. Typ som presentkort som man kan laddar upp. Den integrationen kommunicerar smidigt med kassan, s\u00e4ger Per.<\/p>\n<\/blockquote>\n<p class=\"p1\">Han forts\u00e4tter:<\/p>\n<blockquote>\n<p class=\"p3\">\u00c4ven rapporterna g\u00e5r snabbt och smidigt och \u00e4r enkla att bygga upp. Tidigare system jag testat brukar g\u00e5 mycket l\u00e5ngsammare och rapporterna kunde ta upp mycket data. Det problemet har jag inte idag.<\/p>\n<\/blockquote>\n<h2 class=\"p3\">Tuff start<\/h2>\n<p class=\"p1\">N\u00e4r O\u2019Learys \u00f6ppnade 2015 var Domino v\u00e4ldigt nytt p\u00e5 marknaden och hade inte hunnit optimeras till hundra procent. Det gjorde att O\u2019Learys fick en ganska tuff start.<\/p>\n<blockquote>\n<p class=\"p3\">I b\u00f6rjan var det v\u00e4ldigt tufft och vi st\u00f6tte p\u00e5 en hel del utmaningar och \u201dbarnsjukdomar&#8221;, s\u00e4ger Per.<\/p>\n<\/blockquote>\n<p class=\"p1\">Per \u00e4r idag v\u00e4ldigt n\u00f6jd med kassasystemet och trycker att det flyter p\u00e5 bra och smidigt, bland annat tack vare Trivecs support.<\/p>\n<blockquote>\n<p class=\"p3\">Vi har haft en otroligt bra dialog med Trivec under hela resan. Allt vi s\u00e4ger tar de \u00e5t sig och lyssnar p\u00e5 och l\u00f6ser problemen.<\/p>\n<\/blockquote>\n<h2 class=\"p3\">\u201dS\u00f6kfunktionen \u00e4r en av de b\u00e4sta funktionerna\u201d<\/h2>\n<p class=\"p1\">Att ha ett kassasystem som flyter p\u00e5 bra och fungerar \u00e4r s\u00e5klart A och O f\u00f6r restauranger. Men det \u00e4r ocks\u00e5 viktigt med funktioner som underl\u00e4ttar vardagen och g\u00f6r det enkelt f\u00f6r personalen att s\u00e4tta sig in i kassasystemet. En av dessa funktioner \u00e4r s\u00f6kfunktionen, enligt Per.<\/p>\n<blockquote>\n<p class=\"p3\">S\u00f6kfunktionen \u00e4r verkligen bland det b\u00e4sta, det vill jag trycka p\u00e5. Man beh\u00f6ver n\u00e4stan inga knappar, om man inte hittar n\u00e5got s\u00e5 kan man s\u00f6ka och snabbt f\u00e5 fram artiklar, s\u00e4ger Per.<\/p>\n<\/blockquote>\n<p class=\"p1\">Tack vare s\u00f6kfunktionen har \u00e4ven de nyanst\u00e4llda l\u00e4tt f\u00f6r att anv\u00e4nda systemet och slipper sl\u00f6sa dyrbar tid p\u00e5 att hitta och bl\u00e4ddra bland knappar.<\/p>\n<blockquote>\n<p class=\"p3\">Hela systemet \u00e4r enkelt. Personalen har l\u00e4tt att f\u00f6rst\u00e5 och vi kan g\u00f6ra alla justeringar sj\u00e4lva \u2013 snabbt och smidigt.<\/p>\n<\/blockquote>\n<p class=\"p1\">Med sina 23 \u00e5r i branschen har Per koll p\u00e5 vad som funkar och han kan rekommendera kassasystemet till andra.<\/p>\n<blockquote>\n<p class=\"p3\">Jag kan absolut rekommendera folk att anv\u00e4nda kassasystemet. Det \u00e4r snabbt och det flyter p\u00e5, avslutar Per.<\/p>\n<\/blockquote>\n<p>[\/vc_story][\/vc_column][\/vc_row]<\/p>\n<\/div>","protected":false},"excerpt":{"rendered":"<p>[vc_row][vc_column][vc_story heading_text=&#8221;M\u00f6jligheten att koppla fler kortterminaler till en kassa fick O\u2019Learys att uppgradera till Domino&#8221; preamble=&#8221;2015 slog portarna upp till v\u00e4rldens st\u00f6rsta O\u2019Learys i Skandinaviens st\u00f6rsta k\u00f6pcentrum \u2013 Mall of Scandinavia. Per Westin, som \u00e4r en van anv\u00e4ndare av Trivecs kassasystem version Dino, uppgraderade till Domino i och med \u00f6ppningen.&#8221;] Per Westin, Operation Manager p\u00e5 [&hellip;]<\/p>\n","protected":false},"author":18,"featured_media":20988,"parent":129,"menu_order":1,"comment_status":"closed","ping_status":"closed","template":"","meta":{"_acf_changed":false,"content-type":"","footnotes":""},"class_list":["post-20971","page","type-page","status-publish","has-post-thumbnail","hentry"],"acf":[],"yoast_head":"<!-- This site is optimized with the Yoast SEO plugin v27.2 - https:\/\/yoast.com\/product\/yoast-seo-wordpress\/ -->\n<title>O\u00b4Learys - Trivec<\/title>\n<meta name=\"description\" content=\"Per Westin, Operation Manager p\u00e5 O&#039;Learys, anv\u00e4nder kassasystemet Trivec som \u00e4r anpassat f\u00f6r st\u00f6rre verksamheter.\" \/>\n<meta name=\"robots\" content=\"noindex, follow\" \/>\n<meta property=\"og:locale\" content=\"sv_SE\" \/>\n<meta property=\"og:type\" content=\"article\" \/>\n<meta property=\"og:title\" content=\"O\u00b4Learys - Trivec\" \/>\n<meta property=\"og:description\" content=\"Per Westin, Operation Manager p\u00e5 O&#039;Learys, anv\u00e4nder kassasystemet Trivec som \u00e4r anpassat f\u00f6r st\u00f6rre verksamheter.\" \/>\n<meta property=\"og:url\" content=\"https:\/\/www.trivec.aws-staging.swace.se\/sv\/kunder\/olearys\/\" \/>\n<meta property=\"og:site_name\" content=\"Trivec\" \/>\n<meta property=\"article:modified_time\" content=\"2022-10-25T09:52:10+00:00\" \/>\n<meta property=\"og:image\" content=\"https:\/\/www.trivec.aws-staging.swace.se\/wp\/uploads\/2021\/10\/Per-Westin-Olearys.jpg\" \/>\n\t<meta property=\"og:image:width\" content=\"1500\" \/>\n\t<meta property=\"og:image:height\" content=\"1500\" \/>\n\t<meta property=\"og:image:type\" content=\"image\/jpeg\" \/>\n<meta name=\"twitter:card\" content=\"summary_large_image\" \/>\n<meta name=\"twitter:label1\" content=\"Ber\u00e4knad l\u00e4stid\" \/>\n\t<meta name=\"twitter:data1\" content=\"3 minuter\" \/>\n<script type=\"application\/ld+json\" class=\"yoast-schema-graph\">{\"@context\":\"https:\/\/schema.org\",\"@graph\":[{\"@type\":\"WebPage\",\"@id\":\"https:\/\/www.trivec.aws-staging.swace.se\/sv\/kunder\/olearys\/\",\"url\":\"https:\/\/www.trivec.aws-staging.swace.se\/sv\/kunder\/olearys\/\",\"name\":\"O\u00b4Learys - Trivec\",\"isPartOf\":{\"@id\":\"https:\/\/trivec.aws-staging.swace.se\/#website\"},\"primaryImageOfPage\":{\"@id\":\"https:\/\/www.trivec.aws-staging.swace.se\/sv\/kunder\/olearys\/#primaryimage\"},\"image\":{\"@id\":\"https:\/\/www.trivec.aws-staging.swace.se\/sv\/kunder\/olearys\/#primaryimage\"},\"thumbnailUrl\":\"https:\/\/www.trivec.aws-staging.swace.se\/wp\/uploads\/2021\/10\/Per-Westin-Olearys.jpg\",\"datePublished\":\"2021-10-18T09:43:12+00:00\",\"dateModified\":\"2022-10-25T09:52:10+00:00\",\"description\":\"Per Westin, Operation Manager p\u00e5 O'Learys, anv\u00e4nder kassasystemet Trivec som \u00e4r anpassat f\u00f6r st\u00f6rre verksamheter.\",\"breadcrumb\":{\"@id\":\"https:\/\/www.trivec.aws-staging.swace.se\/sv\/kunder\/olearys\/#breadcrumb\"},\"inLanguage\":\"sv-SE\",\"potentialAction\":[{\"@type\":\"ReadAction\",\"target\":[\"https:\/\/www.trivec.aws-staging.swace.se\/sv\/kunder\/olearys\/\"]}]},{\"@type\":\"ImageObject\",\"inLanguage\":\"sv-SE\",\"@id\":\"https:\/\/www.trivec.aws-staging.swace.se\/sv\/kunder\/olearys\/#primaryimage\",\"url\":\"https:\/\/www.trivec.aws-staging.swace.se\/wp\/uploads\/2021\/10\/Per-Westin-Olearys.jpg\",\"contentUrl\":\"https:\/\/www.trivec.aws-staging.swace.se\/wp\/uploads\/2021\/10\/Per-Westin-Olearys.jpg\",\"width\":1500,\"height\":1500,\"caption\":\"Per Westin O'learys\"},{\"@type\":\"BreadcrumbList\",\"@id\":\"https:\/\/www.trivec.aws-staging.swace.se\/sv\/kunder\/olearys\/#breadcrumb\",\"itemListElement\":[{\"@type\":\"ListItem\",\"position\":1,\"name\":\"Home\",\"item\":\"https:\/\/www.trivec.aws-staging.swace.se\/sv\/\"},{\"@type\":\"ListItem\",\"position\":2,\"name\":\"Kunder\",\"item\":\"https:\/\/www.trivec.aws-staging.swace.se\/sv\/kunder\/\"},{\"@type\":\"ListItem\",\"position\":3,\"name\":\"O&#8217;Learys\"}]},{\"@type\":\"WebSite\",\"@id\":\"https:\/\/trivec.aws-staging.swace.se\/#website\",\"url\":\"https:\/\/trivec.aws-staging.swace.se\/\",\"name\":\"Trivec\",\"description\":\"Kassasystem f\u00f6r restauranger, barer och hotell\",\"potentialAction\":[{\"@type\":\"SearchAction\",\"target\":{\"@type\":\"EntryPoint\",\"urlTemplate\":\"https:\/\/trivec.aws-staging.swace.se\/?s={search_term_string}\"},\"query-input\":{\"@type\":\"PropertyValueSpecification\",\"valueRequired\":true,\"valueName\":\"search_term_string\"}}],\"inLanguage\":\"sv-SE\"}]}<\/script>\n<!-- \/ Yoast SEO plugin. -->","yoast_head_json":{"title":"O\u00b4Learys - Trivec","description":"Per Westin, Operation Manager p\u00e5 O'Learys, anv\u00e4nder kassasystemet Trivec som \u00e4r anpassat f\u00f6r st\u00f6rre verksamheter.","robots":{"index":"noindex","follow":"follow"},"og_locale":"sv_SE","og_type":"article","og_title":"O\u00b4Learys - Trivec","og_description":"Per Westin, Operation Manager p\u00e5 O'Learys, anv\u00e4nder kassasystemet Trivec som \u00e4r anpassat f\u00f6r st\u00f6rre verksamheter.","og_url":"https:\/\/www.trivec.aws-staging.swace.se\/sv\/kunder\/olearys\/","og_site_name":"Trivec","article_modified_time":"2022-10-25T09:52:10+00:00","og_image":[{"width":1500,"height":1500,"url":"https:\/\/www.trivec.aws-staging.swace.se\/wp\/uploads\/2021\/10\/Per-Westin-Olearys.jpg","type":"image\/jpeg"}],"twitter_card":"summary_large_image","twitter_misc":{"Ber\u00e4knad l\u00e4stid":"3 minuter"},"schema":{"@context":"https:\/\/schema.org","@graph":[{"@type":"WebPage","@id":"https:\/\/www.trivec.aws-staging.swace.se\/sv\/kunder\/olearys\/","url":"https:\/\/www.trivec.aws-staging.swace.se\/sv\/kunder\/olearys\/","name":"O\u00b4Learys - Trivec","isPartOf":{"@id":"https:\/\/trivec.aws-staging.swace.se\/#website"},"primaryImageOfPage":{"@id":"https:\/\/www.trivec.aws-staging.swace.se\/sv\/kunder\/olearys\/#primaryimage"},"image":{"@id":"https:\/\/www.trivec.aws-staging.swace.se\/sv\/kunder\/olearys\/#primaryimage"},"thumbnailUrl":"https:\/\/www.trivec.aws-staging.swace.se\/wp\/uploads\/2021\/10\/Per-Westin-Olearys.jpg","datePublished":"2021-10-18T09:43:12+00:00","dateModified":"2022-10-25T09:52:10+00:00","description":"Per Westin, Operation Manager p\u00e5 O'Learys, anv\u00e4nder kassasystemet Trivec som \u00e4r anpassat f\u00f6r st\u00f6rre verksamheter.","breadcrumb":{"@id":"https:\/\/www.trivec.aws-staging.swace.se\/sv\/kunder\/olearys\/#breadcrumb"},"inLanguage":"sv-SE","potentialAction":[{"@type":"ReadAction","target":["https:\/\/www.trivec.aws-staging.swace.se\/sv\/kunder\/olearys\/"]}]},{"@type":"ImageObject","inLanguage":"sv-SE","@id":"https:\/\/www.trivec.aws-staging.swace.se\/sv\/kunder\/olearys\/#primaryimage","url":"https:\/\/www.trivec.aws-staging.swace.se\/wp\/uploads\/2021\/10\/Per-Westin-Olearys.jpg","contentUrl":"https:\/\/www.trivec.aws-staging.swace.se\/wp\/uploads\/2021\/10\/Per-Westin-Olearys.jpg","width":1500,"height":1500,"caption":"Per Westin O'learys"},{"@type":"BreadcrumbList","@id":"https:\/\/www.trivec.aws-staging.swace.se\/sv\/kunder\/olearys\/#breadcrumb","itemListElement":[{"@type":"ListItem","position":1,"name":"Home","item":"https:\/\/www.trivec.aws-staging.swace.se\/sv\/"},{"@type":"ListItem","position":2,"name":"Kunder","item":"https:\/\/www.trivec.aws-staging.swace.se\/sv\/kunder\/"},{"@type":"ListItem","position":3,"name":"O&#8217;Learys"}]},{"@type":"WebSite","@id":"https:\/\/trivec.aws-staging.swace.se\/#website","url":"https:\/\/trivec.aws-staging.swace.se\/","name":"Trivec","description":"Kassasystem f\u00f6r restauranger, barer och hotell","potentialAction":[{"@type":"SearchAction","target":{"@type":"EntryPoint","urlTemplate":"https:\/\/trivec.aws-staging.swace.se\/?s={search_term_string}"},"query-input":{"@type":"PropertyValueSpecification","valueRequired":true,"valueName":"search_term_string"}}],"inLanguage":"sv-SE"}]}},"_links":{"self":[{"href":"https:\/\/www.trivec.aws-staging.swace.se\/sv\/wp-json\/wp\/v2\/pages\/20971","targetHints":{"allow":["GET"]}}],"collection":[{"href":"https:\/\/www.trivec.aws-staging.swace.se\/sv\/wp-json\/wp\/v2\/pages"}],"about":[{"href":"https:\/\/www.trivec.aws-staging.swace.se\/sv\/wp-json\/wp\/v2\/types\/page"}],"author":[{"embeddable":true,"href":"https:\/\/www.trivec.aws-staging.swace.se\/sv\/wp-json\/wp\/v2\/users\/18"}],"replies":[{"embeddable":true,"href":"https:\/\/www.trivec.aws-staging.swace.se\/sv\/wp-json\/wp\/v2\/comments?post=20971"}],"version-history":[{"count":7,"href":"https:\/\/www.trivec.aws-staging.swace.se\/sv\/wp-json\/wp\/v2\/pages\/20971\/revisions"}],"predecessor-version":[{"id":28587,"href":"https:\/\/www.trivec.aws-staging.swace.se\/sv\/wp-json\/wp\/v2\/pages\/20971\/revisions\/28587"}],"up":[{"embeddable":true,"href":"https:\/\/www.trivec.aws-staging.swace.se\/sv\/wp-json\/wp\/v2\/pages\/129"}],"wp:featuredmedia":[{"embeddable":true,"href":"https:\/\/www.trivec.aws-staging.swace.se\/sv\/wp-json\/wp\/v2\/media\/20988"}],"wp:attachment":[{"href":"https:\/\/www.trivec.aws-staging.swace.se\/sv\/wp-json\/wp\/v2\/media?parent=20971"}],"curies":[{"name":"wp","href":"https:\/\/api.w.org\/{rel}","templated":true}]}}