{"id":27262,"date":"2022-06-21T13:16:57","date_gmt":"2022-06-21T11:16:57","guid":{"rendered":"https:\/\/trivec.aws-staging.swace.se\/?page_id=27262"},"modified":"2023-01-20T16:10:33","modified_gmt":"2023-01-20T15:10:33","slug":"cookie-policy","status":"publish","type":"page","link":"https:\/\/www.trivec.aws-staging.swace.se\/sv\/privacy-policy\/cookie-policy\/","title":{"rendered":"Cookie policy"},"content":{"rendered":"<div class=\"wpb-content-wrapper\"><p>[vc_row][vc_column][vc_story heading_text=&#8221;Cookie policy&#8221; preamble=&#8221;Denna cookie policy g\u00e4ller f\u00f6r webbplatser som tillh\u00f6r T&amp;V Holding AB och dess dotterbolag (gemensamt ben\u00e4mnda \u201cvi,\u201d \u201coss\u201d eller \u201cv\u00e5r\u201d).&#8221;]<\/p>\n<h3>Vad \u00e4r cookies och hur anv\u00e4nder vi dem?<\/h3>\n<p>Cookies \u00e4r sm\u00e5 textfiler som inneh\u00e5ller information som laddas ner till din enhet n\u00e4r du bes\u00f6ker en webbplats. Cookien skickas sedan tillbaka till den ursprungliga webbplatsen vid varje efterf\u00f6ljande bes\u00f6k, eller till en annan webbplats som ocks\u00e5 k\u00e4nner igen cookien.<\/p>\n<p>Vi anv\u00e4nder cookies och annan liknande teknik f\u00f6r att komma ih\u00e5g dina preferenser, f\u00f6r att personalisera dina upplevelser p\u00e5 v\u00e5ra webbplatser, f\u00f6r att f\u00e5 insikt om vilka delar av v\u00e5ra webbplatser som personer har bes\u00f6kt, f\u00f6r att kunna m\u00e4ta effektiviteten av v\u00e5ra kampanjer och f\u00f6r att ge oss insikter om anv\u00e4ndarnas interaktioner och om anv\u00e4ndarbasen som helhet, s\u00e5 att vi kan f\u00f6rb\u00e4ttra v\u00e5rt s\u00e4tt att kommunicera.<\/p>\n<h3>S\u00e5 h\u00e4r inaktiverar du cookies<\/h3>\n<p>Om du inte vill till\u00e5ta att cookies anv\u00e4nds kan du inaktivera dem via inst\u00e4llningarna i din webbl\u00e4sare. I vissa webbl\u00e4sare kan du g\u00f6ra inst\u00e4llningar f\u00f6r hantering av cookies p\u00e5 individuella webbplatser, vilket ger dig mer kontroll \u00f6ver din integritet.<\/p>\n<p>Vissa webbl\u00e4sare har hj\u00e4lpsidor f\u00f6r hantering av cookies p\u00e5 just deras webbl\u00e4sare. Se l\u00e4nkar till de vanligaste webbl\u00e4saren nedan:<\/p>\n<ul>\n<li><a href=\"https:\/\/support.google.com\/chrome\/answer\/95647?hl=en\" target=\"_blank\" rel=\"noopener\">Google Chrome<\/a><\/li>\n<li><a href=\"https:\/\/support.mozilla.org\/en-US\/kb\/cookies-information-websites-store-on-your-computer?redirectlocale=en-US&amp;redirectslug=Cookies\" target=\"_blank\" rel=\"noopener\">Mozilla Firefox<\/a><\/li>\n<li><a href=\"https:\/\/support.apple.com\/en-gb\/HT201265\" target=\"_blank\" rel=\"noopener\">Safari<\/a><\/li>\n<\/ul>\n<p>Observera att om du inaktiverar cookies kan det h\u00e4nda att v\u00e5ra webbplatser inte fungerar korrekt eller inte alls, eller att din \u00e5tkomst till v\u00e5ra webbplatser och deras funktioner kan p\u00e5verkas eller begr\u00e4nsas.<\/p>\n<p>&nbsp;<\/p>\n<h3>Cookielista<\/h3>\n<p>Vi anv\u00e4nder f\u00f6ljande cookies p\u00e5 v\u00e5ra webbplatser:<\/p>\n<h3>Absolut n\u00f6dv\u00e4ndiga cookies<\/h3>\n<p>N\u00f6dv\u00e4ndiga cookies kr\u00e4vs f\u00f6r att v\u00e5r webbplats ska fungera korrekt. De anv\u00e4nds bland annat f\u00f6r navigering p\u00e5 webbsidorna eller f\u00f6r att blockera \u00e5tkomst till s\u00e4kerhetsomr\u00e5den p\u00e5 v\u00e5ra webbplatser. De uppgifterna vi samlar in anv\u00e4nds aldrig f\u00f6r n\u00e5gra andra \u00e4ndam\u00e5l och vi l\u00e4mnar inte heller dem vidare till externa parter.<\/p>\n<h4>Kategorier och cookies<\/h4>\n<p>Hubspot: __hssc, __hssrc, __hstc<\/p>\n<p>Cloud Foundry: __cf_bm<\/p>\n<p>&nbsp;<\/p>\n<h3>Prestandacookies<\/h3>\n<p>Prestandacookies \u00e4r cookies som anv\u00e4nds specifikt f\u00f6r att samla in uppgifter om hur bes\u00f6kare anv\u00e4nder v\u00e5ra webbplatser, vilka sidor som bes\u00f6ks oftast, om v\u00e5ra bes\u00f6kare f\u00e5r felmeddelanden p\u00e5 v\u00e5ra webbsidor, eller f\u00f6r att samla in statistikuppgifter om hur v\u00e4l v\u00e5ra webbplatser fungerar. Detta g\u00f6rs f\u00f6r att kunna genomf\u00f6ra f\u00f6rb\u00e4ttringar. Med andra ord \u00f6vervakar dessa cookies endast v\u00e5ra webbplatsers prestanda n\u00e4r anv\u00e4ndaren bes\u00f6ker dem.<\/p>\n<p>Dessa cookies samlar inte in n\u00e5gra identifierbara uppgifter om bes\u00f6karna, vilket inneb\u00e4r att alla insamlade uppgifter \u00e4r anonyma och anv\u00e4nds endast f\u00f6r att f\u00f6rb\u00e4ttra webbplatsernas funktionalitet.<\/p>\n<h4>Kategorier och cookies<\/h4>\n<p>Hubspot: __hstc<\/p>\n<p>Google Analytics: _ga, _gat,_UA-nnnnnnn-nn, _gid<\/p>\n<p>Dreamdata: ajs_anonymous_id, ajs_group_id, ajs_user_id<\/p>\n<h3>Funktionella cookies<\/h3>\n<p>Preferenscookies g\u00f6r det m\u00f6jligt f\u00f6r en webbplats att komma ih\u00e5g information som \u00e4ndrar hur webbplatsen beter sig eller ser ut, t.ex. spr\u00e5ket du v\u00e4ljer eller den region du befinner dig i.<\/p>\n<h4>Kategorier och cookies<\/h4>\n<p>Hubspot hubspotutk<\/p>\n<p>&nbsp;<\/p>\n<h3>Marknadsf\u00f6ringscookies<\/h3>\n<p>Marknadsf\u00f6ringscookies \u00e4r cookies som anv\u00e4nds f\u00f6r att f\u00f6lja ditt surfbeteende efter att du har bes\u00f6kt v\u00e5ra webbplatser. Annons\u00f6rer anv\u00e4nder uppgifterna de samlar in om dig f\u00f6r att visa annonser som \u00e4r relevanta f\u00f6r dig. Syftet f\u00f6r oss med att placera ut marknadsf\u00f6ringscookies \u00e4r f\u00f6r att kunna m\u00e4ta effektiviteten p\u00e5 sociala mediakanaler.<\/p>\n<h4>Kategorier och cookies<\/h4>\n<p>Facebook: _fbp<\/p>\n<p>Microsoft Clarity: ANONCHK, MUID, CLID, SM<\/p>\n<p>Bing: SRM_B<\/p>\n<p><a href=\"https:\/\/www.trivec.se\/privacy-policy\/\">L\u00e4s hela Privacy policy<\/a>[\/vc_story][\/vc_column][\/vc_row]<\/p>\n<\/div>","protected":false},"excerpt":{"rendered":"<p>[vc_row][vc_column][vc_story heading_text=&#8221;Cookie policy&#8221; preamble=&#8221;Denna cookie policy g\u00e4ller f\u00f6r webbplatser som tillh\u00f6r T&amp;V Holding AB och dess dotterbolag (gemensamt ben\u00e4mnda \u201cvi,\u201d \u201coss\u201d eller \u201cv\u00e5r\u201d).&#8221;] Vad \u00e4r cookies och hur anv\u00e4nder vi dem? Cookies \u00e4r sm\u00e5 textfiler som inneh\u00e5ller information som laddas ner till din enhet n\u00e4r du bes\u00f6ker en webbplats. Cookien skickas sedan tillbaka till den [&hellip;]<\/p>\n","protected":false},"author":2,"featured_media":0,"parent":3,"menu_order":0,"comment_status":"closed","ping_status":"closed","template":"","meta":{"_acf_changed":false,"content-type":"","footnotes":""},"class_list":["post-27262","page","type-page","status-publish","hentry"],"acf":[],"yoast_head":"<!-- This site is optimized with the Yoast SEO plugin v27.2 - https:\/\/yoast.com\/product\/yoast-seo-wordpress\/ -->\n<title>Cookie policy - Trivec<\/title>\n<meta name=\"robots\" content=\"noindex, follow\" \/>\n<meta property=\"og:locale\" content=\"sv_SE\" \/>\n<meta property=\"og:type\" content=\"article\" \/>\n<meta property=\"og:title\" content=\"Cookie policy - Trivec\" \/>\n<meta property=\"og:description\" content=\"[vc_row][vc_column][vc_story heading_text=&#8221;Cookie policy&#8221; preamble=&#8221;Denna cookie policy g\u00e4ller f\u00f6r webbplatser som tillh\u00f6r T&amp;V Holding AB och dess dotterbolag (gemensamt ben\u00e4mnda \u201cvi,\u201d \u201coss\u201d eller \u201cv\u00e5r\u201d).&#8221;] Vad \u00e4r cookies och hur anv\u00e4nder vi dem? Cookies \u00e4r sm\u00e5 textfiler som inneh\u00e5ller information som laddas ner till din enhet n\u00e4r du bes\u00f6ker en webbplats. Cookien skickas sedan tillbaka till den [&hellip;]\" \/>\n<meta property=\"og:url\" content=\"https:\/\/www.trivec.aws-staging.swace.se\/sv\/privacy-policy\/cookie-policy\/\" \/>\n<meta property=\"og:site_name\" content=\"Trivec\" \/>\n<meta property=\"article:modified_time\" content=\"2023-01-20T15:10:33+00:00\" \/>\n<meta name=\"twitter:card\" content=\"summary_large_image\" \/>\n<meta name=\"twitter:label1\" content=\"Ber\u00e4knad l\u00e4stid\" \/>\n\t<meta name=\"twitter:data1\" content=\"3 minuter\" \/>\n<script type=\"application\/ld+json\" class=\"yoast-schema-graph\">{\"@context\":\"https:\/\/schema.org\",\"@graph\":[{\"@type\":\"WebPage\",\"@id\":\"https:\/\/www.trivec.aws-staging.swace.se\/sv\/privacy-policy\/cookie-policy\/\",\"url\":\"https:\/\/www.trivec.aws-staging.swace.se\/sv\/privacy-policy\/cookie-policy\/\",\"name\":\"Cookie policy - Trivec\",\"isPartOf\":{\"@id\":\"https:\/\/trivec.aws-staging.swace.se\/#website\"},\"datePublished\":\"2022-06-21T11:16:57+00:00\",\"dateModified\":\"2023-01-20T15:10:33+00:00\",\"breadcrumb\":{\"@id\":\"https:\/\/www.trivec.aws-staging.swace.se\/sv\/privacy-policy\/cookie-policy\/#breadcrumb\"},\"inLanguage\":\"sv-SE\",\"potentialAction\":[{\"@type\":\"ReadAction\",\"target\":[\"https:\/\/www.trivec.aws-staging.swace.se\/sv\/privacy-policy\/cookie-policy\/\"]}]},{\"@type\":\"BreadcrumbList\",\"@id\":\"https:\/\/www.trivec.aws-staging.swace.se\/sv\/privacy-policy\/cookie-policy\/#breadcrumb\",\"itemListElement\":[{\"@type\":\"ListItem\",\"position\":1,\"name\":\"Home\",\"item\":\"https:\/\/www.trivec.aws-staging.swace.se\/sv\/\"},{\"@type\":\"ListItem\",\"position\":2,\"name\":\"Privacy Policy\",\"item\":\"https:\/\/trivec.aws-staging.swace.se\/sv\/privacy-policy\/\"},{\"@type\":\"ListItem\",\"position\":3,\"name\":\"Cookie policy\"}]},{\"@type\":\"WebSite\",\"@id\":\"https:\/\/trivec.aws-staging.swace.se\/#website\",\"url\":\"https:\/\/trivec.aws-staging.swace.se\/\",\"name\":\"Trivec\",\"description\":\"Kassasystem f\u00f6r restauranger, barer och hotell\",\"potentialAction\":[{\"@type\":\"SearchAction\",\"target\":{\"@type\":\"EntryPoint\",\"urlTemplate\":\"https:\/\/trivec.aws-staging.swace.se\/?s={search_term_string}\"},\"query-input\":{\"@type\":\"PropertyValueSpecification\",\"valueRequired\":true,\"valueName\":\"search_term_string\"}}],\"inLanguage\":\"sv-SE\"}]}<\/script>\n<!-- \/ Yoast SEO plugin. -->","yoast_head_json":{"title":"Cookie policy - Trivec","robots":{"index":"noindex","follow":"follow"},"og_locale":"sv_SE","og_type":"article","og_title":"Cookie policy - Trivec","og_description":"[vc_row][vc_column][vc_story heading_text=&#8221;Cookie policy&#8221; preamble=&#8221;Denna cookie policy g\u00e4ller f\u00f6r webbplatser som tillh\u00f6r T&amp;V Holding AB och dess dotterbolag (gemensamt ben\u00e4mnda \u201cvi,\u201d \u201coss\u201d eller \u201cv\u00e5r\u201d).&#8221;] Vad \u00e4r cookies och hur anv\u00e4nder vi dem? Cookies \u00e4r sm\u00e5 textfiler som inneh\u00e5ller information som laddas ner till din enhet n\u00e4r du bes\u00f6ker en webbplats. Cookien skickas sedan tillbaka till den [&hellip;]","og_url":"https:\/\/www.trivec.aws-staging.swace.se\/sv\/privacy-policy\/cookie-policy\/","og_site_name":"Trivec","article_modified_time":"2023-01-20T15:10:33+00:00","twitter_card":"summary_large_image","twitter_misc":{"Ber\u00e4knad l\u00e4stid":"3 minuter"},"schema":{"@context":"https:\/\/schema.org","@graph":[{"@type":"WebPage","@id":"https:\/\/www.trivec.aws-staging.swace.se\/sv\/privacy-policy\/cookie-policy\/","url":"https:\/\/www.trivec.aws-staging.swace.se\/sv\/privacy-policy\/cookie-policy\/","name":"Cookie policy - Trivec","isPartOf":{"@id":"https:\/\/trivec.aws-staging.swace.se\/#website"},"datePublished":"2022-06-21T11:16:57+00:00","dateModified":"2023-01-20T15:10:33+00:00","breadcrumb":{"@id":"https:\/\/www.trivec.aws-staging.swace.se\/sv\/privacy-policy\/cookie-policy\/#breadcrumb"},"inLanguage":"sv-SE","potentialAction":[{"@type":"ReadAction","target":["https:\/\/www.trivec.aws-staging.swace.se\/sv\/privacy-policy\/cookie-policy\/"]}]},{"@type":"BreadcrumbList","@id":"https:\/\/www.trivec.aws-staging.swace.se\/sv\/privacy-policy\/cookie-policy\/#breadcrumb","itemListElement":[{"@type":"ListItem","position":1,"name":"Home","item":"https:\/\/www.trivec.aws-staging.swace.se\/sv\/"},{"@type":"ListItem","position":2,"name":"Privacy Policy","item":"https:\/\/trivec.aws-staging.swace.se\/sv\/privacy-policy\/"},{"@type":"ListItem","position":3,"name":"Cookie policy"}]},{"@type":"WebSite","@id":"https:\/\/trivec.aws-staging.swace.se\/#website","url":"https:\/\/trivec.aws-staging.swace.se\/","name":"Trivec","description":"Kassasystem f\u00f6r restauranger, barer och hotell","potentialAction":[{"@type":"SearchAction","target":{"@type":"EntryPoint","urlTemplate":"https:\/\/trivec.aws-staging.swace.se\/?s={search_term_string}"},"query-input":{"@type":"PropertyValueSpecification","valueRequired":true,"valueName":"search_term_string"}}],"inLanguage":"sv-SE"}]}},"_links":{"self":[{"href":"https:\/\/www.trivec.aws-staging.swace.se\/sv\/wp-json\/wp\/v2\/pages\/27262","targetHints":{"allow":["GET"]}}],"collection":[{"href":"https:\/\/www.trivec.aws-staging.swace.se\/sv\/wp-json\/wp\/v2\/pages"}],"about":[{"href":"https:\/\/www.trivec.aws-staging.swace.se\/sv\/wp-json\/wp\/v2\/types\/page"}],"author":[{"embeddable":true,"href":"https:\/\/www.trivec.aws-staging.swace.se\/sv\/wp-json\/wp\/v2\/users\/2"}],"replies":[{"embeddable":true,"href":"https:\/\/www.trivec.aws-staging.swace.se\/sv\/wp-json\/wp\/v2\/comments?post=27262"}],"version-history":[{"count":3,"href":"https:\/\/www.trivec.aws-staging.swace.se\/sv\/wp-json\/wp\/v2\/pages\/27262\/revisions"}],"predecessor-version":[{"id":30051,"href":"https:\/\/www.trivec.aws-staging.swace.se\/sv\/wp-json\/wp\/v2\/pages\/27262\/revisions\/30051"}],"up":[{"embeddable":true,"href":"https:\/\/www.trivec.aws-staging.swace.se\/sv\/wp-json\/wp\/v2\/pages\/3"}],"wp:attachment":[{"href":"https:\/\/www.trivec.aws-staging.swace.se\/sv\/wp-json\/wp\/v2\/media?parent=27262"}],"curies":[{"name":"wp","href":"https:\/\/api.w.org\/{rel}","templated":true}]}}