{"id":29021,"date":"2022-11-30T14:38:04","date_gmt":"2022-11-30T13:38:04","guid":{"rendered":"https:\/\/trivec.aws-staging.swace.se\/?page_id=29021"},"modified":"2022-11-30T17:24:35","modified_gmt":"2022-11-30T16:24:35","slug":"goteborgsfamiljen-matsvinn-restauranger","status":"publish","type":"page","link":"https:\/\/www.trivec.aws-staging.swace.se\/sv\/kunder\/goteborgsfamiljen-matsvinn-restauranger\/","title":{"rendered":"G\u00f6teborgsfamiljen"},"content":{"rendered":"<div class=\"wpb-content-wrapper\"><p>[vc_row][vc_column][vc_story heading_text=&#8221;G\u00f6teborgsfamiljen&#8221; preamble=&#8221;G\u00f6teborgsfamiljen valde Trivec f\u00f6r att kassal\u00f6sningarna g\u00e5r att v\u00e4xa med samt f\u00f6r att Trivec\u2019s backoffice-del st\u00f6ttar i h\u00e5llbarhetsresan. De driver runt 20 k\u00e4nda krogar i G\u00f6teborg som t.ex. Taverna Averna, Moreno pizza och Levantine.<\/p>\n<p>&#8211; Trivec\u2019s back-office-funktion i kombination med appen Generation Waste g\u00f6r att vi kan m\u00e4ta och v\u00e4ga matsvinn per g\u00e4st och kv\u00e4ll samt knyta all f\u00f6rs\u00e4ljning mot ink\u00f6p. Det g\u00f6r att vi hela tiden jobbar smartare, s\u00e4ger Andreas Wallenthin, Beverage Manager p\u00e5 G\u00f6teborgsfamiljen.&#8221;]<\/p>\n<h2><strong><img loading=\"lazy\" decoding=\"async\" class=\"alignnone size-large wp-image-29054\" src=\"https:\/\/www.trivec.se\/wp\/uploads\/2022\/11\/goteborgsfamiljen_webb-1-1024x1024.jpg\" alt=\"Goteborgsfamiljen Foodwaste\" width=\"1024\" height=\"1024\" srcset=\"https:\/\/www.trivec.aws-staging.swace.se\/wp\/uploads\/2022\/11\/goteborgsfamiljen_webb-1-1024x1024.jpg 1024w, https:\/\/www.trivec.aws-staging.swace.se\/wp\/uploads\/2022\/11\/goteborgsfamiljen_webb-1-300x300.jpg 300w, https:\/\/www.trivec.aws-staging.swace.se\/wp\/uploads\/2022\/11\/goteborgsfamiljen_webb-1-150x150.jpg 150w, https:\/\/www.trivec.aws-staging.swace.se\/wp\/uploads\/2022\/11\/goteborgsfamiljen_webb-1-768x768.jpg 768w, https:\/\/www.trivec.aws-staging.swace.se\/wp\/uploads\/2022\/11\/goteborgsfamiljen_webb-1.jpg 1500w\" sizes=\"auto, (max-width: 1024px) 100vw, 1024px\" \/><\/strong><\/h2>\n<h2><strong>Sparar tid, pengar och milj\u00f6<\/strong><\/h2>\n<p><strong><br \/>\n<\/strong>F\u00f6rutom Trivec\u2019s rapportfunktion har G\u00f6teborgsfamiljen kopplat f\u00f6retaget till Generation Waste som har en app som m\u00e4ter och v\u00e4ger allt matsvinn per g\u00e4st. Allt som s\u00e4ljs i restaurangerna finns det inl\u00e4sning p\u00e5 samt st\u00e4ms av mot lagersaldo i Trivec\u2019s rapportfunktion. Det g\u00f6r att de aldrig best\u00e4ller f\u00f6r mycket av n\u00e5gra varor, de knyter alltid f\u00f6rs\u00e4ljning till ink\u00f6p.<\/p>\n<blockquote><p>H\u00e5llbarhetst\u00e4nket \u00e4r en del av v\u00e5r DNA. Allt som kommer tillbaka p\u00e5 tallrikarna m\u00e4ts och v\u00e4gs och sl\u00e5s ut p\u00e5 g\u00e4stantal per dag. Siffror vi sedan st\u00e4mmer av mot uppgifter f\u00f6r ink\u00f6p och lager i Trivec\u2019s system. Vi f\u00e5r svart p\u00e5 vitt hur mycket matsvinn vi har per dag och g\u00e4st. Sedan kan vi arbeta aktivt f\u00f6r att minska det, s\u00e4ger Andreas Wallenthin, Beverage Manager p\u00e5 G\u00f6teborgsfamiljen.<\/p><\/blockquote>\n<p>I Trivec\u2019s back-office funktion kan Andreas ocks\u00e5 enkelt se vilka r\u00e4tter som \u00e4r mest popul\u00e4ra. Om exempelvis en s\u00e4rskild gr\u00f6nsak trendar, komponeras menyerna att inneh\u00e5lla den gr\u00f6nsaken fast p\u00e5 olika s\u00e4tt s\u00e5 att inget blir \u00f6ver. En r\u00e4tt p\u00e5 menyn har gr\u00f6nsaken tillagad, en r\u00e4tt \u00e4r baserad p\u00e5 fond gjord p\u00e5 skalen, en annan p\u00e5 rostat skal fr\u00e5n samma gr\u00f6nsak. Eftersom de ser vad som s\u00e4ljs, vad som \u00e4r popul\u00e4rt samt trender i branschen kan de enkelt ge g\u00e4sterna vad de vill ha men utifr\u00e5n ett milj\u00f6t\u00e4nk. Datan anv\u00e4nds ocks\u00e5 f\u00f6r att ha utbildningar f\u00f6r personalen i hur man kan anv\u00e4nda r\u00e5varor smart i matlagningen.<\/p>\n<p>&#8211; F\u00f6rutom trender som syns i siffrorna \u00e4r det viktigt f\u00f6r oss erbjuda nya vegetariska koncept i tiden, d\u00e4rav har vi en takodling d\u00e4r vi odlar v\u00e5ra gr\u00f6nsaker eftersom n\u00e4rproducerade r\u00e5varor ligger i tiden, p\u00e5 s\u00e5 s\u00e4tt vill vi p\u00e5verka och vara goda exempel, s\u00e4ger Andreas.<\/p>\n<blockquote><p>Andreas ber\u00e4ttar hur rapportfunktionen i Trivec\u2019s rapportdel MyTrivec \u00e4r enkel, flexibel och anv\u00e4ndarv\u00e4nlig och har gjort att G\u00f6teborgsfamiljen sparar mycket tid och pengar \u00e5rligen p\u00e5 att planera matlagningen. Vi planerar r\u00e4tterna och vi komponerar menyerna efter \u00e5tg\u00e5ng.<\/p><\/blockquote>\n<h2><strong>Hur jobbar ni med Trivec\u2019s kassasystem idag?<\/strong><\/h2>\n<p>G\u00f6teborgsfamiljen har 20 kassal\u00f6sningar och betall\u00f6sningar fr\u00e5n Trivec, flertalet Trivec Go surface-plattor \u00e4r utst\u00e4llda integrerade i befintlig milj\u00f6 eftersom fler mobila f\u00f6rs\u00e4ljningsst\u00e4llen underl\u00e4ttar verksamheten. De har \u00e4ven Handy-enheterna som underl\u00e4ttar f\u00f6r personalen att ta ordrar med mobil best\u00e4llning vid borden. Vidare anv\u00e4nder de QR-koder enbart p\u00e5 kvitton f\u00f6r smidig betalning vid exempelvis lunchen n\u00e4r alla ska betala samtidigt.[\/vc_story][vc_btn title=&#8221;Kassasystem f\u00f6r restaurang&#8221; align=&#8221;center&#8221; link=&#8221;url:https%3A%2F%2Fwww.trivec.se%2Fprodukter%2Fkassasystem-restaurang%2F|title:Kassasystem%20f%C3%B6r%20restaurang|target:_blank&#8221;][\/vc_column][\/vc_row]<\/p>\n<\/div>","protected":false},"excerpt":{"rendered":"<p>[vc_row][vc_column][vc_story heading_text=&#8221;G\u00f6teborgsfamiljen&#8221; preamble=&#8221;G\u00f6teborgsfamiljen valde Trivec f\u00f6r att kassal\u00f6sningarna g\u00e5r att v\u00e4xa med samt f\u00f6r att Trivec\u2019s backoffice-del st\u00f6ttar i h\u00e5llbarhetsresan. De driver runt 20 k\u00e4nda krogar i G\u00f6teborg som t.ex. Taverna Averna, Moreno pizza och Levantine. &#8211; Trivec\u2019s back-office-funktion i kombination med appen Generation Waste g\u00f6r att vi kan m\u00e4ta och v\u00e4ga matsvinn per g\u00e4st [&hellip;]<\/p>\n","protected":false},"author":21,"featured_media":29045,"parent":129,"menu_order":0,"comment_status":"closed","ping_status":"closed","template":"","meta":{"_acf_changed":false,"content-type":"","footnotes":""},"class_list":["post-29021","page","type-page","status-publish","has-post-thumbnail","hentry"],"acf":[],"yoast_head":"<!-- This site is optimized with the Yoast SEO plugin v27.2 - https:\/\/yoast.com\/product\/yoast-seo-wordpress\/ -->\n<title>Matsvinn restauranger - Trivec<\/title>\n<meta name=\"description\" content=\"S\u00e5 h\u00e4r lyckas g\u00f6teborgsfamiljen reducera matsvinn i sina restauranger. Tack vara Trivec&#039;s back-office system och en matapp st\u00e4ms svinnet av.\" \/>\n<meta name=\"robots\" content=\"noindex, follow\" \/>\n<meta property=\"og:locale\" content=\"sv_SE\" \/>\n<meta property=\"og:type\" content=\"article\" \/>\n<meta property=\"og:title\" content=\"Matsvinn restauranger - Trivec\" \/>\n<meta property=\"og:description\" content=\"S\u00e5 h\u00e4r lyckas g\u00f6teborgsfamiljen reducera matsvinn i sina restauranger. Tack vara Trivec&#039;s back-office system och en matapp st\u00e4ms svinnet av.\" \/>\n<meta property=\"og:url\" content=\"https:\/\/www.trivec.aws-staging.swace.se\/sv\/kunder\/goteborgsfamiljen-matsvinn-restauranger\/\" \/>\n<meta property=\"og:site_name\" content=\"Trivec\" \/>\n<meta property=\"article:modified_time\" content=\"2022-11-30T16:24:35+00:00\" \/>\n<meta property=\"og:image\" content=\"https:\/\/www.trivec.aws-staging.swace.se\/wp\/uploads\/2022\/11\/goteborgsfamiljen_webb.jpg\" \/>\n\t<meta property=\"og:image:width\" content=\"1500\" \/>\n\t<meta property=\"og:image:height\" content=\"1500\" \/>\n\t<meta property=\"og:image:type\" content=\"image\/jpeg\" \/>\n<meta name=\"twitter:card\" content=\"summary_large_image\" \/>\n<meta name=\"twitter:label1\" content=\"Ber\u00e4knad l\u00e4stid\" \/>\n\t<meta name=\"twitter:data1\" content=\"3 minuter\" \/>\n<script type=\"application\/ld+json\" class=\"yoast-schema-graph\">{\"@context\":\"https:\/\/schema.org\",\"@graph\":[{\"@type\":\"WebPage\",\"@id\":\"https:\/\/www.trivec.aws-staging.swace.se\/sv\/kunder\/goteborgsfamiljen-matsvinn-restauranger\/\",\"url\":\"https:\/\/www.trivec.aws-staging.swace.se\/sv\/kunder\/goteborgsfamiljen-matsvinn-restauranger\/\",\"name\":\"Matsvinn restauranger - Trivec\",\"isPartOf\":{\"@id\":\"https:\/\/trivec.aws-staging.swace.se\/#website\"},\"primaryImageOfPage\":{\"@id\":\"https:\/\/www.trivec.aws-staging.swace.se\/sv\/kunder\/goteborgsfamiljen-matsvinn-restauranger\/#primaryimage\"},\"image\":{\"@id\":\"https:\/\/www.trivec.aws-staging.swace.se\/sv\/kunder\/goteborgsfamiljen-matsvinn-restauranger\/#primaryimage\"},\"thumbnailUrl\":\"https:\/\/www.trivec.aws-staging.swace.se\/wp\/uploads\/2022\/11\/goteborgsfamiljen_webb.jpg\",\"datePublished\":\"2022-11-30T13:38:04+00:00\",\"dateModified\":\"2022-11-30T16:24:35+00:00\",\"description\":\"S\u00e5 h\u00e4r lyckas g\u00f6teborgsfamiljen reducera matsvinn i sina restauranger. Tack vara Trivec's back-office system och en matapp st\u00e4ms svinnet av.\",\"breadcrumb\":{\"@id\":\"https:\/\/www.trivec.aws-staging.swace.se\/sv\/kunder\/goteborgsfamiljen-matsvinn-restauranger\/#breadcrumb\"},\"inLanguage\":\"sv-SE\",\"potentialAction\":[{\"@type\":\"ReadAction\",\"target\":[\"https:\/\/www.trivec.aws-staging.swace.se\/sv\/kunder\/goteborgsfamiljen-matsvinn-restauranger\/\"]}]},{\"@type\":\"ImageObject\",\"inLanguage\":\"sv-SE\",\"@id\":\"https:\/\/www.trivec.aws-staging.swace.se\/sv\/kunder\/goteborgsfamiljen-matsvinn-restauranger\/#primaryimage\",\"url\":\"https:\/\/www.trivec.aws-staging.swace.se\/wp\/uploads\/2022\/11\/goteborgsfamiljen_webb.jpg\",\"contentUrl\":\"https:\/\/www.trivec.aws-staging.swace.se\/wp\/uploads\/2022\/11\/goteborgsfamiljen_webb.jpg\",\"width\":1500,\"height\":1500},{\"@type\":\"BreadcrumbList\",\"@id\":\"https:\/\/www.trivec.aws-staging.swace.se\/sv\/kunder\/goteborgsfamiljen-matsvinn-restauranger\/#breadcrumb\",\"itemListElement\":[{\"@type\":\"ListItem\",\"position\":1,\"name\":\"Home\",\"item\":\"https:\/\/www.trivec.aws-staging.swace.se\/sv\/\"},{\"@type\":\"ListItem\",\"position\":2,\"name\":\"Kunder\",\"item\":\"https:\/\/www.trivec.aws-staging.swace.se\/sv\/kunder\/\"},{\"@type\":\"ListItem\",\"position\":3,\"name\":\"G\u00f6teborgsfamiljen\"}]},{\"@type\":\"WebSite\",\"@id\":\"https:\/\/trivec.aws-staging.swace.se\/#website\",\"url\":\"https:\/\/trivec.aws-staging.swace.se\/\",\"name\":\"Trivec\",\"description\":\"Kassasystem f\u00f6r restauranger, barer och hotell\",\"potentialAction\":[{\"@type\":\"SearchAction\",\"target\":{\"@type\":\"EntryPoint\",\"urlTemplate\":\"https:\/\/trivec.aws-staging.swace.se\/?s={search_term_string}\"},\"query-input\":{\"@type\":\"PropertyValueSpecification\",\"valueRequired\":true,\"valueName\":\"search_term_string\"}}],\"inLanguage\":\"sv-SE\"}]}<\/script>\n<!-- \/ Yoast SEO plugin. -->","yoast_head_json":{"title":"Matsvinn restauranger - Trivec","description":"S\u00e5 h\u00e4r lyckas g\u00f6teborgsfamiljen reducera matsvinn i sina restauranger. Tack vara Trivec's back-office system och en matapp st\u00e4ms svinnet av.","robots":{"index":"noindex","follow":"follow"},"og_locale":"sv_SE","og_type":"article","og_title":"Matsvinn restauranger - Trivec","og_description":"S\u00e5 h\u00e4r lyckas g\u00f6teborgsfamiljen reducera matsvinn i sina restauranger. Tack vara Trivec's back-office system och en matapp st\u00e4ms svinnet av.","og_url":"https:\/\/www.trivec.aws-staging.swace.se\/sv\/kunder\/goteborgsfamiljen-matsvinn-restauranger\/","og_site_name":"Trivec","article_modified_time":"2022-11-30T16:24:35+00:00","og_image":[{"width":1500,"height":1500,"url":"https:\/\/www.trivec.aws-staging.swace.se\/wp\/uploads\/2022\/11\/goteborgsfamiljen_webb.jpg","type":"image\/jpeg"}],"twitter_card":"summary_large_image","twitter_misc":{"Ber\u00e4knad l\u00e4stid":"3 minuter"},"schema":{"@context":"https:\/\/schema.org","@graph":[{"@type":"WebPage","@id":"https:\/\/www.trivec.aws-staging.swace.se\/sv\/kunder\/goteborgsfamiljen-matsvinn-restauranger\/","url":"https:\/\/www.trivec.aws-staging.swace.se\/sv\/kunder\/goteborgsfamiljen-matsvinn-restauranger\/","name":"Matsvinn restauranger - Trivec","isPartOf":{"@id":"https:\/\/trivec.aws-staging.swace.se\/#website"},"primaryImageOfPage":{"@id":"https:\/\/www.trivec.aws-staging.swace.se\/sv\/kunder\/goteborgsfamiljen-matsvinn-restauranger\/#primaryimage"},"image":{"@id":"https:\/\/www.trivec.aws-staging.swace.se\/sv\/kunder\/goteborgsfamiljen-matsvinn-restauranger\/#primaryimage"},"thumbnailUrl":"https:\/\/www.trivec.aws-staging.swace.se\/wp\/uploads\/2022\/11\/goteborgsfamiljen_webb.jpg","datePublished":"2022-11-30T13:38:04+00:00","dateModified":"2022-11-30T16:24:35+00:00","description":"S\u00e5 h\u00e4r lyckas g\u00f6teborgsfamiljen reducera matsvinn i sina restauranger. Tack vara Trivec's back-office system och en matapp st\u00e4ms svinnet av.","breadcrumb":{"@id":"https:\/\/www.trivec.aws-staging.swace.se\/sv\/kunder\/goteborgsfamiljen-matsvinn-restauranger\/#breadcrumb"},"inLanguage":"sv-SE","potentialAction":[{"@type":"ReadAction","target":["https:\/\/www.trivec.aws-staging.swace.se\/sv\/kunder\/goteborgsfamiljen-matsvinn-restauranger\/"]}]},{"@type":"ImageObject","inLanguage":"sv-SE","@id":"https:\/\/www.trivec.aws-staging.swace.se\/sv\/kunder\/goteborgsfamiljen-matsvinn-restauranger\/#primaryimage","url":"https:\/\/www.trivec.aws-staging.swace.se\/wp\/uploads\/2022\/11\/goteborgsfamiljen_webb.jpg","contentUrl":"https:\/\/www.trivec.aws-staging.swace.se\/wp\/uploads\/2022\/11\/goteborgsfamiljen_webb.jpg","width":1500,"height":1500},{"@type":"BreadcrumbList","@id":"https:\/\/www.trivec.aws-staging.swace.se\/sv\/kunder\/goteborgsfamiljen-matsvinn-restauranger\/#breadcrumb","itemListElement":[{"@type":"ListItem","position":1,"name":"Home","item":"https:\/\/www.trivec.aws-staging.swace.se\/sv\/"},{"@type":"ListItem","position":2,"name":"Kunder","item":"https:\/\/www.trivec.aws-staging.swace.se\/sv\/kunder\/"},{"@type":"ListItem","position":3,"name":"G\u00f6teborgsfamiljen"}]},{"@type":"WebSite","@id":"https:\/\/trivec.aws-staging.swace.se\/#website","url":"https:\/\/trivec.aws-staging.swace.se\/","name":"Trivec","description":"Kassasystem f\u00f6r restauranger, barer och hotell","potentialAction":[{"@type":"SearchAction","target":{"@type":"EntryPoint","urlTemplate":"https:\/\/trivec.aws-staging.swace.se\/?s={search_term_string}"},"query-input":{"@type":"PropertyValueSpecification","valueRequired":true,"valueName":"search_term_string"}}],"inLanguage":"sv-SE"}]}},"_links":{"self":[{"href":"https:\/\/www.trivec.aws-staging.swace.se\/sv\/wp-json\/wp\/v2\/pages\/29021","targetHints":{"allow":["GET"]}}],"collection":[{"href":"https:\/\/www.trivec.aws-staging.swace.se\/sv\/wp-json\/wp\/v2\/pages"}],"about":[{"href":"https:\/\/www.trivec.aws-staging.swace.se\/sv\/wp-json\/wp\/v2\/types\/page"}],"author":[{"embeddable":true,"href":"https:\/\/www.trivec.aws-staging.swace.se\/sv\/wp-json\/wp\/v2\/users\/21"}],"replies":[{"embeddable":true,"href":"https:\/\/www.trivec.aws-staging.swace.se\/sv\/wp-json\/wp\/v2\/comments?post=29021"}],"version-history":[{"count":8,"href":"https:\/\/www.trivec.aws-staging.swace.se\/sv\/wp-json\/wp\/v2\/pages\/29021\/revisions"}],"predecessor-version":[{"id":29090,"href":"https:\/\/www.trivec.aws-staging.swace.se\/sv\/wp-json\/wp\/v2\/pages\/29021\/revisions\/29090"}],"up":[{"embeddable":true,"href":"https:\/\/www.trivec.aws-staging.swace.se\/sv\/wp-json\/wp\/v2\/pages\/129"}],"wp:featuredmedia":[{"embeddable":true,"href":"https:\/\/www.trivec.aws-staging.swace.se\/sv\/wp-json\/wp\/v2\/media\/29045"}],"wp:attachment":[{"href":"https:\/\/www.trivec.aws-staging.swace.se\/sv\/wp-json\/wp\/v2\/media?parent=29021"}],"curies":[{"name":"wp","href":"https:\/\/api.w.org\/{rel}","templated":true}]}}