{"id":31904,"date":"2023-03-08T13:05:19","date_gmt":"2023-03-08T12:05:19","guid":{"rendered":"https:\/\/trivec.aws-staging.swace.se\/?page_id=31904"},"modified":"2023-03-08T13:05:19","modified_gmt":"2023-03-08T12:05:19","slug":"integrationer","status":"publish","type":"page","link":"https:\/\/www.trivec.aws-staging.swace.se\/sv\/produkter\/integrationer\/","title":{"rendered":"Integrationer"},"content":{"rendered":"","protected":false},"excerpt":{"rendered":"","protected":false},"author":2,"featured_media":0,"parent":64,"menu_order":0,"comment_status":"closed","ping_status":"closed","template":"page-partners-2023.php","meta":{"_acf_changed":false,"content-type":"","footnotes":""},"class_list":["post-31904","page","type-page","status-publish","hentry"],"acf":[],"yoast_head":"<!-- This site is optimized with the Yoast SEO plugin v27.2 - https:\/\/yoast.com\/product\/yoast-seo-wordpress\/ -->\n<title>Skr\u00e4ddarsydda integrationer f\u00f6r restauranger<\/title>\n<meta name=\"description\" content=\"Trivec har ett stort eko-system av skr\u00e4ddarsydda integrationer som hj\u00e4lper restauranger att effektivisera sin verksamhet.\" \/>\n<meta name=\"robots\" content=\"noindex, follow\" \/>\n<meta property=\"og:locale\" content=\"sv_SE\" \/>\n<meta property=\"og:type\" content=\"article\" \/>\n<meta property=\"og:title\" content=\"Skr\u00e4ddarsydda integrationer f\u00f6r restauranger\" \/>\n<meta property=\"og:description\" content=\"Trivec har ett stort eko-system av skr\u00e4ddarsydda integrationer som hj\u00e4lper restauranger att effektivisera sin verksamhet.\" \/>\n<meta property=\"og:url\" content=\"https:\/\/www.trivec.aws-staging.swace.se\/sv\/produkter\/integrationer\/\" \/>\n<meta property=\"og:site_name\" content=\"Trivec\" \/>\n<meta name=\"twitter:card\" content=\"summary_large_image\" \/>\n<script type=\"application\/ld+json\" class=\"yoast-schema-graph\">{\"@context\":\"https:\/\/schema.org\",\"@graph\":[{\"@type\":\"WebPage\",\"@id\":\"https:\/\/www.trivec.aws-staging.swace.se\/sv\/produkter\/integrationer\/\",\"url\":\"https:\/\/www.trivec.aws-staging.swace.se\/sv\/produkter\/integrationer\/\",\"name\":\"Skr\u00e4ddarsydda integrationer f\u00f6r restauranger\",\"isPartOf\":{\"@id\":\"https:\/\/trivec.aws-staging.swace.se\/#website\"},\"datePublished\":\"2023-03-08T12:05:19+00:00\",\"description\":\"Trivec har ett stort eko-system av skr\u00e4ddarsydda integrationer som hj\u00e4lper restauranger att effektivisera sin verksamhet.\",\"breadcrumb\":{\"@id\":\"https:\/\/www.trivec.aws-staging.swace.se\/sv\/produkter\/integrationer\/#breadcrumb\"},\"inLanguage\":\"sv-SE\",\"potentialAction\":[{\"@type\":\"ReadAction\",\"target\":[\"https:\/\/www.trivec.aws-staging.swace.se\/sv\/produkter\/integrationer\/\"]}]},{\"@type\":\"BreadcrumbList\",\"@id\":\"https:\/\/www.trivec.aws-staging.swace.se\/sv\/produkter\/integrationer\/#breadcrumb\",\"itemListElement\":[{\"@type\":\"ListItem\",\"position\":1,\"name\":\"Home\",\"item\":\"https:\/\/www.trivec.aws-staging.swace.se\/sv\/\"},{\"@type\":\"ListItem\",\"position\":2,\"name\":\"Produkter\",\"item\":\"https:\/\/trivec.aws-staging.swace.se\/sv\/produkter\/\"},{\"@type\":\"ListItem\",\"position\":3,\"name\":\"Integrationer\"}]},{\"@type\":\"WebSite\",\"@id\":\"https:\/\/trivec.aws-staging.swace.se\/#website\",\"url\":\"https:\/\/trivec.aws-staging.swace.se\/\",\"name\":\"Trivec\",\"description\":\"Kassasystem f\u00f6r restauranger, barer och hotell\",\"potentialAction\":[{\"@type\":\"SearchAction\",\"target\":{\"@type\":\"EntryPoint\",\"urlTemplate\":\"https:\/\/trivec.aws-staging.swace.se\/?s={search_term_string}\"},\"query-input\":{\"@type\":\"PropertyValueSpecification\",\"valueRequired\":true,\"valueName\":\"search_term_string\"}}],\"inLanguage\":\"sv-SE\"}]}<\/script>\n<!-- \/ Yoast SEO plugin. -->","yoast_head_json":{"title":"Skr\u00e4ddarsydda integrationer f\u00f6r restauranger","description":"Trivec har ett stort eko-system av skr\u00e4ddarsydda integrationer som hj\u00e4lper restauranger att effektivisera sin verksamhet.","robots":{"index":"noindex","follow":"follow"},"og_locale":"sv_SE","og_type":"article","og_title":"Skr\u00e4ddarsydda integrationer f\u00f6r restauranger","og_description":"Trivec har ett stort eko-system av skr\u00e4ddarsydda integrationer som hj\u00e4lper restauranger att effektivisera sin verksamhet.","og_url":"https:\/\/www.trivec.aws-staging.swace.se\/sv\/produkter\/integrationer\/","og_site_name":"Trivec","twitter_card":"summary_large_image","schema":{"@context":"https:\/\/schema.org","@graph":[{"@type":"WebPage","@id":"https:\/\/www.trivec.aws-staging.swace.se\/sv\/produkter\/integrationer\/","url":"https:\/\/www.trivec.aws-staging.swace.se\/sv\/produkter\/integrationer\/","name":"Skr\u00e4ddarsydda integrationer f\u00f6r restauranger","isPartOf":{"@id":"https:\/\/trivec.aws-staging.swace.se\/#website"},"datePublished":"2023-03-08T12:05:19+00:00","description":"Trivec har ett stort eko-system av skr\u00e4ddarsydda integrationer som hj\u00e4lper restauranger att effektivisera sin verksamhet.","breadcrumb":{"@id":"https:\/\/www.trivec.aws-staging.swace.se\/sv\/produkter\/integrationer\/#breadcrumb"},"inLanguage":"sv-SE","potentialAction":[{"@type":"ReadAction","target":["https:\/\/www.trivec.aws-staging.swace.se\/sv\/produkter\/integrationer\/"]}]},{"@type":"BreadcrumbList","@id":"https:\/\/www.trivec.aws-staging.swace.se\/sv\/produkter\/integrationer\/#breadcrumb","itemListElement":[{"@type":"ListItem","position":1,"name":"Home","item":"https:\/\/www.trivec.aws-staging.swace.se\/sv\/"},{"@type":"ListItem","position":2,"name":"Produkter","item":"https:\/\/trivec.aws-staging.swace.se\/sv\/produkter\/"},{"@type":"ListItem","position":3,"name":"Integrationer"}]},{"@type":"WebSite","@id":"https:\/\/trivec.aws-staging.swace.se\/#website","url":"https:\/\/trivec.aws-staging.swace.se\/","name":"Trivec","description":"Kassasystem f\u00f6r restauranger, barer och hotell","potentialAction":[{"@type":"SearchAction","target":{"@type":"EntryPoint","urlTemplate":"https:\/\/trivec.aws-staging.swace.se\/?s={search_term_string}"},"query-input":{"@type":"PropertyValueSpecification","valueRequired":true,"valueName":"search_term_string"}}],"inLanguage":"sv-SE"}]}},"_links":{"self":[{"href":"https:\/\/www.trivec.aws-staging.swace.se\/sv\/wp-json\/wp\/v2\/pages\/31904","targetHints":{"allow":["GET"]}}],"collection":[{"href":"https:\/\/www.trivec.aws-staging.swace.se\/sv\/wp-json\/wp\/v2\/pages"}],"about":[{"href":"https:\/\/www.trivec.aws-staging.swace.se\/sv\/wp-json\/wp\/v2\/types\/page"}],"author":[{"embeddable":true,"href":"https:\/\/www.trivec.aws-staging.swace.se\/sv\/wp-json\/wp\/v2\/users\/2"}],"replies":[{"embeddable":true,"href":"https:\/\/www.trivec.aws-staging.swace.se\/sv\/wp-json\/wp\/v2\/comments?post=31904"}],"version-history":[{"count":1,"href":"https:\/\/www.trivec.aws-staging.swace.se\/sv\/wp-json\/wp\/v2\/pages\/31904\/revisions"}],"predecessor-version":[{"id":31905,"href":"https:\/\/www.trivec.aws-staging.swace.se\/sv\/wp-json\/wp\/v2\/pages\/31904\/revisions\/31905"}],"up":[{"embeddable":true,"href":"https:\/\/www.trivec.aws-staging.swace.se\/sv\/wp-json\/wp\/v2\/pages\/64"}],"wp:attachment":[{"href":"https:\/\/www.trivec.aws-staging.swace.se\/sv\/wp-json\/wp\/v2\/media?parent=31904"}],"curies":[{"name":"wp","href":"https:\/\/api.w.org\/{rel}","templated":true}]}}