{"id":33549,"date":"2023-04-04T14:51:05","date_gmt":"2023-04-04T12:51:05","guid":{"rendered":"https:\/\/trivec.aws-staging.swace.se\/?page_id=33549"},"modified":"2023-04-17T11:08:55","modified_gmt":"2023-04-17T09:08:55","slug":"stars-and-stripes-trivec","status":"publish","type":"page","link":"https:\/\/www.trivec.aws-staging.swace.se\/sv\/kunder\/stars-and-stripes-trivec\/","title":{"rendered":"Stars and Stripes"},"content":{"rendered":"<div class=\"wpb-content-wrapper\"><p>[vc_row][vc_column][vc_column_text]<\/p>\n<h1><strong>Stars and Stripes \u00f6kar sin l\u00f6nsamhet med HandyPay<\/strong><\/h1>\n<p>[\/vc_column_text][vc_row_inner][vc_column_inner][vc_single_image image=&#8221;33550&#8243; img_size=&#8221;2000&#215;500&#8243;][\/vc_column_inner][\/vc_row_inner][vc_row_inner][vc_column_inner][vc_column_text]<strong>F\u00f6r Niklas Holgersson, \u00e4gare och grundare av Stars and Stripes, \u00e4r Trivecs HandyPay en produkt med stor potential. HandyPay, som \u00e4r en order- och betall\u00f6sning i en och samma enhet, g\u00f6r det m\u00f6jligt att snabbt skapa nya order- och betalst\u00e4llen i restaurangen, personalen slipper springa fram och tillbaka till kassan samt att rollerna i restaurangen f\u00f6r\u00e4ndras, vilket leder till en attraktivare arbetsplats. <\/strong><\/p>\n<p><strong>&#8211; Vi anv\u00e4nder den slimmade HandyPay, den \u00e4r enkel att b\u00e4ra med sig och har effektiviserat och f\u00f6r\u00e4ndrat v\u00e5rt arbetsfl\u00f6de. Vi sparar enormt mycket tid p\u00e5 att snabbare kunna ta best\u00e4llningar och betalningar, s\u00e4ger Niklas. <\/strong><\/p>\n<p>Niklas Holgersson har varit kund hos Trivec s\u00e5 l\u00e4nge han kan minnas och restaurangerna anv\u00e4nder n\u00e4stan alla Trivecs l\u00f6sningar. Niklas har drivit restaurang i hela sitt liv. Idag \u00e4ger han restaurangen Stars and Stripes som ligger i Karlskrona, med systerrestaurang i Kalmar.<\/p>\n<p>&nbsp;<\/p>\n<h3><strong>Missar aldrig en betalning<\/strong><\/h3>\n<p>F\u00f6r Niklas och hans personal har HandyPay smidiggjort betalupplevelsen. G\u00e4sten kan enkelt betala n\u00e4r hen ber om det och personalen slipper springa och h\u00e4mta en kortmaskin eller be g\u00e4sten f\u00f6lja med till baren f\u00f6r att betala.<\/p>\n<p>&#8211; Det b\u00e4sta f\u00f6r v\u00e5r typ av restaurang \u00e4r att g\u00e4sterna nu kan betala direkt efter att en order har bongats in. P\u00e5 s\u00e5 s\u00e4tt missar vi aldrig en betalning sent p\u00e5 kv\u00e4llarna n\u00e4r det \u00e4r st\u00f6kigare eller att g\u00e4sten f\u00f6rsvinner hem utan att betala, s\u00e4ger Niklas.<\/p>\n<p>&nbsp;<\/p>\n<h3><strong>Fler flexibla f\u00f6rs\u00e4ljningsst\u00e4llen i lokalen med HandyPay<\/strong><\/h3>\n<p>HandyPay l\u00e4mpar sig perfekt f\u00f6r att st\u00f6tta upp i baren vid h\u00f6gt tryck. Servisen kan enkelt g\u00e5 till baren n\u00e4r det b\u00f6rjar bli fullt, l\u00e4gga en order om t.ex. tv\u00e5 \u00f6l via HandyPay och ta betalt direkt samt serverar sj\u00e4lva.<br \/>\n&#8211; En s\u00e5dan best\u00e4llning l\u00e4ggs inte in p\u00e5 ett bord utan servisen som tog betalt i HandyPay serverar ocks\u00e5 kund, s\u00e4ger Niklas.[\/vc_column_text][\/vc_column_inner][\/vc_row_inner][\/vc_column][\/vc_row][vc_row padding_top=&#8221;none&#8221; padding_bottom=&#8221;none&#8221; use_background_image=&#8221;yes&#8221; vertical_align_center=&#8221;yes&#8221;][vc_column width=&#8221;1\/2&#8243;][vc_single_image image=&#8221;30520&#8243; img_size=&#8221;medium&#8221;][vc_btn cta_text_color=&#8221;white&#8221; title=&#8221;L\u00e4s mer om HandyPay&#8221; link=&#8221;url:https%3A%2F%2Fwww.trivec.se%2Fprodukter%2Fmobil-order-betallosning-restaurang%2F|title:HandyPay|target:_blank&#8221;][\/vc_column][vc_column width=&#8221;1\/2&#8243;][vc_column_text]<\/p>\n<h2>HandyPay &#8211; Trivecs mobila order- och betall\u00f6sning 2-1<\/h2>\n<p>[\/vc_column_text][\/vc_column][\/vc_row][vc_row][vc_column][vc_column_text]<\/p>\n<h3><strong>Splitta och dela nota \u00e4r enkelt<\/strong><\/h3>\n<p>Niklas ber\u00e4ttar ocks\u00e5 att det \u00e4r l\u00e4tt att splitta och dela nota i HandyPay. G\u00e4sterna f\u00e5r se en vy \u00f6ver vad som slagits in och betalar direkt sin del.<br \/>\n&#8211; Vissa g\u00e4ster vill ha kvitto, d\u00e5 skriver de bara in sin mailadress, s\u00e5 skickas kvittot direkt till dem, v\u00e4ldigt smidigt, s\u00e4ger Niklas.<\/p>\n<p>&nbsp;<\/p>\n<h3><strong>H\u00f6gre service och nya roller i restaurangen \u2013 enklare att hitta personal<\/strong><\/h3>\n<p>F\u00f6r Niklas och hans team har HandyPay sparat enormt med tid, personalen springer inte fram och tillbaka efter kortmaskinen och beh\u00f6ver egentligen aldrig l\u00e4mna golvet. Niklas tror att rollerna i framtiden kommer att f\u00f6r\u00e4ndras, han kommer att ha n\u00e5gra kunniga och kompetenta i personalen ute p\u00e5 golvet som pratar med g\u00e4sterna och ger dem tid. F\u00f6r att b\u00e4ra ut mat och dryck tror han p\u00e5 runners vilket g\u00f6r att det g\u00e5r snabbare och att servicen \u00f6kar.<\/p>\n<p>&#8211; Jag ser att HandyPay efter pandemin kan f\u00f6r\u00e4ndra rollerna i restaurangbranschen, m\u00e5nga har sv\u00e5rt att hitta personal. Kanske \u00e4r l\u00f6sningen att ha n\u00e5gra enstaka kunniga servit\u00f6rer ute p\u00e5 golvet kombinerat med fler runners som b\u00e4r ut mat och dryck, s\u00e4ger han. P\u00e5 s\u00e5 s\u00e4tt skapas det ocks\u00e5 nya karri\u00e4rv\u00e4gar i branschen vilket kan vara ett incitament att locka folk.<\/p>\n<p>&nbsp;<\/p>\n<h3><strong>Fasta procentsatser f\u00f6r dricks \u2013 attraktiv arbetsplats<\/strong><\/h3>\n<p>Niklas har m\u00e4rkt att fasta procentsatser f\u00f6r dricks gynnar branschen. Personalen f\u00e5r i genomsnitt mycket h\u00f6gre dricks n\u00e4r g\u00e4sterna kan v\u00e4lja p\u00e5 5%, 10% eller 15%. G\u00e4sten kan ha varit fundersam tidigare om de ska l\u00e4gga in totalbeloppet eller dricksbeloppet n\u00e4r summan visades p\u00e5 kortterminalen. Nu \u00e4r det tydligare.<br \/>\n&#8211; Om dricksen \u00f6kar blir man l\u00e4tt en attraktiv arbetsplats f\u00f6r sin personal, avslutar Niklas.[\/vc_column_text][\/vc_column][\/vc_row]<\/p>\n<\/div>","protected":false},"excerpt":{"rendered":"<p>[vc_row][vc_column][vc_column_text] Stars and Stripes \u00f6kar sin l\u00f6nsamhet med HandyPay [\/vc_column_text][vc_row_inner][vc_column_inner][vc_single_image image=&#8221;33550&#8243; img_size=&#8221;2000&#215;500&#8243;][\/vc_column_inner][\/vc_row_inner][vc_row_inner][vc_column_inner][vc_column_text]F\u00f6r Niklas Holgersson, \u00e4gare och grundare av Stars and Stripes, \u00e4r Trivecs HandyPay en produkt med stor potential. HandyPay, som \u00e4r en order- och betall\u00f6sning i en och samma enhet, g\u00f6r det m\u00f6jligt att snabbt skapa nya order- och betalst\u00e4llen i restaurangen, personalen slipper [&hellip;]<\/p>\n","protected":false},"author":21,"featured_media":33579,"parent":129,"menu_order":0,"comment_status":"closed","ping_status":"closed","template":"","meta":{"_acf_changed":false,"content-type":"","footnotes":""},"class_list":["post-33549","page","type-page","status-publish","has-post-thumbnail","hentry"],"acf":[],"yoast_head":"<!-- This site is optimized with the Yoast SEO plugin v27.2 - https:\/\/yoast.com\/product\/yoast-seo-wordpress\/ -->\n<title>Stars and Stripes - Trivec<\/title>\n<meta name=\"description\" content=\"F\u00f6r Niklas Holgersson, \u00e4gare och grundare av Stars and Stripes, \u00e4r Trivecs HandyPay en produkt med stor potential.\" \/>\n<meta name=\"robots\" content=\"noindex, follow\" \/>\n<meta property=\"og:locale\" content=\"sv_SE\" \/>\n<meta property=\"og:type\" content=\"article\" \/>\n<meta property=\"og:title\" content=\"Stars and Stripes - Trivec\" \/>\n<meta property=\"og:description\" content=\"F\u00f6r Niklas Holgersson, \u00e4gare och grundare av Stars and Stripes, \u00e4r Trivecs HandyPay en produkt med stor potential.\" \/>\n<meta property=\"og:url\" content=\"https:\/\/www.trivec.aws-staging.swace.se\/sv\/kunder\/stars-and-stripes-trivec\/\" \/>\n<meta property=\"og:site_name\" content=\"Trivec\" \/>\n<meta property=\"article:modified_time\" content=\"2023-04-17T09:08:55+00:00\" \/>\n<meta property=\"og:image\" content=\"https:\/\/www.trivec.aws-staging.swace.se\/wp\/uploads\/2023\/04\/NH.jpg\" \/>\n\t<meta property=\"og:image:width\" content=\"1152\" \/>\n\t<meta property=\"og:image:height\" content=\"1536\" \/>\n\t<meta property=\"og:image:type\" content=\"image\/jpeg\" \/>\n<meta name=\"twitter:card\" content=\"summary_large_image\" \/>\n<meta name=\"twitter:label1\" content=\"Ber\u00e4knad l\u00e4stid\" \/>\n\t<meta name=\"twitter:data1\" content=\"3 minuter\" \/>\n<script type=\"application\/ld+json\" class=\"yoast-schema-graph\">{\"@context\":\"https:\/\/schema.org\",\"@graph\":[{\"@type\":\"WebPage\",\"@id\":\"https:\/\/www.trivec.aws-staging.swace.se\/sv\/kunder\/stars-and-stripes-trivec\/\",\"url\":\"https:\/\/www.trivec.aws-staging.swace.se\/sv\/kunder\/stars-and-stripes-trivec\/\",\"name\":\"Stars and Stripes - Trivec\",\"isPartOf\":{\"@id\":\"https:\/\/trivec.aws-staging.swace.se\/#website\"},\"primaryImageOfPage\":{\"@id\":\"https:\/\/www.trivec.aws-staging.swace.se\/sv\/kunder\/stars-and-stripes-trivec\/#primaryimage\"},\"image\":{\"@id\":\"https:\/\/www.trivec.aws-staging.swace.se\/sv\/kunder\/stars-and-stripes-trivec\/#primaryimage\"},\"thumbnailUrl\":\"https:\/\/www.trivec.aws-staging.swace.se\/wp\/uploads\/2023\/04\/NH.jpg\",\"datePublished\":\"2023-04-04T12:51:05+00:00\",\"dateModified\":\"2023-04-17T09:08:55+00:00\",\"description\":\"F\u00f6r Niklas Holgersson, \u00e4gare och grundare av Stars and Stripes, \u00e4r Trivecs HandyPay en produkt med stor potential.\",\"breadcrumb\":{\"@id\":\"https:\/\/www.trivec.aws-staging.swace.se\/sv\/kunder\/stars-and-stripes-trivec\/#breadcrumb\"},\"inLanguage\":\"sv-SE\",\"potentialAction\":[{\"@type\":\"ReadAction\",\"target\":[\"https:\/\/www.trivec.aws-staging.swace.se\/sv\/kunder\/stars-and-stripes-trivec\/\"]}]},{\"@type\":\"ImageObject\",\"inLanguage\":\"sv-SE\",\"@id\":\"https:\/\/www.trivec.aws-staging.swace.se\/sv\/kunder\/stars-and-stripes-trivec\/#primaryimage\",\"url\":\"https:\/\/www.trivec.aws-staging.swace.se\/wp\/uploads\/2023\/04\/NH.jpg\",\"contentUrl\":\"https:\/\/www.trivec.aws-staging.swace.se\/wp\/uploads\/2023\/04\/NH.jpg\",\"width\":1152,\"height\":1536,\"caption\":\"Niklas Holgersson p\u00e5 Stars and stripes\"},{\"@type\":\"BreadcrumbList\",\"@id\":\"https:\/\/www.trivec.aws-staging.swace.se\/sv\/kunder\/stars-and-stripes-trivec\/#breadcrumb\",\"itemListElement\":[{\"@type\":\"ListItem\",\"position\":1,\"name\":\"Home\",\"item\":\"https:\/\/www.trivec.aws-staging.swace.se\/sv\/\"},{\"@type\":\"ListItem\",\"position\":2,\"name\":\"Kunder\",\"item\":\"https:\/\/www.trivec.aws-staging.swace.se\/sv\/kunder\/\"},{\"@type\":\"ListItem\",\"position\":3,\"name\":\"Stars and Stripes\"}]},{\"@type\":\"WebSite\",\"@id\":\"https:\/\/trivec.aws-staging.swace.se\/#website\",\"url\":\"https:\/\/trivec.aws-staging.swace.se\/\",\"name\":\"Trivec\",\"description\":\"Kassasystem f\u00f6r restauranger, barer och hotell\",\"potentialAction\":[{\"@type\":\"SearchAction\",\"target\":{\"@type\":\"EntryPoint\",\"urlTemplate\":\"https:\/\/trivec.aws-staging.swace.se\/?s={search_term_string}\"},\"query-input\":{\"@type\":\"PropertyValueSpecification\",\"valueRequired\":true,\"valueName\":\"search_term_string\"}}],\"inLanguage\":\"sv-SE\"}]}<\/script>\n<!-- \/ Yoast SEO plugin. -->","yoast_head_json":{"title":"Stars and Stripes - Trivec","description":"F\u00f6r Niklas Holgersson, \u00e4gare och grundare av Stars and Stripes, \u00e4r Trivecs HandyPay en produkt med stor potential.","robots":{"index":"noindex","follow":"follow"},"og_locale":"sv_SE","og_type":"article","og_title":"Stars and Stripes - Trivec","og_description":"F\u00f6r Niklas Holgersson, \u00e4gare och grundare av Stars and Stripes, \u00e4r Trivecs HandyPay en produkt med stor potential.","og_url":"https:\/\/www.trivec.aws-staging.swace.se\/sv\/kunder\/stars-and-stripes-trivec\/","og_site_name":"Trivec","article_modified_time":"2023-04-17T09:08:55+00:00","og_image":[{"width":1152,"height":1536,"url":"https:\/\/www.trivec.aws-staging.swace.se\/wp\/uploads\/2023\/04\/NH.jpg","type":"image\/jpeg"}],"twitter_card":"summary_large_image","twitter_misc":{"Ber\u00e4knad l\u00e4stid":"3 minuter"},"schema":{"@context":"https:\/\/schema.org","@graph":[{"@type":"WebPage","@id":"https:\/\/www.trivec.aws-staging.swace.se\/sv\/kunder\/stars-and-stripes-trivec\/","url":"https:\/\/www.trivec.aws-staging.swace.se\/sv\/kunder\/stars-and-stripes-trivec\/","name":"Stars and Stripes - Trivec","isPartOf":{"@id":"https:\/\/trivec.aws-staging.swace.se\/#website"},"primaryImageOfPage":{"@id":"https:\/\/www.trivec.aws-staging.swace.se\/sv\/kunder\/stars-and-stripes-trivec\/#primaryimage"},"image":{"@id":"https:\/\/www.trivec.aws-staging.swace.se\/sv\/kunder\/stars-and-stripes-trivec\/#primaryimage"},"thumbnailUrl":"https:\/\/www.trivec.aws-staging.swace.se\/wp\/uploads\/2023\/04\/NH.jpg","datePublished":"2023-04-04T12:51:05+00:00","dateModified":"2023-04-17T09:08:55+00:00","description":"F\u00f6r Niklas Holgersson, \u00e4gare och grundare av Stars and Stripes, \u00e4r Trivecs HandyPay en produkt med stor potential.","breadcrumb":{"@id":"https:\/\/www.trivec.aws-staging.swace.se\/sv\/kunder\/stars-and-stripes-trivec\/#breadcrumb"},"inLanguage":"sv-SE","potentialAction":[{"@type":"ReadAction","target":["https:\/\/www.trivec.aws-staging.swace.se\/sv\/kunder\/stars-and-stripes-trivec\/"]}]},{"@type":"ImageObject","inLanguage":"sv-SE","@id":"https:\/\/www.trivec.aws-staging.swace.se\/sv\/kunder\/stars-and-stripes-trivec\/#primaryimage","url":"https:\/\/www.trivec.aws-staging.swace.se\/wp\/uploads\/2023\/04\/NH.jpg","contentUrl":"https:\/\/www.trivec.aws-staging.swace.se\/wp\/uploads\/2023\/04\/NH.jpg","width":1152,"height":1536,"caption":"Niklas Holgersson p\u00e5 Stars and stripes"},{"@type":"BreadcrumbList","@id":"https:\/\/www.trivec.aws-staging.swace.se\/sv\/kunder\/stars-and-stripes-trivec\/#breadcrumb","itemListElement":[{"@type":"ListItem","position":1,"name":"Home","item":"https:\/\/www.trivec.aws-staging.swace.se\/sv\/"},{"@type":"ListItem","position":2,"name":"Kunder","item":"https:\/\/www.trivec.aws-staging.swace.se\/sv\/kunder\/"},{"@type":"ListItem","position":3,"name":"Stars and Stripes"}]},{"@type":"WebSite","@id":"https:\/\/trivec.aws-staging.swace.se\/#website","url":"https:\/\/trivec.aws-staging.swace.se\/","name":"Trivec","description":"Kassasystem f\u00f6r restauranger, barer och hotell","potentialAction":[{"@type":"SearchAction","target":{"@type":"EntryPoint","urlTemplate":"https:\/\/trivec.aws-staging.swace.se\/?s={search_term_string}"},"query-input":{"@type":"PropertyValueSpecification","valueRequired":true,"valueName":"search_term_string"}}],"inLanguage":"sv-SE"}]}},"_links":{"self":[{"href":"https:\/\/www.trivec.aws-staging.swace.se\/sv\/wp-json\/wp\/v2\/pages\/33549","targetHints":{"allow":["GET"]}}],"collection":[{"href":"https:\/\/www.trivec.aws-staging.swace.se\/sv\/wp-json\/wp\/v2\/pages"}],"about":[{"href":"https:\/\/www.trivec.aws-staging.swace.se\/sv\/wp-json\/wp\/v2\/types\/page"}],"author":[{"embeddable":true,"href":"https:\/\/www.trivec.aws-staging.swace.se\/sv\/wp-json\/wp\/v2\/users\/21"}],"replies":[{"embeddable":true,"href":"https:\/\/www.trivec.aws-staging.swace.se\/sv\/wp-json\/wp\/v2\/comments?post=33549"}],"version-history":[{"count":9,"href":"https:\/\/www.trivec.aws-staging.swace.se\/sv\/wp-json\/wp\/v2\/pages\/33549\/revisions"}],"predecessor-version":[{"id":33814,"href":"https:\/\/www.trivec.aws-staging.swace.se\/sv\/wp-json\/wp\/v2\/pages\/33549\/revisions\/33814"}],"up":[{"embeddable":true,"href":"https:\/\/www.trivec.aws-staging.swace.se\/sv\/wp-json\/wp\/v2\/pages\/129"}],"wp:featuredmedia":[{"embeddable":true,"href":"https:\/\/www.trivec.aws-staging.swace.se\/sv\/wp-json\/wp\/v2\/media\/33579"}],"wp:attachment":[{"href":"https:\/\/www.trivec.aws-staging.swace.se\/sv\/wp-json\/wp\/v2\/media?parent=33549"}],"curies":[{"name":"wp","href":"https:\/\/api.w.org\/{rel}","templated":true}]}}