{"id":392,"date":"2018-12-11T13:53:47","date_gmt":"2018-12-11T13:53:47","guid":{"rendered":"https:\/\/www.trivec.se\/formular\/kontakta-oss-2\/"},"modified":"2026-01-12T13:19:43","modified_gmt":"2026-01-12T12:19:43","slug":"kontakta-oss-generellt","status":"publish","type":"page","link":"https:\/\/www.trivec.aws-staging.swace.se\/sv\/formular\/kontakta-oss-generellt\/","title":{"rendered":"Kontakta oss generellt"},"content":{"rendered":"<div class=\"wpb-content-wrapper\"><p>[vc_row use_background_image=&#8221;yes&#8221; vertical_align_center=&#8221;yes&#8221;][vc_column width=&#8221;1\/2&#8243;][vc_headline icon=&#8221;&#8221;]Kontakta mig[\/vc_headline][vc_column_text]N\u00e4r du fyllt i dina uppgifter kommer du bli kontaktad av en expert p\u00e5 Trivec. Specificera g\u00e4rna vad ditt \u00e4rende g\u00e4ller.<\/p>\n<p>Har du ett support- eller jour\u00e4rende? Mejla\u00a0<a href=\"mailto:support@trivec.se\">support@trivec.se<\/a>, eller bes\u00f6k\u00a0<a href=\"https:\/\/www.trivec.se\/kontakt\/\">trivec.se\/kontakt<\/a>\u00a0f\u00f6r mer information.[\/vc_column_text][vc_column_text]\n\t\t\t\t\t\t<script>\n\t\t\t\t\t\t\twindow.hsFormsOnReady = window.hsFormsOnReady || [];\n\t\t\t\t\t\t\twindow.hsFormsOnReady.push(()=>{\n\t\t\t\t\t\t\t\thbspt.forms.create({\n\t\t\t\t\t\t\t\t\tportalId: 144556501,\n\t\t\t\t\t\t\t\t\tformId: \"5a307ab5-bdf3-4159-9c5a-0729675c628f\",\n\t\t\t\t\t\t\t\t\ttarget: \"#hbspt-form-1775875099000-8325158911\",\n\t\t\t\t\t\t\t\t\tregion: \"\",\n\t\t\t\t\t\t\t\t\t\n\t\t\t\t\t\t\t})});\n\t\t\t\t\t\t<\/script>\n\t\t\t\t\t\t<div class=\"hbspt-form\" id=\"hbspt-form-1775875099000-8325158911\"><\/div>[\/vc_column_text][\/vc_column][vc_column width=&#8221;1\/2&#8243;][vc_single_image image=&#8221;27878&#8243;][\/vc_column][\/vc_row]<\/p>\n<\/div>","protected":false},"excerpt":{"rendered":"<p>[vc_row use_background_image=&#8221;yes&#8221; vertical_align_center=&#8221;yes&#8221;][vc_column width=&#8221;1\/2&#8243;][vc_headline icon=&#8221;&#8221;]Kontakta mig[\/vc_headline][vc_column_text]N\u00e4r du fyllt i dina uppgifter kommer du bli kontaktad av en expert p\u00e5 Trivec. Specificera g\u00e4rna vad ditt \u00e4rende g\u00e4ller. Har du ett support- eller jour\u00e4rende? Mejla\u00a0support@trivec.se, eller bes\u00f6k\u00a0trivec.se\/kontakt\u00a0f\u00f6r mer information.[\/vc_column_text][vc_column_text][\/vc_column_text][\/vc_column][vc_column width=&#8221;1\/2&#8243;][vc_single_image image=&#8221;27878&#8243;][\/vc_column][\/vc_row]<\/p>\n","protected":false},"author":1,"featured_media":0,"parent":152,"menu_order":2,"comment_status":"closed","ping_status":"closed","template":"","meta":{"_acf_changed":false,"content-type":"","footnotes":""},"class_list":["post-392","page","type-page","status-publish","hentry"],"acf":[],"yoast_head":"<!-- This site is optimized with the Yoast SEO plugin v27.2 - https:\/\/yoast.com\/product\/yoast-seo-wordpress\/ -->\n<title>Kontakta oss - Trivec<\/title>\n<meta name=\"description\" content=\"Kontakta oss s\u00e5 hj\u00e4lper vi dig s\u00e5 fort som m\u00f6jligt. Vi h\u00f6r g\u00e4rna mer om din restaurang och dina utmaningar.\" \/>\n<meta name=\"robots\" content=\"noindex, follow\" \/>\n<meta property=\"og:locale\" content=\"sv_SE\" \/>\n<meta property=\"og:type\" content=\"article\" \/>\n<meta property=\"og:title\" content=\"Kontakta oss - Trivec\" \/>\n<meta property=\"og:description\" content=\"Kontakta oss s\u00e5 hj\u00e4lper vi dig s\u00e5 fort som m\u00f6jligt. Vi h\u00f6r g\u00e4rna mer om din restaurang och dina utmaningar.\" \/>\n<meta property=\"og:url\" content=\"https:\/\/www.trivec.aws-staging.swace.se\/sv\/formular\/kontakta-oss-generellt\/\" \/>\n<meta property=\"og:site_name\" content=\"Trivec\" \/>\n<meta property=\"article:modified_time\" content=\"2026-01-12T12:19:43+00:00\" \/>\n<meta name=\"twitter:card\" content=\"summary_large_image\" \/>\n<meta name=\"twitter:label1\" content=\"Ber\u00e4knad l\u00e4stid\" \/>\n\t<meta name=\"twitter:data1\" content=\"1 minut\" \/>\n<script type=\"application\/ld+json\" class=\"yoast-schema-graph\">{\"@context\":\"https:\/\/schema.org\",\"@graph\":[{\"@type\":\"WebPage\",\"@id\":\"https:\/\/www.trivec.aws-staging.swace.se\/sv\/formular\/kontakta-oss-generellt\/\",\"url\":\"https:\/\/www.trivec.aws-staging.swace.se\/sv\/formular\/kontakta-oss-generellt\/\",\"name\":\"Kontakta oss - Trivec\",\"isPartOf\":{\"@id\":\"https:\/\/trivec.aws-staging.swace.se\/#website\"},\"datePublished\":\"2018-12-11T13:53:47+00:00\",\"dateModified\":\"2026-01-12T12:19:43+00:00\",\"description\":\"Kontakta oss s\u00e5 hj\u00e4lper vi dig s\u00e5 fort som m\u00f6jligt. Vi h\u00f6r g\u00e4rna mer om din restaurang och dina utmaningar.\",\"breadcrumb\":{\"@id\":\"https:\/\/www.trivec.aws-staging.swace.se\/sv\/formular\/kontakta-oss-generellt\/#breadcrumb\"},\"inLanguage\":\"sv-SE\",\"potentialAction\":[{\"@type\":\"ReadAction\",\"target\":[\"https:\/\/www.trivec.aws-staging.swace.se\/sv\/formular\/kontakta-oss-generellt\/\"]}]},{\"@type\":\"BreadcrumbList\",\"@id\":\"https:\/\/www.trivec.aws-staging.swace.se\/sv\/formular\/kontakta-oss-generellt\/#breadcrumb\",\"itemListElement\":[{\"@type\":\"ListItem\",\"position\":1,\"name\":\"Home\",\"item\":\"https:\/\/www.trivec.aws-staging.swace.se\/sv\/\"},{\"@type\":\"ListItem\",\"position\":2,\"name\":\"Formul\u00e4r\",\"item\":\"https:\/\/www.trivec.aws-staging.swace.se\/sv\/formular\/\"},{\"@type\":\"ListItem\",\"position\":3,\"name\":\"Kontakta oss generellt\"}]},{\"@type\":\"WebSite\",\"@id\":\"https:\/\/trivec.aws-staging.swace.se\/#website\",\"url\":\"https:\/\/trivec.aws-staging.swace.se\/\",\"name\":\"Trivec\",\"description\":\"Kassasystem f\u00f6r restauranger, barer och hotell\",\"potentialAction\":[{\"@type\":\"SearchAction\",\"target\":{\"@type\":\"EntryPoint\",\"urlTemplate\":\"https:\/\/trivec.aws-staging.swace.se\/?s={search_term_string}\"},\"query-input\":{\"@type\":\"PropertyValueSpecification\",\"valueRequired\":true,\"valueName\":\"search_term_string\"}}],\"inLanguage\":\"sv-SE\"}]}<\/script>\n<!-- \/ Yoast SEO plugin. -->","yoast_head_json":{"title":"Kontakta oss - Trivec","description":"Kontakta oss s\u00e5 hj\u00e4lper vi dig s\u00e5 fort som m\u00f6jligt. Vi h\u00f6r g\u00e4rna mer om din restaurang och dina utmaningar.","robots":{"index":"noindex","follow":"follow"},"og_locale":"sv_SE","og_type":"article","og_title":"Kontakta oss - Trivec","og_description":"Kontakta oss s\u00e5 hj\u00e4lper vi dig s\u00e5 fort som m\u00f6jligt. Vi h\u00f6r g\u00e4rna mer om din restaurang och dina utmaningar.","og_url":"https:\/\/www.trivec.aws-staging.swace.se\/sv\/formular\/kontakta-oss-generellt\/","og_site_name":"Trivec","article_modified_time":"2026-01-12T12:19:43+00:00","twitter_card":"summary_large_image","twitter_misc":{"Ber\u00e4knad l\u00e4stid":"1 minut"},"schema":{"@context":"https:\/\/schema.org","@graph":[{"@type":"WebPage","@id":"https:\/\/www.trivec.aws-staging.swace.se\/sv\/formular\/kontakta-oss-generellt\/","url":"https:\/\/www.trivec.aws-staging.swace.se\/sv\/formular\/kontakta-oss-generellt\/","name":"Kontakta oss - Trivec","isPartOf":{"@id":"https:\/\/trivec.aws-staging.swace.se\/#website"},"datePublished":"2018-12-11T13:53:47+00:00","dateModified":"2026-01-12T12:19:43+00:00","description":"Kontakta oss s\u00e5 hj\u00e4lper vi dig s\u00e5 fort som m\u00f6jligt. Vi h\u00f6r g\u00e4rna mer om din restaurang och dina utmaningar.","breadcrumb":{"@id":"https:\/\/www.trivec.aws-staging.swace.se\/sv\/formular\/kontakta-oss-generellt\/#breadcrumb"},"inLanguage":"sv-SE","potentialAction":[{"@type":"ReadAction","target":["https:\/\/www.trivec.aws-staging.swace.se\/sv\/formular\/kontakta-oss-generellt\/"]}]},{"@type":"BreadcrumbList","@id":"https:\/\/www.trivec.aws-staging.swace.se\/sv\/formular\/kontakta-oss-generellt\/#breadcrumb","itemListElement":[{"@type":"ListItem","position":1,"name":"Home","item":"https:\/\/www.trivec.aws-staging.swace.se\/sv\/"},{"@type":"ListItem","position":2,"name":"Formul\u00e4r","item":"https:\/\/www.trivec.aws-staging.swace.se\/sv\/formular\/"},{"@type":"ListItem","position":3,"name":"Kontakta oss generellt"}]},{"@type":"WebSite","@id":"https:\/\/trivec.aws-staging.swace.se\/#website","url":"https:\/\/trivec.aws-staging.swace.se\/","name":"Trivec","description":"Kassasystem f\u00f6r restauranger, barer och hotell","potentialAction":[{"@type":"SearchAction","target":{"@type":"EntryPoint","urlTemplate":"https:\/\/trivec.aws-staging.swace.se\/?s={search_term_string}"},"query-input":{"@type":"PropertyValueSpecification","valueRequired":true,"valueName":"search_term_string"}}],"inLanguage":"sv-SE"}]}},"_links":{"self":[{"href":"https:\/\/www.trivec.aws-staging.swace.se\/sv\/wp-json\/wp\/v2\/pages\/392","targetHints":{"allow":["GET"]}}],"collection":[{"href":"https:\/\/www.trivec.aws-staging.swace.se\/sv\/wp-json\/wp\/v2\/pages"}],"about":[{"href":"https:\/\/www.trivec.aws-staging.swace.se\/sv\/wp-json\/wp\/v2\/types\/page"}],"author":[{"embeddable":true,"href":"https:\/\/www.trivec.aws-staging.swace.se\/sv\/wp-json\/wp\/v2\/users\/1"}],"replies":[{"embeddable":true,"href":"https:\/\/www.trivec.aws-staging.swace.se\/sv\/wp-json\/wp\/v2\/comments?post=392"}],"version-history":[{"count":11,"href":"https:\/\/www.trivec.aws-staging.swace.se\/sv\/wp-json\/wp\/v2\/pages\/392\/revisions"}],"predecessor-version":[{"id":35561,"href":"https:\/\/www.trivec.aws-staging.swace.se\/sv\/wp-json\/wp\/v2\/pages\/392\/revisions\/35561"}],"up":[{"embeddable":true,"href":"https:\/\/www.trivec.aws-staging.swace.se\/sv\/wp-json\/wp\/v2\/pages\/152"}],"wp:attachment":[{"href":"https:\/\/www.trivec.aws-staging.swace.se\/sv\/wp-json\/wp\/v2\/media?parent=392"}],"curies":[{"name":"wp","href":"https:\/\/api.w.org\/{rel}","templated":true}]}}