{"id":5,"date":"2018-11-13T08:41:26","date_gmt":"2018-11-13T08:41:26","guid":{"rendered":"https:\/\/www.trivec.se\/?page_id=5"},"modified":"2025-09-18T14:50:43","modified_gmt":"2025-09-18T12:50:43","slug":"startsida","status":"publish","type":"page","link":"https:\/\/www.trivec.aws-staging.swace.se\/sv\/","title":{"rendered":"Nordens ledande betall\u00f6sning f\u00f6r restaurang, bar och hotell"},"content":{"rendered":"<div class=\"wpb-content-wrapper\"><p>[vc_row][vc_column][vc_headline_module headline_xl=&#8221;\u00d6ver 8000 kunder i Europa&#8221;][\/vc_column][\/vc_row][vc_row mobile_invert_cols=&#8221;yes&#8221;][vc_column width=&#8221;1\/6&#8243;][vc_single_image image=&#8221;14186&#8243; alignment=&#8221;center&#8221;][\/vc_column][vc_column width=&#8221;1\/6&#8243;][vc_single_image image=&#8221;628&#8243; alignment=&#8221;center&#8221;][\/vc_column][vc_column width=&#8221;1\/6&#8243;][vc_single_image image=&#8221;635&#8243; alignment=&#8221;center&#8221;][\/vc_column][vc_column width=&#8221;1\/6&#8243;][vc_single_image image=&#8221;25182&#8243; alignment=&#8221;center&#8221;][\/vc_column][vc_column width=&#8221;1\/6&#8243;][vc_single_image image=&#8221;25132&#8243; alignment=&#8221;center&#8221;][\/vc_column][vc_column width=&#8221;1\/6&#8243;][vc_single_image image=&#8221;25195&#8243; alignment=&#8221;center&#8221;][\/vc_column][\/vc_row][vc_row padding_top=&#8221;medium&#8221;][vc_column][vc_grid_columns headline_xl=&#8221;D\u00e4rf\u00f6r v\u00e4ljer restauranger oss!&#8221; heading_1=&#8221;Drifts\u00e4kra l\u00f6sningar&#8221; heading_2=&#8221;Stort utbud av integrationer&#8221; heading_3=&#8221;Skr\u00e4ddarsydda rapporter&#8221; short_desc_1=&#8221;V\u00e5ra driftss\u00e4kra order- och betall\u00f6sningar f\u00f6r restaurang uppskattas av v\u00e5ra kunder. Vi hj\u00e4lper dig innan, under och efter en installation.&#8221; short_desc_2=&#8221;Trivecs kassasystem \u00e4r integrerbart med system f\u00f6r lagerhantering, ekonomi, personalhantering m.fl.&#8221; short_desc_3=&#8221;F\u00e5 tillg\u00e5ng till all relevant data som r\u00f6r din restaurang via webben. Du ser exempelvis din f\u00f6rs\u00e4ljning i realtid.&#8221; short_desc_1_content=&#8221;V%C3%A5ra%20driftss%C3%A4kra%20order-%20och%20betall%C3%B6sningar%20f%C3%B6r%20restaurang%20uppskattas%20av%20v%C3%A5ra%20kunder.%20Vi%20hj%C3%A4lper%20dig%20innan,%20under%20och%20efter%20en%20installation.&#8221; short_desc_2_content=&#8221;Trivecs%20kassasystem%20%C3%A4r%20integrerbart%20med%20system%20f%C3%B6r%20lagerhantering,%20ekonomi,%20personalhantering%20m.fl.&#8221; short_desc_3_content=&#8221;F%C3%A5%20tillg%C3%A5ng%20till%20all%20relevant%20data%20som%20r%C3%B6r%20din%20restaurang%20via%20webben.%20Du%20ser%20exempelvis%20din%20f%C3%B6rs%C3%A4ljning%20i%20realtid.&#8221;][\/vc_column][\/vc_row][vc_row use_background_image=&#8221;yes&#8221; background_image_source_selection=&#8221;attachment&#8221; background_image_attachment=&#8221;25198&#8243;][vc_column][vc_row_image][\/vc_column][\/vc_row][vc_row][vc_column][vc_tabmodule_solutions headline_xl=&#8221;Smarta betall\u00f6sningar f\u00f6r restaurang&#8221; customer_1_button=&#8221;\u00d6kade int\u00e4kter&#8221; customer_2_button=&#8221;Data och insikter&#8221; customer_3_button=&#8221;Smidig daglig drift&#8221; customer_11_image=&#8221;25206&#8243; customer_12_image=&#8221;25213&#8243; customer_13_image=&#8221;29484&#8243; heading_11=&#8221;Trivec kassasystem&#8221; heading_12=&#8221;Trivec Buddy&#8221; heading_13=&#8221;Trivec HandyPay&#8221; short_desc_11=&#8221;V\u00e5ra betall\u00f6sningar f\u00f6r restaurang \u00e4r driftss\u00e4kra, erbjuder m\u00e5nga betals\u00e4tt samt \u00e4r integrerbara. Du f\u00e5r ett system som st\u00f6der hela din verksamhet.&#8221; short_desc_12=&#8221;Anv\u00e4ndarv\u00e4nlig order- och betall\u00f6sning med hj\u00e4lp av QR-koder f\u00f6r restaurang, som m\u00f6jligg\u00f6r fler f\u00f6rs\u00e4ljningsst\u00e4llen i lokalen.&#8221; short_desc_13=&#8221;HandyPay \u00e4r Trivecs allt-i-ett-l\u00f6sning; en mobil order- och betall\u00f6sning f\u00f6r restaurang i en och samma enhet. Minimerar spring fram och tillbaka f\u00f6r personalen.&#8221; link_customer_11=&#8221;url:https%3A%2F%2Fwww.trivec.se%2Fprodukter%2Fkassasystem-restaurang%2F|title:Kassasystem%20restaurang|target:_blank&#8221; link_customer_12=&#8221;url:https%3A%2F%2Fwww.trivec.se%2Fprodukter%2Fqr-kod-restaurang%2F|title:Trivec%20Buddy|target:_blank&#8221; link_customer_13=&#8221;url:https%3A%2F%2Fwww.trivec.se%2Fprodukter%2Fmobil-order-betallosning-restaurang%2F|title:Trivec%20HandyPay|target:_blank&#8221; customer_21_image=&#8221;25248&#8243; customer_22_image=&#8221;25227&#8243; customer_23_image=&#8221;25234&#8243; heading_21=&#8221;MyTrivec&#8221; heading_22=&#8221;Analys&#8221; heading_23=&#8221;Integrationer&#8221; short_desc_21=&#8221;Se din f\u00f6rs\u00e4ljning i realtid och f\u00e5 automatiska f\u00f6rs\u00e4ljningsrapporter. Du har tillg\u00e5ng till all din restaurangdata p\u00e5 ett st\u00e4lle och kan logga in varifr\u00e5n som helst.&#8221; short_desc_22=&#8221;Ta del av restaurangdata om dina kunders behov och beteenden. Genom att integrera kassasystemet med ett analysverktyg kan g\u00f6ra djupare kundanalyser.&#8221; short_desc_23=&#8221;Vi har ett stort partnern\u00e4tverk med s\u00f6ml\u00f6sa integrationer till v\u00e5rt kassasystem. V\u00e5rt m\u00e5l \u00e4r att f\u00f6renkla vardagen f\u00f6r dig som kr\u00f6gare och \u00f6ka dina int\u00e4kter.&#8221; customer_31_image=&#8221;25255&#8243; customer_32_image=&#8221;25262&#8243; customer_33_image=&#8221;25241&#8243; heading_31=&#8221;Trivec Handy&#8221; heading_32=&#8221;Kitchen Display System&#8221; heading_33=&#8221;Vi hj\u00e4lper dig hela v\u00e4gen&#8221; short_desc_31=&#8221;Skicka best\u00e4llningar direkt till kassan. Med ett smidigt orderfl\u00f6de kan du \u00f6ka dina int\u00e4kter och f\u00e5 mer tid \u00f6ver till g\u00e4sterna.&#8221; short_desc_32=&#8221;F\u00f6renkla ditt orderfl\u00f6de till ett eller flera av dina k\u00f6k. Integrerat med Trivecs kassasystem slipper du k\u00f6ksskrivare och ser alla best\u00e4llningar p\u00e5 sk\u00e4rmen.&#8221; short_desc_33=&#8221;Vi hj\u00e4lper dig f\u00f6re, under och efter en installation. Vi utbildar nya kunder i systemet. Trivecs support finns tillg\u00e4nglig 24\/7.&#8221; link_customer_31=&#8221;url:https%3A%2F%2Fwww.trivec.se%2Fprodukter%2Fkassasystem-restaurang%2Fbordsbestallning%2F|title:Trivec%20Handy|target:_blank&#8221; link_customer_32=&#8221;url:https%3A%2F%2Fwww.trivec.se%2Fprodukter%2Fkitchen-display-system%2F|title:Kitchen%20Display%20System|target:_blank&#8221; link_customer_33=&#8221;url:https%3A%2F%2Fwww.trivec.se%2Fvi-hjalper-dig-hela-vagen%2F|title:Vi%20hj%C3%A4lper%20dig%20hela%20v%C3%A4gen&#8221; read_more_button=&#8221;L\u00e4s mer&#8221; link_customer_21=&#8221;url:https%3A%2F%2Fwww.trivec.se%2Fmy-trivec%2F|title:My%20Trivec&#8221; link_customer_22=&#8221;url:%23|title:Kassasystem%20restaurang&#8221; link_customer_23=&#8221;url:https%3A%2F%2Fwww.trivec.se%2Fprodukter%2Fintegrationer%2F|title:Partners%20%26%20Integrationer&#8221;][\/vc_column][\/vc_row][vc_row use_background_image=&#8221;yes&#8221; background_image_source_selection=&#8221;attachment&#8221; background_image_attachment=&#8221;25270&#8243;][vc_column][vc_row_heading_button size=&#8221;large&#8221; color=&#8221;white&#8221; read_more_button=&#8221;L\u00e4s mer h\u00e4r&#8221; link_button=&#8221;url:https%3A%2F%2Fwww.trivec.se%2Fprodukter%2Fintegrationer%2F|title:Partners%20%26%20Integrations&#8221;]F\u00e5 automatiskt in ordrar fr\u00e5n Foodora, Uber Eats och Wolt med flera.[\/vc_row_heading_button][\/vc_column][\/vc_row][vc_row][vc_column][vc_tabmodule_customers headline_xl=&#8221;V\u00e5ra kunder ber\u00e4ttar&#8221; customer_1_button=&#8221;Berns salonger&#8221; customer_2_button=&#8221;O&#8217;Learys&#8221; customer_3_button=&#8221;Ciccio&#8217;s&#8221; customer_1_image=&#8221;25279&#8243; customer_2_image=&#8221;25286&#8243; customer_3_image=&#8221;25293&#8243; headline_customer_1=&#8221;Berns Salonger&#8221; headline_customer_2=&#8221;O&#8217;Learys&#8221; headline_customer_3=&#8221;Ciccio&#8217;s&#8221; desc_customer_1=&#8221;Berns s\u00f6kte efter ett kassasystem att v\u00e4xa med och som fungerar i alla delar av verksamheten. Smidiga integrationer till personalsystem och lager samt m\u00f6jligheten att f\u00e5 anpassade rapporter f\u00e4llde avg\u00f6randet. Ett l\u00e4ttnavigerat system med f\u00e5 klick och som ny personal snabbt skulle kunna f\u00f6rst\u00e5 var ocks\u00e5 viktigt.&#8221; desc_customer_2=&#8221;M\u00f6jligheten att koppla flera kortterminaler till en kassa var det som fick O&#8217;Learys att v\u00e4lja Trivec. Driftss\u00e4kert system och snabb prestanda var ocks\u00e5 viktigt f\u00f6r O&#8217;Learys som ofta m\u00e5ste hantera m\u00e5nga betalningar samtidigt.&#8221; desc_customer_3=&#8221;F\u00f6r Ciccio&#8217;s, som har arbetat med Trivec i 20 \u00e5r, k\u00e4nns det sj\u00e4lvklart att forts\u00e4tta arbeta med Trivec eftersom systemet hela tiden utvecklas. M\u00f6jlighet att splitta notan, skicka faktura direkt till kund via systemet samt enkel st\u00e4ngning tack vare automatiserade rapporter var avg\u00f6rande f\u00f6r Ciccio&#8217;s.&#8221; bullet_point_11=&#8221;Smidiga integrationer och mindre administrationstid&#8221; bullet_point_12=&#8221;Skr\u00e4ddarsydda rapporter som f\u00f6renklar optimering&#8221; bullet_point_13=&#8221;Support 24\/7&#8243; bullet_point_21=&#8221;Flera kortterminaler per kassa&#8221; bullet_point_22=&#8221;Snabb prestanda f\u00f6r m\u00e5nga betalningar samtidigt&#8221; bullet_point_23=&#8221;Bra s\u00f6kfunktion p\u00e5 artiklar&#8221; bullet_point_31=&#8221;Enkel fakturering direkt ifr\u00e5n kassan&#8221; bullet_point_32=&#8221;Enkelt att dela nota&#8221; bullet_point_33=&#8221;Enkel st\u00e4ngning med automatiserat fl\u00f6de fr\u00e5n inslag till f\u00e4rdig rapport&#8221; read_more_button=&#8221;L\u00e4s mer&#8221; link_customer_1=&#8221;url:https%3A%2F%2Fwww.trivec.se%2Fkunder%2Fberns-salonger%2F|title:Berns%20salonger&#8221; link_customer_2=&#8221;url:https%3A%2F%2Fwww.trivec.se%2Fkunder%2Folearys%2F|title:O&#8217;Learys&#8221; link_customer_3=&#8221;url:https%3A%2F%2Fwww.trivec.se%2Fkunder%2Fciccios-om-det-langa-samarbetet-med-trivec%2F|title:Ciccio&#8217;s&#8221;][\/vc_column][\/vc_row][vc_row][vc_column][vc_column_text_image headline_xl=&#8221;Vi har integrationer till flertalet system som Personalkollen, Fortnox, HoistGroup, Mews m.fl.&#8221; text_xl=&#8221;Branscher d\u00e4r v\u00e5ra order och betall\u00f6sningar passar bra&#8221; col_1_image=&#8221;25308&#8243; col_2_image=&#8221;25323&#8243; col_3_image=&#8221;25301&#8243; heading_1=&#8221;Restauranger &amp; kedjor&#8221; heading_2=&#8221;Hotell &amp; hotellkedjor&#8221; heading_3=&#8221;Barer &amp; nattklubbar&#8221; short_desc_1=&#8221;V\u00e5r betall\u00f6sning f\u00f6r restaurang \u00e4r enkel att anv\u00e4nda utan tidigare teknisk kunskap. Ta best\u00e4llningar vid bordet, l\u00e5t g\u00e4sten scanna och betala via sin mobiltelefon samt \u00f6ka effektiviteten i k\u00f6ket. Ett system f\u00f6r hela din verksamhet.&#8221; short_desc_2=&#8221;Du f\u00e5r du en betall\u00f6sning f\u00f6r restaurang som st\u00f6der hotell: fr\u00e5n restaurangbokningar och best\u00e4llning till logistik, lagerhantering och betalning. Dina g\u00e4ster kan s\u00e4tta notan p\u00e5 rummen. V\u00e5ra betall\u00f6sningar \u00e4r integrerbara med de vanligaste hotellsystemen.&#8221; short_desc_3=&#8221;V\u00e5rt kassasystem f\u00f6r bar \u00e4r driftss\u00e4kert och har h\u00f6g prestanda, vilket g\u00f6r att du kan betj\u00e4na fler g\u00e4ster p\u00e5 samma g\u00e5ng. Du kan ocks\u00e5 ansluta flera betalterminaler till kassasystemet s\u00e5 att fler kunder kan betala samtidigt. Snabb service \u00e4r a och o i en bar!&#8221; read_more_button=&#8221;L\u00e4s mer h\u00e4r&#8221; link_button=&#8221;url:https%3A%2F%2Fwww.trivec.se%2Fprodukter%2Fintegrationer%2F|title:Till%20v%C3%A5r%20partners&#8221; read_more_column=&#8221;L\u00e4s mer&#8221; link_column_1=&#8221;url:https%3A%2F%2Fwww.trivec.se%2Fbranscher-restaurang%2F|title:Restauranger%20%26%20restaurangkedjor%20&#8243; link_column_2=&#8221;url:https%3A%2F%2Fwww.trivec.se%2Fbranscher-hotell%2F|title:Hotell%20%26%20hotellkedjor&#8221; link_column_3=&#8221;url:https%3A%2F%2Fwww.trivec.se%2Fbranscher-bar%2F|title:Barer%20%26%20nattklubbar&#8221;][\/vc_column][\/vc_row]<\/p>\n<\/div>","protected":false},"excerpt":{"rendered":"<p>[vc_row][vc_column][vc_headline_module headline_xl=&#8221;\u00d6ver 8000 kunder i Europa&#8221;][\/vc_column][\/vc_row][vc_row mobile_invert_cols=&#8221;yes&#8221;][vc_column width=&#8221;1\/6&#8243;][vc_single_image image=&#8221;14186&#8243; alignment=&#8221;center&#8221;][\/vc_column][vc_column width=&#8221;1\/6&#8243;][vc_single_image image=&#8221;628&#8243; alignment=&#8221;center&#8221;][\/vc_column][vc_column width=&#8221;1\/6&#8243;][vc_single_image image=&#8221;635&#8243; alignment=&#8221;center&#8221;][\/vc_column][vc_column width=&#8221;1\/6&#8243;][vc_single_image image=&#8221;25182&#8243; alignment=&#8221;center&#8221;][\/vc_column][vc_column width=&#8221;1\/6&#8243;][vc_single_image image=&#8221;25132&#8243; alignment=&#8221;center&#8221;][\/vc_column][vc_column width=&#8221;1\/6&#8243;][vc_single_image image=&#8221;25195&#8243; alignment=&#8221;center&#8221;][\/vc_column][\/vc_row][vc_row padding_top=&#8221;medium&#8221;][vc_column][vc_grid_columns headline_xl=&#8221;D\u00e4rf\u00f6r v\u00e4ljer restauranger oss!&#8221; heading_1=&#8221;Drifts\u00e4kra l\u00f6sningar&#8221; heading_2=&#8221;Stort utbud av integrationer&#8221; heading_3=&#8221;Skr\u00e4ddarsydda rapporter&#8221; short_desc_1=&#8221;V\u00e5ra driftss\u00e4kra order- och betall\u00f6sningar f\u00f6r restaurang uppskattas av v\u00e5ra kunder. Vi hj\u00e4lper dig innan, under och [&hellip;]<\/p>\n","protected":false},"author":1,"featured_media":0,"parent":0,"menu_order":8,"comment_status":"closed","ping_status":"closed","template":"","meta":{"_acf_changed":false,"content-type":"","footnotes":""},"class_list":["post-5","page","type-page","status-publish","hentry"],"acf":[],"yoast_head":"<!-- This site is optimized with the Yoast SEO plugin v27.2 - https:\/\/yoast.com\/product\/yoast-seo-wordpress\/ -->\n<title>Betall\u00f6sning restaurang - Trivec Systems<\/title>\n<meta name=\"description\" content=\"Trivec \u00e4r ledande i Norden inom order- och betall\u00f6sning f\u00f6r restaurang, bar och hotell. Vi hj\u00e4lper dig fr\u00e5n installation till support 24\/7.\" \/>\n<meta name=\"robots\" content=\"noindex, follow\" \/>\n<meta property=\"og:locale\" content=\"sv_SE\" \/>\n<meta property=\"og:type\" content=\"article\" \/>\n<meta property=\"og:title\" content=\"Betall\u00f6sning restaurang - Trivec Systems\" \/>\n<meta property=\"og:description\" content=\"Trivec \u00e4r ledande i Norden inom order- och betall\u00f6sning f\u00f6r restaurang, bar och hotell. Vi hj\u00e4lper dig fr\u00e5n installation till support 24\/7.\" \/>\n<meta property=\"og:url\" content=\"https:\/\/www.trivec.aws-staging.swace.se\/sv\/\" \/>\n<meta property=\"og:site_name\" content=\"Trivec\" \/>\n<meta property=\"article:modified_time\" content=\"2025-09-18T12:50:43+00:00\" \/>\n<meta name=\"twitter:card\" content=\"summary_large_image\" \/>\n<meta name=\"twitter:label1\" content=\"Ber\u00e4knad l\u00e4stid\" \/>\n\t<meta name=\"twitter:data1\" content=\"4 minuter\" \/>\n<script type=\"application\/ld+json\" class=\"yoast-schema-graph\">{\"@context\":\"https:\/\/schema.org\",\"@graph\":[{\"@type\":\"WebPage\",\"@id\":\"https:\/\/www.trivec.aws-staging.swace.se\/sv\/\",\"url\":\"https:\/\/www.trivec.aws-staging.swace.se\/sv\/\",\"name\":\"Betall\u00f6sning restaurang - Trivec Systems\",\"isPartOf\":{\"@id\":\"https:\/\/trivec.aws-staging.swace.se\/#website\"},\"datePublished\":\"2018-11-13T08:41:26+00:00\",\"dateModified\":\"2025-09-18T12:50:43+00:00\",\"description\":\"Trivec \u00e4r ledande i Norden inom order- och betall\u00f6sning f\u00f6r restaurang, bar och hotell. Vi hj\u00e4lper dig fr\u00e5n installation till support 24\/7.\",\"breadcrumb\":{\"@id\":\"https:\/\/www.trivec.aws-staging.swace.se\/sv\/#breadcrumb\"},\"inLanguage\":\"sv-SE\",\"potentialAction\":[{\"@type\":\"ReadAction\",\"target\":[\"https:\/\/www.trivec.aws-staging.swace.se\/sv\/\"]}]},{\"@type\":\"BreadcrumbList\",\"@id\":\"https:\/\/www.trivec.aws-staging.swace.se\/sv\/#breadcrumb\",\"itemListElement\":[{\"@type\":\"ListItem\",\"position\":1,\"name\":\"Home\",\"item\":\"https:\/\/www.trivec.aws-staging.swace.se\/sv\/\"},{\"@type\":\"ListItem\",\"position\":2,\"name\":\"Nordens ledande betall\u00f6sning f\u00f6r restaurang, bar och hotell\"}]},{\"@type\":\"WebSite\",\"@id\":\"https:\/\/trivec.aws-staging.swace.se\/#website\",\"url\":\"https:\/\/trivec.aws-staging.swace.se\/\",\"name\":\"Trivec\",\"description\":\"Kassasystem f\u00f6r restauranger, barer och hotell\",\"potentialAction\":[{\"@type\":\"SearchAction\",\"target\":{\"@type\":\"EntryPoint\",\"urlTemplate\":\"https:\/\/trivec.aws-staging.swace.se\/?s={search_term_string}\"},\"query-input\":{\"@type\":\"PropertyValueSpecification\",\"valueRequired\":true,\"valueName\":\"search_term_string\"}}],\"inLanguage\":\"sv-SE\"}]}<\/script>\n<!-- \/ Yoast SEO plugin. -->","yoast_head_json":{"title":"Betall\u00f6sning restaurang - Trivec Systems","description":"Trivec \u00e4r ledande i Norden inom order- och betall\u00f6sning f\u00f6r restaurang, bar och hotell. Vi hj\u00e4lper dig fr\u00e5n installation till support 24\/7.","robots":{"index":"noindex","follow":"follow"},"og_locale":"sv_SE","og_type":"article","og_title":"Betall\u00f6sning restaurang - Trivec Systems","og_description":"Trivec \u00e4r ledande i Norden inom order- och betall\u00f6sning f\u00f6r restaurang, bar och hotell. Vi hj\u00e4lper dig fr\u00e5n installation till support 24\/7.","og_url":"https:\/\/www.trivec.aws-staging.swace.se\/sv\/","og_site_name":"Trivec","article_modified_time":"2025-09-18T12:50:43+00:00","twitter_card":"summary_large_image","twitter_misc":{"Ber\u00e4knad l\u00e4stid":"4 minuter"},"schema":{"@context":"https:\/\/schema.org","@graph":[{"@type":"WebPage","@id":"https:\/\/www.trivec.aws-staging.swace.se\/sv\/","url":"https:\/\/www.trivec.aws-staging.swace.se\/sv\/","name":"Betall\u00f6sning restaurang - Trivec Systems","isPartOf":{"@id":"https:\/\/trivec.aws-staging.swace.se\/#website"},"datePublished":"2018-11-13T08:41:26+00:00","dateModified":"2025-09-18T12:50:43+00:00","description":"Trivec \u00e4r ledande i Norden inom order- och betall\u00f6sning f\u00f6r restaurang, bar och hotell. Vi hj\u00e4lper dig fr\u00e5n installation till support 24\/7.","breadcrumb":{"@id":"https:\/\/www.trivec.aws-staging.swace.se\/sv\/#breadcrumb"},"inLanguage":"sv-SE","potentialAction":[{"@type":"ReadAction","target":["https:\/\/www.trivec.aws-staging.swace.se\/sv\/"]}]},{"@type":"BreadcrumbList","@id":"https:\/\/www.trivec.aws-staging.swace.se\/sv\/#breadcrumb","itemListElement":[{"@type":"ListItem","position":1,"name":"Home","item":"https:\/\/www.trivec.aws-staging.swace.se\/sv\/"},{"@type":"ListItem","position":2,"name":"Nordens ledande betall\u00f6sning f\u00f6r restaurang, bar och hotell"}]},{"@type":"WebSite","@id":"https:\/\/trivec.aws-staging.swace.se\/#website","url":"https:\/\/trivec.aws-staging.swace.se\/","name":"Trivec","description":"Kassasystem f\u00f6r restauranger, barer och hotell","potentialAction":[{"@type":"SearchAction","target":{"@type":"EntryPoint","urlTemplate":"https:\/\/trivec.aws-staging.swace.se\/?s={search_term_string}"},"query-input":{"@type":"PropertyValueSpecification","valueRequired":true,"valueName":"search_term_string"}}],"inLanguage":"sv-SE"}]}},"_links":{"self":[{"href":"https:\/\/www.trivec.aws-staging.swace.se\/sv\/wp-json\/wp\/v2\/pages\/5","targetHints":{"allow":["GET"]}}],"collection":[{"href":"https:\/\/www.trivec.aws-staging.swace.se\/sv\/wp-json\/wp\/v2\/pages"}],"about":[{"href":"https:\/\/www.trivec.aws-staging.swace.se\/sv\/wp-json\/wp\/v2\/types\/page"}],"author":[{"embeddable":true,"href":"https:\/\/www.trivec.aws-staging.swace.se\/sv\/wp-json\/wp\/v2\/users\/1"}],"replies":[{"embeddable":true,"href":"https:\/\/www.trivec.aws-staging.swace.se\/sv\/wp-json\/wp\/v2\/comments?post=5"}],"version-history":[{"count":56,"href":"https:\/\/www.trivec.aws-staging.swace.se\/sv\/wp-json\/wp\/v2\/pages\/5\/revisions"}],"predecessor-version":[{"id":35508,"href":"https:\/\/www.trivec.aws-staging.swace.se\/sv\/wp-json\/wp\/v2\/pages\/5\/revisions\/35508"}],"wp:attachment":[{"href":"https:\/\/www.trivec.aws-staging.swace.se\/sv\/wp-json\/wp\/v2\/media?parent=5"}],"curies":[{"name":"wp","href":"https:\/\/api.w.org\/{rel}","templated":true}]}}