{"id":6326,"date":"2019-10-21T13:09:17","date_gmt":"2019-10-21T11:09:17","guid":{"rendered":"https:\/\/www.trivec.aws-staging.swace.se\/?page_id=6326"},"modified":"2023-06-07T10:51:17","modified_gmt":"2023-06-07T08:51:17","slug":"ciccios-om-det-langa-samarbetet-med-trivec","status":"publish","type":"page","link":"https:\/\/www.trivec.aws-staging.swace.se\/sv\/kunder\/ciccios-om-det-langa-samarbetet-med-trivec\/","title":{"rendered":"Ciccio&#8217;s"},"content":{"rendered":"<div class=\"wpb-content-wrapper\"><p>[vc_row padding_bottom=&#8221;none&#8221;][vc_column][vc_story heading_text=&#8221;Ciccio&#8217;s&#8221; preamble=&#8221;Ciccio\u2019s \u00e4r en italiensk p\u00e4rla mitt i centrala Stockholm med den italienska mat\u00e4lskaren Toto i spetsen. Se Toto ber\u00e4tta mer om vad Ciccio\u2019s faktiskt betyder, hur restaurangen kom att bli vad den \u00e4r idag samt det l\u00e5nga samarbetet tillsammans med Trivec.&#8221;][\/vc_story][\/vc_column][\/vc_row][vc_row padding_top=&#8221;medium&#8221; padding_bottom=&#8221;medium&#8221;][vc_column width=&#8221;1\/6&#8243;][\/vc_column][vc_column width=&#8221;2\/3&#8243;][vc_video link=&#8221;https:\/\/vimeo.com\/361783537&#8243;][\/vc_column][vc_column width=&#8221;1\/6&#8243;][\/vc_column][\/vc_row][vc_row padding_top=&#8221;medium&#8221; padding_bottom=&#8221;medium&#8221;][vc_column width=&#8221;1\/6&#8243;][\/vc_column][vc_column width=&#8221;2\/3&#8243;][vc_images_carousel images=&#8221;6353,6339,6346,6360&#8243;][\/vc_column][vc_column width=&#8221;1\/6&#8243;][\/vc_column][\/vc_row][vc_row padding_top=&#8221;none&#8221;][vc_column width=&#8221;1\/6&#8243;][\/vc_column][vc_column width=&#8221;2\/3&#8243;][vc_color_box bg_color=&#8221;gray&#8221;][vc_column_text]<\/p>\n<h3>Om Ciccio&#8217;s<\/h3>\n<p>Namnet, Ciccio&#8217;s \u00e4r ett italienskt uttryck som betyder &#8221;knubbig pojke&#8221; med glimten i \u00f6gat. F\u00f6r Ciccio&#8217;s symboliserar det alla de goda sakerna i livet. Restaurangen och menyn har r\u00f6tter i det Italiensk-Amerikanska k\u00f6ket och den fr\u00e4msta inspirationsk\u00e4llan \u00e4r Little Italy i New York som hela tiden f\u00f6rnyar r\u00e4tter och ger dem nytt live. Ciccio&#8217;s restaurang str\u00e4var efter att tillsammans med Trivec skapa det perfekta st\u00e4llet att m\u00f6tas p\u00e5 vare sig det \u00e4r f\u00f6r att arbeta, \u00e4ta eller ta en god drink. <a href=\"https:\/\/ciccios.se\/\">Bes\u00f6k Ciccio&#8217;s hemsida<\/a>.[\/vc_column_text][vc_column_text]<\/p>\n<h3>Om Trivec<\/h3>\n<p>Trivec \u00e4r en ledande leverant\u00f6r av\u00a0<a href=\"https:\/\/www.trivec.se\/produkter\/kassasystem-restaurang\/\" target=\"_blank\" rel=\"noopener\">Kassasystem restaurang<\/a>\u00a0till den europeiska marknaden f\u00f6r restaurang, bar,\u00a0<a href=\"https:\/\/www.trivec.se\/branscher-hotell\/\" target=\"_blank\" rel=\"noopener\">Kassasystem hotell<\/a>\u00a0och caf\u00e9. V\u00e5ra l\u00f6sningar f\u00f6renklar och optimerar betalningen samt underl\u00e4ttar styrningen av verksamheten. I Trivecs produkterbjudande ing\u00e5r kassasystem,\u00a0<a href=\"https:\/\/www.trivec.se\/produkter\/kortterminaler\/\">kortterminaler<\/a>, handh\u00e5llna enheter och\u00a0<a href=\"https:\/\/www.trivec.se\/produkter\/dryckessystem\/\">dryckessystem<\/a>, med flexibla alternativ f\u00f6r\u00a0<a href=\"https:\/\/www.trivec.se\/produkter\/integrationer\/\">integration<\/a>\u00a0med bokning, ekonomi, personal, ink\u00f6p och lagerfunktioner. Trivec grundades 1993 och har \u00f6ver\u00a0<a href=\"https:\/\/www.trivec.se\/kunder\/\">8000 kunder<\/a>\u00a0runt om i Europa och kontor i Sverige, Norge, Danmark, Belgien och Frankrike.[\/vc_column_text][vc_btn title=&#8221;L\u00e4s mer om Trivec&#8221; style=&#8221;read-more&#8221; link=&#8221;url:https%3A%2F%2Fwww.trivec.se%2F|||&#8221;][\/vc_color_box][\/vc_column][vc_column width=&#8221;1\/6&#8243;][\/vc_column][\/vc_row]<\/p>\n<\/div>","protected":false},"excerpt":{"rendered":"<p>[vc_row padding_bottom=&#8221;none&#8221;][vc_column][vc_story heading_text=&#8221;Ciccio&#8217;s&#8221; preamble=&#8221;Ciccio\u2019s \u00e4r en italiensk p\u00e4rla mitt i centrala Stockholm med den italienska mat\u00e4lskaren Toto i spetsen. Se Toto ber\u00e4tta mer om vad Ciccio\u2019s faktiskt betyder, hur restaurangen kom att bli vad den \u00e4r idag samt det l\u00e5nga samarbetet tillsammans med Trivec.&#8221;][\/vc_story][\/vc_column][\/vc_row][vc_row padding_top=&#8221;medium&#8221; padding_bottom=&#8221;medium&#8221;][vc_column width=&#8221;1\/6&#8243;][\/vc_column][vc_column width=&#8221;2\/3&#8243;][vc_video link=&#8221;https:\/\/vimeo.com\/361783537&#8243;][\/vc_column][vc_column width=&#8221;1\/6&#8243;][\/vc_column][\/vc_row][vc_row padding_top=&#8221;medium&#8221; padding_bottom=&#8221;medium&#8221;][vc_column width=&#8221;1\/6&#8243;][\/vc_column][vc_column width=&#8221;2\/3&#8243;][vc_images_carousel images=&#8221;6353,6339,6346,6360&#8243;][\/vc_column][vc_column [&hellip;]<\/p>\n","protected":false},"author":1,"featured_media":34700,"parent":129,"menu_order":5,"comment_status":"closed","ping_status":"closed","template":"","meta":{"_acf_changed":false,"content-type":"","footnotes":""},"class_list":["post-6326","page","type-page","status-publish","has-post-thumbnail","hentry"],"acf":[],"yoast_head":"<!-- This site is optimized with the Yoast SEO plugin v27.2 - https:\/\/yoast.com\/product\/yoast-seo-wordpress\/ -->\n<title>Ciccio&#039;s - Trivec Systems<\/title>\n<meta name=\"description\" content=\"Ciccio&#039;s har haft ett l\u00e5ngt samarbetet med Trivec. Ciccio&#039;s \u00e4r n\u00f6jda med kassasystemet fr\u00e5n Trivec som har hj\u00e4lpt dem spara tid och pengar.\" \/>\n<meta name=\"robots\" content=\"noindex, follow\" \/>\n<meta property=\"og:locale\" content=\"sv_SE\" \/>\n<meta property=\"og:type\" content=\"article\" \/>\n<meta property=\"og:title\" content=\"Ciccio&#039;s - Trivec Systems\" \/>\n<meta property=\"og:description\" content=\"Ciccio&#039;s har haft ett l\u00e5ngt samarbetet med Trivec. Ciccio&#039;s \u00e4r n\u00f6jda med kassasystemet fr\u00e5n Trivec som har hj\u00e4lpt dem spara tid och pengar.\" \/>\n<meta property=\"og:url\" content=\"https:\/\/www.trivec.aws-staging.swace.se\/sv\/kunder\/ciccios-om-det-langa-samarbetet-med-trivec\/\" \/>\n<meta property=\"og:site_name\" content=\"Trivec\" \/>\n<meta property=\"article:modified_time\" content=\"2023-06-07T08:51:17+00:00\" \/>\n<meta property=\"og:image\" content=\"https:\/\/www.trivec.aws-staging.swace.se\/wp\/uploads\/2023\/06\/Trivec-Ciccios-video.jpg\" \/>\n\t<meta property=\"og:image:width\" content=\"1000\" \/>\n\t<meta property=\"og:image:height\" content=\"668\" \/>\n\t<meta property=\"og:image:type\" content=\"image\/jpeg\" \/>\n<meta name=\"twitter:card\" content=\"summary_large_image\" \/>\n<meta name=\"twitter:label1\" content=\"Ber\u00e4knad l\u00e4stid\" \/>\n\t<meta name=\"twitter:data1\" content=\"2 minuter\" \/>\n<script type=\"application\/ld+json\" class=\"yoast-schema-graph\">{\"@context\":\"https:\/\/schema.org\",\"@graph\":[{\"@type\":\"WebPage\",\"@id\":\"https:\/\/www.trivec.aws-staging.swace.se\/sv\/kunder\/ciccios-om-det-langa-samarbetet-med-trivec\/\",\"url\":\"https:\/\/www.trivec.aws-staging.swace.se\/sv\/kunder\/ciccios-om-det-langa-samarbetet-med-trivec\/\",\"name\":\"Ciccio's - Trivec Systems\",\"isPartOf\":{\"@id\":\"https:\/\/trivec.aws-staging.swace.se\/#website\"},\"primaryImageOfPage\":{\"@id\":\"https:\/\/www.trivec.aws-staging.swace.se\/sv\/kunder\/ciccios-om-det-langa-samarbetet-med-trivec\/#primaryimage\"},\"image\":{\"@id\":\"https:\/\/www.trivec.aws-staging.swace.se\/sv\/kunder\/ciccios-om-det-langa-samarbetet-med-trivec\/#primaryimage\"},\"thumbnailUrl\":\"https:\/\/www.trivec.aws-staging.swace.se\/wp\/uploads\/2023\/06\/Trivec-Ciccios-video.jpg\",\"datePublished\":\"2019-10-21T11:09:17+00:00\",\"dateModified\":\"2023-06-07T08:51:17+00:00\",\"description\":\"Ciccio's har haft ett l\u00e5ngt samarbetet med Trivec. Ciccio's \u00e4r n\u00f6jda med kassasystemet fr\u00e5n Trivec som har hj\u00e4lpt dem spara tid och pengar.\",\"breadcrumb\":{\"@id\":\"https:\/\/www.trivec.aws-staging.swace.se\/sv\/kunder\/ciccios-om-det-langa-samarbetet-med-trivec\/#breadcrumb\"},\"inLanguage\":\"sv-SE\",\"potentialAction\":[{\"@type\":\"ReadAction\",\"target\":[\"https:\/\/www.trivec.aws-staging.swace.se\/sv\/kunder\/ciccios-om-det-langa-samarbetet-med-trivec\/\"]}]},{\"@type\":\"ImageObject\",\"inLanguage\":\"sv-SE\",\"@id\":\"https:\/\/www.trivec.aws-staging.swace.se\/sv\/kunder\/ciccios-om-det-langa-samarbetet-med-trivec\/#primaryimage\",\"url\":\"https:\/\/www.trivec.aws-staging.swace.se\/wp\/uploads\/2023\/06\/Trivec-Ciccios-video.jpg\",\"contentUrl\":\"https:\/\/www.trivec.aws-staging.swace.se\/wp\/uploads\/2023\/06\/Trivec-Ciccios-video.jpg\",\"width\":1000,\"height\":668,\"caption\":\"Trivec-Ciccios-video\"},{\"@type\":\"BreadcrumbList\",\"@id\":\"https:\/\/www.trivec.aws-staging.swace.se\/sv\/kunder\/ciccios-om-det-langa-samarbetet-med-trivec\/#breadcrumb\",\"itemListElement\":[{\"@type\":\"ListItem\",\"position\":1,\"name\":\"Home\",\"item\":\"https:\/\/www.trivec.aws-staging.swace.se\/sv\/\"},{\"@type\":\"ListItem\",\"position\":2,\"name\":\"Kunder\",\"item\":\"https:\/\/www.trivec.aws-staging.swace.se\/sv\/kunder\/\"},{\"@type\":\"ListItem\",\"position\":3,\"name\":\"Ciccio&#8217;s\"}]},{\"@type\":\"WebSite\",\"@id\":\"https:\/\/trivec.aws-staging.swace.se\/#website\",\"url\":\"https:\/\/trivec.aws-staging.swace.se\/\",\"name\":\"Trivec\",\"description\":\"Kassasystem f\u00f6r restauranger, barer och hotell\",\"potentialAction\":[{\"@type\":\"SearchAction\",\"target\":{\"@type\":\"EntryPoint\",\"urlTemplate\":\"https:\/\/trivec.aws-staging.swace.se\/?s={search_term_string}\"},\"query-input\":{\"@type\":\"PropertyValueSpecification\",\"valueRequired\":true,\"valueName\":\"search_term_string\"}}],\"inLanguage\":\"sv-SE\"}]}<\/script>\n<!-- \/ Yoast SEO plugin. -->","yoast_head_json":{"title":"Ciccio's - Trivec Systems","description":"Ciccio's har haft ett l\u00e5ngt samarbetet med Trivec. Ciccio's \u00e4r n\u00f6jda med kassasystemet fr\u00e5n Trivec som har hj\u00e4lpt dem spara tid och pengar.","robots":{"index":"noindex","follow":"follow"},"og_locale":"sv_SE","og_type":"article","og_title":"Ciccio's - Trivec Systems","og_description":"Ciccio's har haft ett l\u00e5ngt samarbetet med Trivec. Ciccio's \u00e4r n\u00f6jda med kassasystemet fr\u00e5n Trivec som har hj\u00e4lpt dem spara tid och pengar.","og_url":"https:\/\/www.trivec.aws-staging.swace.se\/sv\/kunder\/ciccios-om-det-langa-samarbetet-med-trivec\/","og_site_name":"Trivec","article_modified_time":"2023-06-07T08:51:17+00:00","og_image":[{"width":1000,"height":668,"url":"https:\/\/www.trivec.aws-staging.swace.se\/wp\/uploads\/2023\/06\/Trivec-Ciccios-video.jpg","type":"image\/jpeg"}],"twitter_card":"summary_large_image","twitter_misc":{"Ber\u00e4knad l\u00e4stid":"2 minuter"},"schema":{"@context":"https:\/\/schema.org","@graph":[{"@type":"WebPage","@id":"https:\/\/www.trivec.aws-staging.swace.se\/sv\/kunder\/ciccios-om-det-langa-samarbetet-med-trivec\/","url":"https:\/\/www.trivec.aws-staging.swace.se\/sv\/kunder\/ciccios-om-det-langa-samarbetet-med-trivec\/","name":"Ciccio's - Trivec Systems","isPartOf":{"@id":"https:\/\/trivec.aws-staging.swace.se\/#website"},"primaryImageOfPage":{"@id":"https:\/\/www.trivec.aws-staging.swace.se\/sv\/kunder\/ciccios-om-det-langa-samarbetet-med-trivec\/#primaryimage"},"image":{"@id":"https:\/\/www.trivec.aws-staging.swace.se\/sv\/kunder\/ciccios-om-det-langa-samarbetet-med-trivec\/#primaryimage"},"thumbnailUrl":"https:\/\/www.trivec.aws-staging.swace.se\/wp\/uploads\/2023\/06\/Trivec-Ciccios-video.jpg","datePublished":"2019-10-21T11:09:17+00:00","dateModified":"2023-06-07T08:51:17+00:00","description":"Ciccio's har haft ett l\u00e5ngt samarbetet med Trivec. Ciccio's \u00e4r n\u00f6jda med kassasystemet fr\u00e5n Trivec som har hj\u00e4lpt dem spara tid och pengar.","breadcrumb":{"@id":"https:\/\/www.trivec.aws-staging.swace.se\/sv\/kunder\/ciccios-om-det-langa-samarbetet-med-trivec\/#breadcrumb"},"inLanguage":"sv-SE","potentialAction":[{"@type":"ReadAction","target":["https:\/\/www.trivec.aws-staging.swace.se\/sv\/kunder\/ciccios-om-det-langa-samarbetet-med-trivec\/"]}]},{"@type":"ImageObject","inLanguage":"sv-SE","@id":"https:\/\/www.trivec.aws-staging.swace.se\/sv\/kunder\/ciccios-om-det-langa-samarbetet-med-trivec\/#primaryimage","url":"https:\/\/www.trivec.aws-staging.swace.se\/wp\/uploads\/2023\/06\/Trivec-Ciccios-video.jpg","contentUrl":"https:\/\/www.trivec.aws-staging.swace.se\/wp\/uploads\/2023\/06\/Trivec-Ciccios-video.jpg","width":1000,"height":668,"caption":"Trivec-Ciccios-video"},{"@type":"BreadcrumbList","@id":"https:\/\/www.trivec.aws-staging.swace.se\/sv\/kunder\/ciccios-om-det-langa-samarbetet-med-trivec\/#breadcrumb","itemListElement":[{"@type":"ListItem","position":1,"name":"Home","item":"https:\/\/www.trivec.aws-staging.swace.se\/sv\/"},{"@type":"ListItem","position":2,"name":"Kunder","item":"https:\/\/www.trivec.aws-staging.swace.se\/sv\/kunder\/"},{"@type":"ListItem","position":3,"name":"Ciccio&#8217;s"}]},{"@type":"WebSite","@id":"https:\/\/trivec.aws-staging.swace.se\/#website","url":"https:\/\/trivec.aws-staging.swace.se\/","name":"Trivec","description":"Kassasystem f\u00f6r restauranger, barer och hotell","potentialAction":[{"@type":"SearchAction","target":{"@type":"EntryPoint","urlTemplate":"https:\/\/trivec.aws-staging.swace.se\/?s={search_term_string}"},"query-input":{"@type":"PropertyValueSpecification","valueRequired":true,"valueName":"search_term_string"}}],"inLanguage":"sv-SE"}]}},"_links":{"self":[{"href":"https:\/\/www.trivec.aws-staging.swace.se\/sv\/wp-json\/wp\/v2\/pages\/6326","targetHints":{"allow":["GET"]}}],"collection":[{"href":"https:\/\/www.trivec.aws-staging.swace.se\/sv\/wp-json\/wp\/v2\/pages"}],"about":[{"href":"https:\/\/www.trivec.aws-staging.swace.se\/sv\/wp-json\/wp\/v2\/types\/page"}],"author":[{"embeddable":true,"href":"https:\/\/www.trivec.aws-staging.swace.se\/sv\/wp-json\/wp\/v2\/users\/1"}],"replies":[{"embeddable":true,"href":"https:\/\/www.trivec.aws-staging.swace.se\/sv\/wp-json\/wp\/v2\/comments?post=6326"}],"version-history":[{"count":10,"href":"https:\/\/www.trivec.aws-staging.swace.se\/sv\/wp-json\/wp\/v2\/pages\/6326\/revisions"}],"predecessor-version":[{"id":28382,"href":"https:\/\/www.trivec.aws-staging.swace.se\/sv\/wp-json\/wp\/v2\/pages\/6326\/revisions\/28382"}],"up":[{"embeddable":true,"href":"https:\/\/www.trivec.aws-staging.swace.se\/sv\/wp-json\/wp\/v2\/pages\/129"}],"wp:featuredmedia":[{"embeddable":true,"href":"https:\/\/www.trivec.aws-staging.swace.se\/sv\/wp-json\/wp\/v2\/media\/34700"}],"wp:attachment":[{"href":"https:\/\/www.trivec.aws-staging.swace.se\/sv\/wp-json\/wp\/v2\/media?parent=6326"}],"curies":[{"name":"wp","href":"https:\/\/api.w.org\/{rel}","templated":true}]}}